{"id":9043,"date":"2022-10-24T14:08:45","date_gmt":"2022-10-24T12:08:45","guid":{"rendered":"https:\/\/antiquewhite-gerbil-448984.hostingersite.com\/?post_type=product&#038;p=9043"},"modified":"2024-05-30T18:41:09","modified_gmt":"2024-05-30T16:41:09","slug":"granules-de-bois-crepito-en-bigbag-1-tonne","status":"publish","type":"product","link":"https:\/\/troncybois.com\/?product=granules-de-bois-crepito-en-bigbag-1-tonne","title":{"rendered":"Granul\u00e9s de bois Cr\u00e9pito en BigBag 1 Tonne"},"content":{"rendered":"<p><strong>Des granul\u00e9s de bois 100 % naturels<\/strong><br \/>\nLes granul\u00e9s de bois Cr\u00e9pito\u00ae\u00a0sont\u00a0<strong>100 % naturels et issus de la valorisation des co-produits de l\u2019industrie du bois<\/strong>. Leur fabrication est garantie sans additif, ni liant ajout\u00e9. Il s\u2019agit exclusivement de sciures de bois r\u00e9sineux non trait\u00e9. Elles sont compress\u00e9es pour assurer aux pellets de bois Cr\u00e9pito\u00ae\u00a0une qualit\u00e9 de produit constante et irr\u00e9prochable.<\/p>\n<p><strong>Un fort pouvoir calorifique<\/strong><br \/>\nLes granul\u00e9s de bois Cr\u00e9pito\u00ae\u00a0offrent d\u2019excellentes performances calorifiques obtenues\u00a0<strong>gr\u00e2ce \u00e0 un contr\u00f4le qualit\u00e9 en temps r\u00e9el du process\u00a0<\/strong><strong>et des outils de fabrication.\u00a0<\/strong>Ils assurent ainsi un rendement maximal pour votre po\u00eale ou insert \u00e0 granul\u00e9s de bois.<\/p>\n<p><strong>Une qualit\u00e9 certifi\u00e9e<\/strong><br \/>\n<strong>Les pellets de bois Cr\u00e9pito\u00ae\u00a0vous assurent une s\u00e9curit\u00e9 et un confort d\u2019utilisation optimum<\/strong>. Les granul\u00e9s s\u2019\u00e9coulent parfaitement via la vis sans fin dans le syst\u00e8me de votre appareil de chauffage \u00e0 pellets gr\u00e2ce \u00e0 une granulom\u00e9trie constante et r\u00e9guli\u00e8re. Leur faible teneur en poussi\u00e8re et en humidit\u00e9 permet d\u2019\u00e9viter tout bourrage ou encrassage et garantit long\u00e9vit\u00e9 \u00e0 votre insert ou po\u00eale \u00e0 pellets.<\/p>\n<p><strong>Les caract\u00e9ristiques techniques des granul\u00e9s de bois Cr\u00e9pito\u00ae\u00a0sont rigoureusement test\u00e9es et valid\u00e9es par le laboratoire CERIC.<\/strong><\/p>\n","protected":false},"excerpt":{"rendered":"<p><strong>Des granul\u00e9s de bois 100 % naturels<\/strong><br \/>\nLes granul\u00e9s de bois Cr\u00e9pito\u00ae\u00a0sont\u00a0<strong>100 % naturels et issus de la valorisation des co-produits de l\u2019industrie du bois<\/strong>. Leur fabrication est garantie sans additif, ni liant ajout\u00e9. Il s\u2019agit exclusivement de sciures de bois r\u00e9sineux non trait\u00e9. Elles sont compress\u00e9es pour assurer aux pellets de bois Cr\u00e9pito\u00ae\u00a0une qualit\u00e9 de produit constante et irr\u00e9prochable<\/p>\n","protected":false},"featured_media":9092,"comment_status":"closed","ping_status":"closed","template":"","meta":[],"product_brand":[],"product_cat":[82],"product_tag":[],"class_list":{"0":"post-9043","1":"product","2":"type-product","3":"status-publish","4":"has-post-thumbnail","6":"product_cat-granules","8":"first","9":"instock","10":"shipping-taxable","11":"purchasable","12":"product-type-simple"},"jetpack_sharing_enabled":true,"_links":{"self":[{"href":"https:\/\/troncybois.com\/index.php?rest_route=\/wp\/v2\/product\/9043","targetHints":{"allow":["GET"]}}],"collection":[{"href":"https:\/\/troncybois.com\/index.php?rest_route=\/wp\/v2\/product"}],"about":[{"href":"https:\/\/troncybois.com\/index.php?rest_route=\/wp\/v2\/types\/product"}],"replies":[{"embeddable":true,"href":"https:\/\/troncybois.com\/index.php?rest_route=%2Fwp%2Fv2%2Fcomments&post=9043"}],"version-history":[{"count":1,"href":"https:\/\/troncybois.com\/index.php?rest_route=\/wp\/v2\/product\/9043\/revisions"}],"predecessor-version":[{"id":9093,"href":"https:\/\/troncybois.com\/index.php?rest_route=\/wp\/v2\/product\/9043\/revisions\/9093"}],"wp:featuredmedia":[{"embeddable":true,"href":"https:\/\/troncybois.com\/index.php?rest_route=\/wp\/v2\/media\/9092"}],"wp:attachment":[{"href":"https:\/\/troncybois.com\/index.php?rest_route=%2Fwp%2Fv2%2Fmedia&parent=9043"}],"wp:term":[{"taxonomy":"product_brand","embeddable":true,"href":"https:\/\/troncybois.com\/index.php?rest_route=%2Fwp%2Fv2%2Fproduct_brand&post=9043"},{"taxonomy":"product_cat","embeddable":true,"href":"https:\/\/troncybois.com\/index.php?rest_route=%2Fwp%2Fv2%2Fproduct_cat&post=9043"},{"taxonomy":"product_tag","embeddable":true,"href":"https:\/\/troncybois.com\/index.php?rest_route=%2Fwp%2Fv2%2Fproduct_tag&post=9043"}],"curies":[{"name":"wp","href":"https:\/\/api.w.org\/{rel}","templated":true}]}}