{"id":9041,"date":"2022-10-24T14:08:45","date_gmt":"2022-10-24T12:08:45","guid":{"rendered":"https:\/\/antiquewhite-gerbil-448984.hostingersite.com\/?post_type=product&#038;p=9041"},"modified":"2024-05-30T18:37:40","modified_gmt":"2024-05-30T16:37:40","slug":"granules-bois-eo2-palette-de-66-sacs-de-15-kg","status":"publish","type":"product","link":"https:\/\/troncybois.com\/?product=granules-bois-eo2-palette-de-66-sacs-de-15-kg","title":{"rendered":"Granul\u00e9s bois EO2 \u2013 Palette de 66 sacs de 15 kg \u2013"},"content":{"rendered":"<div class=\"woocommerce-product-details__short-description\">\n<p>Les granul\u00e9s de bois EO2 certifi\u00e9s DINplus se diff\u00e9rencient par leur r\u00e9gularit\u00e9 saison apr\u00e8s saison, \u00e0 un tr\u00e8s haut niveau d\u2019exigence. Le granul\u00e9 bois EO2, est reconnu pour sa fiabilit\u00e9 et apporte une source de chaleur \u00e0 haut pouvoir calorifique.<\/p>\n<\/div>\n","protected":false},"excerpt":{"rendered":"<div class=\"woocommerce-product-details__short-description\">\n<p>Les granul\u00e9s de bois EO2 certifi\u00e9s DINplus se diff\u00e9rencient par leur r\u00e9gularit\u00e9 saison apr\u00e8s saison, \u00e0 un tr\u00e8s haut niveau d\u2019exigence. Le granul\u00e9 bois EO2, est reconnu pour sa fiabilit\u00e9 et apporte une source de chaleur \u00e0 haut pouvoir calorifique.<\/p>\n<\/div>\n","protected":false},"featured_media":9087,"comment_status":"closed","ping_status":"closed","template":"","meta":[],"product_brand":[],"product_cat":[82],"product_tag":[],"class_list":{"0":"post-9041","1":"product","2":"type-product","3":"status-publish","4":"has-post-thumbnail","6":"product_cat-granules","8":"first","9":"instock","10":"shipping-taxable","11":"purchasable","12":"product-type-simple"},"jetpack_sharing_enabled":true,"_links":{"self":[{"href":"https:\/\/troncybois.com\/index.php?rest_route=\/wp\/v2\/product\/9041","targetHints":{"allow":["GET"]}}],"collection":[{"href":"https:\/\/troncybois.com\/index.php?rest_route=\/wp\/v2\/product"}],"about":[{"href":"https:\/\/troncybois.com\/index.php?rest_route=\/wp\/v2\/types\/product"}],"replies":[{"embeddable":true,"href":"https:\/\/troncybois.com\/index.php?rest_route=%2Fwp%2Fv2%2Fcomments&post=9041"}],"version-history":[{"count":1,"href":"https:\/\/troncybois.com\/index.php?rest_route=\/wp\/v2\/product\/9041\/revisions"}],"predecessor-version":[{"id":9089,"href":"https:\/\/troncybois.com\/index.php?rest_route=\/wp\/v2\/product\/9041\/revisions\/9089"}],"wp:featuredmedia":[{"embeddable":true,"href":"https:\/\/troncybois.com\/index.php?rest_route=\/wp\/v2\/media\/9087"}],"wp:attachment":[{"href":"https:\/\/troncybois.com\/index.php?rest_route=%2Fwp%2Fv2%2Fmedia&parent=9041"}],"wp:term":[{"taxonomy":"product_brand","embeddable":true,"href":"https:\/\/troncybois.com\/index.php?rest_route=%2Fwp%2Fv2%2Fproduct_brand&post=9041"},{"taxonomy":"product_cat","embeddable":true,"href":"https:\/\/troncybois.com\/index.php?rest_route=%2Fwp%2Fv2%2Fproduct_cat&post=9041"},{"taxonomy":"product_tag","embeddable":true,"href":"https:\/\/troncybois.com\/index.php?rest_route=%2Fwp%2Fv2%2Fproduct_tag&post=9041"}],"curies":[{"name":"wp","href":"https:\/\/api.w.org\/{rel}","templated":true}]}}