{"id":9037,"date":"2022-10-24T14:08:45","date_gmt":"2022-10-24T12:08:45","guid":{"rendered":"https:\/\/antiquewhite-gerbil-448984.hostingersite.com\/?post_type=product&#038;p=9037"},"modified":"2024-05-30T18:39:50","modified_gmt":"2024-05-30T16:39:50","slug":"bois-densifie-1-2-palette-de-538-kg","status":"publish","type":"product","link":"https:\/\/troncybois.com\/?product=bois-densifie-1-2-palette-de-538-kg","title":{"rendered":"Bois Densifie -1\/2 Palette de 538 KG"},"content":{"rendered":"<p>BOIS DENSIFI\u00c9 \u2013 FEUILLUS \u2013 1\/2 PALETTE DE 538 KG<\/p>\n<p>La demi palette de bois densifi\u00e9 feuillus est pratique pour les personnes n\u2019ayant pas une grande surface de stockage ou juste pour terminer l\u2019hiver.<\/p>\n<p>Gr\u00e2ce \u00e0 sa composition, m\u00e9lange de feuillus (ch\u00eane, charme, et h\u00eatre), une b\u00fbche vous offrira une mont\u00e9e rapide en temp\u00e9rature et une chaleur constante.<\/p>\n<p>Le feuillus fait plus de braises et se consume plus lentement et peut donc s\u2019utiliser en fin de soir\u00e9e.<\/p>\n<p>Avec le bois densifi\u00e9, vous n\u2019aurez plus le probl\u00e8me du bois humide car ultra sec avec un taux d\u2019humidit\u00e9 de 10% et du stockage, car une palette de 1 tonne vaut 4 st\u00e8res de bois de chauffage traditionnel (gain de place)<\/p>\n","protected":false},"excerpt":{"rendered":"<p>BOIS DENSIFI\u00c9 \u2013 FEUILLUS \u2013 1\/2 PALETTE DE 538 KG<\/p>\n<p>Palette de 63 lots de 5 b\u00fbchettes de bois densifi\u00e9.<\/p>\n<p>M\u00e9lange de bois feuillus, sans colle ni additif, longueur environ 25 cm et 9 cm de diam\u00e8tre.<\/p>\n<p>Livraison gratuite partout en France sous 3 jours<\/p>\n","protected":false},"featured_media":9081,"comment_status":"closed","ping_status":"closed","template":"","meta":[],"product_brand":[],"product_cat":[82],"product_tag":[],"class_list":{"0":"post-9037","1":"product","2":"type-product","3":"status-publish","4":"has-post-thumbnail","6":"product_cat-granules","8":"first","9":"instock","10":"shipping-taxable","11":"purchasable","12":"product-type-simple"},"jetpack_sharing_enabled":true,"_links":{"self":[{"href":"https:\/\/troncybois.com\/index.php?rest_route=\/wp\/v2\/product\/9037","targetHints":{"allow":["GET"]}}],"collection":[{"href":"https:\/\/troncybois.com\/index.php?rest_route=\/wp\/v2\/product"}],"about":[{"href":"https:\/\/troncybois.com\/index.php?rest_route=\/wp\/v2\/types\/product"}],"replies":[{"embeddable":true,"href":"https:\/\/troncybois.com\/index.php?rest_route=%2Fwp%2Fv2%2Fcomments&post=9037"}],"version-history":[{"count":1,"href":"https:\/\/troncybois.com\/index.php?rest_route=\/wp\/v2\/product\/9037\/revisions"}],"predecessor-version":[{"id":9082,"href":"https:\/\/troncybois.com\/index.php?rest_route=\/wp\/v2\/product\/9037\/revisions\/9082"}],"wp:featuredmedia":[{"embeddable":true,"href":"https:\/\/troncybois.com\/index.php?rest_route=\/wp\/v2\/media\/9081"}],"wp:attachment":[{"href":"https:\/\/troncybois.com\/index.php?rest_route=%2Fwp%2Fv2%2Fmedia&parent=9037"}],"wp:term":[{"taxonomy":"product_brand","embeddable":true,"href":"https:\/\/troncybois.com\/index.php?rest_route=%2Fwp%2Fv2%2Fproduct_brand&post=9037"},{"taxonomy":"product_cat","embeddable":true,"href":"https:\/\/troncybois.com\/index.php?rest_route=%2Fwp%2Fv2%2Fproduct_cat&post=9037"},{"taxonomy":"product_tag","embeddable":true,"href":"https:\/\/troncybois.com\/index.php?rest_route=%2Fwp%2Fv2%2Fproduct_tag&post=9037"}],"curies":[{"name":"wp","href":"https:\/\/api.w.org\/{rel}","templated":true}]}}