{"id":9033,"date":"2022-10-24T14:08:44","date_gmt":"2022-10-24T12:08:44","guid":{"rendered":"https:\/\/antiquewhite-gerbil-448984.hostingersite.com\/?post_type=product&#038;p=9033"},"modified":"2024-05-30T18:55:11","modified_gmt":"2024-05-30T16:55:11","slug":"01-palette-de-palets-bois-piveteau66-sacs","status":"publish","type":"product","link":"https:\/\/troncybois.com\/?product=01-palette-de-palets-bois-piveteau66-sacs","title":{"rendered":"01 Palette de palets bois Piveteau(66 sacs)"},"content":{"rendered":"<p><strong>01 PALETTE DE PELLETS BOIS PIVETEAU (66 sacs)<\/strong><\/p>\n<p>Les granul\u00e9s de bois PIVETEAU sont fabriqu\u00e9s \u00e0 partir de coproduits (sciures et copeaux) issus de la transformation de r\u00e9sineux. Ces copeaux et sciures sont simplement s\u00e9ch\u00e9s, broy\u00e9s et comprim\u00e9s directement sur les m\u00eames sites de production r\u00e9duisant le transport. La compression des granul\u00e9s est r\u00e9alis\u00e9e sans aucun additif, seuls les composants du bois servent de liant naturel.<\/p>\n<p>Les pellets PIVETEAU sont de qualit\u00e9 sup\u00e9rieure, gr\u00e2ce au nouveau proc\u00e9d\u00e9 de s\u00e9chage \u00e0 basse temp\u00e9rature (80\u00b0C), o\u00f9 le bois conserve un pouvoir calorifique maximum et sa puret\u00e9 d\u2019origine.<br \/>\n\u00c0 utiliser uniquement dans un appareil de chauffage \u00e0 granul\u00e9s adapt\u00e9<\/p>\n<p><strong>Livraison gratuite sur toute la France dans un d\u00e9lai de 01 \u00e0 03 jours<\/strong><br \/>\n<strong>Le livreur d\u00e9pose votre commande \u00e0 l\u2019endroit voulu \u00e0 l\u2019aide d\u2019un transpalette \u00e9lectrique tout terrain.<\/strong><\/p>\n","protected":false},"excerpt":{"rendered":"<p><strong>01 PALETTE DE PELLETS BOIS PIVETEAU (66 sacs)<\/strong><\/p>\n<p>Les granul\u00e9s de bois PIVETEAU sont fabriqu\u00e9s \u00e0 partir de coproduits (sciures et copeaux) issus de la transformation de r\u00e9sineux. Ces copeaux et sciures sont simplement s\u00e9ch\u00e9s, broy\u00e9s et comprim\u00e9s directement sur les m\u00eames sites de production r\u00e9duisant le transport. La compression des granul\u00e9s est r\u00e9alis\u00e9e sans aucun additif, seuls les composants du bois servent de liant naturel.<\/p>\n<p>Les pellets PIVETEAU sont de qualit\u00e9 sup\u00e9rieure, gr\u00e2ce au nouveau proc\u00e9d\u00e9 de s\u00e9chage \u00e0 basse temp\u00e9rature (80\u00b0C), o\u00f9 le bois conserve un pouvoir calorifique maximum et sa puret\u00e9 d\u2019origine.<br \/>\n\u00c0 utiliser uniquement dans un appareil de chauffage \u00e0 granul\u00e9s adapt\u00e9<\/p>\n<p><strong>Livraison gratuite sur toute la France dans un d\u00e9lai de 01 \u00e0 03 jours<\/strong><br \/>\n<strong>Le livreur d\u00e9pose votre commande \u00e0 l\u2019endroit voulu \u00e0 l\u2019aide d\u2019un transpalette \u00e9lectrique tout terrain.<\/strong><\/p>\n","protected":false},"featured_media":9073,"comment_status":"closed","ping_status":"closed","template":"","meta":[],"product_brand":[],"product_cat":[82],"product_tag":[],"class_list":{"0":"post-9033","1":"product","2":"type-product","3":"status-publish","4":"has-post-thumbnail","6":"product_cat-granules","8":"first","9":"instock","10":"shipping-taxable","11":"purchasable","12":"product-type-simple"},"jetpack_sharing_enabled":true,"_links":{"self":[{"href":"https:\/\/troncybois.com\/index.php?rest_route=\/wp\/v2\/product\/9033","targetHints":{"allow":["GET"]}}],"collection":[{"href":"https:\/\/troncybois.com\/index.php?rest_route=\/wp\/v2\/product"}],"about":[{"href":"https:\/\/troncybois.com\/index.php?rest_route=\/wp\/v2\/types\/product"}],"replies":[{"embeddable":true,"href":"https:\/\/troncybois.com\/index.php?rest_route=%2Fwp%2Fv2%2Fcomments&post=9033"}],"version-history":[{"count":1,"href":"https:\/\/troncybois.com\/index.php?rest_route=\/wp\/v2\/product\/9033\/revisions"}],"predecessor-version":[{"id":9074,"href":"https:\/\/troncybois.com\/index.php?rest_route=\/wp\/v2\/product\/9033\/revisions\/9074"}],"wp:featuredmedia":[{"embeddable":true,"href":"https:\/\/troncybois.com\/index.php?rest_route=\/wp\/v2\/media\/9073"}],"wp:attachment":[{"href":"https:\/\/troncybois.com\/index.php?rest_route=%2Fwp%2Fv2%2Fmedia&parent=9033"}],"wp:term":[{"taxonomy":"product_brand","embeddable":true,"href":"https:\/\/troncybois.com\/index.php?rest_route=%2Fwp%2Fv2%2Fproduct_brand&post=9033"},{"taxonomy":"product_cat","embeddable":true,"href":"https:\/\/troncybois.com\/index.php?rest_route=%2Fwp%2Fv2%2Fproduct_cat&post=9033"},{"taxonomy":"product_tag","embeddable":true,"href":"https:\/\/troncybois.com\/index.php?rest_route=%2Fwp%2Fv2%2Fproduct_tag&post=9033"}],"curies":[{"name":"wp","href":"https:\/\/api.w.org\/{rel}","templated":true}]}}