{"id":9025,"date":"2022-10-24T14:08:44","date_gmt":"2022-10-24T12:08:44","guid":{"rendered":"https:\/\/antiquewhite-gerbil-448984.hostingersite.com\/?post_type=product&#038;p=9025"},"modified":"2024-05-30T18:49:45","modified_gmt":"2024-05-30T16:49:45","slug":"caisse-de-bois-de-chauffage-frene-ultra-sec-2m3","status":"publish","type":"product","link":"https:\/\/troncybois.com\/?product=caisse-de-bois-de-chauffage-frene-ultra-sec-2m3","title":{"rendered":"Caisse de bois de chauffage Fr\u00eane ultra sec (2m3)"},"content":{"rendered":"<p>Nos crit\u00e8res de s\u00e9lection sont tr\u00e8s rigoureux. Nous vendons que du bois durable dont la qualit\u00e9 et le rendement ont \u00e9t\u00e9 prouv\u00e9s.<\/p>\n<p><strong>FR\u00caNE<\/strong><br \/>\nLe bois de fr\u00eane est un type de bois dur \u00e0 dur qui convient \u00e0 presque tous les po\u00eales et foyers. Il craque peu (peu de r\u00e9sines) et a une flamme tr\u00e8s confortable.<br \/>\nLe faible pourcentage d\u2019humidit\u00e9 (environ 20%) permet de br\u00fbler directement du bois de fr\u00eane, de l\u2019allumer facilement et de toujours b\u00e9n\u00e9ficier d\u2019un rendement \u00e9lev\u00e9.<\/p>\n<p><strong>Propri\u00e9t\u00e9s du bois de fr\u00eane<\/strong><\/p>\n<p>Type de bois dur<br \/>\nBr\u00fblant lentement<br \/>\nFlamme belle et pas trop brillante<br \/>\nVous br\u00fblez 2 \u00e0 4 b\u00fbches, selon la taille de votre po\u00eale<br \/>\nConvient aux po\u00eales et chemin\u00e9es.<\/p>\n","protected":false},"excerpt":{"rendered":"<ul>\n<li><strong>2 m3 bois de chauffage ultra sec fr\u00eane<\/strong><\/li>\n<li><strong>Pr\u00eat \u00e0 l\u2019emploi<\/strong><\/li>\n<li><strong>Empil\u00e9s \u00e0 la main<\/strong><\/li>\n<li><strong>Caisse solide<\/strong><\/li>\n<\/ul>\n","protected":false},"featured_media":8564,"comment_status":"closed","ping_status":"closed","template":"","meta":[],"product_brand":[],"product_cat":[84],"product_tag":[],"class_list":{"0":"post-9025","1":"product","2":"type-product","3":"status-publish","4":"has-post-thumbnail","6":"product_cat-caisse-de-bois-de-chauffage","8":"first","9":"instock","10":"shipping-taxable","11":"purchasable","12":"product-type-simple"},"jetpack_sharing_enabled":true,"_links":{"self":[{"href":"https:\/\/troncybois.com\/index.php?rest_route=\/wp\/v2\/product\/9025","targetHints":{"allow":["GET"]}}],"collection":[{"href":"https:\/\/troncybois.com\/index.php?rest_route=\/wp\/v2\/product"}],"about":[{"href":"https:\/\/troncybois.com\/index.php?rest_route=\/wp\/v2\/types\/product"}],"replies":[{"embeddable":true,"href":"https:\/\/troncybois.com\/index.php?rest_route=%2Fwp%2Fv2%2Fcomments&post=9025"}],"version-history":[{"count":1,"href":"https:\/\/troncybois.com\/index.php?rest_route=\/wp\/v2\/product\/9025\/revisions"}],"predecessor-version":[{"id":9060,"href":"https:\/\/troncybois.com\/index.php?rest_route=\/wp\/v2\/product\/9025\/revisions\/9060"}],"wp:featuredmedia":[{"embeddable":true,"href":"https:\/\/troncybois.com\/index.php?rest_route=\/wp\/v2\/media\/8564"}],"wp:attachment":[{"href":"https:\/\/troncybois.com\/index.php?rest_route=%2Fwp%2Fv2%2Fmedia&parent=9025"}],"wp:term":[{"taxonomy":"product_brand","embeddable":true,"href":"https:\/\/troncybois.com\/index.php?rest_route=%2Fwp%2Fv2%2Fproduct_brand&post=9025"},{"taxonomy":"product_cat","embeddable":true,"href":"https:\/\/troncybois.com\/index.php?rest_route=%2Fwp%2Fv2%2Fproduct_cat&post=9025"},{"taxonomy":"product_tag","embeddable":true,"href":"https:\/\/troncybois.com\/index.php?rest_route=%2Fwp%2Fv2%2Fproduct_tag&post=9025"}],"curies":[{"name":"wp","href":"https:\/\/api.w.org\/{rel}","templated":true}]}}