{"id":9023,"date":"2022-10-24T14:08:44","date_gmt":"2022-10-24T12:08:44","guid":{"rendered":"https:\/\/antiquewhite-gerbil-448984.hostingersite.com\/?post_type=product&#038;p=9023"},"modified":"2024-05-30T18:49:02","modified_gmt":"2024-05-30T16:49:02","slug":"caisse-de-bois-de-chauffage-hetre-ultra-sec-2m3","status":"publish","type":"product","link":"https:\/\/troncybois.com\/?product=caisse-de-bois-de-chauffage-hetre-ultra-sec-2m3","title":{"rendered":"Caisse de bois de chauffage H\u00eatre ultra sec (2m3)"},"content":{"rendered":"<h1><strong>Caisse de bois de chauffage H\u00eatre ultra sec (2m3)<\/strong><\/h1>\n<p>Le bois de h\u00eatre est un type de bois qui a un poids sp\u00e9cifique aussi dur et \u00e9lev\u00e9 que le ch\u00eane. En cons\u00e9quence, il br\u00fblera aussi longtemps et uniform\u00e9ment que le ch\u00eane et ne flaupera pas.<\/p>\n<p>Un autre avantage de ce type de bois est que l\u2019\u00e9corce est tr\u00e8s fine et propre, ce qui la rend plus rapide et r\u00e9duit le risque de salissure des fen\u00eatres.<\/p>\n<p>En Allemagne, il s\u2019agit donc du bois de chauffage le plus convoit\u00e9.<\/p>\n<p><strong>BOIS DE H\u00caTRE<\/strong><br \/>\nLe bois de h\u00eatre appartient aux essences tr\u00e8s dures et convient donc parfaitement aux grands po\u00eales et chemin\u00e9es. Vous pouvez parfaitement chauffer un feu chaud et vif. Peu d\u2019humidit\u00e9 et pratiquement pas de r\u00e9sines causent peu de craquements et d\u2019\u00e9claboussures et sont tr\u00e8s agr\u00e9ables; jeu de flammes traditionnel. La haute efficacit\u00e9 vous permet de chauffer agr\u00e9ablement les grandes pi\u00e8ces.<\/p>\n<p><strong>Caract\u00e9ristiques bois de h\u00eatre<\/strong><br \/>\nType de bois dur;<br \/>\nCombustion de longue dur\u00e9e ;<br \/>\nFlammes belles et calmes;<br \/>\nVous br\u00fblez 4 \u00e0 5 b\u00fbches \u00e0 la fois;<br \/>\nConvient parfaitement pour un feu tr\u00e8s puissant<br \/>\nConvient aux po\u00eales et foyers de moyenne \u00e0 grande taille.<\/p>\n<p>Le chauffage avec un po\u00eale \u00e0 bois doit \u00eatre agr\u00e9able et ne doit pas causer de stress d\u00fb au bois humide ou de mauvaise qualit\u00e9.<br \/>\nUne combustion stable assure votre s\u00e9curit\u00e9 (le bois humide d\u00e9gage beaucoup de CO2), procure une chaleur agr\u00e9able et vous permet de profiter sans souci.<\/p>\n<p>La qualit\u00e9 est plus importante qu\u2019un prix bas. C\u2019est \u00e0 peu pr\u00e8s le cas avec tout ce que vous achetez. Cependant, en raison de notre volume important, nous avons r\u00e9ussi \u00e0 offrir le meilleur bois possible au meilleur prix.<br \/>\nPour la production de nos caisses de bois , reconnaissables au V rouge, nous travaillons en collaboration avec un fabricant qui fournit, entre autres, plus de 850 restaurants et cha\u00eenes h\u00f4teli\u00e8res . Ils ne peuvent pas se permettre de fournir du bois de qualit\u00e9 et d\u2019humidit\u00e9 douteuses, car la fum\u00e9e et les br\u00fblages instables sont bien entendu hors de question dans un restaurant.<\/p>\n","protected":false},"excerpt":{"rendered":"<div class=\"woocommerce-product-details__short-description\">\n<ul>\n<li><strong>2 m3 bois de chauffage ultra sec h\u00eatre<\/strong><\/li>\n<li><strong>Pr\u00eat \u00e0 l\u2019emploi<\/strong><\/li>\n<li><strong>Empil\u00e9s \u00e0 la main<\/strong><\/li>\n<li><strong>Caisse solide<br \/>\n<\/strong><\/li>\n<li><strong>Maintenant, 20Kg de briquettes de bois offerts gratuitement<\/strong><\/li>\n<\/ul>\n<\/div>\n<form class=\"cart\" action=\"https:\/\/johnen-bois.com\/product\/caisse-de-bois-de-chauffage-hetre-ultra-sec-2m3\/\" enctype=\"multipart\/form-data\" method=\"post\">\n<div class=\"quantity\"><label class=\"screen-reader-text\" for=\"quantity_618475046c6e7\">quantit\u00e9 de Caisse de bois de chauffage H\u00eatre ultra sec (2m3)<\/label><\/div>\n<\/form>\n","protected":false},"featured_media":9055,"comment_status":"closed","ping_status":"closed","template":"","meta":[],"product_brand":[],"product_cat":[84],"product_tag":[],"class_list":{"0":"post-9023","1":"product","2":"type-product","3":"status-publish","4":"has-post-thumbnail","6":"product_cat-caisse-de-bois-de-chauffage","8":"first","9":"instock","10":"featured","11":"shipping-taxable","12":"purchasable","13":"product-type-simple"},"jetpack_sharing_enabled":true,"_links":{"self":[{"href":"https:\/\/troncybois.com\/index.php?rest_route=\/wp\/v2\/product\/9023","targetHints":{"allow":["GET"]}}],"collection":[{"href":"https:\/\/troncybois.com\/index.php?rest_route=\/wp\/v2\/product"}],"about":[{"href":"https:\/\/troncybois.com\/index.php?rest_route=\/wp\/v2\/types\/product"}],"replies":[{"embeddable":true,"href":"https:\/\/troncybois.com\/index.php?rest_route=%2Fwp%2Fv2%2Fcomments&post=9023"}],"version-history":[{"count":1,"href":"https:\/\/troncybois.com\/index.php?rest_route=\/wp\/v2\/product\/9023\/revisions"}],"predecessor-version":[{"id":9056,"href":"https:\/\/troncybois.com\/index.php?rest_route=\/wp\/v2\/product\/9023\/revisions\/9056"}],"wp:featuredmedia":[{"embeddable":true,"href":"https:\/\/troncybois.com\/index.php?rest_route=\/wp\/v2\/media\/9055"}],"wp:attachment":[{"href":"https:\/\/troncybois.com\/index.php?rest_route=%2Fwp%2Fv2%2Fmedia&parent=9023"}],"wp:term":[{"taxonomy":"product_brand","embeddable":true,"href":"https:\/\/troncybois.com\/index.php?rest_route=%2Fwp%2Fv2%2Fproduct_brand&post=9023"},{"taxonomy":"product_cat","embeddable":true,"href":"https:\/\/troncybois.com\/index.php?rest_route=%2Fwp%2Fv2%2Fproduct_cat&post=9023"},{"taxonomy":"product_tag","embeddable":true,"href":"https:\/\/troncybois.com\/index.php?rest_route=%2Fwp%2Fv2%2Fproduct_tag&post=9023"}],"curies":[{"name":"wp","href":"https:\/\/api.w.org\/{rel}","templated":true}]}}