{"id":8971,"date":"2022-10-24T14:05:17","date_gmt":"2022-10-24T12:05:17","guid":{"rendered":"https:\/\/antiquewhite-gerbil-448984.hostingersite.com\/?post_type=product&#038;p=8971"},"modified":"2024-05-30T19:00:46","modified_gmt":"2024-05-30T17:00:46","slug":"bois-densifie-buches-de-nuit-palette-de-960-kg","status":"publish","type":"product","link":"https:\/\/troncybois.com\/?product=bois-densifie-buches-de-nuit-palette-de-960-kg","title":{"rendered":"BOIS DENSIFI\u00c9 &#8211; B\u00dbCHES DE NUIT &#8211; PALETTE DE 960 KG"},"content":{"rendered":"<p>Ces b\u00fbches \u00e0 combustion longue dur\u00e9e sont tr\u00e8s pratiques en fin de feu, elles sont \u00e0 d\u00e9poser sur un lit de braises en fermant les arriv\u00e9es d&rsquo;air de votre appareil.<\/p>\n<p>Elles durent entre 6 \u00e0 8h pour une tranquillit\u00e9 durant votre absence ou la nuit.<\/p>\n<p>Un taux d&rsquo;humidit\u00e9 tr\u00e8s faible inf\u00e9rieur \u00e0 7% et fort pouvoir calorifique \u00e0 4.9 kWh\/kg.<\/p>\n<p>Moins de plastique : les b\u00fbches sont cercl\u00e9es = moins d&#8217;emballage<\/p>\n<p>En utilisant ces b\u00fbches, vous contribuez au nettoyage du conduit gr\u00e2ce au miscanthus qui s\u00e8che les suies.<\/p>\n<p><strong>Qu&rsquo;est ce que le miscanthus ?<\/strong><\/p>\n<p>Le Miscanthus, aussi nom\u00e9 \u00ab Herbe \u00e0 El\u00e9phant \u00bb, \u00ab Eulalie \u00bb ou \u00ab Roseau de Chine \u00bb, est une plante herbac\u00e9e vivace de la famille des gramin\u00e9es originaire d\u2019Afrique et d\u2019Asie du sud. Issue des marais, pentes et flanc de collines, c\u2019est une plante robuste qui n\u2019est sujette ni aux maladies, ni aux attaques de rongeurs.<\/p>\n<p>Ses cannes, r\u00e9colt\u00e9es en fin d\u2019hiver, contiennent moins de 17% d\u2019humidit\u00e9, elles peuvent donc servir de combustible sans avoir besoin d\u2019une p\u00e9riode de s\u00e9chage. Le pouvoir calorifique du miscanthus est plus \u00e9lev\u00e9 que celui de la plaquette de bois et peu \u00e9metteur de CO2.<\/p>\n<p>Le miscanthus est une plante totalement \u00e9cologique, qui ne n\u00e9cessite aucun apport de produits chimiques pour cro\u00eetre et qui favorise la biodiversit\u00e9 en permettant aux insectes de s\u2019y \u00e9panouir.<\/p>\n","protected":false},"excerpt":{"rendered":"<h5 class=\"h6\">La livraison se fait\u00a0jusque dans le lieu de stockage du produit \u00e0 l&rsquo;endroit voulu et le d\u00e9lai de la livraison est comprise entre 1 \u00e0 10 jours.<\/h5>\n<h3 class=\"h6\">Fiche technique<\/h3>\n<dl class=\"data-sheet\">\n<dt class=\"name\">Pouvoir Calorifique<\/dt>\n<dd class=\"value\">4.9 kWh\/g<\/dd>\n<dt class=\"name\">Taux D&rsquo;humidit\u00e9<\/dt>\n<dd class=\"value\">Inf\u00e9rieur \u00e0 7%<\/dd>\n<dt class=\"name\">Taux De Cendres<\/dt>\n<dd class=\"value\">Inf\u00e9rieur \u00e0 1.5%<\/dd>\n<dt class=\"name\">Type De Bois<\/dt>\n<dd class=\"value\">Bois durs et miscanthus<\/dd>\n<dt class=\"name\">Longueur<\/dt>\n<dd class=\"value\">28 \u00e0 29 cm<\/dd>\n<dt class=\"name\">Diam\u00e8tre<\/dt>\n<dd class=\"value\">8.5 cm<\/dd>\n<dt class=\"name\">Conditionnement<\/dt>\n<dd class=\"value\">Palette<\/dd>\n<dt class=\"name\">Origine<\/dt>\n<dd class=\"value\">France<\/dd>\n<\/dl>\n","protected":false},"featured_media":9019,"comment_status":"closed","ping_status":"closed","template":"","meta":[],"product_brand":[],"product_cat":[74,81],"product_tag":[],"class_list":{"0":"post-8971","1":"product","2":"type-product","3":"status-publish","4":"has-post-thumbnail","6":"product_cat-buche","7":"product_cat-palette","9":"first","10":"instock","11":"sale","12":"shipping-taxable","13":"purchasable","14":"product-type-simple"},"jetpack_sharing_enabled":true,"_links":{"self":[{"href":"https:\/\/troncybois.com\/index.php?rest_route=\/wp\/v2\/product\/8971","targetHints":{"allow":["GET"]}}],"collection":[{"href":"https:\/\/troncybois.com\/index.php?rest_route=\/wp\/v2\/product"}],"about":[{"href":"https:\/\/troncybois.com\/index.php?rest_route=\/wp\/v2\/types\/product"}],"replies":[{"embeddable":true,"href":"https:\/\/troncybois.com\/index.php?rest_route=%2Fwp%2Fv2%2Fcomments&post=8971"}],"version-history":[{"count":1,"href":"https:\/\/troncybois.com\/index.php?rest_route=\/wp\/v2\/product\/8971\/revisions"}],"predecessor-version":[{"id":9020,"href":"https:\/\/troncybois.com\/index.php?rest_route=\/wp\/v2\/product\/8971\/revisions\/9020"}],"wp:featuredmedia":[{"embeddable":true,"href":"https:\/\/troncybois.com\/index.php?rest_route=\/wp\/v2\/media\/9019"}],"wp:attachment":[{"href":"https:\/\/troncybois.com\/index.php?rest_route=%2Fwp%2Fv2%2Fmedia&parent=8971"}],"wp:term":[{"taxonomy":"product_brand","embeddable":true,"href":"https:\/\/troncybois.com\/index.php?rest_route=%2Fwp%2Fv2%2Fproduct_brand&post=8971"},{"taxonomy":"product_cat","embeddable":true,"href":"https:\/\/troncybois.com\/index.php?rest_route=%2Fwp%2Fv2%2Fproduct_cat&post=8971"},{"taxonomy":"product_tag","embeddable":true,"href":"https:\/\/troncybois.com\/index.php?rest_route=%2Fwp%2Fv2%2Fproduct_tag&post=8971"}],"curies":[{"name":"wp","href":"https:\/\/api.w.org\/{rel}","templated":true}]}}