{"id":8969,"date":"2022-10-24T14:05:17","date_gmt":"2022-10-24T12:05:17","guid":{"rendered":"https:\/\/antiquewhite-gerbil-448984.hostingersite.com\/?post_type=product&#038;p=8969"},"modified":"2024-05-30T19:00:09","modified_gmt":"2024-05-30T17:00:09","slug":"eliss-rangement-a-buches-noir","status":"publish","type":"product","link":"https:\/\/troncybois.com\/?product=eliss-rangement-a-buches-noir","title":{"rendered":"ELISS Rangement \u00e0 B\u00fbches Noir"},"content":{"rendered":"<p>Le rangement \u00e0 b\u00fbches ELISS permet de stocker environ trente cinq b\u00fbches de longueur 33cm\u00a0pr\u00e8s du foyer, avec un design soign\u00e9.<\/p>\n<p>Dimensions:<\/p>\n<ul>\n<li>Hauteur: 165cm<\/li>\n<li>Longueur: 25cm<\/li>\n<li>Profondeur: 25cm<\/li>\n<\/ul>\n","protected":false},"excerpt":{"rendered":"<ul id=\"idTab2\" class=\"bullet\">\n<li>Hauteur\u00a0165cm<\/li>\n<li>Largeur\u00a025cm<\/li>\n<li>Profondeur\u00a025cm<\/li>\n<\/ul>\n","protected":false},"featured_media":9011,"comment_status":"closed","ping_status":"closed","template":"","meta":[],"product_brand":[],"product_cat":[74],"product_tag":[],"class_list":{"0":"post-8969","1":"product","2":"type-product","3":"status-publish","4":"has-post-thumbnail","6":"product_cat-buche","8":"first","9":"instock","10":"sale","11":"shipping-taxable","12":"purchasable","13":"product-type-simple"},"jetpack_sharing_enabled":true,"_links":{"self":[{"href":"https:\/\/troncybois.com\/index.php?rest_route=\/wp\/v2\/product\/8969","targetHints":{"allow":["GET"]}}],"collection":[{"href":"https:\/\/troncybois.com\/index.php?rest_route=\/wp\/v2\/product"}],"about":[{"href":"https:\/\/troncybois.com\/index.php?rest_route=\/wp\/v2\/types\/product"}],"replies":[{"embeddable":true,"href":"https:\/\/troncybois.com\/index.php?rest_route=%2Fwp%2Fv2%2Fcomments&post=8969"}],"version-history":[{"count":1,"href":"https:\/\/troncybois.com\/index.php?rest_route=\/wp\/v2\/product\/8969\/revisions"}],"predecessor-version":[{"id":9014,"href":"https:\/\/troncybois.com\/index.php?rest_route=\/wp\/v2\/product\/8969\/revisions\/9014"}],"wp:featuredmedia":[{"embeddable":true,"href":"https:\/\/troncybois.com\/index.php?rest_route=\/wp\/v2\/media\/9011"}],"wp:attachment":[{"href":"https:\/\/troncybois.com\/index.php?rest_route=%2Fwp%2Fv2%2Fmedia&parent=8969"}],"wp:term":[{"taxonomy":"product_brand","embeddable":true,"href":"https:\/\/troncybois.com\/index.php?rest_route=%2Fwp%2Fv2%2Fproduct_brand&post=8969"},{"taxonomy":"product_cat","embeddable":true,"href":"https:\/\/troncybois.com\/index.php?rest_route=%2Fwp%2Fv2%2Fproduct_cat&post=8969"},{"taxonomy":"product_tag","embeddable":true,"href":"https:\/\/troncybois.com\/index.php?rest_route=%2Fwp%2Fv2%2Fproduct_tag&post=8969"}],"curies":[{"name":"wp","href":"https:\/\/api.w.org\/{rel}","templated":true}]}}