{"id":8968,"date":"2022-10-24T14:05:17","date_gmt":"2022-10-24T12:05:17","guid":{"rendered":"https:\/\/antiquewhite-gerbil-448984.hostingersite.com\/?post_type=product&#038;p=8968"},"modified":"2024-05-30T18:59:47","modified_gmt":"2024-05-30T16:59:47","slug":"voie-lactee-porte-buches","status":"publish","type":"product","link":"https:\/\/troncybois.com\/?product=voie-lactee-porte-buches","title":{"rendered":"VOIE LACTEE Porte-b\u00fbches"},"content":{"rendered":"<p>Le rangement \u00e0 bois de chauffage VOIE LACTEE permet de stocker de mani\u00e8re \u00e9l\u00e9gante vos b\u00fbches pr\u00e8s du foyer.<\/p>\n<p>Il peut d&rsquo;associer \u00e0 son serviteur VOIE LACTEE<\/p>\n<p>Fabrication 100% Fran\u00e7aise<\/p>\n<p>Disponible en deux couleurs: gris acier et noir givr\u00e9<\/p>\n<p>Dimensions:<\/p>\n<ul>\n<li>Hauteur: 40cm<\/li>\n<li>Diam\u00e8tre 40cm<\/li>\n<\/ul>\n","protected":false},"excerpt":{"rendered":"<p>Le rangement \u00e0 bois de chauffage VOIE LACTEE permet de stocker de mani\u00e8re \u00e9l\u00e9gante vos b\u00fbches pr\u00e8s du foyer. Il<\/p>\n","protected":false},"featured_media":9008,"comment_status":"closed","ping_status":"closed","template":"","meta":[],"product_brand":[],"product_cat":[75],"product_tag":[],"class_list":{"0":"post-8968","1":"product","2":"type-product","3":"status-publish","4":"has-post-thumbnail","6":"product_cat-buches","8":"first","9":"instock","10":"shipping-taxable","11":"purchasable","12":"product-type-simple"},"jetpack_sharing_enabled":true,"_links":{"self":[{"href":"https:\/\/troncybois.com\/index.php?rest_route=\/wp\/v2\/product\/8968","targetHints":{"allow":["GET"]}}],"collection":[{"href":"https:\/\/troncybois.com\/index.php?rest_route=\/wp\/v2\/product"}],"about":[{"href":"https:\/\/troncybois.com\/index.php?rest_route=\/wp\/v2\/types\/product"}],"replies":[{"embeddable":true,"href":"https:\/\/troncybois.com\/index.php?rest_route=%2Fwp%2Fv2%2Fcomments&post=8968"}],"version-history":[{"count":1,"href":"https:\/\/troncybois.com\/index.php?rest_route=\/wp\/v2\/product\/8968\/revisions"}],"predecessor-version":[{"id":9010,"href":"https:\/\/troncybois.com\/index.php?rest_route=\/wp\/v2\/product\/8968\/revisions\/9010"}],"wp:featuredmedia":[{"embeddable":true,"href":"https:\/\/troncybois.com\/index.php?rest_route=\/wp\/v2\/media\/9008"}],"wp:attachment":[{"href":"https:\/\/troncybois.com\/index.php?rest_route=%2Fwp%2Fv2%2Fmedia&parent=8968"}],"wp:term":[{"taxonomy":"product_brand","embeddable":true,"href":"https:\/\/troncybois.com\/index.php?rest_route=%2Fwp%2Fv2%2Fproduct_brand&post=8968"},{"taxonomy":"product_cat","embeddable":true,"href":"https:\/\/troncybois.com\/index.php?rest_route=%2Fwp%2Fv2%2Fproduct_cat&post=8968"},{"taxonomy":"product_tag","embeddable":true,"href":"https:\/\/troncybois.com\/index.php?rest_route=%2Fwp%2Fv2%2Fproduct_tag&post=8968"}],"curies":[{"name":"wp","href":"https:\/\/api.w.org\/{rel}","templated":true}]}}