{"id":8966,"date":"2022-10-24T14:05:17","date_gmt":"2022-10-24T12:05:17","guid":{"rendered":"https:\/\/antiquewhite-gerbil-448984.hostingersite.com\/?post_type=product&#038;p=8966"},"modified":"2024-05-30T18:58:47","modified_gmt":"2024-05-30T16:58:47","slug":"buches-compressees-100-feuillus-palette-de-1040kg","status":"publish","type":"product","link":"https:\/\/troncybois.com\/?product=buches-compressees-100-feuillus-palette-de-1040kg","title":{"rendered":"B\u00fbches compress\u00e9es 100% feuillus &#8211; Palette de 1040kg"},"content":{"rendered":"<h2>Les b\u00fbches de bois compress\u00e9 au meilleur prix<\/h2>\n<p>Les b\u00fbches de bois compress\u00e9 sont produits uniquement \u00e0 partir de<strong>\u00a0sciures de bois feuillus non trait\u00e9es<\/strong>, simplement s\u00e9ch\u00e9es, chauff\u00e9es et compact\u00e9es. Cela permet ainsi de gagner en\u00a0<strong>compacit\u00e9<\/strong>\u00a0et de garantir un taux d&rsquo;humidit\u00e9 id\u00e9al pour chauffer et d\u00e9gager un\u00a0<strong>maximum de chaleur<\/strong>.<\/p>\n<p>&nbsp;<\/p>\n<p>La densit\u00e9 du produit est ainsi de plus de\u00a0<strong>1000kg par m3<\/strong>, soit 2,5 fois plus que du bois traditionnel. Le stockage est ainsi facilit\u00e9, bien qu&rsquo;il ne soit pas possible de le stocker en exterieur.<\/p>\n<p>&nbsp;<\/p>\n<p>Les palettes sont livr\u00e9es dans le lieu de stockage gr\u00e2ce \u00e0 nos\u00a0<strong>chariots emarqu\u00e9s<\/strong>\u00a0\u00e0 moteur.<\/p>\n<p>&nbsp;<\/p>\n<p>Les b\u00fbches de bois 100% feuillus font 91mm de diam\u00e8tre et +\/- 280mm de longueur, ce qui en fait un produit adapt\u00e9 \u00e0 l&rsquo;ensemble des appareils de chauffage. Chaque paquet contient 5 b\u00fbches de 2kg, soit 10kg<\/p>\n","protected":false},"excerpt":{"rendered":"<ul id=\"idTab2\" class=\"bullet\">\n<li>Hauteur\u00a092mm<\/li>\n<li>Poids\u00a02kg par b\u00fbche<\/li>\n<li>Longueur\u00a025cm<\/li>\n<li>Pouvoir calorifique\u00a04,6 kWh.kg-1 \u2264 PCI \u2264 5 kWh.kg-1<\/li>\n<\/ul>\n","protected":false},"featured_media":9002,"comment_status":"closed","ping_status":"closed","template":"","meta":[],"product_brand":[],"product_cat":[74,81],"product_tag":[],"class_list":{"0":"post-8966","1":"product","2":"type-product","3":"status-publish","4":"has-post-thumbnail","6":"product_cat-buche","7":"product_cat-palette","9":"first","10":"instock","11":"shipping-taxable","12":"purchasable","13":"product-type-simple"},"jetpack_sharing_enabled":true,"_links":{"self":[{"href":"https:\/\/troncybois.com\/index.php?rest_route=\/wp\/v2\/product\/8966","targetHints":{"allow":["GET"]}}],"collection":[{"href":"https:\/\/troncybois.com\/index.php?rest_route=\/wp\/v2\/product"}],"about":[{"href":"https:\/\/troncybois.com\/index.php?rest_route=\/wp\/v2\/types\/product"}],"replies":[{"embeddable":true,"href":"https:\/\/troncybois.com\/index.php?rest_route=%2Fwp%2Fv2%2Fcomments&post=8966"}],"version-history":[{"count":1,"href":"https:\/\/troncybois.com\/index.php?rest_route=\/wp\/v2\/product\/8966\/revisions"}],"predecessor-version":[{"id":9004,"href":"https:\/\/troncybois.com\/index.php?rest_route=\/wp\/v2\/product\/8966\/revisions\/9004"}],"wp:featuredmedia":[{"embeddable":true,"href":"https:\/\/troncybois.com\/index.php?rest_route=\/wp\/v2\/media\/9002"}],"wp:attachment":[{"href":"https:\/\/troncybois.com\/index.php?rest_route=%2Fwp%2Fv2%2Fmedia&parent=8966"}],"wp:term":[{"taxonomy":"product_brand","embeddable":true,"href":"https:\/\/troncybois.com\/index.php?rest_route=%2Fwp%2Fv2%2Fproduct_brand&post=8966"},{"taxonomy":"product_cat","embeddable":true,"href":"https:\/\/troncybois.com\/index.php?rest_route=%2Fwp%2Fv2%2Fproduct_cat&post=8966"},{"taxonomy":"product_tag","embeddable":true,"href":"https:\/\/troncybois.com\/index.php?rest_route=%2Fwp%2Fv2%2Fproduct_tag&post=8966"}],"curies":[{"name":"wp","href":"https:\/\/api.w.org\/{rel}","templated":true}]}}