{"id":8961,"date":"2022-10-24T14:05:16","date_gmt":"2022-10-24T12:05:16","guid":{"rendered":"https:\/\/antiquewhite-gerbil-448984.hostingersite.com\/?post_type=product&#038;p=8961"},"modified":"2024-05-30T21:30:41","modified_gmt":"2024-05-30T19:30:41","slug":"pack-de-5-buches-densifiees-crepito-30-cm","status":"publish","type":"product","link":"https:\/\/troncybois.com\/?product=pack-de-5-buches-densifiees-crepito-30-cm","title":{"rendered":"Pack de 5 b\u00fbches densifi\u00e9es Cre\u0301pito\u00ae \u2013 30 cm"},"content":{"rendered":"<p>Le bois des bu\u0302ches densifie\u0301es Cre\u0301pito\u00ae est certifi\u00e9 100 % naturel. Il est issu du recyclage des sous-produits des scieries et des industries du bois. Il s\u2019agit exclusivement de sciures et de copeaux de bois non traite\u0301s. Les bu\u0302ches de bois densifi\u00e9es Cre\u0301pito\u00ae sont fabrique\u0301es en France. Elles sont comprime\u0301es en un seul bloc, sans colle ni liant. Ce mode de fabrication permet d\u2019obtenir une dure\u0301e et une re\u0301gularite\u0301 de combustion constante. Une bu\u0302che de bois densifi\u00e9es Cre\u0301pito\u00ae assure environ 1h30 de combustion suivant l\u2019appareil.<\/p>\n<p>Les b\u00fbches Premium ont un fort pouvoir calorifique et contiennent moins de 20% d\u2019humidit\u00e9. Elles sont fendues et nettoy\u00e9es en tambour d\u2019\u00e9cor\u00e7age, et offre une mise \u00e0 feu acc\u00e9l\u00e9r\u00e9e. Les b\u00fbches Premium permettent de restituer d\u00e8s rapidement une chaleur confortable avec un tr\u00e8s faible taux de cendre. Elles sont propres et r\u00e9guli\u00e8res, facile \u00e0 utiliser et \u00e0 stocker.<\/p>\n<ul>\n<li>\n<h3><strong>PRATIQUE<\/strong><\/h3>\n<\/li>\n<\/ul>\n<p>Retrouvez tout l\u2019agr\u00e9ment d\u2019un tr\u00e8s beau feu de bois sans les contraintes traditionnelles li\u00e9es \u00e0 ce mode de chauffage (bois \u00e0 fendre et \u00e0 stocker, cendres importantes, encrassement de la vitre, bistrage du conduit, salissures\u2026).<\/p>\n<ul>\n<li>\n<h3><strong>INNOVANT<\/strong><\/h3>\n<\/li>\n<\/ul>\n<p>R\u00e9pondant aux nouvelles exigences techniques des appareils de chauffage au bois, Cr\u00e9pito\u00ae innove et transforme les b\u00fbches traditionnelles en b\u00fbches \u00e0 haute performance \u00e9nerg\u00e9tique.<\/p>\n<ul>\n<li>\n<h3><strong>PERFORMANT<\/strong><\/h3>\n<\/li>\n<\/ul>\n<p>Les Cr\u00e9pito\u00ae B\u00fbches Premium ont un fort pouvoir calorifique, tr\u00e8s s\u00e8ches (moins de 20 % d\u2019humidit\u00e9) fendues et nettoy\u00e9es en tambour d\u2019\u00e9cor\u00e7age. Leur mise \u00e0 feu est ainsi acc\u00e9l\u00e9r\u00e9e et permet de restituer tr\u00e8s rapidement une chaleur confortable pour un tr\u00e8s faible taux de cendre. Vous obtenez ainsi une efficacit\u00e9 \u00e9nerg\u00e9tique maximum et augmentez la dur\u00e9e de vie de votre appareil de chauffage et de votre conduit.<\/p>\n<ul>\n<li>\n<h3><strong>DISPONIBLE<\/strong><\/h3>\n<\/li>\n<\/ul>\n<p>Le nouveau proc\u00e9d\u00e9 de fabrication permet un stockage et une disponibilit\u00e9 des Cr\u00e9pito\u00ae B\u00fbches Premium toute l\u2019ann\u00e9e. Elles sont conditionn\u00e9es en ballots pour un stockage pratique.<\/p>\n<ul>\n<li>\n<ul>\n<li>Cr\u00e9pito\u00ae a mis en place un cycle de production moderne, unique en Europe. L\u2019utilisateur b\u00e9n\u00e9ficie \u00e0 la livraison d\u2019un produit 100 % bois : soit le \u00ab kW bois b\u00fbches \u00bb le plus \u00e9conomique. Il aura ainsi la ma\u00eetrise de son budget de chauffage<\/li>\n<\/ul>\n<\/li>\n<\/ul>\n<p>&nbsp;<\/p>\n<ul>\n<li>\n<ul>\n<li>Cr\u00e9pito\u00ae a mis en place un cycle de production moderne, unique en Europe. L\u2019utilisateur b\u00e9n\u00e9ficie \u00e0 la livraison d\u2019un produit 100 % bois : soit le \u00ab kW bois b\u00fbches \u00bb le plus \u00e9conomique. Il aura ainsi la ma\u00eetrise de son budget de chauffage.<\/li>\n<\/ul>\n<\/li>\n<\/ul>\n<p>&nbsp;<\/p>\n<ul>\n<li>\n<ul>\n<li>Les Cr\u00e9pito\u00ae B\u00fbches Premium sont issues des meilleures essences de feuillus (Groupe 1: ch\u00eane, h\u00eatre, charme) reconnues pour leur pouvoir calorifique \u00e9lev\u00e9. Elles proviennent de for\u00eats de proximit\u00e9 g\u00e9r\u00e9es durablement. Le calibrage des Cr\u00e9pito\u00ae B\u00fbches Premium en petites sections r\u00e9guli\u00e8res de 14 cm maximum (longueur 25, 30 ou 40 cm) r\u00e9pond aux donn\u00e9es techniques des nouveaux appareils de chauffage au bois et permet une efficacit\u00e9 \u00e9nerg\u00e9tique maximum. Il contribue ainsi \u00e0 l\u2019optimisation de l\u2019appareil et du conduit.<\/li>\n<\/ul>\n<\/li>\n<\/ul>\n<p>&nbsp;<\/p>\n<ul>\n<li>Le s\u00e9chage \u00e0 un taux d\u2019humidit\u00e9 inf\u00e9rieur \u00e0 20 % garantit une combustion optimale (contre \u2248 35 %, taux habituel rencontr\u00e9 dans le commerce pour un bois de qualit\u00e9 NF H2 et correspondant \u00e0 1 an de s\u00e9chage). Les connexes de la production sont recycl\u00e9s \u00e0 100 %. Ils alimentent la chaufferie du site de production.<br \/>\nLes Cr\u00e9pito\u00ae B\u00fbches Premium sont propres et r\u00e9guli\u00e8res, faciles \u00e0 utiliser et \u00e0 stocker !<\/li>\n<\/ul>\n<p>B\u00fbche de bois Fendue et en grande partie \u00e9corc\u00e9e<\/p>\n<ul>\n<li><strong>Origine :<\/strong>\u00a0100 % bois fran\u00e7ais<\/li>\n<li><strong>Type du bois :<\/strong>\u00a0100 % feuillus durs : ch\u00eane \u2013 charme \u2013 h\u00eatre<\/li>\n<li><strong>Qualit\u00e9 :<\/strong>\u00a0Groupe H1 G1<\/li>\n<li><strong>Longueur :<\/strong>\u00a030<\/li>\n<li><strong>Section :<\/strong>\u00a08 cm \u2264 90 % Vol. \u2264 14 cm<\/li>\n<li><strong>Taux de cendre :<\/strong>\u00a0\u2264 1,5 %<\/li>\n<li><strong>PCI sur brut :<\/strong>\u00a03,9 kWh.kg-1 \u2264 PCI \u2264 4,2 kWh.kg-1<\/li>\n<li><strong>Taux d\u2019humidit\u00e9 :<\/strong>\u00a010 % \u2264 H \u2264 20 % sur brut<\/li>\n<li><strong>Comportement :<\/strong>\u00a0Allumage rapide et chaleur imm\u00e9diate<\/li>\n<li><strong>Performance :<\/strong>\u00a0Garantie du rendement de l\u2019appareil<\/li>\n<li><strong>Utilisation :<\/strong>\u00a0Imm\u00e9diate<\/li>\n<\/ul>\n","protected":false},"excerpt":{"rendered":"<ul class=\"uavc-list\">\n<li>\n<div id=\"list-icon-wrap-1402\" class=\"uavc-list-content\"><span class=\"uavc-list-desc ult-responsive\" data-ultimate-target=\"#list-icon-wrap-1402 .uavc-list-desc\" data-responsive-json-new=\"{&quot;font-size&quot;:&quot;&quot;,&quot;line-height&quot;:&quot;&quot;}\"><strong>Origine :<\/strong>\u00a0100% bois fran\u00e7ais<\/span><\/div>\n<\/li>\n<li>\n<div id=\"list-icon-wrap-9868\" class=\"uavc-list-content\">\n<div class=\"uavc-list-icon \" data-animation=\"\" data-animation-delay=\"03\">\n<div class=\"ult-just-icon-wrapper \">\n<div class=\"align-icon\">\n<div class=\"aio-icon none \"><span class=\"uavc-list-desc ult-responsive\" data-ultimate-target=\"#list-icon-wrap-9868 .uavc-list-desc\" data-responsive-json-new=\"{&quot;font-size&quot;:&quot;&quot;,&quot;line-height&quot;:&quot;&quot;}\"><strong>Type de bois :<\/strong>\u00a0sciures et copeaux compresse\u0301s 100 % naturel<\/span><\/div>\n<\/div>\n<\/div>\n<\/div>\n<\/div>\n<\/li>\n<li>\n<div id=\"list-icon-wrap-4703\" class=\"uavc-list-content\">\n<div class=\"uavc-list-icon \" data-animation=\"\" data-animation-delay=\"03\">\n<div class=\"ult-just-icon-wrapper \">\n<div class=\"align-icon\">\n<div class=\"aio-icon none \"><span class=\"uavc-list-desc ult-responsive\" data-ultimate-target=\"#list-icon-wrap-4703 .uavc-list-desc\" data-responsive-json-new=\"{&quot;font-size&quot;:&quot;&quot;,&quot;line-height&quot;:&quot;&quot;}\"><strong>Longueur :<\/strong>\u00a030 cm<\/span><\/div>\n<\/div>\n<\/div>\n<\/div>\n<\/div>\n<\/li>\n<li>\n<div id=\"list-icon-wrap-8518\" class=\"uavc-list-content\">\n<div class=\"uavc-list-icon \" data-animation=\"\" data-animation-delay=\"03\">\n<div class=\"ult-just-icon-wrapper \">\n<div class=\"align-icon\">\n<div class=\"aio-icon none \"><span class=\"uavc-list-desc ult-responsive\" data-ultimate-target=\"#list-icon-wrap-8518 .uavc-list-desc\" data-responsive-json-new=\"{&quot;font-size&quot;:&quot;&quot;,&quot;line-height&quot;:&quot;&quot;}\"><strong>Quantit\u00e9 :<\/strong>\u00a0104 packs par palette<\/span><\/div>\n<\/div>\n<\/div>\n<\/div>\n<\/div>\n<\/li>\n<li>\n<div id=\"list-icon-wrap-4187\" class=\"uavc-list-content\">\n<div class=\"uavc-list-icon \" data-animation=\"\" data-animation-delay=\"03\">\n<div class=\"ult-just-icon-wrapper \">\n<div class=\"align-icon\">\n<div class=\"aio-icon none \"><span class=\"uavc-list-desc ult-responsive\" data-ultimate-target=\"#list-icon-wrap-4187 .uavc-list-desc\" data-responsive-json-new=\"{&quot;font-size&quot;:&quot;&quot;,&quot;line-height&quot;:&quot;&quot;}\"><strong>Unit\u00e9 de vente :<\/strong>\u00a0par palette<\/span><\/div>\n<\/div>\n<\/div>\n<\/div>\n<\/div>\n<\/li>\n<\/ul>\n","protected":false},"featured_media":8995,"comment_status":"closed","ping_status":"closed","template":"","meta":[],"product_brand":[],"product_cat":[74,75,76],"product_tag":[],"class_list":{"0":"post-8961","1":"product","2":"type-product","3":"status-publish","4":"has-post-thumbnail","6":"product_cat-buche","7":"product_cat-buches","8":"product_cat-buches-premium-crepito","10":"first","11":"instock","12":"sale","13":"shipping-taxable","14":"purchasable","15":"product-type-simple"},"jetpack_sharing_enabled":true,"_links":{"self":[{"href":"https:\/\/troncybois.com\/index.php?rest_route=\/wp\/v2\/product\/8961","targetHints":{"allow":["GET"]}}],"collection":[{"href":"https:\/\/troncybois.com\/index.php?rest_route=\/wp\/v2\/product"}],"about":[{"href":"https:\/\/troncybois.com\/index.php?rest_route=\/wp\/v2\/types\/product"}],"replies":[{"embeddable":true,"href":"https:\/\/troncybois.com\/index.php?rest_route=%2Fwp%2Fv2%2Fcomments&post=8961"}],"version-history":[{"count":1,"href":"https:\/\/troncybois.com\/index.php?rest_route=\/wp\/v2\/product\/8961\/revisions"}],"predecessor-version":[{"id":8996,"href":"https:\/\/troncybois.com\/index.php?rest_route=\/wp\/v2\/product\/8961\/revisions\/8996"}],"wp:featuredmedia":[{"embeddable":true,"href":"https:\/\/troncybois.com\/index.php?rest_route=\/wp\/v2\/media\/8995"}],"wp:attachment":[{"href":"https:\/\/troncybois.com\/index.php?rest_route=%2Fwp%2Fv2%2Fmedia&parent=8961"}],"wp:term":[{"taxonomy":"product_brand","embeddable":true,"href":"https:\/\/troncybois.com\/index.php?rest_route=%2Fwp%2Fv2%2Fproduct_brand&post=8961"},{"taxonomy":"product_cat","embeddable":true,"href":"https:\/\/troncybois.com\/index.php?rest_route=%2Fwp%2Fv2%2Fproduct_cat&post=8961"},{"taxonomy":"product_tag","embeddable":true,"href":"https:\/\/troncybois.com\/index.php?rest_route=%2Fwp%2Fv2%2Fproduct_tag&post=8961"}],"curies":[{"name":"wp","href":"https:\/\/api.w.org\/{rel}","templated":true}]}}