{"id":8957,"date":"2022-10-24T14:05:16","date_gmt":"2022-10-24T12:05:16","guid":{"rendered":"https:\/\/antiquewhite-gerbil-448984.hostingersite.com\/?post_type=product&#038;p=8957"},"modified":"2024-05-30T19:02:46","modified_gmt":"2024-05-30T17:02:46","slug":"buches-de-verne-ou-de-aulne-50-cm","status":"publish","type":"product","link":"https:\/\/troncybois.com\/?product=buches-de-verne-ou-de-aulne-50-cm","title":{"rendered":"B\u00fbches de verne ou de aulne 50 cm"},"content":{"rendered":"<p>Bois \u00e9conomique, le bois de verne ou de aulne est un bon bois de chauffage bien que sa combustion soit rapide. Il fournit une chaleur tr\u00e8s vive en br\u00fblant. Au Pays Basque, le verne \u00e9tait coup\u00e9 en juillet, tron\u00e7onn\u00e9 et fendu en b\u00fbches. Le temps de s\u00e9chage tr\u00e8s court de ces b\u00fbches permettait de les utiliser avec un maximum de rendement \u00e9nerg\u00e9tique au moment de la chauffe. Le bois de verne est aussi utilis\u00e9 pour les fours n\u00e9cessitant une mont\u00e9e en temp\u00e9rature rapide et tr\u00e8s calorifique (boulangerie, pizz\u00e9ria, forgeron, etc\u2026).<\/p>\n","protected":false},"excerpt":{"rendered":"<ul>\n<li><strong>Essence : verne ou aulne<\/strong><\/li>\n<li><strong>Origine : 100% bois fran\u00e7ais<\/strong><\/li>\n<li><strong>Longueur : 50 cm<\/strong><\/li>\n<li><strong>Quantit\u00e9 : 1.20 m3 (1.50 st\u00e8res)<\/strong><\/li>\n<li><strong>Unit\u00e9 de vente :\u00a0\u00a0par palette<\/strong><\/li>\n<\/ul>\n","protected":false},"featured_media":8989,"comment_status":"closed","ping_status":"closed","template":"","meta":[],"product_brand":[],"product_cat":[74,75],"product_tag":[],"class_list":{"0":"post-8957","1":"product","2":"type-product","3":"status-publish","4":"has-post-thumbnail","6":"product_cat-buche","7":"product_cat-buches","9":"first","10":"instock","11":"sale","12":"shipping-taxable","13":"purchasable","14":"product-type-simple"},"jetpack_sharing_enabled":true,"_links":{"self":[{"href":"https:\/\/troncybois.com\/index.php?rest_route=\/wp\/v2\/product\/8957","targetHints":{"allow":["GET"]}}],"collection":[{"href":"https:\/\/troncybois.com\/index.php?rest_route=\/wp\/v2\/product"}],"about":[{"href":"https:\/\/troncybois.com\/index.php?rest_route=\/wp\/v2\/types\/product"}],"replies":[{"embeddable":true,"href":"https:\/\/troncybois.com\/index.php?rest_route=%2Fwp%2Fv2%2Fcomments&post=8957"}],"version-history":[{"count":1,"href":"https:\/\/troncybois.com\/index.php?rest_route=\/wp\/v2\/product\/8957\/revisions"}],"predecessor-version":[{"id":8990,"href":"https:\/\/troncybois.com\/index.php?rest_route=\/wp\/v2\/product\/8957\/revisions\/8990"}],"wp:featuredmedia":[{"embeddable":true,"href":"https:\/\/troncybois.com\/index.php?rest_route=\/wp\/v2\/media\/8989"}],"wp:attachment":[{"href":"https:\/\/troncybois.com\/index.php?rest_route=%2Fwp%2Fv2%2Fmedia&parent=8957"}],"wp:term":[{"taxonomy":"product_brand","embeddable":true,"href":"https:\/\/troncybois.com\/index.php?rest_route=%2Fwp%2Fv2%2Fproduct_brand&post=8957"},{"taxonomy":"product_cat","embeddable":true,"href":"https:\/\/troncybois.com\/index.php?rest_route=%2Fwp%2Fv2%2Fproduct_cat&post=8957"},{"taxonomy":"product_tag","embeddable":true,"href":"https:\/\/troncybois.com\/index.php?rest_route=%2Fwp%2Fv2%2Fproduct_tag&post=8957"}],"curies":[{"name":"wp","href":"https:\/\/api.w.org\/{rel}","templated":true}]}}