{"id":8954,"date":"2022-10-24T14:05:16","date_gmt":"2022-10-24T12:05:16","guid":{"rendered":"https:\/\/antiquewhite-gerbil-448984.hostingersite.com\/?post_type=product&#038;p=8954"},"modified":"2024-05-30T19:02:18","modified_gmt":"2024-05-30T17:02:18","slug":"buches-de-chene-blanc-50-cm-2","status":"publish","type":"product","link":"https:\/\/troncybois.com\/?product=buches-de-chene-blanc-50-cm-2","title":{"rendered":"B\u00fbches de ch\u00eane blanc \u2013 50 cm"},"content":{"rendered":"<p>Les b\u00fbches de h\u00eatre ou de charme sont issues de for\u00eats fran\u00e7aises durablement g\u00e9r\u00e9es provenant de Franche Comt\u00e9, des Vosges et du Jura. Ces deux essences offrent une combustion optimale pour un haut pouvoir calorifique, gr\u00e2ce \u00e0 leur long temps de s\u00e9chage (18 mois minimum). Parce qu\u2019ils ne d\u00e9gagent que peu de fum\u00e9e, ils\u00a0<strong>pr\u00e9servent votre installation<\/strong>. Contrairement au ch\u00eane, la combustion du h\u00eatre ou du charme est assez rapide, produisant des\u00a0<strong>flammes r\u00e9guli\u00e8res et tr\u00e8s claires<\/strong>. Le h\u00eatre et le charme fournissent un lit de braises durable qui rend le rechargement du po\u00eale plus ais\u00e9.<\/p>\n<div class=\"et_pb_module et_pb_wc_tabs et_pb_wc_tabs_0_tb_body et_pb_tabs \">\n<div class=\"et_pb_all_tabs\">\n<div class=\"et_pb_tab clearfix et_pb_active_content et-pb-active-slide\">\n<div class=\"et_pb_tab_content\">\n<p>Ce type de bois de chauffage a un autre avantage : il d\u00e9gage une odeur tr\u00e8s agr\u00e9able !<\/p>\n<\/div>\n<\/div>\n<\/div>\n<\/div>\n","protected":false},"excerpt":{"rendered":"<ul class=\"uavc-list\">\n<li>\n<div id=\"list-icon-wrap-2026\" class=\"uavc-list-content\"><span class=\"uavc-list-desc ult-responsive\" data-ultimate-target=\"#list-icon-wrap-2026 .uavc-list-desc\" data-responsive-json-new=\"{&quot;font-size&quot;:&quot;&quot;,&quot;line-height&quot;:&quot;&quot;}\"><strong>Essence :<\/strong>\u00a0ch\u00eane blanc<\/span><\/div>\n<\/li>\n<li>\n<div id=\"list-icon-wrap-6207\" class=\"uavc-list-content\">\n<div class=\"uavc-list-icon \" data-animation=\"\" data-animation-delay=\"03\">\n<div class=\"ult-just-icon-wrapper \">\n<div class=\"align-icon\">\n<div class=\"aio-icon none \"><span class=\"uavc-list-desc ult-responsive\" data-ultimate-target=\"#list-icon-wrap-6207 .uavc-list-desc\" data-responsive-json-new=\"{&quot;font-size&quot;:&quot;&quot;,&quot;line-height&quot;:&quot;&quot;}\"><strong>Origine :<\/strong>\u00a0100% bois fran\u00e7ais<\/span><\/div>\n<\/div>\n<\/div>\n<\/div>\n<\/div>\n<\/li>\n<li>\n<div id=\"list-icon-wrap-9981\" class=\"uavc-list-content\">\n<div class=\"uavc-list-icon \" data-animation=\"\" data-animation-delay=\"03\">\n<div class=\"ult-just-icon-wrapper \">\n<div class=\"align-icon\">\n<div class=\"aio-icon none \"><span class=\"uavc-list-desc ult-responsive\" data-ultimate-target=\"#list-icon-wrap-9981 .uavc-list-desc\" data-responsive-json-new=\"{&quot;font-size&quot;:&quot;&quot;,&quot;line-height&quot;:&quot;&quot;}\"><strong>Longueur :<\/strong>\u00a033 cm<\/span><\/div>\n<\/div>\n<\/div>\n<\/div>\n<\/div>\n<\/li>\n<li>\n<div id=\"list-icon-wrap-3460\" class=\"uavc-list-content\">\n<div class=\"uavc-list-icon \" data-animation=\"\" data-animation-delay=\"03\">\n<div class=\"ult-just-icon-wrapper \">\n<div class=\"align-icon\">\n<div class=\"aio-icon none \"><span class=\"uavc-list-desc ult-responsive\" data-ultimate-target=\"#list-icon-wrap-3460 .uavc-list-desc\" data-responsive-json-new=\"{&quot;font-size&quot;:&quot;&quot;,&quot;line-height&quot;:&quot;&quot;}\"><strong>Quantit\u00e9 :<\/strong>\u00a0<strong>1.40 m<sup>3<\/sup><\/strong>\u00a0par palette (<span class=\"s1\">2 st\u00e8res)<\/span><\/span><\/div>\n<\/div>\n<\/div>\n<\/div>\n<\/div>\n<\/li>\n<li>\n<div id=\"list-icon-wrap-5509\" class=\"uavc-list-content\">\n<div class=\"uavc-list-icon \" data-animation=\"\" data-animation-delay=\"03\">\n<div class=\"ult-just-icon-wrapper \">\n<div class=\"align-icon\">\n<div class=\"aio-icon none \"><span class=\"uavc-list-desc ult-responsive\" data-ultimate-target=\"#list-icon-wrap-5509 .uavc-list-desc\" data-responsive-json-new=\"{&quot;font-size&quot;:&quot;&quot;,&quot;line-height&quot;:&quot;&quot;}\"><strong>Unit\u00e9 de vente :<\/strong>\u00a0\u00a0par palette<\/span><\/div>\n<\/div>\n<\/div>\n<\/div>\n<\/div>\n<\/li>\n<\/ul>\n","protected":false},"featured_media":8983,"comment_status":"closed","ping_status":"closed","template":"","meta":[],"product_brand":[],"product_cat":[74,75],"product_tag":[],"class_list":{"0":"post-8954","1":"product","2":"type-product","3":"status-publish","4":"has-post-thumbnail","6":"product_cat-buche","7":"product_cat-buches","9":"first","10":"instock","11":"sale","12":"shipping-taxable","13":"purchasable","14":"product-type-simple"},"jetpack_sharing_enabled":true,"_links":{"self":[{"href":"https:\/\/troncybois.com\/index.php?rest_route=\/wp\/v2\/product\/8954","targetHints":{"allow":["GET"]}}],"collection":[{"href":"https:\/\/troncybois.com\/index.php?rest_route=\/wp\/v2\/product"}],"about":[{"href":"https:\/\/troncybois.com\/index.php?rest_route=\/wp\/v2\/types\/product"}],"replies":[{"embeddable":true,"href":"https:\/\/troncybois.com\/index.php?rest_route=%2Fwp%2Fv2%2Fcomments&post=8954"}],"version-history":[{"count":1,"href":"https:\/\/troncybois.com\/index.php?rest_route=\/wp\/v2\/product\/8954\/revisions"}],"predecessor-version":[{"id":8984,"href":"https:\/\/troncybois.com\/index.php?rest_route=\/wp\/v2\/product\/8954\/revisions\/8984"}],"wp:featuredmedia":[{"embeddable":true,"href":"https:\/\/troncybois.com\/index.php?rest_route=\/wp\/v2\/media\/8983"}],"wp:attachment":[{"href":"https:\/\/troncybois.com\/index.php?rest_route=%2Fwp%2Fv2%2Fmedia&parent=8954"}],"wp:term":[{"taxonomy":"product_brand","embeddable":true,"href":"https:\/\/troncybois.com\/index.php?rest_route=%2Fwp%2Fv2%2Fproduct_brand&post=8954"},{"taxonomy":"product_cat","embeddable":true,"href":"https:\/\/troncybois.com\/index.php?rest_route=%2Fwp%2Fv2%2Fproduct_cat&post=8954"},{"taxonomy":"product_tag","embeddable":true,"href":"https:\/\/troncybois.com\/index.php?rest_route=%2Fwp%2Fv2%2Fproduct_tag&post=8954"}],"curies":[{"name":"wp","href":"https:\/\/api.w.org\/{rel}","templated":true}]}}