{"id":8951,"date":"2022-10-24T14:05:16","date_gmt":"2022-10-24T12:05:16","guid":{"rendered":"https:\/\/antiquewhite-gerbil-448984.hostingersite.com\/?post_type=product&#038;p=8951"},"modified":"2024-05-30T19:02:01","modified_gmt":"2024-05-30T17:02:01","slug":"buches-de-chene-blanc-50-cm","status":"publish","type":"product","link":"https:\/\/troncybois.com\/?product=buches-de-chene-blanc-50-cm","title":{"rendered":"B\u00fbches de ch\u00eane blanc \u2013 50 cm"},"content":{"rendered":"<p>Extra s\u00e8ches (18 mois minimum), les b\u00fbches de ch\u00eane blanc sont issues de for\u00eats fran\u00e7aises durablement g\u00e9r\u00e9es provenant de Franche Comt\u00e9, des Vosges et du Jura. Le ch\u00eane blanc est un bois dense qui produit de belles braises \u00e0 l\u2019usage. Il offre une\u00a0<strong>combustion optimale<\/strong>\u00a0pour un\u00a0<strong>haut pouvoir calorifique<\/strong>. Produisant peu de fum\u00e9e, le bois de chauffage de ch\u00eane blanc\u00a0<strong>se consume lentement<\/strong>\u00a0et salit peu votre installation.<\/p>\n","protected":false},"excerpt":{"rendered":"<ul class=\"uavc-list\">\n<li>\n<div id=\"list-icon-wrap-8906\" class=\"uavc-list-content\"><span class=\"uavc-list-desc ult-responsive\" data-ultimate-target=\"#list-icon-wrap-8906 .uavc-list-desc\" data-responsive-json-new=\"{&quot;font-size&quot;:&quot;&quot;,&quot;line-height&quot;:&quot;&quot;}\"><strong>Essence :<\/strong>\u00a0ch\u00eane blanc<\/span><\/div>\n<\/li>\n<li>\n<div id=\"list-icon-wrap-3154\" class=\"uavc-list-content\">\n<div class=\"uavc-list-icon \" data-animation=\"\" data-animation-delay=\"03\">\n<div class=\"ult-just-icon-wrapper \">\n<div class=\"align-icon\">\n<div class=\"aio-icon none \"><span class=\"uavc-list-desc ult-responsive\" data-ultimate-target=\"#list-icon-wrap-3154 .uavc-list-desc\" data-responsive-json-new=\"{&quot;font-size&quot;:&quot;&quot;,&quot;line-height&quot;:&quot;&quot;}\"><strong>Origine :<\/strong>\u00a0100% bois Garrigue Gardoise<\/span><\/div>\n<\/div>\n<\/div>\n<\/div>\n<\/div>\n<\/li>\n<li>\n<div id=\"list-icon-wrap-8567\" class=\"uavc-list-content\">\n<div class=\"uavc-list-icon \" data-animation=\"\" data-animation-delay=\"03\">\n<div class=\"ult-just-icon-wrapper \">\n<div class=\"align-icon\">\n<div class=\"aio-icon none \"><span class=\"uavc-list-desc ult-responsive\" data-ultimate-target=\"#list-icon-wrap-8567 .uavc-list-desc\" data-responsive-json-new=\"{&quot;font-size&quot;:&quot;&quot;,&quot;line-height&quot;:&quot;&quot;}\"><strong>Longueur :<\/strong>\u00a050 cm<\/span><\/div>\n<\/div>\n<\/div>\n<\/div>\n<\/div>\n<\/li>\n<li>\n<div id=\"list-icon-wrap-7345\" class=\"uavc-list-content\">\n<div class=\"uavc-list-icon \" data-animation=\"\" data-animation-delay=\"03\">\n<div class=\"ult-just-icon-wrapper \">\n<div class=\"align-icon\">\n<div class=\"aio-icon none \"><span class=\"uavc-list-desc ult-responsive\" data-ultimate-target=\"#list-icon-wrap-7345 .uavc-list-desc\" data-responsive-json-new=\"{&quot;font-size&quot;:&quot;&quot;,&quot;line-height&quot;:&quot;&quot;}\"><strong>Quantit\u00e9 :<\/strong>\u00a0<strong>1.20m<sup>3<\/sup><\/strong>\u00a0(<span class=\"s1\">1.50 st\u00e8res)<\/span><\/span><\/div>\n<\/div>\n<\/div>\n<\/div>\n<\/div>\n<\/li>\n<li>\n<div id=\"list-icon-wrap-9260\" class=\"uavc-list-content\">\n<div class=\"uavc-list-icon \" data-animation=\"\" data-animation-delay=\"03\">\n<div class=\"ult-just-icon-wrapper \">\n<div class=\"align-icon\">\n<div class=\"aio-icon none \"><span class=\"uavc-list-desc ult-responsive\" data-ultimate-target=\"#list-icon-wrap-9260 .uavc-list-desc\" data-responsive-json-new=\"{&quot;font-size&quot;:&quot;&quot;,&quot;line-height&quot;:&quot;&quot;}\"><strong>Unit\u00e9 de vente :<\/strong>\u00a0\u00a0par palette<\/span><\/div>\n<\/div>\n<\/div>\n<\/div>\n<\/div>\n<\/li>\n<\/ul>\n","protected":false},"featured_media":8978,"comment_status":"closed","ping_status":"closed","template":"","meta":[],"product_brand":[],"product_cat":[74,75],"product_tag":[],"class_list":{"0":"post-8951","1":"product","2":"type-product","3":"status-publish","4":"has-post-thumbnail","6":"product_cat-buche","7":"product_cat-buches","9":"first","10":"instock","11":"sale","12":"shipping-taxable","13":"purchasable","14":"product-type-simple"},"jetpack_sharing_enabled":true,"_links":{"self":[{"href":"https:\/\/troncybois.com\/index.php?rest_route=\/wp\/v2\/product\/8951","targetHints":{"allow":["GET"]}}],"collection":[{"href":"https:\/\/troncybois.com\/index.php?rest_route=\/wp\/v2\/product"}],"about":[{"href":"https:\/\/troncybois.com\/index.php?rest_route=\/wp\/v2\/types\/product"}],"replies":[{"embeddable":true,"href":"https:\/\/troncybois.com\/index.php?rest_route=%2Fwp%2Fv2%2Fcomments&post=8951"}],"version-history":[{"count":1,"href":"https:\/\/troncybois.com\/index.php?rest_route=\/wp\/v2\/product\/8951\/revisions"}],"predecessor-version":[{"id":8979,"href":"https:\/\/troncybois.com\/index.php?rest_route=\/wp\/v2\/product\/8951\/revisions\/8979"}],"wp:featuredmedia":[{"embeddable":true,"href":"https:\/\/troncybois.com\/index.php?rest_route=\/wp\/v2\/media\/8978"}],"wp:attachment":[{"href":"https:\/\/troncybois.com\/index.php?rest_route=%2Fwp%2Fv2%2Fmedia&parent=8951"}],"wp:term":[{"taxonomy":"product_brand","embeddable":true,"href":"https:\/\/troncybois.com\/index.php?rest_route=%2Fwp%2Fv2%2Fproduct_brand&post=8951"},{"taxonomy":"product_cat","embeddable":true,"href":"https:\/\/troncybois.com\/index.php?rest_route=%2Fwp%2Fv2%2Fproduct_cat&post=8951"},{"taxonomy":"product_tag","embeddable":true,"href":"https:\/\/troncybois.com\/index.php?rest_route=%2Fwp%2Fv2%2Fproduct_tag&post=8951"}],"curies":[{"name":"wp","href":"https:\/\/api.w.org\/{rel}","templated":true}]}}