{"id":8871,"date":"2022-10-24T13:57:26","date_gmt":"2022-10-24T11:57:26","guid":{"rendered":"https:\/\/antiquewhite-gerbil-448984.hostingersite.com\/?post_type=product&#038;p=8871"},"modified":"2023-10-28T03:57:54","modified_gmt":"2023-10-28T01:57:54","slug":"bois-dallumage-sac-de-10l-2","status":"publish","type":"product","link":"https:\/\/troncybois.com\/?product=bois-dallumage-sac-de-10l-2","title":{"rendered":"BOIS D&rsquo;ALLUMAGE &#8211; SAC DE 10L"},"content":{"rendered":"<p>Notre petit bois d\u2019allumage est facile \u00e0 stocker (\u00e0 l\u2019abri de l\u2019humidit\u00e9), propre et l\u00e9ger gr\u00e2ce \u00e0 son conditionnement en sachet de 10 L.<\/p>\n<p>Il vous aidera \u00e0 allumer facilement votre feu ou votre barbecue.<\/p>\n<p><strong>Voici la mani\u00e8re traditionnelle d&rsquo;allumer le feu<\/strong>\u00a0:<\/p>\n<p>Positionnez quelques b\u00fbches de bois bien sec en laissant des espaces entre elles pour obtenir un feu rapide. L\u2019id\u00e9al est de les croiser en les empilant.<\/p>\n<p>Placez le petit bois d\u2019allumage au-dessus des b\u00fbches et d\u00e9posez-y un produit d\u2019allumage.<\/p>\n<p>Allumez votre feu \u00e0 l\u2019aide de papier journal ou allumette, si vous voyez le feu descendre de couche en couche, c\u2019est que votre feu a bien d\u00e9marr\u00e9\u2026\u00a0<strong>BRAVO<\/strong>\u00a0!<\/p>\n<p><strong>Astuce<\/strong>\u00a0: Si la combustion est saine, la fum\u00e9e sera grise, si la fum\u00e9e est noire, cela signifie que des d\u00e9chets sont rejet\u00e9s et que le bois n\u2019est pas de bonne qualit\u00e9 ou trop humide ou alors que trop peu d\u2019air arrive dans votre foyer.<\/p>\n","protected":false},"excerpt":{"rendered":"<h3 class=\"h6\">Fiche technique<\/h3>\n<dl class=\"data-sheet\">\n<dt class=\"name\">Conditionnement<\/dt>\n<dd class=\"value\">Sac de 10 L<\/dd>\n<\/dl>\n","protected":false},"featured_media":8742,"comment_status":"closed","ping_status":"closed","template":"","meta":[],"product_brand":[],"product_cat":[72],"product_tag":[],"class_list":{"0":"post-8871","1":"product","2":"type-product","3":"status-publish","4":"has-post-thumbnail","6":"product_cat-bois","8":"first","9":"instock","10":"shipping-taxable","11":"purchasable","12":"product-type-simple"},"jetpack_sharing_enabled":true,"_links":{"self":[{"href":"https:\/\/troncybois.com\/index.php?rest_route=\/wp\/v2\/product\/8871","targetHints":{"allow":["GET"]}}],"collection":[{"href":"https:\/\/troncybois.com\/index.php?rest_route=\/wp\/v2\/product"}],"about":[{"href":"https:\/\/troncybois.com\/index.php?rest_route=\/wp\/v2\/types\/product"}],"replies":[{"embeddable":true,"href":"https:\/\/troncybois.com\/index.php?rest_route=%2Fwp%2Fv2%2Fcomments&post=8871"}],"version-history":[{"count":1,"href":"https:\/\/troncybois.com\/index.php?rest_route=\/wp\/v2\/product\/8871\/revisions"}],"predecessor-version":[{"id":8893,"href":"https:\/\/troncybois.com\/index.php?rest_route=\/wp\/v2\/product\/8871\/revisions\/8893"}],"wp:featuredmedia":[{"embeddable":true,"href":"https:\/\/troncybois.com\/index.php?rest_route=\/wp\/v2\/media\/8742"}],"wp:attachment":[{"href":"https:\/\/troncybois.com\/index.php?rest_route=%2Fwp%2Fv2%2Fmedia&parent=8871"}],"wp:term":[{"taxonomy":"product_brand","embeddable":true,"href":"https:\/\/troncybois.com\/index.php?rest_route=%2Fwp%2Fv2%2Fproduct_brand&post=8871"},{"taxonomy":"product_cat","embeddable":true,"href":"https:\/\/troncybois.com\/index.php?rest_route=%2Fwp%2Fv2%2Fproduct_cat&post=8871"},{"taxonomy":"product_tag","embeddable":true,"href":"https:\/\/troncybois.com\/index.php?rest_route=%2Fwp%2Fv2%2Fproduct_tag&post=8871"}],"curies":[{"name":"wp","href":"https:\/\/api.w.org\/{rel}","templated":true}]}}