{"id":8869,"date":"2022-10-24T13:57:26","date_gmt":"2022-10-24T11:57:26","guid":{"rendered":"https:\/\/antiquewhite-gerbil-448984.hostingersite.com\/?post_type=product&#038;p=8869"},"modified":"2024-06-05T20:26:18","modified_gmt":"2024-06-05T18:26:18","slug":"bois-de-chauffage-hetre-palette-2-m3","status":"publish","type":"product","link":"https:\/\/troncybois.com\/?product=bois-de-chauffage-hetre-palette-2-m3","title":{"rendered":"BOIS DE CHAUFFAGE &#8211; 50cm-HETRE &#8211; PALETTE 2 M3"},"content":{"rendered":"<p>Ces b\u00fbches sont refendues en 50 cm, id\u00e9ales pour les chemin\u00e9es et inserts.<\/p>\n<p>N&rsquo;oubliez pas que pour bien faire s\u00e9cher votre bois, il faut le stocker dans un endroit sec, ventil\u00e9 et \u00e0 l&rsquo;abri de l&rsquo;humidit\u00e9.<\/p>\n<p>L&rsquo;id\u00e9al est sous abri de type pr\u00e9au (ouvert sur le devant et ferm\u00e9 sur les c\u00f4t\u00e9s et le dessus) l&rsquo;air passe bien entre le bois et la pluie n&rsquo;entre pas.<\/p>\n<p>Ce bois conviendra parfaitement dans les foyers ouverts ou ferm\u00e9s de grandes dimensions.<\/p>\n<p><strong>Comment moins polluer?<\/strong><\/p>\n<p><strong>La technique de l&rsquo;allumage du feu par le haut\u00a0<\/strong>:<\/p>\n<p>Il faut empiler les b\u00fbches en pla\u00e7ant les plus grosses en dessous et en laissant un peu d&rsquo;espace entre chacune puis poser le petit bois d&rsquo;allumage dessus. Les gaz de combustion \u00e9limin\u00e9s dans les flammes.<\/p>\n<p><strong>Rechargement du bois<\/strong>\u00a0:<\/p>\n<p>D\u00e8s qu&rsquo;il n&rsquo;y a plus de flammes et que les braises sont encore bien vives, en ne laissant pas trop longtemps la porte ouverte.<\/p>\n<p><strong>Le conduit de fum\u00e9es\u00a0<\/strong>:<\/p>\n<p>Il doit \u00eatre en bon \u00e9tat. Un bon tirage est important pour une bonne combustion.<\/p>\n<p><strong>Le ramonage<\/strong>\u00a0:<\/p>\n<p>Il est imp\u00e9ratif d&rsquo;effectuer un ramonage 2 fois par an, dont une fois durant la p\u00e9riode de chauffe.<\/p>\n","protected":false},"excerpt":{"rendered":"<h3 class=\"h6\">Fiche technique<\/h3>\n<dl class=\"data-sheet\">\n<dt class=\"name\">Taux D&rsquo;humidit\u00e9<\/dt>\n<dd class=\"value\">Sup\u00e9rieur \u00e0 20%<\/dd>\n<dt class=\"name\">Essence<\/dt>\n<dd class=\"value\">M\u00e9lange de bois durs<\/dd>\n<dt class=\"name\">Volume En M3<\/dt>\n<dd class=\"value\">2 m3<\/dd>\n<dt class=\"name\">Volume En St\u00e8res<\/dt>\n<dd class=\"value\">2.5 st\u00e8res<\/dd>\n<dt class=\"name\">Dimensions Palette<\/dt>\n<dd class=\"value\">L120xl95xH200cm<\/dd>\n<dt class=\"name\">Technique De S\u00e9chage<\/dt>\n<dd class=\"value\">Naturel en ext\u00e9rieur<\/dd>\n<dt class=\"name\">Type De Bois<\/dt>\n<dd class=\"value\">Bois dur (feuillus)<\/dd>\n<dt class=\"name\">Longueur<\/dt>\n<dd class=\"value\">50 cm<\/dd>\n<dt class=\"name\">Conditionnement<\/dt>\n<dd class=\"value\">Palette<\/dd>\n<dt class=\"name\">Origine<\/dt>\n<dd class=\"value\">France<\/dd>\n<dt class=\"name\">Mode D&rsquo;utilisation<\/dt>\n<dd class=\"value\">Pr\u00eat \u00e0 utiliser<\/dd>\n<\/dl>\n","protected":false},"featured_media":8738,"comment_status":"closed","ping_status":"closed","template":"","meta":[],"product_brand":[],"product_cat":[73,84],"product_tag":[],"class_list":{"0":"post-8869","1":"product","2":"type-product","3":"status-publish","4":"has-post-thumbnail","6":"product_cat-bois-de-chauffage","7":"product_cat-caisse-de-bois-de-chauffage","9":"first","10":"instock","11":"shipping-taxable","12":"purchasable","13":"product-type-simple"},"jetpack_sharing_enabled":true,"_links":{"self":[{"href":"https:\/\/troncybois.com\/index.php?rest_route=\/wp\/v2\/product\/8869","targetHints":{"allow":["GET"]}}],"collection":[{"href":"https:\/\/troncybois.com\/index.php?rest_route=\/wp\/v2\/product"}],"about":[{"href":"https:\/\/troncybois.com\/index.php?rest_route=\/wp\/v2\/types\/product"}],"replies":[{"embeddable":true,"href":"https:\/\/troncybois.com\/index.php?rest_route=%2Fwp%2Fv2%2Fcomments&post=8869"}],"version-history":[{"count":6,"href":"https:\/\/troncybois.com\/index.php?rest_route=\/wp\/v2\/product\/8869\/revisions"}],"predecessor-version":[{"id":14229,"href":"https:\/\/troncybois.com\/index.php?rest_route=\/wp\/v2\/product\/8869\/revisions\/14229"}],"wp:featuredmedia":[{"embeddable":true,"href":"https:\/\/troncybois.com\/index.php?rest_route=\/wp\/v2\/media\/8738"}],"wp:attachment":[{"href":"https:\/\/troncybois.com\/index.php?rest_route=%2Fwp%2Fv2%2Fmedia&parent=8869"}],"wp:term":[{"taxonomy":"product_brand","embeddable":true,"href":"https:\/\/troncybois.com\/index.php?rest_route=%2Fwp%2Fv2%2Fproduct_brand&post=8869"},{"taxonomy":"product_cat","embeddable":true,"href":"https:\/\/troncybois.com\/index.php?rest_route=%2Fwp%2Fv2%2Fproduct_cat&post=8869"},{"taxonomy":"product_tag","embeddable":true,"href":"https:\/\/troncybois.com\/index.php?rest_route=%2Fwp%2Fv2%2Fproduct_tag&post=8869"}],"curies":[{"name":"wp","href":"https:\/\/api.w.org\/{rel}","templated":true}]}}