{"id":8866,"date":"2022-10-24T13:57:26","date_gmt":"2022-10-24T11:57:26","guid":{"rendered":"https:\/\/antiquewhite-gerbil-448984.hostingersite.com\/?post_type=product&#038;p=8866"},"modified":"2024-05-30T21:33:17","modified_gmt":"2024-05-30T19:33:17","slug":"bois-de-chauffage-30-cm-haute-performance-2-m3","status":"publish","type":"product","link":"https:\/\/troncybois.com\/?product=bois-de-chauffage-30-cm-haute-performance-2-m3","title":{"rendered":"BOIS DE CHAUFFAGE &#8211; 30 CM &#8211; HAUTE PERFORMANCE &#8211; 2 M3"},"content":{"rendered":"<p>Si vous recherchez du bois propre, \u00e9corc\u00e9, pratique \u00e0 manipuler c&rsquo;est ce bois qu&rsquo;il vous faut.<\/p>\n<p>Bois en b\u00fbches bien refendues en 30 cm, petite section, id\u00e9al pour les petits appareils de chauffage : po\u00eales ou inserts.<\/p>\n<p>Un bois haute performance pour moins d&rsquo;\u00e9missions de particules.<\/p>\n<p>Les b\u00fbches \u00e9tant rang\u00e9es en vrac sur cette palette, vous les aurez \u00e0 port\u00e9e de main.<\/p>\n<p>Moins de contraintes qu&rsquo;avec les autres bois, car celui-ci \u00e9tant \u00e9corc\u00e9 partiellement, il sera moins poussi\u00e9reux. (bross\u00e9 en tambour \u00e9corceur)<\/p>\n<p>Plus facile \u00e0 manipuler, vous b\u00e9n\u00e9ficierez d&rsquo;une chaleur constante sans encrasser votre appareil.<\/p>\n<p>Du bois dur, ultra sec pr\u00eat \u00e0 utiliser, NF, 100% fran\u00e7ais. (Groupe H1 G1)<\/p>\n","protected":false},"excerpt":{"rendered":"<h3 class=\"h6\">Fiche technique<\/h3>\n<dl class=\"data-sheet\">\n<dt class=\"name\">Composition<\/dt>\n<dd class=\"value\">100 % feuillus durs : ch\u00eane &#8211; charme &#8211; h\u00eatre &#8211; fr\u00eane<\/dd>\n<dt class=\"name\">Certificats<\/dt>\n<dd class=\"value\">NF<\/dd>\n<dt class=\"name\">Pouvoir Calorifique<\/dt>\n<dd class=\"value\">Sup\u00e9rieur \u00e0 3.9 kWh\/kg<\/dd>\n<dt class=\"name\">Taux D&rsquo;humidit\u00e9<\/dt>\n<dd class=\"value\">Inf\u00e9rieur \u00e0 20%<\/dd>\n<dt class=\"name\">Taux De Cendres<\/dt>\n<dd class=\"value\">Inf\u00e9rieur \u00e0 1.5%<\/dd>\n<dt class=\"name\">Essence<\/dt>\n<dd class=\"value\">ch\u00eane &#8211; charme &#8211; h\u00eatre &#8211; fr\u00eane<\/dd>\n<dt class=\"name\">Volume En M3<\/dt>\n<dd class=\"value\">2 m3<\/dd>\n<dt class=\"name\">Volume En St\u00e8res<\/dt>\n<dd class=\"value\">2.24 st\u00e8res<\/dd>\n<dt class=\"name\">Dimensions Palette<\/dt>\n<dd class=\"value\">100x120x185cm<\/dd>\n<dt class=\"name\">Technique De S\u00e9chage<\/dt>\n<dd class=\"value\">En \u00e9tuve<\/dd>\n<dt class=\"name\">Type De Bois<\/dt>\n<dd class=\"value\">Bois dur (feuillus)<\/dd>\n<dt class=\"name\">Longueur<\/dt>\n<dd class=\"value\">30 cm<\/dd>\n<dt class=\"name\">Diam\u00e8tre<\/dt>\n<dd class=\"value\">de 5 cm \u00e0 15 cm<\/dd>\n<dt class=\"name\">Conditionnement<\/dt>\n<dd class=\"value\">Palette<\/dd>\n<dt class=\"name\">Origine<\/dt>\n<dd class=\"value\">France<\/dd>\n<dt class=\"name\">Mode D&rsquo;utilisation<\/dt>\n<dd class=\"value\">Pr\u00eat \u00e0 l&#8217;emploi<\/dd>\n<\/dl>\n","protected":false},"featured_media":8732,"comment_status":"closed","ping_status":"closed","template":"","meta":[],"product_brand":[],"product_cat":[72,73,77],"product_tag":[],"class_list":{"0":"post-8866","1":"product","2":"type-product","3":"status-publish","4":"has-post-thumbnail","6":"product_cat-bois","7":"product_cat-bois-de-chauffage","8":"product_cat-bois-en-vrac","10":"first","11":"instock","12":"shipping-taxable","13":"purchasable","14":"product-type-simple"},"jetpack_sharing_enabled":true,"_links":{"self":[{"href":"https:\/\/troncybois.com\/index.php?rest_route=\/wp\/v2\/product\/8866","targetHints":{"allow":["GET"]}}],"collection":[{"href":"https:\/\/troncybois.com\/index.php?rest_route=\/wp\/v2\/product"}],"about":[{"href":"https:\/\/troncybois.com\/index.php?rest_route=\/wp\/v2\/types\/product"}],"replies":[{"embeddable":true,"href":"https:\/\/troncybois.com\/index.php?rest_route=%2Fwp%2Fv2%2Fcomments&post=8866"}],"version-history":[{"count":2,"href":"https:\/\/troncybois.com\/index.php?rest_route=\/wp\/v2\/product\/8866\/revisions"}],"predecessor-version":[{"id":13928,"href":"https:\/\/troncybois.com\/index.php?rest_route=\/wp\/v2\/product\/8866\/revisions\/13928"}],"wp:featuredmedia":[{"embeddable":true,"href":"https:\/\/troncybois.com\/index.php?rest_route=\/wp\/v2\/media\/8732"}],"wp:attachment":[{"href":"https:\/\/troncybois.com\/index.php?rest_route=%2Fwp%2Fv2%2Fmedia&parent=8866"}],"wp:term":[{"taxonomy":"product_brand","embeddable":true,"href":"https:\/\/troncybois.com\/index.php?rest_route=%2Fwp%2Fv2%2Fproduct_brand&post=8866"},{"taxonomy":"product_cat","embeddable":true,"href":"https:\/\/troncybois.com\/index.php?rest_route=%2Fwp%2Fv2%2Fproduct_cat&post=8866"},{"taxonomy":"product_tag","embeddable":true,"href":"https:\/\/troncybois.com\/index.php?rest_route=%2Fwp%2Fv2%2Fproduct_tag&post=8866"}],"curies":[{"name":"wp","href":"https:\/\/api.w.org\/{rel}","templated":true}]}}