{"id":8831,"date":"2022-10-24T13:57:23","date_gmt":"2022-10-24T11:57:23","guid":{"rendered":"https:\/\/antiquewhite-gerbil-448984.hostingersite.com\/?post_type=product&#038;p=8831"},"modified":"2024-05-30T21:47:12","modified_gmt":"2024-05-30T19:47:12","slug":"bois-densifie-hetre-palette-de-960-kg","status":"publish","type":"product","link":"https:\/\/troncybois.com\/?product=bois-densifie-hetre-palette-de-960-kg","title":{"rendered":"BOIS DENSIFI\u00c9 &#8211; H\u00caTRE &#8211; PALETTE DE 960 KG"},"content":{"rendered":"<p>Ce bois densifi\u00e9 dispose d&rsquo;un fort pouvoir calorifique sup\u00e9rieur gr\u00e2ce \u00e0 sa composition 100% h\u00eatre.<\/p>\n<p>Gr\u00e2ce \u00e0 sa forte densit\u00e9, son temps de combustion beaucoup plus long que le bois de chauffage.<\/p>\n<p>Il produit peu de cendres et permet de diminuer la formation de suie en raison de la faible humidit\u00e9 du bois (environ 8 %).<\/p>\n<p>Les flammes sont belles et vives.<\/p>\n","protected":false},"excerpt":{"rendered":"<h3 class=\"h6\">Fiche technique<\/h3>\n<dl class=\"data-sheet\">\n<dt class=\"name\">Poids<\/dt>\n<dd class=\"value\">10 kg par lot environ<\/dd>\n<dt class=\"name\">Pouvoir Calorifique<\/dt>\n<dd class=\"value\">sup\u00e9rieur \u00e0 5 kWh\/kg<\/dd>\n<dt class=\"name\">Taux D&#8217;humidit\u00e9<\/dt>\n<dd class=\"value\">Inf\u00e9rieur \u00e0 8%<\/dd>\n<dt class=\"name\">Taux De Cendres<\/dt>\n<dd class=\"value\">Inf\u00e9rieur \u00e0 1%<\/dd>\n<dt class=\"name\">Essence<\/dt>\n<dd class=\"value\">100% h\u00eatre<\/dd>\n<dt class=\"name\">Longueur<\/dt>\n<dd class=\"value\">30 cm environ<\/dd>\n<dt class=\"name\">Diam\u00e8tre<\/dt>\n<dd class=\"value\">10 cm environ<\/dd>\n<dt class=\"name\">Quantit\u00e9<\/dt>\n<dd class=\"value\">96 lots de 4 b\u00fbches<\/dd>\n<\/dl>\n","protected":false},"featured_media":8700,"comment_status":"closed","ping_status":"closed","template":"","meta":[],"product_brand":[],"product_cat":[72,81],"product_tag":[],"class_list":{"0":"post-8831","1":"product","2":"type-product","3":"status-publish","4":"has-post-thumbnail","6":"product_cat-bois","7":"product_cat-palette","9":"first","10":"instock","11":"sale","12":"shipping-taxable","13":"purchasable","14":"product-type-simple"},"jetpack_sharing_enabled":true,"_links":{"self":[{"href":"https:\/\/troncybois.com\/index.php?rest_route=\/wp\/v2\/product\/8831","targetHints":{"allow":["GET"]}}],"collection":[{"href":"https:\/\/troncybois.com\/index.php?rest_route=\/wp\/v2\/product"}],"about":[{"href":"https:\/\/troncybois.com\/index.php?rest_route=\/wp\/v2\/types\/product"}],"replies":[{"embeddable":true,"href":"https:\/\/troncybois.com\/index.php?rest_route=%2Fwp%2Fv2%2Fcomments&post=8831"}],"version-history":[{"count":1,"href":"https:\/\/troncybois.com\/index.php?rest_route=\/wp\/v2\/product\/8831\/revisions"}],"predecessor-version":[{"id":8861,"href":"https:\/\/troncybois.com\/index.php?rest_route=\/wp\/v2\/product\/8831\/revisions\/8861"}],"wp:featuredmedia":[{"embeddable":true,"href":"https:\/\/troncybois.com\/index.php?rest_route=\/wp\/v2\/media\/8700"}],"wp:attachment":[{"href":"https:\/\/troncybois.com\/index.php?rest_route=%2Fwp%2Fv2%2Fmedia&parent=8831"}],"wp:term":[{"taxonomy":"product_brand","embeddable":true,"href":"https:\/\/troncybois.com\/index.php?rest_route=%2Fwp%2Fv2%2Fproduct_brand&post=8831"},{"taxonomy":"product_cat","embeddable":true,"href":"https:\/\/troncybois.com\/index.php?rest_route=%2Fwp%2Fv2%2Fproduct_cat&post=8831"},{"taxonomy":"product_tag","embeddable":true,"href":"https:\/\/troncybois.com\/index.php?rest_route=%2Fwp%2Fv2%2Fproduct_tag&post=8831"}],"curies":[{"name":"wp","href":"https:\/\/api.w.org\/{rel}","templated":true}]}}