{"id":8827,"date":"2022-10-24T13:57:23","date_gmt":"2022-10-24T11:57:23","guid":{"rendered":"https:\/\/antiquewhite-gerbil-448984.hostingersite.com\/?post_type=product&#038;p=8827"},"modified":"2024-05-30T21:45:24","modified_gmt":"2024-05-30T19:45:24","slug":"bois-densifie-ruf-feuillus-palette-de-960-kg","status":"publish","type":"product","link":"https:\/\/troncybois.com\/?product=bois-densifie-ruf-feuillus-palette-de-960-kg","title":{"rendered":"BOIS DENSIFI\u00c9 &#8211; RUF FEUILLUS &#8211; PALETTE DE 960 KG"},"content":{"rendered":"<p>Ce bois densifi\u00e9 poss\u00e8de un fort pouvoir calorifique sup\u00e9rieur \u00e0 4,5 kWh\/kg.<\/p>\n<p>Un tr\u00e8s faible taux d&rsquo;humidit\u00e9 inf\u00e9rieur \u00e0 8% pour une meilleure combustion et une forte chaleur.<\/p>\n<p>Gr\u00e2ce au bois densifi\u00e9, vous avez la garantie d&rsquo;un produit de haute qualit\u00e9 car ultra sec et fortement compress\u00e9 pour une combustion plus lente.<\/p>\n<p>Vous n&rsquo;encrasserez pas vos conduits car le bois densifi\u00e9 est propre et laisse tr\u00e8s peu de cendres (inf\u00e9rieur \u00e0 0,7%)<\/p>\n<p>Facile \u00e0 utiliser, l\u00e9ger (1kg par bloc), \u00e9cologique et \u00e9conomique. Une palette de 1 tonne = 4 st\u00e8res de bois ultra sec.<\/p>\n<p><strong>Pourquoi choisir le bois densifi\u00e9?<\/strong><\/p>\n<p>Une b\u00fbchette\u00a0<strong>plus dense<\/strong>\u00a0qu&rsquo;une b\u00fbche de bois traditionnelle, ce qui apporte une combustion plus lente, elles se consument g\u00e9n\u00e9ralement entre 1h \u00e0 2h selon le tirage.<\/p>\n<p>Combustible\u00a0<strong>tr\u00e8s performant<\/strong>, avec un fort pouvoir calorifique, des faibles taux en cendres et humidit\u00e9, une palette de bois densifi\u00e9 = 4 st\u00e8res de bois ultra sec.<\/p>\n<p><strong>Pratique et facile \u00e0 utiliser<\/strong>, un bois propre sans moisissures, sans terre, ni insectes ou autres r\u00e9sidus. Facile \u00e0 manipuler et tr\u00e8s l\u00e9ger.<\/p>\n<p>&nbsp;<\/p>\n","protected":false},"excerpt":{"rendered":"<h5 class=\"h6\">La livraison se fait\u00a0jusque dans le lieu de stockage du produit \u00e0 l&rsquo;endroit voulu et le d\u00e9lai de la livraison est comprise entre 1 \u00e0 10 jours.<\/h5>\n<h3 class=\"h6\">Fiche technique<\/h3>\n<dl class=\"data-sheet\">\n<dt class=\"name\">Composition<\/dt>\n<dd class=\"value\">Feuillus, bois durs<\/dd>\n<dt class=\"name\">Pouvoir Calorifique<\/dt>\n<dd class=\"value\">Sup\u00e9rieur \u00e0 4,5 kWh\/kg<\/dd>\n<dt class=\"name\">Taux D&rsquo;humidit\u00e9<\/dt>\n<dd class=\"value\">Inf\u00e9rieur \u00e0 8%<\/dd>\n<dt class=\"name\">Taux De Cendres<\/dt>\n<dd class=\"value\">Inf\u00e9rieur \u00e0 0,7%<\/dd>\n<dt class=\"name\">Essence<\/dt>\n<dd class=\"value\">Bouleau, fr\u00eane et bois durs<\/dd>\n<dt class=\"name\">Type De Bois<\/dt>\n<dd class=\"value\">Bois dur (feuillus)<\/dd>\n<dt class=\"name\">Conditionnement<\/dt>\n<dd class=\"value\">Palette<\/dd>\n<dt class=\"name\">Origine<\/dt>\n<dd class=\"value\">Lituanie<\/dd>\n<\/dl>\n","protected":false},"featured_media":8692,"comment_status":"closed","ping_status":"closed","template":"","meta":[],"product_brand":[],"product_cat":[72,81],"product_tag":[],"class_list":{"0":"post-8827","1":"product","2":"type-product","3":"status-publish","4":"has-post-thumbnail","6":"product_cat-bois","7":"product_cat-palette","9":"first","10":"instock","11":"sale","12":"shipping-taxable","13":"purchasable","14":"product-type-simple"},"jetpack_sharing_enabled":true,"_links":{"self":[{"href":"https:\/\/troncybois.com\/index.php?rest_route=\/wp\/v2\/product\/8827","targetHints":{"allow":["GET"]}}],"collection":[{"href":"https:\/\/troncybois.com\/index.php?rest_route=\/wp\/v2\/product"}],"about":[{"href":"https:\/\/troncybois.com\/index.php?rest_route=\/wp\/v2\/types\/product"}],"replies":[{"embeddable":true,"href":"https:\/\/troncybois.com\/index.php?rest_route=%2Fwp%2Fv2%2Fcomments&post=8827"}],"version-history":[{"count":1,"href":"https:\/\/troncybois.com\/index.php?rest_route=\/wp\/v2\/product\/8827\/revisions"}],"predecessor-version":[{"id":8857,"href":"https:\/\/troncybois.com\/index.php?rest_route=\/wp\/v2\/product\/8827\/revisions\/8857"}],"wp:featuredmedia":[{"embeddable":true,"href":"https:\/\/troncybois.com\/index.php?rest_route=\/wp\/v2\/media\/8692"}],"wp:attachment":[{"href":"https:\/\/troncybois.com\/index.php?rest_route=%2Fwp%2Fv2%2Fmedia&parent=8827"}],"wp:term":[{"taxonomy":"product_brand","embeddable":true,"href":"https:\/\/troncybois.com\/index.php?rest_route=%2Fwp%2Fv2%2Fproduct_brand&post=8827"},{"taxonomy":"product_cat","embeddable":true,"href":"https:\/\/troncybois.com\/index.php?rest_route=%2Fwp%2Fv2%2Fproduct_cat&post=8827"},{"taxonomy":"product_tag","embeddable":true,"href":"https:\/\/troncybois.com\/index.php?rest_route=%2Fwp%2Fv2%2Fproduct_tag&post=8827"}],"curies":[{"name":"wp","href":"https:\/\/api.w.org\/{rel}","templated":true}]}}