{"id":8826,"date":"2022-10-24T13:57:23","date_gmt":"2022-10-24T11:57:23","guid":{"rendered":"https:\/\/antiquewhite-gerbil-448984.hostingersite.com\/?post_type=product&#038;p=8826"},"modified":"2024-05-30T21:44:18","modified_gmt":"2024-05-30T19:44:18","slug":"bois-densifie-brique-forestiere-palette-de-1080-kg","status":"publish","type":"product","link":"https:\/\/troncybois.com\/?product=bois-densifie-brique-forestiere-palette-de-1080-kg","title":{"rendered":"BOIS DENSIFI\u00c9 &#8211; BRIQUE FORESTI\u00c8RE &#8211; PALETTE DE 1080 KG"},"content":{"rendered":"<ul>\n<li>Ce bois densifi\u00e9 est une \u00e9nergie 100% naturelle et renouvelable<\/li>\n<li>Convient parfaitement aux : chemin\u00e9es, inserts, po\u00eales \u00e0 bois, chaudi\u00e8res<\/li>\n<\/ul>\n<p>Leur longueur comprise entre 25 et 30 cm convenant aux plus petits appareils.<\/p>\n<ul>\n<li>Leur pouvoir calorifique est sup\u00e9rieur \u00e0 celui du bois de chauffage (PCI environ 4.5KWh\/kg) ce qui vous permettra d&rsquo;obtenir une chaleur constante.<\/li>\n<li>Le taux d\u2019humidit\u00e9 est inf\u00e9rieur \u00e0 10% pour une meilleure combustion sans encrasser.<\/li>\n<li>Ces briquettes sont fortement compress\u00e9es et gr\u00e2ce \u00e0 la forme \u00ab\u00a0pav\u00e9e\u00a0\u00bb, elles se consumeront plus lentement : entre 7 et 10h de combustion par pack (selon le type de po\u00eale) sur un lit de braises.<\/li>\n<li>Le bois densifi\u00e9 est propre (avec moins de 1% de cendres)<\/li>\n<li>Ce bois ne produit pas d\u2019\u00e9tincelles et ne cr\u00e9pite pas.<\/li>\n<li>Volume de stockage divis\u00e9 par 4 car 1 palette de 1 tonne = 4 st\u00e8res de bois traditionnel ultra sec.<\/li>\n<li>En utilisant ces briquettes, vous contribuez \u00e0 la r\u00e9duction des gaz \u00e0 effet de serre<\/li>\n<li>Nous vous rappelons que le bois densifi\u00e9 doit \u00eatre imp\u00e9rativement stock\u00e9 \u00e0 l&rsquo;abri de l&rsquo;humidit\u00e9.<\/li>\n<\/ul>\n","protected":false},"excerpt":{"rendered":"<h5 class=\"h6\">La livraison se fait\u00a0jusque dans le lieu de stockage du produit \u00e0 l&rsquo;endroit voulu et le d\u00e9lai de la livraison est comprise entre 1 \u00e0 10 jours.<\/h5>\n","protected":false},"featured_media":8690,"comment_status":"closed","ping_status":"closed","template":"","meta":[],"product_brand":[],"product_cat":[72,81],"product_tag":[],"class_list":{"0":"post-8826","1":"product","2":"type-product","3":"status-publish","4":"has-post-thumbnail","6":"product_cat-bois","7":"product_cat-palette","9":"first","10":"instock","11":"sale","12":"shipping-taxable","13":"purchasable","14":"product-type-simple"},"jetpack_sharing_enabled":true,"_links":{"self":[{"href":"https:\/\/troncybois.com\/index.php?rest_route=\/wp\/v2\/product\/8826","targetHints":{"allow":["GET"]}}],"collection":[{"href":"https:\/\/troncybois.com\/index.php?rest_route=\/wp\/v2\/product"}],"about":[{"href":"https:\/\/troncybois.com\/index.php?rest_route=\/wp\/v2\/types\/product"}],"replies":[{"embeddable":true,"href":"https:\/\/troncybois.com\/index.php?rest_route=%2Fwp%2Fv2%2Fcomments&post=8826"}],"version-history":[{"count":1,"href":"https:\/\/troncybois.com\/index.php?rest_route=\/wp\/v2\/product\/8826\/revisions"}],"predecessor-version":[{"id":8856,"href":"https:\/\/troncybois.com\/index.php?rest_route=\/wp\/v2\/product\/8826\/revisions\/8856"}],"wp:featuredmedia":[{"embeddable":true,"href":"https:\/\/troncybois.com\/index.php?rest_route=\/wp\/v2\/media\/8690"}],"wp:attachment":[{"href":"https:\/\/troncybois.com\/index.php?rest_route=%2Fwp%2Fv2%2Fmedia&parent=8826"}],"wp:term":[{"taxonomy":"product_brand","embeddable":true,"href":"https:\/\/troncybois.com\/index.php?rest_route=%2Fwp%2Fv2%2Fproduct_brand&post=8826"},{"taxonomy":"product_cat","embeddable":true,"href":"https:\/\/troncybois.com\/index.php?rest_route=%2Fwp%2Fv2%2Fproduct_cat&post=8826"},{"taxonomy":"product_tag","embeddable":true,"href":"https:\/\/troncybois.com\/index.php?rest_route=%2Fwp%2Fv2%2Fproduct_tag&post=8826"}],"curies":[{"name":"wp","href":"https:\/\/api.w.org\/{rel}","templated":true}]}}