{"id":8825,"date":"2022-10-24T13:57:23","date_gmt":"2022-10-24T11:57:23","guid":{"rendered":"https:\/\/antiquewhite-gerbil-448984.hostingersite.com\/?post_type=product&#038;p=8825"},"modified":"2024-05-30T21:43:18","modified_gmt":"2024-05-30T19:43:18","slug":"bois-densifie-feuillus-palette-de-1-tonne","status":"publish","type":"product","link":"https:\/\/troncybois.com\/?product=bois-densifie-feuillus-palette-de-1-tonne","title":{"rendered":"BOIS DENSIFI\u00c9 &#8211; FEUILLUS &#8211; PALETTE DE 1 TONNE"},"content":{"rendered":"<p>Le bois densifi\u00e9\u00a0<strong>MAXI BUCHE<\/strong>\u00a0est fabriqu\u00e9 en France, 100 % naturel et 100 % feuillus.<\/p>\n<p>Id\u00e9al pour \u00eatre utiliser dans tous les syst\u00e8mes de chauffage \u00e0 bois : chemin\u00e9es, po\u00eales et inserts.<\/p>\n<p>Une palette de bois densifi\u00e9 correspond \u00e0 4 st\u00e8res de bois ultra sec.<\/p>\n<p>Un b\u00fbchette de bois densifi\u00e9 vaut 4 b\u00fbches de bois traditionnel en terme de combustion.<\/p>\n<p>Une b\u00fbche se consume en +\/- 1h.<\/p>\n<p>Si vous souhaitez un produit\u00a0<strong>Fran\u00e7ais, \u00e9conome et \u00e9cologique<\/strong>, ce densifi\u00e9 est fait pour vous !!!<\/p>\n<p><strong>Voici quelques conseils d&rsquo;utilisation<\/strong>\u00a0:<\/p>\n<p>D\u00e9posez quelques boules de papier et petit bois d&rsquo;allumage dans votre chauffage,<\/p>\n<p>D\u00e9marrez le feu et attendez que la braise appara\u00eet,<\/p>\n<p>Placez une seule b\u00fbche \u00e0 la fois afin d&rsquo;optimiser le rendement et d&rsquo;obtenir une chaleur douce,<\/p>\n<p>R\u00e9glez l&rsquo;air de votre appareil pour choisir l&rsquo;intensit\u00e9 du feu,<\/p>\n<p>Vous pouvez m\u00e9langer sans probl\u00e8me des b\u00fbches de bois s\u00e8ches traditionnelles \u00e0 votre bois densifi\u00e9,<\/p>\n<p>Maintenant, profitez de la chaleur qu&rsquo;il vous offre.<\/p>\n<p>N&rsquo;oubliez pas que le bois densifi\u00e9 d\u00e9teste l&rsquo;humidit\u00e9, il faut pr\u00e9voir un abri sec et temp\u00e9r\u00e9.<\/p>\n<p>Le bois densifi\u00e9 \u00e9tant propre et sans poussi\u00e8res, vous pouvez \u00e9galement lui trouver une place \u00e0 c\u00f4t\u00e9 de votre po\u00eale.<\/p>\n","protected":false},"excerpt":{"rendered":"<h5 class=\"h6\">La livraison se fait\u00a0jusque dans le lieu de stockage du produit \u00e0 l&rsquo;endroit voulu et le d\u00e9lai de la livraison est comprise entre 1 \u00e0 10 jours.<\/h5>\n<h3 class=\"h6\">Fiche technique<\/h3>\n<dl class=\"data-sheet\">\n<dt class=\"name\">Poids<\/dt>\n<dd class=\"value\">8,55 kg par lot environ<\/dd>\n<dt class=\"name\">Pouvoir Calorifique<\/dt>\n<dd class=\"value\">Sup\u00e9rieur \u00e0 4,5 kWh\/kg<\/dd>\n<dt class=\"name\">Essence<\/dt>\n<dd class=\"value\">Feuillus (ch\u00eane, charme, h\u00eatre, peuplier)<\/dd>\n<dt class=\"name\">Longueur<\/dt>\n<dd class=\"value\">30 cm environ<\/dd>\n<dt class=\"name\">Diam\u00e8tre<\/dt>\n<dd class=\"value\">8 cm environ<\/dd>\n<dt class=\"name\">Conditionnement<\/dt>\n<dd class=\"value\">Palette<\/dd>\n<dt class=\"name\">Origine<\/dt>\n<dd class=\"value\">France<\/dd>\n<dt class=\"name\">Quantit\u00e9<\/dt>\n<dd class=\"value\">117 lots de 5 b\u00fbches<\/dd>\n<\/dl>\n","protected":false},"featured_media":8686,"comment_status":"closed","ping_status":"closed","template":"","meta":[],"product_brand":[],"product_cat":[72,81],"product_tag":[],"class_list":{"0":"post-8825","1":"product","2":"type-product","3":"status-publish","4":"has-post-thumbnail","6":"product_cat-bois","7":"product_cat-palette","9":"first","10":"instock","11":"sale","12":"shipping-taxable","13":"purchasable","14":"product-type-simple"},"jetpack_sharing_enabled":true,"_links":{"self":[{"href":"https:\/\/troncybois.com\/index.php?rest_route=\/wp\/v2\/product\/8825","targetHints":{"allow":["GET"]}}],"collection":[{"href":"https:\/\/troncybois.com\/index.php?rest_route=\/wp\/v2\/product"}],"about":[{"href":"https:\/\/troncybois.com\/index.php?rest_route=\/wp\/v2\/types\/product"}],"replies":[{"embeddable":true,"href":"https:\/\/troncybois.com\/index.php?rest_route=%2Fwp%2Fv2%2Fcomments&post=8825"}],"version-history":[{"count":1,"href":"https:\/\/troncybois.com\/index.php?rest_route=\/wp\/v2\/product\/8825\/revisions"}],"predecessor-version":[{"id":8855,"href":"https:\/\/troncybois.com\/index.php?rest_route=\/wp\/v2\/product\/8825\/revisions\/8855"}],"wp:featuredmedia":[{"embeddable":true,"href":"https:\/\/troncybois.com\/index.php?rest_route=\/wp\/v2\/media\/8686"}],"wp:attachment":[{"href":"https:\/\/troncybois.com\/index.php?rest_route=%2Fwp%2Fv2%2Fmedia&parent=8825"}],"wp:term":[{"taxonomy":"product_brand","embeddable":true,"href":"https:\/\/troncybois.com\/index.php?rest_route=%2Fwp%2Fv2%2Fproduct_brand&post=8825"},{"taxonomy":"product_cat","embeddable":true,"href":"https:\/\/troncybois.com\/index.php?rest_route=%2Fwp%2Fv2%2Fproduct_cat&post=8825"},{"taxonomy":"product_tag","embeddable":true,"href":"https:\/\/troncybois.com\/index.php?rest_route=%2Fwp%2Fv2%2Fproduct_tag&post=8825"}],"curies":[{"name":"wp","href":"https:\/\/api.w.org\/{rel}","templated":true}]}}