{"id":8822,"date":"2022-10-24T13:57:22","date_gmt":"2022-10-24T11:57:22","guid":{"rendered":"https:\/\/antiquewhite-gerbil-448984.hostingersite.com\/?post_type=product&#038;p=8822"},"modified":"2024-06-07T01:37:40","modified_gmt":"2024-06-06T23:37:40","slug":"granules-de-bois-pauls-pellets-104-sacs-de-10kg","status":"publish","type":"product","link":"https:\/\/troncybois.com\/?product=granules-de-bois-pauls-pellets-104-sacs-de-10kg","title":{"rendered":"Granul\u00e9s de bois PAULS Pellets &#8211; 104 sacs de 10kg"},"content":{"rendered":"<p>D\u00e9couvrez le\u00a0<strong>nouveau condtionnement<\/strong>\u00a0de notre granul\u00e9 PAULS Pellets, le sac de 10kg, disposant d&rsquo;une anse de pr\u00e9hension, plus fin et l\u00e9ger que le sac de 15kg.<\/p>\n<p>Les granul\u00e9s de bois\u00a0PAULS PELLETS\u00a0sont<strong>\u00a0100 % r\u00e9sineux<\/strong>\u00a0et produits \u00e0 base de sciure d&rsquo;\u00e9pic\u00e9a et de sapin dans importantes scieries\u00a0Belge. Il s\u2019agit exclusivement de\u00a0bois non trait\u00e9s.<\/p>\n<p>Les pellets sont des co-produits de la transformation du bois, ils sont compress\u00e9s et s\u00e9ch\u00e9s, sans colle ni additif pour former des granul\u00e9s de diam\u00e8tre 6mm. 100% naturels ils participent au d\u00e9veloppement durable car le bois provient de sources g\u00e9r\u00e9es durablement: PEFC, FSC et proviennent de sources locales (Belgique \/ France \/ Allemagne)<\/p>\n<p>Les granul\u00e9s de bois Pauls Pellets assurent une combustion optimale dans tous les appareils de chauffage au granul\u00e9 de bois, po\u00eales \u00e0 granul\u00e9s, chaudi\u00e8res \u00e0 granul\u00e9s et inserts \u00e0 pellets.<\/p>\n<p>Une palette de sacs de 10kg contient 104 sacs, soit 1040kg de granul\u00e9s.<\/p>\n<p>Voici les caract\u00e9ristiques des granul\u00e9s de bois PAULS PELLETS:<\/p>\n<table width=\"505\">\n<tbody>\n<tr>\n<td>Pouvoir calorifique<\/td>\n<td>&gt;\u00a04,7 kWh\/kg<\/td>\n<\/tr>\n<tr>\n<td>Diam\u00e8tre<\/td>\n<td>6mm +\/-1mm<\/td>\n<\/tr>\n<tr>\n<td>Longueur<\/td>\n<td>3,15mm&lt;L&lt;40mm<\/td>\n<\/tr>\n<tr>\n<td>Humidit\u00e9<\/td>\n<td>inf \u00e0 10%<\/td>\n<\/tr>\n<tr>\n<td>Taux de cendres<\/td>\n<td>&lt; \u00e0 0,7% \u00e0 550\u00b0C<\/td>\n<\/tr>\n<tr>\n<td>Durabilit\u00e9<\/td>\n<td>&gt; 98%<\/td>\n<\/tr>\n<tr>\n<td>Densit\u00e9<\/td>\n<td>&lt;1,2kg\/dm3<\/td>\n<\/tr>\n<tr>\n<td>Taux de fines<\/td>\n<td>&lt;0.5%<\/td>\n<\/tr>\n<\/tbody>\n<\/table>\n","protected":false},"excerpt":{"rendered":"<ul id=\"idTab2\" class=\"bullet\">\n<li>Hauteur\u00a01m80<\/li>\n<li>Largeur\u00a01m20<\/li>\n<li>Poids\u00a01040kg<\/li>\n<li>Longueur\u00a01m<\/li>\n<\/ul>\n","protected":false},"featured_media":8680,"comment_status":"closed","ping_status":"closed","template":"","meta":[],"product_brand":[],"product_cat":[72,82],"product_tag":[],"class_list":{"0":"post-8822","1":"product","2":"type-product","3":"status-publish","4":"has-post-thumbnail","6":"product_cat-bois","7":"product_cat-granules","9":"first","10":"instock","11":"shipping-taxable","12":"purchasable","13":"product-type-simple"},"jetpack_sharing_enabled":true,"_links":{"self":[{"href":"https:\/\/troncybois.com\/index.php?rest_route=\/wp\/v2\/product\/8822","targetHints":{"allow":["GET"]}}],"collection":[{"href":"https:\/\/troncybois.com\/index.php?rest_route=\/wp\/v2\/product"}],"about":[{"href":"https:\/\/troncybois.com\/index.php?rest_route=\/wp\/v2\/types\/product"}],"replies":[{"embeddable":true,"href":"https:\/\/troncybois.com\/index.php?rest_route=%2Fwp%2Fv2%2Fcomments&post=8822"}],"version-history":[{"count":2,"href":"https:\/\/troncybois.com\/index.php?rest_route=\/wp\/v2\/product\/8822\/revisions"}],"predecessor-version":[{"id":14236,"href":"https:\/\/troncybois.com\/index.php?rest_route=\/wp\/v2\/product\/8822\/revisions\/14236"}],"wp:featuredmedia":[{"embeddable":true,"href":"https:\/\/troncybois.com\/index.php?rest_route=\/wp\/v2\/media\/8680"}],"wp:attachment":[{"href":"https:\/\/troncybois.com\/index.php?rest_route=%2Fwp%2Fv2%2Fmedia&parent=8822"}],"wp:term":[{"taxonomy":"product_brand","embeddable":true,"href":"https:\/\/troncybois.com\/index.php?rest_route=%2Fwp%2Fv2%2Fproduct_brand&post=8822"},{"taxonomy":"product_cat","embeddable":true,"href":"https:\/\/troncybois.com\/index.php?rest_route=%2Fwp%2Fv2%2Fproduct_cat&post=8822"},{"taxonomy":"product_tag","embeddable":true,"href":"https:\/\/troncybois.com\/index.php?rest_route=%2Fwp%2Fv2%2Fproduct_tag&post=8822"}],"curies":[{"name":"wp","href":"https:\/\/api.w.org\/{rel}","templated":true}]}}