{"id":8821,"date":"2022-10-24T13:57:22","date_gmt":"2022-10-24T11:57:22","guid":{"rendered":"https:\/\/antiquewhite-gerbil-448984.hostingersite.com\/?post_type=product&#038;p=8821"},"modified":"2024-06-07T01:41:37","modified_gmt":"2024-06-06T23:41:37","slug":"granules-de-bois-pauls-pellets-70-sacs-1050kg","status":"publish","type":"product","link":"https:\/\/troncybois.com\/?product=granules-de-bois-pauls-pellets-70-sacs-1050kg","title":{"rendered":"Granul\u00e9s de bois PAULS Pellets 70 sacs -1050kg"},"content":{"rendered":"<h2>Granul\u00e9s de bois\u00a0au meilleur rapport qualit\u00e9 prix<\/h2>\n<p>Les granul\u00e9s de bois\u00a0PAULS PELLETS\u00a0sont<strong>\u00a0100 % r\u00e9sineux<\/strong>\u00a0et produits \u00e0 base de sciure d&rsquo;\u00e9pic\u00e9a et de sapin dans importantes scieries\u00a0Belge. Il s\u2019agit exclusivement de\u00a0bois non trait\u00e9s.<\/p>\n<p>Les pellets sont des co-produits de la transformation du bois, ils sont compress\u00e9s et s\u00e9ch\u00e9s, sans colle ni additif pour former des granul\u00e9s de diam\u00e8tre 6mm. 100% naturels ils participent au d\u00e9veloppement durable car le bois provient de sources g\u00e9r\u00e9es durablement: PEFC, FSC et proviennent de sources locales (Belgique \/ France \/ Allemagne)<\/p>\n<p>Les granul\u00e9s de bois Pauls Pellets assurent une\u00a0<strong>combustion optimale<\/strong>\u00a0dans tous les appareils de chauffage au granul\u00e9 de bois, po\u00eales \u00e0 granul\u00e9s, chaudi\u00e8res \u00e0 granul\u00e9s et inserts \u00e0 pellets.<\/p>\n<p>Les pellets Pauls Pellets sont conditionn\u00e9s en sacs de 15kg et en palettes de 70 sacs, soit 1050kg. Les sacs de granul\u00e9s de bois se stockent sous abri et \u00e0 l&rsquo;abri de l&rsquo;humidit\u00e9, et pour un stockage d&rsquo;une partie des pellets au plus pr\u00e8s du po\u00eale, nous proposons une gamme d&rsquo;accessoires et de rangements \u00e0 granul\u00e9s.<\/p>\n<p>Voici les caract\u00e9ristiques des granul\u00e9s de bois PAULS PELLETS<\/p>\n<table width=\"505\">\n<tbody>\n<tr>\n<td>Pouvoir calorifique<\/td>\n<td>&gt; 5 kWh\/kg\u00a0, &gt; 18,0 MJ\/kg<\/td>\n<\/tr>\n<tr>\n<td>Diam\u00e8tre<\/td>\n<td>6mm<\/td>\n<\/tr>\n<tr>\n<td>Longueur<\/td>\n<td>inf\u00e9rieur \u00e0 30mm<\/td>\n<\/tr>\n<tr>\n<td>Humidit\u00e9<\/td>\n<td>6 \u00e0 8%<\/td>\n<\/tr>\n<tr>\n<td>Taux de cendres<\/td>\n<td>&lt; \u00e0 1%<\/td>\n<\/tr>\n<tr>\n<td>Durabilit\u00e9<\/td>\n<td>&gt; 97.5%<\/td>\n<\/tr>\n<tr>\n<td>Densit\u00e9<\/td>\n<td>&lt;1,2kg\/dm3<\/td>\n<\/tr>\n<tr>\n<td>Taux de fines<\/td>\n<td>&lt;1%<\/td>\n<\/tr>\n<\/tbody>\n<\/table>\n<p>&nbsp;<\/p>\n<p><strong>Le prix \u00e0 emport\u00e9 est valable dans nos agences de Brieulles et de Metz et Ludres.<\/strong><\/p>\n","protected":false},"excerpt":{"rendered":"<ul id=\"idTab2\" class=\"bullet\">\n<li>Hauteur\u00a01m80<\/li>\n<li>Largeur\u00a01m20<\/li>\n<li>Poids\u00a01050kg<\/li>\n<li>Longueur\u00a090cm<\/li>\n<li>Pouvoir calorifique\u00a05kWh\/kg<\/li>\n<li>Essences\u00a0R\u00e9sineux 100%<\/li>\n<li>Format\u00a0Palette de 70 sacs<\/li>\n<li>Livraison\u00a0Palette<\/li>\n<\/ul>\n","protected":false},"featured_media":8677,"comment_status":"closed","ping_status":"closed","template":"","meta":[],"product_brand":[],"product_cat":[72,82],"product_tag":[],"class_list":{"0":"post-8821","1":"product","2":"type-product","3":"status-publish","4":"has-post-thumbnail","6":"product_cat-bois","7":"product_cat-granules","9":"first","10":"instock","11":"sale","12":"shipping-taxable","13":"purchasable","14":"product-type-simple"},"jetpack_sharing_enabled":true,"_links":{"self":[{"href":"https:\/\/troncybois.com\/index.php?rest_route=\/wp\/v2\/product\/8821","targetHints":{"allow":["GET"]}}],"collection":[{"href":"https:\/\/troncybois.com\/index.php?rest_route=\/wp\/v2\/product"}],"about":[{"href":"https:\/\/troncybois.com\/index.php?rest_route=\/wp\/v2\/types\/product"}],"replies":[{"embeddable":true,"href":"https:\/\/troncybois.com\/index.php?rest_route=%2Fwp%2Fv2%2Fcomments&post=8821"}],"version-history":[{"count":2,"href":"https:\/\/troncybois.com\/index.php?rest_route=\/wp\/v2\/product\/8821\/revisions"}],"predecessor-version":[{"id":14237,"href":"https:\/\/troncybois.com\/index.php?rest_route=\/wp\/v2\/product\/8821\/revisions\/14237"}],"wp:featuredmedia":[{"embeddable":true,"href":"https:\/\/troncybois.com\/index.php?rest_route=\/wp\/v2\/media\/8677"}],"wp:attachment":[{"href":"https:\/\/troncybois.com\/index.php?rest_route=%2Fwp%2Fv2%2Fmedia&parent=8821"}],"wp:term":[{"taxonomy":"product_brand","embeddable":true,"href":"https:\/\/troncybois.com\/index.php?rest_route=%2Fwp%2Fv2%2Fproduct_brand&post=8821"},{"taxonomy":"product_cat","embeddable":true,"href":"https:\/\/troncybois.com\/index.php?rest_route=%2Fwp%2Fv2%2Fproduct_cat&post=8821"},{"taxonomy":"product_tag","embeddable":true,"href":"https:\/\/troncybois.com\/index.php?rest_route=%2Fwp%2Fv2%2Fproduct_tag&post=8821"}],"curies":[{"name":"wp","href":"https:\/\/api.w.org\/{rel}","templated":true}]}}