{"id":8815,"date":"2022-10-24T13:57:22","date_gmt":"2022-10-24T11:57:22","guid":{"rendered":"https:\/\/antiquewhite-gerbil-448984.hostingersite.com\/?post_type=product&#038;p=8815"},"modified":"2024-05-30T21:50:24","modified_gmt":"2024-05-30T19:50:24","slug":"demi-palette-de-granules-de-bois-isko-35-sacs","status":"publish","type":"product","link":"https:\/\/troncybois.com\/?product=demi-palette-de-granules-de-bois-isko-35-sacs","title":{"rendered":"Demi-palette de granul\u00e9s de bois ISKO &#8211; 35 sacs"},"content":{"rendered":"<p><strong>Le prix livr\u00e9 comprend la livraison des sacs \u00e0 domicile, sous r\u00e9serve d&rsquo;accessibilit\u00e9 raisonnable, sans d\u00e9filmer la palette.<\/strong><\/p>\n<p><strong>Les granul\u00e9s de bois ISKO\u00a0<\/strong>sont\u00a0<strong>100 % r\u00e9sineux et issu du savoir faire et de l&rsquo;exp\u00e9rience de la soci\u00e9t\u00e9 Piskorski, leader sur le march\u00e9 du granul\u00e9 dans la r\u00e9gion Grand Est.<\/strong><\/p>\n<p>&nbsp;<\/p>\n<p>Cr\u00e9\u00e9e en 2019, la marque\u00a0<strong>ISKO<\/strong>\u00a0s\u2019inscrit pleinement dans\u00a0la d\u00e9marche de l\u2019entreprise\u00a0familiale Piskorski.<br \/>\nElle adopte le coeur\u00a0de son nom &#8211;<strong>\u00a0ISKO<\/strong>\u00a0, qui\u00a0est l\u2019extraction de Piskorski.<br \/>\nElle repr\u00e9sente un produit\u00a0<strong>authentique et haut de gamme<\/strong>,\u00a0dans l\u2019esprit des valeurs\u00a0qui fondent l\u2019entreprise\u00a0depuis 1940.<\/p>\n<p>Le prix \u00a0emport\u00e9 est valable dans nos agences de Brieulles sur Meuse, de Metz et Ludres.<\/p>\n<ul>\n<li>Pouvoir calorifique: &gt; 5 kWh\/kg, &gt; 18,0 MJ\/kg<\/li>\n<li>6 mm de diam\u00e8tre<\/li>\n<li>30 mm de long<\/li>\n<li>&lt; 10 % d\u2019humidit\u00e9<\/li>\n<li>&lt; 0,5 % de cendres<\/li>\n<li>\u2265 97,5 % de durabilit\u00e9 m\u00e9canique<\/li>\n<li>&lt; 1,2 kg \/dm3 de densit\u00e9<\/li>\n<li>\u2264 1 % de taux de fines (au point de vente)<\/li>\n<\/ul>\n","protected":false},"excerpt":{"rendered":"<ul id=\"idTab2\" class=\"bullet\">\n<li>Poids\u00a0495 kg<\/li>\n<li>Pouvoir calorifique\u00a05 kWh\/kg<\/li>\n<li>Essences\u00a0100% r\u00e9sineux<\/li>\n<li>Format\u00a0Sacs de 15kg<\/li>\n<li>Livraison\u00a0Demi-palette<\/li>\n<li>Stockage\u00a0Palette de 33 sacs<\/li>\n<\/ul>\n","protected":false},"featured_media":8659,"comment_status":"closed","ping_status":"closed","template":"","meta":[],"product_brand":[],"product_cat":[72,81],"product_tag":[],"class_list":{"0":"post-8815","1":"product","2":"type-product","3":"status-publish","4":"has-post-thumbnail","6":"product_cat-bois","7":"product_cat-palette","9":"first","10":"instock","11":"sale","12":"shipping-taxable","13":"purchasable","14":"product-type-simple"},"jetpack_sharing_enabled":true,"_links":{"self":[{"href":"https:\/\/troncybois.com\/index.php?rest_route=\/wp\/v2\/product\/8815","targetHints":{"allow":["GET"]}}],"collection":[{"href":"https:\/\/troncybois.com\/index.php?rest_route=\/wp\/v2\/product"}],"about":[{"href":"https:\/\/troncybois.com\/index.php?rest_route=\/wp\/v2\/types\/product"}],"replies":[{"embeddable":true,"href":"https:\/\/troncybois.com\/index.php?rest_route=%2Fwp%2Fv2%2Fcomments&post=8815"}],"version-history":[{"count":1,"href":"https:\/\/troncybois.com\/index.php?rest_route=\/wp\/v2\/product\/8815\/revisions"}],"predecessor-version":[{"id":8845,"href":"https:\/\/troncybois.com\/index.php?rest_route=\/wp\/v2\/product\/8815\/revisions\/8845"}],"wp:featuredmedia":[{"embeddable":true,"href":"https:\/\/troncybois.com\/index.php?rest_route=\/wp\/v2\/media\/8659"}],"wp:attachment":[{"href":"https:\/\/troncybois.com\/index.php?rest_route=%2Fwp%2Fv2%2Fmedia&parent=8815"}],"wp:term":[{"taxonomy":"product_brand","embeddable":true,"href":"https:\/\/troncybois.com\/index.php?rest_route=%2Fwp%2Fv2%2Fproduct_brand&post=8815"},{"taxonomy":"product_cat","embeddable":true,"href":"https:\/\/troncybois.com\/index.php?rest_route=%2Fwp%2Fv2%2Fproduct_cat&post=8815"},{"taxonomy":"product_tag","embeddable":true,"href":"https:\/\/troncybois.com\/index.php?rest_route=%2Fwp%2Fv2%2Fproduct_tag&post=8815"}],"curies":[{"name":"wp","href":"https:\/\/api.w.org\/{rel}","templated":true}]}}