{"id":8814,"date":"2022-10-24T13:57:22","date_gmt":"2022-10-24T11:57:22","guid":{"rendered":"https:\/\/antiquewhite-gerbil-448984.hostingersite.com\/?post_type=product&#038;p=8814"},"modified":"2022-10-24T13:57:24","modified_gmt":"2022-10-24T11:57:24","slug":"felt-rangement-a-granules-bois","status":"publish","type":"product","link":"https:\/\/troncybois.com\/?product=felt-rangement-a-granules-bois","title":{"rendered":"FELT Rangement \u00e0 granul\u00e9s\/bois"},"content":{"rendered":"<div class=\"product-tabs-wrapper\">\n<div class=\"container\">\n<div class=\"row\">\n<div class=\"col-12 poduct-tabs-inner\">\n<div class=\"woocommerce-tabs wc-tabs-wrapper tabs-layout-tabs\" data-state=\"first\" data-layout=\"tabs\">\n<div class=\"wd-accordion-item\">\n<div id=\"tab-description\" class=\"entry-content woocommerce-Tabs-panel woocommerce-Tabs-panel--description wd-active panel wc-tab\" role=\"tabpanel\" aria-labelledby=\"tab-title-description\" data-accordion-index=\"description\">\n<div class=\"wc-tab-inner\">\n<div id=\"primary_block\" class=\"clearfix m_bottom_30 \">\n<div id=\"more_info_block\" class=\"m_bottom_30\">\n<div id=\"more_info_sheets\" class=\"sheets align_justify\">\n<div id=\"idTab1\" class=\"rte\">\n<div class=\"text-seo\">\n<p><strong>Piskorski bois energie<\/strong>\u00a0met \u00e0 disposition des\u00a0<strong>solutions de chauffage<\/strong>\u00a0hautes performances pour tout type d\u2019appareil.\u00a0<strong>Bois b\u00fbche<\/strong>,\u00a0<strong>granul\u00e9s de bois<\/strong>,\u00a0<strong>b\u00fbches densifi\u00e9es<\/strong>\u00a0&amp;\u00a0<strong>bois pour four \u00e0 bois<\/strong>, les produits propos\u00e9s sur la\u00a0<strong>boutique en ligne<\/strong>\u00a0sont garantis de qualit\u00e9 et conf\u00e8rent un pouvoir calorifique \u00e9lev\u00e9 pour une chauffe optimale de votre int\u00e9rieur.\u00a0<strong>Exploitant forestier en Lorraine<\/strong>, Piskorski propose du\u00a0<strong>bois de chauffage et pellets<\/strong>\u00a0issus de son exploitation et travaille \u00e9galement avec des marques reconnues afin d\u2019\u00e9largir sa gamme. Pour une offre compl\u00e8te, accessoires pour l\u2019<strong>allumage du feu<\/strong>\u00a0et pour les appareils de chauffage (<strong>serviteurs<\/strong>,\u00a0<strong>rangements pour le bois<\/strong>,\u00a0<strong>produits d\u2019entretien pour chemin\u00e9e et po\u00eale<\/strong>\u2026) sont \u00e9galement disponibles sur notre site de\u00a0<strong>vente en ligne<\/strong>.<\/p>\n<\/div>\n<\/div>\n<\/div>\n<\/div>\n<\/div>\n<div class=\"block products_block clearfix\"><\/div>\n<\/div>\n<\/div>\n<\/div>\n<div class=\"wd-accordion-item\"><\/div>\n<div class=\"wd-accordion-item\"><\/div>\n<div class=\"wd-accordion-item\"><\/div>\n<div class=\"wd-accordion-item\"><\/div>\n<\/div>\n<\/div>\n<\/div>\n<\/div>\n<\/div>\n<div class=\"container related-and-upsells\">\n<div class=\"related-products\"><\/div>\n<\/div>\n","protected":false},"excerpt":{"rendered":"<p>Le rangement FELT est un objet de d\u00e9coration et pratique en feutre pour stocker le granul\u00e9 de bois ou les b\u00fbches de 25 ou 33cm.<\/p>\n<p>D\u2019une contenance de 30kg, il permet de stocker jusqu\u2019\u00e0 deux sacs de granul\u00e9s et de le\u00a0manier facilement\u00a0\u00e0 l\u2019aide des poign\u00e9es int\u00e9gr\u00e9es.<\/p>\n<p>Disponible en trois couleurs: Noir, Gris et Rouge<\/p>\n","protected":false},"featured_media":8657,"comment_status":"closed","ping_status":"closed","template":"","meta":[],"product_brand":[],"product_cat":[72,73],"product_tag":[],"class_list":{"0":"post-8814","1":"product","2":"type-product","3":"status-publish","4":"has-post-thumbnail","6":"product_cat-bois","7":"product_cat-bois-de-chauffage","9":"first","10":"instock","11":"shipping-taxable","12":"purchasable","13":"product-type-simple"},"jetpack_sharing_enabled":true,"_links":{"self":[{"href":"https:\/\/troncybois.com\/index.php?rest_route=\/wp\/v2\/product\/8814","targetHints":{"allow":["GET"]}}],"collection":[{"href":"https:\/\/troncybois.com\/index.php?rest_route=\/wp\/v2\/product"}],"about":[{"href":"https:\/\/troncybois.com\/index.php?rest_route=\/wp\/v2\/types\/product"}],"replies":[{"embeddable":true,"href":"https:\/\/troncybois.com\/index.php?rest_route=%2Fwp%2Fv2%2Fcomments&post=8814"}],"version-history":[{"count":1,"href":"https:\/\/troncybois.com\/index.php?rest_route=\/wp\/v2\/product\/8814\/revisions"}],"predecessor-version":[{"id":8844,"href":"https:\/\/troncybois.com\/index.php?rest_route=\/wp\/v2\/product\/8814\/revisions\/8844"}],"wp:featuredmedia":[{"embeddable":true,"href":"https:\/\/troncybois.com\/index.php?rest_route=\/wp\/v2\/media\/8657"}],"wp:attachment":[{"href":"https:\/\/troncybois.com\/index.php?rest_route=%2Fwp%2Fv2%2Fmedia&parent=8814"}],"wp:term":[{"taxonomy":"product_brand","embeddable":true,"href":"https:\/\/troncybois.com\/index.php?rest_route=%2Fwp%2Fv2%2Fproduct_brand&post=8814"},{"taxonomy":"product_cat","embeddable":true,"href":"https:\/\/troncybois.com\/index.php?rest_route=%2Fwp%2Fv2%2Fproduct_cat&post=8814"},{"taxonomy":"product_tag","embeddable":true,"href":"https:\/\/troncybois.com\/index.php?rest_route=%2Fwp%2Fv2%2Fproduct_tag&post=8814"}],"curies":[{"name":"wp","href":"https:\/\/api.w.org\/{rel}","templated":true}]}}