{"id":8813,"date":"2022-10-24T13:57:22","date_gmt":"2022-10-24T11:57:22","guid":{"rendered":"https:\/\/antiquewhite-gerbil-448984.hostingersite.com\/?post_type=product&#038;p=8813"},"modified":"2024-05-30T21:49:40","modified_gmt":"2024-05-30T19:49:40","slug":"bois-densifie-feuillus-resineux-palette-de-960-kg","status":"publish","type":"product","link":"https:\/\/troncybois.com\/?product=bois-densifie-feuillus-resineux-palette-de-960-kg","title":{"rendered":"BOIS DENSIFI\u00c9 \u2013 FEUILLUS + R\u00c9SINEUX \u2013 PALETTE DE 960 KG"},"content":{"rendered":"<p>Bois densifi\u00e9 de jour, compos\u00e9 \u00e0 70% de plaquettes de h\u00eatre, ch\u00eane, fr\u00eane et \u00e0 30% de r\u00e9sineux issus de scieries locales, fabriqu\u00e9 en Picardie de for\u00eats labellis\u00e9es PEFC.<\/p>\n<p>100 % naturel, sans colle, ni additifs<\/p>\n<p>Aidez \u00e0 r\u00e9g\u00e9n\u00e9rer la for\u00eat : 1 palette achet\u00e9e = 10 arbres replant\u00e9s !<\/p>\n<p>Vendu par 96 lots de 6 b\u00fbchettes.<br \/>\nUn bois de chauffage propre, \u00e9conomique et \u00e9cologique : le bois densifi\u00e9<\/p>\n<p>Un bois ultra sec gr\u00e2ce \u00e0 un taux d\u2019humidit\u00e9 inf\u00e9rieur \u00e0 8%.<\/p>\n<p>Un fort pouvoir calorifique 3 \u00e0 4 fois sup\u00e9rieur au bois traditionnel.<\/p>\n<p>Une dur\u00e9e de combustion de 1h30 \u00e0 2h et n\u2019encrasse pas avec son faible taux en cendres inf\u00e9rieur \u00e0 1.5%.<\/p>\n<p>Sans plastique ou presque : les b\u00fbches sont uniquement cercl\u00e9es pour \u00e9viter trop d\u2019emballage.<\/p>\n<p>Ces b\u00fbches vous offriront une chaleur constante et vous procureront un confort stable et de qualit\u00e9.<\/p>\n<p>Nous vous rappelons que le bois densifi\u00e9 est imp\u00e9rativement \u00e0 stocker en int\u00e9rieur \u00e0 l\u2019abri de toute humidit\u00e9.<\/p>\n","protected":false},"excerpt":{"rendered":"<p>Fiche technique<\/p>\n<p>Pouvoir Calorifique \/ 4.9 kWh\/kg<br \/>\nTaux D\u2019humidit\u00e9 \/ Inf\u00e9rieur \u00e0 8%<br \/>\nTaux De Cendres \/ Inf\u00e9rieur \u00e0 1.5%<br \/>\nEssence \/ Feuillus et r\u00e9sineux<br \/>\nLongueur \/ 26 \u00e0 29 cm<br \/>\nConditionnement \/ Palette<br \/>\nOrigine \/ France<\/p>\n","protected":false},"featured_media":8655,"comment_status":"closed","ping_status":"closed","template":"","meta":[],"product_brand":[],"product_cat":[72,73],"product_tag":[],"class_list":{"0":"post-8813","1":"product","2":"type-product","3":"status-publish","4":"has-post-thumbnail","6":"product_cat-bois","7":"product_cat-bois-de-chauffage","9":"first","10":"instock","11":"sale","12":"shipping-taxable","13":"purchasable","14":"product-type-simple"},"jetpack_sharing_enabled":true,"_links":{"self":[{"href":"https:\/\/troncybois.com\/index.php?rest_route=\/wp\/v2\/product\/8813","targetHints":{"allow":["GET"]}}],"collection":[{"href":"https:\/\/troncybois.com\/index.php?rest_route=\/wp\/v2\/product"}],"about":[{"href":"https:\/\/troncybois.com\/index.php?rest_route=\/wp\/v2\/types\/product"}],"replies":[{"embeddable":true,"href":"https:\/\/troncybois.com\/index.php?rest_route=%2Fwp%2Fv2%2Fcomments&post=8813"}],"version-history":[{"count":1,"href":"https:\/\/troncybois.com\/index.php?rest_route=\/wp\/v2\/product\/8813\/revisions"}],"predecessor-version":[{"id":8843,"href":"https:\/\/troncybois.com\/index.php?rest_route=\/wp\/v2\/product\/8813\/revisions\/8843"}],"wp:featuredmedia":[{"embeddable":true,"href":"https:\/\/troncybois.com\/index.php?rest_route=\/wp\/v2\/media\/8655"}],"wp:attachment":[{"href":"https:\/\/troncybois.com\/index.php?rest_route=%2Fwp%2Fv2%2Fmedia&parent=8813"}],"wp:term":[{"taxonomy":"product_brand","embeddable":true,"href":"https:\/\/troncybois.com\/index.php?rest_route=%2Fwp%2Fv2%2Fproduct_brand&post=8813"},{"taxonomy":"product_cat","embeddable":true,"href":"https:\/\/troncybois.com\/index.php?rest_route=%2Fwp%2Fv2%2Fproduct_cat&post=8813"},{"taxonomy":"product_tag","embeddable":true,"href":"https:\/\/troncybois.com\/index.php?rest_route=%2Fwp%2Fv2%2Fproduct_tag&post=8813"}],"curies":[{"name":"wp","href":"https:\/\/api.w.org\/{rel}","templated":true}]}}