{"id":8810,"date":"2022-10-24T13:57:22","date_gmt":"2022-10-24T11:57:22","guid":{"rendered":"https:\/\/antiquewhite-gerbil-448984.hostingersite.com\/?post_type=product&#038;p=8810"},"modified":"2026-01-04T18:44:44","modified_gmt":"2026-01-04T17:44:44","slug":"bois-de-chauffage-chene-palette-2-m3","status":"publish","type":"product","link":"https:\/\/troncybois.com\/?product=bois-de-chauffage-chene-palette-2-m3","title":{"rendered":"BOIS DE CHAUFFAGE \u2013 50cm-CHENE DUR \u2013 PALETTE 2 M3"},"content":{"rendered":"<blockquote><p>Palette perdue (non consign\u00e9e) de 2M3 soit 2.5 st\u00e8res de bois, en b\u00fbches refendues en 50 cm, m\u00e9lange de bois durs (fr\u00eane, h\u00eatre et charme), s\u00e9chage naturel.Cette palette de bois d\u2019environ 2 m\u00e8tres de haut est facile \u00e0 ranger (sous r\u00e9serve d\u2019accessibilit\u00e9) et vous garantit d\u2019avoir le nombre de st\u00e8res command\u00e9.<\/p><\/blockquote>\n<p>Ces b\u00fbches sont refendues en 50 cm, id\u00e9ales pour les chemin\u00e9es et inserts.<\/p>\n<p>N\u2019oubliez pas que pour bien faire s\u00e9cher votre bois, il faut le stocker dans un endroit sec, ventil\u00e9 et \u00e0 l\u2019abri de l\u2019humidit\u00e9.<\/p>\n<p>L\u2019id\u00e9al est sous abri de type pr\u00e9au (ouvert sur le devant et ferm\u00e9 sur les c\u00f4t\u00e9s et le dessus) comme cela l\u2019air passe bien entre le bois et la pluie n\u2019entre pas.<\/p>\n","protected":false},"excerpt":{"rendered":"<p>Fiche technique<\/p>\n<p>Taux D\u2019humidit\u00e9 \/ 20 \u00e0 25%<br \/>\nEssence \/ M\u00e9lange de bois durs<br \/>\nVolume En M3 \/ 2 m3<br \/>\nVolume En St\u00e8res \/ 2.5 st\u00e8res<br \/>\nDimensions Palette \/ L120xl95xH200cm<br \/>\nTechnique De S\u00e9chage \/ Naturel en ext\u00e9rieur<br \/>\nType De Bois \/ Bois dur<br \/>\nLongueur \/ 50 cm<br \/>\nConditionnement \/ Palette<br \/>\nOrigine \/ France<\/p>\n","protected":false},"featured_media":8649,"comment_status":"closed","ping_status":"closed","template":"","meta":[],"product_brand":[],"product_cat":[72,73,84],"product_tag":[],"class_list":{"0":"post-8810","1":"product","2":"type-product","3":"status-publish","4":"has-post-thumbnail","6":"product_cat-bois","7":"product_cat-bois-de-chauffage","8":"product_cat-caisse-de-bois-de-chauffage","10":"first","11":"instock","12":"shipping-taxable","13":"purchasable","14":"product-type-simple"},"jetpack_sharing_enabled":true,"_links":{"self":[{"href":"https:\/\/troncybois.com\/index.php?rest_route=\/wp\/v2\/product\/8810","targetHints":{"allow":["GET"]}}],"collection":[{"href":"https:\/\/troncybois.com\/index.php?rest_route=\/wp\/v2\/product"}],"about":[{"href":"https:\/\/troncybois.com\/index.php?rest_route=\/wp\/v2\/types\/product"}],"replies":[{"embeddable":true,"href":"https:\/\/troncybois.com\/index.php?rest_route=%2Fwp%2Fv2%2Fcomments&post=8810"}],"version-history":[{"count":6,"href":"https:\/\/troncybois.com\/index.php?rest_route=\/wp\/v2\/product\/8810\/revisions"}],"predecessor-version":[{"id":14225,"href":"https:\/\/troncybois.com\/index.php?rest_route=\/wp\/v2\/product\/8810\/revisions\/14225"}],"wp:featuredmedia":[{"embeddable":true,"href":"https:\/\/troncybois.com\/index.php?rest_route=\/wp\/v2\/media\/8649"}],"wp:attachment":[{"href":"https:\/\/troncybois.com\/index.php?rest_route=%2Fwp%2Fv2%2Fmedia&parent=8810"}],"wp:term":[{"taxonomy":"product_brand","embeddable":true,"href":"https:\/\/troncybois.com\/index.php?rest_route=%2Fwp%2Fv2%2Fproduct_brand&post=8810"},{"taxonomy":"product_cat","embeddable":true,"href":"https:\/\/troncybois.com\/index.php?rest_route=%2Fwp%2Fv2%2Fproduct_cat&post=8810"},{"taxonomy":"product_tag","embeddable":true,"href":"https:\/\/troncybois.com\/index.php?rest_route=%2Fwp%2Fv2%2Fproduct_tag&post=8810"}],"curies":[{"name":"wp","href":"https:\/\/api.w.org\/{rel}","templated":true}]}}