{"id":8806,"date":"2022-10-24T13:57:22","date_gmt":"2022-10-24T11:57:22","guid":{"rendered":"https:\/\/antiquewhite-gerbil-448984.hostingersite.com\/?post_type=product&#038;p=8806"},"modified":"2024-05-30T21:47:30","modified_gmt":"2024-05-30T19:47:30","slug":"allume-feu-100-naturel-en-laine-de-bois-50-pcs","status":"publish","type":"product","link":"https:\/\/troncybois.com\/?product=allume-feu-100-naturel-en-laine-de-bois-50-pcs","title":{"rendered":"Allume-feu 100% naturel en laine de bois (50 pcs)"},"content":{"rendered":"<p>Boite de 50 b\u00e2tonnets allume-feu en laine de bois, r\u00e9sine naturelle et cire pure alimentaire.<\/p>\n<p>Un seul b\u00e2tonnet suffit pour allumer un feu de bois, il br\u00fble durant 8 \u00e0 10 minutes.<\/p>\n","protected":false},"excerpt":{"rendered":"<p>Boite de 50 b\u00e2tonnets allume-feu en laine de bois, r\u00e9sine naturelle et cire pure alimentaire.<\/p>\n<p>Un seul b\u00e2tonnet suffit pour allumer un feu de bois, il br\u00fble durant 8 \u00e0 10 minutes.<\/p>\n","protected":false},"featured_media":8641,"comment_status":"closed","ping_status":"closed","template":"","meta":[],"product_brand":[],"product_cat":[72,73],"product_tag":[],"class_list":{"0":"post-8806","1":"product","2":"type-product","3":"status-publish","4":"has-post-thumbnail","6":"product_cat-bois","7":"product_cat-bois-de-chauffage","9":"first","10":"instock","11":"shipping-taxable","12":"purchasable","13":"product-type-simple"},"jetpack_sharing_enabled":true,"_links":{"self":[{"href":"https:\/\/troncybois.com\/index.php?rest_route=\/wp\/v2\/product\/8806","targetHints":{"allow":["GET"]}}],"collection":[{"href":"https:\/\/troncybois.com\/index.php?rest_route=\/wp\/v2\/product"}],"about":[{"href":"https:\/\/troncybois.com\/index.php?rest_route=\/wp\/v2\/types\/product"}],"replies":[{"embeddable":true,"href":"https:\/\/troncybois.com\/index.php?rest_route=%2Fwp%2Fv2%2Fcomments&post=8806"}],"version-history":[{"count":1,"href":"https:\/\/troncybois.com\/index.php?rest_route=\/wp\/v2\/product\/8806\/revisions"}],"predecessor-version":[{"id":8836,"href":"https:\/\/troncybois.com\/index.php?rest_route=\/wp\/v2\/product\/8806\/revisions\/8836"}],"wp:featuredmedia":[{"embeddable":true,"href":"https:\/\/troncybois.com\/index.php?rest_route=\/wp\/v2\/media\/8641"}],"wp:attachment":[{"href":"https:\/\/troncybois.com\/index.php?rest_route=%2Fwp%2Fv2%2Fmedia&parent=8806"}],"wp:term":[{"taxonomy":"product_brand","embeddable":true,"href":"https:\/\/troncybois.com\/index.php?rest_route=%2Fwp%2Fv2%2Fproduct_brand&post=8806"},{"taxonomy":"product_cat","embeddable":true,"href":"https:\/\/troncybois.com\/index.php?rest_route=%2Fwp%2Fv2%2Fproduct_cat&post=8806"},{"taxonomy":"product_tag","embeddable":true,"href":"https:\/\/troncybois.com\/index.php?rest_route=%2Fwp%2Fv2%2Fproduct_tag&post=8806"}],"curies":[{"name":"wp","href":"https:\/\/api.w.org\/{rel}","templated":true}]}}