{"id":8774,"date":"2022-10-24T13:57:18","date_gmt":"2022-10-24T11:57:18","guid":{"rendered":"https:\/\/antiquewhite-gerbil-448984.hostingersite.com\/?post_type=product&#038;p=8774"},"modified":"2024-06-05T19:58:19","modified_gmt":"2024-06-05T17:58:19","slug":"1-palette-bois-de-chauffage-40-cm-3-m3","status":"publish","type":"product","link":"https:\/\/troncybois.com\/?product=1-palette-bois-de-chauffage-40-cm-3-m3","title":{"rendered":"1-Palette Bois de chauffage-40cm-MELANGE HETRE ET FRENE \u2013 3 m3"},"content":{"rendered":"<p>1- PALETTE BOIS DE CHAUFFAGE- 40 CM- 3 ST\u00c8RES<\/p>\n<p>Les b\u00fbches de bois garanti sec Brazeco, avec moins de 10% d\u2019humidit\u00e9 sont fabriqu\u00e9es \u00e0 partir d\u2019essences de ch\u00eane, de charme et de h\u00eatre. D\u2019origine France, s\u00e9ch\u00e9es, fendues et \u00e9cors\u00e9es, elles sont certifi\u00e9es NF.<\/p>\n<p>Nos b\u00fbches de bois de chauffage 40 cm vous garantissent une performance \u00e9nerg\u00e9tique optimale. Elles ont l\u2019avantage d\u2019\u00eatre pratiques \u00e0 manipuler et faciles \u00e0 stocker avec leur conditionnement en palette.<\/p>\n","protected":false},"excerpt":{"rendered":"<p>1- PALETTE BOIS DE CHAUFFAGE- 40 CM- 3 ST\u00c8RES<\/p>\n<p>Les b\u00fbches de bois garanti sec Brazeco, avec moins de 10% d\u2019humidit\u00e9 sont fabriqu\u00e9es \u00e0 partir d\u2019essences de ch\u00eane, de charme et de h\u00eatre. D\u2019origine France, s\u00e9ch\u00e9es, fendues et \u00e9cors\u00e9es, elles sont certifi\u00e9es NF.<\/p>\n<p>Nos b\u00fbches de bois de chauffage 40 cm vous garantissent une performance \u00e9nerg\u00e9tique optimale. Elles ont l\u2019avantage d\u2019\u00eatre pratiques \u00e0 manipuler et faciles \u00e0 stocker avec leur conditionnement en palette.<\/p>\n","protected":false},"featured_media":8607,"comment_status":"closed","ping_status":"closed","template":"","meta":[],"product_brand":[],"product_cat":[72,73,84],"product_tag":[],"class_list":{"0":"post-8774","1":"product","2":"type-product","3":"status-publish","4":"has-post-thumbnail","6":"product_cat-bois","7":"product_cat-bois-de-chauffage","8":"product_cat-caisse-de-bois-de-chauffage","10":"first","11":"instock","12":"sale","13":"shipping-taxable","14":"purchasable","15":"product-type-simple"},"jetpack_sharing_enabled":true,"_links":{"self":[{"href":"https:\/\/troncybois.com\/index.php?rest_route=\/wp\/v2\/product\/8774","targetHints":{"allow":["GET"]}}],"collection":[{"href":"https:\/\/troncybois.com\/index.php?rest_route=\/wp\/v2\/product"}],"about":[{"href":"https:\/\/troncybois.com\/index.php?rest_route=\/wp\/v2\/types\/product"}],"replies":[{"embeddable":true,"href":"https:\/\/troncybois.com\/index.php?rest_route=%2Fwp%2Fv2%2Fcomments&post=8774"}],"version-history":[{"count":4,"href":"https:\/\/troncybois.com\/index.php?rest_route=\/wp\/v2\/product\/8774\/revisions"}],"predecessor-version":[{"id":14224,"href":"https:\/\/troncybois.com\/index.php?rest_route=\/wp\/v2\/product\/8774\/revisions\/14224"}],"wp:featuredmedia":[{"embeddable":true,"href":"https:\/\/troncybois.com\/index.php?rest_route=\/wp\/v2\/media\/8607"}],"wp:attachment":[{"href":"https:\/\/troncybois.com\/index.php?rest_route=%2Fwp%2Fv2%2Fmedia&parent=8774"}],"wp:term":[{"taxonomy":"product_brand","embeddable":true,"href":"https:\/\/troncybois.com\/index.php?rest_route=%2Fwp%2Fv2%2Fproduct_brand&post=8774"},{"taxonomy":"product_cat","embeddable":true,"href":"https:\/\/troncybois.com\/index.php?rest_route=%2Fwp%2Fv2%2Fproduct_cat&post=8774"},{"taxonomy":"product_tag","embeddable":true,"href":"https:\/\/troncybois.com\/index.php?rest_route=%2Fwp%2Fv2%2Fproduct_tag&post=8774"}],"curies":[{"name":"wp","href":"https:\/\/api.w.org\/{rel}","templated":true}]}}