{"id":8745,"date":"2022-10-24T13:57:17","date_gmt":"2022-10-24T11:57:17","guid":{"rendered":"https:\/\/antiquewhite-gerbil-448984.hostingersite.com\/?post_type=product&#038;p=8745"},"modified":"2024-05-30T21:59:31","modified_gmt":"2024-05-30T19:59:31","slug":"woodstock-bois-de-chauffage-buches-25-cm-1-palette","status":"publish","type":"product","link":"https:\/\/troncybois.com\/?product=woodstock-bois-de-chauffage-buches-25-cm-1-palette","title":{"rendered":"WOODSTOCK Bois de chauffage \u2013 B\u00fbches 25 cm \u2013 1 palette"},"content":{"rendered":"<p><span class=\"product-aside--listValue\"><strong>Bois b\u00fbches:<\/strong><br \/>\n\u2013 B\u00fbches de bois\u00a0<strong>fendues et en grande partie \u00e9corc\u00e9es<\/strong><br \/>\n\u2013 Origine\u00a0<strong>100 % bois fran\u00e7ais<\/strong><br \/>\n\u2013 Type du bois\u00a0<strong>100 % feuillus durs (ch\u00eane \u2013 charme \u2013 h\u00eatre)<\/strong><br \/>\n\u2013 Qualit\u00e9\u00a0<strong>NF \u2013 Groupe H1 G1<\/strong><br \/>\n\u2013 Longueur\u00a0<strong>25 cm (\u00b1 2 cm)<\/strong><br \/>\n\u2013 Section\u00a0<strong>8 cm \u2264 90 % Vol. \u2264 14 cm<\/strong><br \/>\n\u2013 PCI sur brut (Le Pouvoir Calorifique Inf\u00e9rieur correspond \u00e0 la quantit\u00e9 de chaleur en kWh d\u00e9gag\u00e9e par la combustion de 1 kg de bois moins la chaleur latente de vaporisation de l\u2019eau contenue dans les fum\u00e9es.)\u00a0<strong>\u2265 3,9 kWh.kg-1<\/strong><br \/>\n\u2013 Taux d\u2019<strong>humidit\u00e9 10% \u2264 H \u2264 20 % sur brut<\/strong><br \/>\n\u2013 Taux de\u00a0<strong>cendre \u2264 1,5 %<\/strong><br \/>\n\u2013 Utilisation Imm\u00e9diate<\/span><\/p>\n<p><strong>Bois d\u2019allumage:<\/strong><br \/>\n\u2013 Origine\u00a0<strong>100 % bois fran\u00e7ais<\/strong><br \/>\n\u2013 Type du bois\u00a0<strong>non trait\u00e9<\/strong><br \/>\n\u2013 Humidit\u00e9\u00a0<strong>extra sec<\/strong><\/p>\n<p>\u2013 Bois issu des meilleures essences de feuillus durs (ch\u00eane, charme, h\u00eatre)<br \/>\n\u2013 Fendu et s\u00e9ch\u00e9 \u00e0 un taux d\u2019humidit\u00e9 inf\u00e9rieur \u00e0 20 %<br \/>\n\u2013 Le bois sec garantit le\u00a0rendement maximum\u00a0de votre appareil<br \/>\n\u2013 Allumage facile et chaleur intense\u00a0avec\u00a0une belle flamme\u00a0en quelques minutes<br \/>\n\u2013 Les b\u00fbches sont bross\u00e9es en tambour \u00e9corceur, nettoy\u00e9es, d\u00e9poussi\u00e9r\u00e9es et donc pr\u00eates \u00e0 l\u2019emploi<br \/>\n\u2013 Faible taux de cendre\u00a0(jusqu\u2019\u00e0 3x moins que le bois traditionnel)<br \/>\n\u2013 Conditionn\u00e9es en ballots : Les b\u00fbches se stockent et se manipulent facilement<\/p>\n<p><strong>Les avantages :<\/strong><\/p>\n<p>\u2013 Combustion optimale : Meilleures essences de feuillus<br \/>\n\u2013 Taux d\u2019humidit\u00e9 \u2264 \u00e0 20 %<br \/>\n\u2013 Pouvoir calorifique maximum : Garantie le rendement de l\u2019appareil<br \/>\n\u2013 Mise \u00e0 feu rapide et apport de chaleur imm\u00e9diat<br \/>\n\u2013 Stockage optimis\u00e9<br \/>\n\u2013 Faible taux de cendre : Optimisation de l\u2019appareil de chauffage<br \/>\n\u2013 \u00c9cologique : For\u00eats durablement g\u00e9r\u00e9es<br \/>\n\u2013 Sans mousse ni lichen ni insecte<br \/>\n\u2013 Qualit\u00e9 certifi\u00e9e : Caract\u00e9ristiques techniques et combustion test\u00e9es en laboratoire<br \/>\n\u2013 8 sacs de bois d\u2019allumage 20 litres offerts !<\/p>\n<p>Vous \u00eates s\u00e9duit par la performance propos\u00e9e par les bois de b\u00fbches WOODSTOCK ? On vous propose donc d\u2019en savoir plus sur les\u00a0<strong>B\u00fbches 25 cm WOODSTOCK qualit\u00e9 premium 1 Palette<\/strong>. Issus des meilleures essences de feuillus durs tels que les ch\u00eanes, les charmes et les h\u00eatres, ces produits vous permettent de profiter d\u2019un spectacle de feu impressionnant.<\/p>\n<p>Afin de r\u00e9pondre \u00e0 toutes vos exigences, sachez que les bois propos\u00e9s par cette enseigne offrent un taux d\u2019humidit\u00e9 inf\u00e9rieur \u00e0 20 %. Cela est \u00e9galement dans le but de vous offrir un rendement impressionnant, un allumage facile et une chaleur intense. Ces bois b\u00fbches vous promettent \u00e9galement un faible taux de cendre. Ce qui facilite l\u2019entretien de votre \u00e9quipement de chauffage. Ce crit\u00e8re vous permet \u00e9galement d\u2019optimiser votre appareil.<\/p>\n<dl class=\"data-sheet\">\n<dt class=\"name\">\n<ul>\n<li><span class=\"product-aside--listSubtitle\">Le plus produit<\/span>\n<div class=\"\">\n<p><span class=\"product-aside--listValue\"><strong>Bois b\u00fbches:<\/strong><br \/>\n\u2013\u00a0<strong>Combustion optimale<\/strong>: meilleures essences de feuillus, taux d\u2019humidit\u00e9 \u2264 \u00e0 20 %<br \/>\n\u2013\u00a0<strong>Pouvoir calorifique maximum<\/strong>\u00a0pour garantir le rendement de l\u2019appareil<br \/>\n\u2013\u00a0<strong>\u00c9cologique<\/strong>: for\u00eats durablement g\u00e9r\u00e9es, connexes 100 % recycl\u00e9s<br \/>\n\u2013 Qualit\u00e9 certifi\u00e9e: caract\u00e9ristiques techniques et\u00a0<strong>combustion test\u00e9es en laboratoire<\/strong><\/span><\/p>\n<p>Bois d\u2019allumage:<br \/>\n\u2013 Efficace:\u00a0<strong>tr\u00e8s sec<\/strong>, le petit bois assure un d\u00e9marrage rapide et r\u00e9ussi de tous vos feux de bois<br \/>\n\u2013\u00a0<strong>\u00c9cologique et naturel<\/strong>: issu de la valorisation des produits connexes de l\u2019industrie du bois. Bois brut 100 % naturel<br \/>\n\u2013 Pratique: conditionn\u00e9 en sac pour un\u00a0<strong>stockage propre et sans poussi\u00e8re<\/strong><\/p>\n<\/div>\n<\/li>\n<li><span class=\"product-aside--listSubtitle\">Informations compl\u00e9mentaires<\/span>\n<div class=\"\"><span class=\"product-aside--listValue\">1 palette = 1 ballot de 2400 dm3 de bois en vrac + 8 sacs de 20 litres de bois d\u2019allumage\u00a0<\/span><\/div>\n<\/li>\n<li><span class=\"product-aside--listSubtitle\">Dimensions<\/span>\n<div class=\"\"><span class=\"product-aside--listValue\">\u2013 Dimensions d\u2019une palette (HxLxP) : 185 x 120 x 120 cm<\/span><\/div>\n<\/li>\n<\/ul>\n<\/dt>\n<\/dl>\n<div class=\"product-aside--textBlock\">\n<div class=\"product-aside--listTitle h2 col-xs-12\"><strong>Mod\u00e8le<\/strong><\/div>\n<ul class=\"col-xs-12 product-aside--list\">\n<li><strong><span class=\"product-aside--listSubtitle\">Longueur de la b\u00fbche<\/span><\/strong>\n<div class=\"bold\"><strong><span class=\"product-aside--listValue\">25 cm\u00a0<\/span><\/strong><\/div>\n<\/li>\n<li><strong><span class=\"product-aside--listSubtitle\">Taux d\u2019humidit\u00e9 inf\u00e9rieur \u00e0<\/span><\/strong>\n<div class=\"\"><strong><span class=\"product-aside--listValue\">20\u00a0%<\/span><\/strong><\/div>\n<\/li>\n<\/ul>\n<\/div>\n","protected":false},"excerpt":{"rendered":"<p>Cette palette de b\u00fbches de bois sec Woodstock garantit le rendement maximum de votre appareil. Id\u00e9al pour les po\u00eales \/ les foyers ferm\u00e9s, insert \/ les cuisini\u00e8res \/ les chaudi\u00e8res \/ les fours \u00e0 bois \/ les foyers ouverts, ce bois de chauffage apportera chaleur intense et belle flamme en quelques minutes.<\/p>\n","protected":false},"featured_media":8549,"comment_status":"closed","ping_status":"closed","template":"","meta":[],"product_brand":[],"product_cat":[72,73,74,75,76],"product_tag":[],"class_list":{"0":"post-8745","1":"product","2":"type-product","3":"status-publish","4":"has-post-thumbnail","6":"product_cat-bois","7":"product_cat-bois-de-chauffage","8":"product_cat-buche","9":"product_cat-buches","10":"product_cat-buches-premium-crepito","12":"first","13":"instock","14":"sale","15":"shipping-taxable","16":"purchasable","17":"product-type-simple"},"jetpack_sharing_enabled":true,"_links":{"self":[{"href":"https:\/\/troncybois.com\/index.php?rest_route=\/wp\/v2\/product\/8745","targetHints":{"allow":["GET"]}}],"collection":[{"href":"https:\/\/troncybois.com\/index.php?rest_route=\/wp\/v2\/product"}],"about":[{"href":"https:\/\/troncybois.com\/index.php?rest_route=\/wp\/v2\/types\/product"}],"replies":[{"embeddable":true,"href":"https:\/\/troncybois.com\/index.php?rest_route=%2Fwp%2Fv2%2Fcomments&post=8745"}],"version-history":[{"count":1,"href":"https:\/\/troncybois.com\/index.php?rest_route=\/wp\/v2\/product\/8745\/revisions"}],"predecessor-version":[{"id":8775,"href":"https:\/\/troncybois.com\/index.php?rest_route=\/wp\/v2\/product\/8745\/revisions\/8775"}],"wp:featuredmedia":[{"embeddable":true,"href":"https:\/\/troncybois.com\/index.php?rest_route=\/wp\/v2\/media\/8549"}],"wp:attachment":[{"href":"https:\/\/troncybois.com\/index.php?rest_route=%2Fwp%2Fv2%2Fmedia&parent=8745"}],"wp:term":[{"taxonomy":"product_brand","embeddable":true,"href":"https:\/\/troncybois.com\/index.php?rest_route=%2Fwp%2Fv2%2Fproduct_brand&post=8745"},{"taxonomy":"product_cat","embeddable":true,"href":"https:\/\/troncybois.com\/index.php?rest_route=%2Fwp%2Fv2%2Fproduct_cat&post=8745"},{"taxonomy":"product_tag","embeddable":true,"href":"https:\/\/troncybois.com\/index.php?rest_route=%2Fwp%2Fv2%2Fproduct_tag&post=8745"}],"curies":[{"name":"wp","href":"https:\/\/api.w.org\/{rel}","templated":true}]}}