{"id":13500,"date":"2023-05-31T00:15:54","date_gmt":"2023-05-30T22:15:54","guid":{"rendered":"https:\/\/antiquewhite-gerbil-448984.hostingersite.com\/?post_type=product&#038;p=13500"},"modified":"2024-05-29T18:36:48","modified_gmt":"2024-05-29T16:36:48","slug":"cuisiniere-a-bois-belleza-comera-luxe-7-kw-beige","status":"publish","type":"product","link":"https:\/\/troncybois.com\/?product=cuisiniere-a-bois-belleza-comera-luxe-7-kw-beige","title":{"rendered":"Cuisini\u00e8re \u00e0 bois BELLEZA Comera Luxe 7 kW Beige"},"content":{"rendered":"<p><span class=\"u-mb-lg u-block additional-attributes-row-title\"><span class=\"u-text-2xl u-inline-block u-text-semibold u-mr-xs\">Caract\u00e9ristiques techniques<\/span><\/span><\/p>\n<div class=\"additional-attributes-wrapper u-relative\">\n<div class=\"additional-attributes-block u-flex u-flex-row u-flex-column:sm u-w-full u-flex-wrap u-relative\" style=\"height: 294.75px;\">\n<div class=\"additional-attribute u-flex u-flex-row u-w-1\/2 u-w-full:sm u-flex-column:sm\">\n<div class=\"additional-attribute-label u-w-1\/2 u-w-full:sm u-ptb-md u-plr-lg u-bg-gray-lighter\"><span class=\"u-text-semibold u-text-sm\">Marque<\/span><\/div>\n<div class=\"additional-attribute-data u-w-1\/2 u-w-full:sm u-ptb-md u-plr-lg\"><span class=\"u-text-sm\"> BELLEZA<\/span><\/div>\n<\/div>\n<div class=\"additional-attribute u-flex u-flex-row u-w-1\/2 u-w-full:sm u-flex-column:sm\">\n<div class=\"additional-attribute-label u-w-1\/2 u-w-full:sm u-ptb-md u-plr-lg u-bg-gray-lighter\"><span class=\"u-text-semibold u-text-sm\">Type de po\u00eale<\/span><\/div>\n<div class=\"additional-attribute-data u-w-1\/2 u-w-full:sm u-ptb-md u-plr-lg\"><span class=\"u-text-sm\">Cuisini\u00e8re \u00e0 bois<\/span><\/div>\n<\/div>\n<div class=\"additional-attribute u-flex u-flex-row u-w-1\/2 u-w-full:sm u-flex-column:sm\">\n<div class=\"additional-attribute-label u-w-1\/2 u-w-full:sm u-ptb-md u-plr-lg u-bg-gray-lighter\"><span class=\"u-text-semibold u-text-sm\">Surface chauff\u00e9e<\/span><\/div>\n<div class=\"additional-attribute-data u-w-1\/2 u-w-full:sm u-ptb-md u-plr-lg\"><span class=\"u-text-sm\">111 m3<\/span><\/div>\n<\/div>\n<div class=\"additional-attribute u-flex u-flex-row u-w-1\/2 u-w-full:sm u-flex-column:sm\">\n<div class=\"additional-attribute-label u-w-1\/2 u-w-full:sm u-ptb-md u-plr-lg u-bg-gray-lighter\"><span class=\"u-text-semibold u-text-sm\">Rendement<\/span><\/div>\n<div class=\"additional-attribute-data u-w-1\/2 u-w-full:sm u-ptb-md u-plr-lg\"><span class=\"u-text-sm\">76%<\/span><\/div>\n<\/div>\n<div class=\"additional-attribute u-flex u-flex-row u-w-1\/2 u-w-full:sm u-flex-column:sm\">\n<div class=\"additional-attribute-label u-w-1\/2 u-w-full:sm u-ptb-md u-plr-lg u-bg-gray-lighter\"><span class=\"u-text-semibold u-text-sm\">Puissance nominale<\/span><\/div>\n<div class=\"additional-attribute-data u-w-1\/2 u-w-full:sm u-ptb-md u-plr-lg\"><span class=\"u-text-sm\">7,5 kW<\/span><\/div>\n<\/div>\n<div class=\"additional-attribute u-flex u-flex-row u-w-1\/2 u-w-full:sm u-flex-column:sm\">\n<div class=\"additional-attribute-label u-w-1\/2 u-w-full:sm u-ptb-md u-plr-lg u-bg-gray-lighter\"><span class=\"u-text-semibold u-text-sm\">Mati\u00e8re<\/span><\/div>\n<div class=\"additional-attribute-data u-w-1\/2 u-w-full:sm u-ptb-md u-plr-lg\"><span class=\"u-text-sm\">Acier<\/span><\/div>\n<\/div>\n<div class=\"additional-attribute u-flex u-flex-row u-w-1\/2 u-w-full:sm u-flex-column:sm\">\n<div class=\"additional-attribute-label u-w-1\/2 u-w-full:sm u-ptb-md u-plr-lg u-bg-gray-lighter\"><span class=\"u-text-semibold u-text-sm\">Chargement<\/span><\/div>\n<div class=\"additional-attribute-data u-w-1\/2 u-w-full:sm u-ptb-md u-plr-lg\"><span class=\"u-text-sm\">Par la fa\u00e7ade<\/span><\/div>\n<\/div>\n<div class=\"additional-attribute u-flex u-flex-row u-w-1\/2 u-w-full:sm u-flex-column:sm\">\n<div class=\"additional-attribute-label u-w-1\/2 u-w-full:sm u-ptb-md u-plr-lg u-bg-gray-lighter\"><span class=\"u-text-semibold u-text-sm\">Classe \u00e9nerg\u00e9tique<\/span><\/div>\n<div class=\"additional-attribute-data u-w-1\/2 u-w-full:sm u-ptb-md u-plr-lg\"><span class=\"u-text-sm\">A<\/span><\/div>\n<\/div>\n<div class=\"additional-attribute u-flex u-flex-row u-w-1\/2 u-w-full:sm u-flex-column:sm\">\n<div class=\"additional-attribute-label u-w-1\/2 u-w-full:sm u-ptb-md u-plr-lg u-bg-gray-lighter\"><span class=\"u-text-semibold u-text-sm\">Combustible<\/span><\/div>\n<div class=\"additional-attribute-data u-w-1\/2 u-w-full:sm u-ptb-md u-plr-lg\"><span class=\"u-text-sm\">B\u00fbches<\/span><\/div>\n<\/div>\n<div class=\"additional-attribute u-flex u-flex-row u-w-1\/2 u-w-full:sm u-flex-column:sm\">\n<div class=\"additional-attribute-label u-w-1\/2 u-w-full:sm u-ptb-md u-plr-lg u-bg-gray-lighter\"><span class=\"u-text-semibold u-text-sm\">Diam\u00e8tre de sortie de buse<\/span><\/div>\n<div class=\"additional-attribute-data u-w-1\/2 u-w-full:sm u-ptb-md u-plr-lg\"><span class=\"u-text-sm\">130 mm<\/span><\/div>\n<\/div>\n<div class=\"additional-attribute u-flex u-flex-row u-w-1\/2 u-w-full:sm u-flex-column:sm\">\n<div class=\"additional-attribute-label u-w-1\/2 u-w-full:sm u-ptb-md u-plr-lg u-bg-gray-lighter\"><span class=\"u-text-semibold u-text-sm\">Dimensions du four<\/span><\/div>\n<div class=\"additional-attribute-data u-w-1\/2 u-w-full:sm u-ptb-md u-plr-lg\"><span class=\"u-text-sm\">L 450 x P 450 x H 290 mm<\/span><\/div>\n<\/div>\n<div class=\"additional-attribute u-flex u-flex-row u-w-1\/2 u-w-full:sm u-flex-column:sm\">\n<div class=\"additional-attribute-label u-w-1\/2 u-w-full:sm u-ptb-md u-plr-lg u-bg-gray-lighter\"><span class=\"u-text-semibold u-text-sm\">Dimensions du foyer<\/span><\/div>\n<div class=\"additional-attribute-data u-w-1\/2 u-w-full:sm u-ptb-md u-plr-lg\"><span class=\"u-text-sm\">L 250 x P 400 x H 220 mm<\/span><\/div>\n<\/div>\n<div class=\"additional-attribute u-flex u-flex-row u-w-1\/2 u-w-full:sm u-flex-column:sm\">\n<div class=\"additional-attribute-label u-w-1\/2 u-w-full:sm u-ptb-md u-plr-lg u-bg-gray-lighter\"><span class=\"u-text-semibold u-text-sm\">Dimensions du produit<\/span><\/div>\n<div class=\"additional-attribute-data u-w-1\/2 u-w-full:sm u-ptb-md u-plr-lg\"><span class=\"u-text-sm\">L 900 x P 530 x H 760 mm<\/span><\/div>\n<\/div>\n<div class=\"additional-attribute u-flex u-flex-row u-w-1\/2 u-w-full:sm u-flex-column:sm\">\n<div class=\"additional-attribute-label u-w-1\/2 u-w-full:sm u-ptb-md u-plr-lg u-bg-gray-lighter\"><span class=\"u-text-semibold u-text-sm\">Emission de CO2<\/span><\/div>\n<div class=\"additional-attribute-data u-w-1\/2 u-w-full:sm u-ptb-md u-plr-lg\"><span class=\"u-text-sm\">0.1188<\/span><\/div>\n<\/div>\n<div class=\"additional-attribute u-flex u-flex-row u-w-1\/2 u-w-full:sm u-flex-column:sm\">\n<div class=\"additional-attribute-label u-w-1\/2 u-w-full:sm u-ptb-md u-plr-lg u-bg-gray-lighter\"><span class=\"u-text-semibold u-text-sm\">Evacuation des fum\u00e9es<\/span><\/div>\n<div class=\"additional-attribute-data u-w-1\/2 u-w-full:sm u-ptb-md u-plr-lg\"><span class=\"u-text-sm\">Dessus<\/span><\/div>\n<\/div>\n<div class=\"additional-attribute u-flex u-flex-row u-w-1\/2 u-w-full:sm u-flex-column:sm\">\n<div class=\"additional-attribute-label u-w-1\/2 u-w-full:sm u-ptb-md u-plr-lg u-bg-gray-lighter\"><span class=\"u-text-semibold u-text-sm\">Finition<\/span><\/div>\n<div class=\"additional-attribute-data u-w-1\/2 u-w-full:sm u-ptb-md u-plr-lg\"><span class=\"u-text-sm\">Beige<\/span><\/div>\n<\/div>\n<div class=\"additional-attribute u-flex u-flex-row u-w-1\/2 u-w-full:sm u-flex-column:sm\">\n<div class=\"additional-attribute-label u-w-1\/2 u-w-full:sm u-ptb-md u-plr-lg u-bg-gray-lighter\"><span class=\"u-text-semibold u-text-sm\">Foyer<\/span><\/div>\n<div class=\"additional-attribute-data u-w-1\/2 u-w-full:sm u-ptb-md u-plr-lg\"><span class=\"u-text-sm\">Fonte<\/span><\/div>\n<\/div>\n<div class=\"additional-attribute u-flex u-flex-row u-w-1\/2 u-w-full:sm u-flex-column:sm\">\n<div class=\"additional-attribute-label u-w-1\/2 u-w-full:sm u-ptb-md u-plr-lg u-bg-gray-lighter\"><span class=\"u-text-semibold u-text-sm\">Plus produit<\/span><\/div>\n<div class=\"additional-attribute-data u-w-1\/2 u-w-full:sm u-ptb-md u-plr-lg\"><span class=\"u-text-sm\">Avec four<\/span><\/div>\n<\/div>\n<div class=\"additional-attribute u-flex u-flex-row u-w-1\/2 u-w-full:sm u-flex-column:sm\">\n<div class=\"additional-attribute-label u-w-1\/2 u-w-full:sm u-ptb-md u-plr-lg u-bg-gray-lighter\"><span class=\"u-text-semibold u-text-sm\">Caract\u00e9ristiques techniques<\/span><\/div>\n<div class=\"additional-attribute-data u-w-1\/2 u-w-full:sm u-ptb-md u-plr-lg\">\n<p>&nbsp;<\/p>\n<p>Diam\u00e8tre de sortie : 130 mm<br \/>\nCombustibles : Bois<br \/>\nType de vitre : C\u00e9ramique<br \/>\nSens d&rsquo;ouverture de porte : Gauche<br \/>\nMati\u00e8re du foyer : Brique<br \/>\nCendrier : T\u00f4le<br \/>\nGarantie : 2 ans<br \/>\nDimensions du four :\u00a0H 29 x P 45 x L 45 cm<br \/>\nDimensions : H 725 x P 413 x L 803 mm<br \/>\nPoids : 73 kg<\/p>\n<p>&nbsp;<\/p>\n<\/div>\n<\/div>\n<\/div>\n<div class=\"additional-attributes-hider u-none u-absolute u-w-full\" style=\"height: 142.375px; bottom: -71.1875px; display: block;\" data-lines-count=\"10\"><\/div>\n<\/div>\n","protected":false},"excerpt":{"rendered":"<p>Cuisini\u00e8re \u00e0 bois BELLEZA<br \/>\n&#8211; Puissance : 7 kW<br \/>\n&#8211; Foyer brique<br \/>\n&#8211; Combustible : b\u00fbche de bois<br \/>\n&#8211; Longueur maximal des b\u00fbches : 33 cm<br \/>\n&#8211; Thermostat int\u00e9gr\u00e9<br \/>\n&#8211; Chargement par la fa\u00e7ade<\/p>\n<p><span style=\"text-decoration: underline;\"><strong>LIVRAISON GRATUITE<\/strong><\/span> (Partout en Europe)<\/p>\n<p><span style=\"color: #218e53;\"><strong>D\u00e9lai de disponibilit\u00e9 : 5 \u00e0 12 jours ouvrables<\/strong><\/span><\/p>\n","protected":false},"featured_media":13661,"comment_status":"closed","ping_status":"closed","template":"","meta":[],"product_brand":[],"product_cat":[128,93],"product_tag":[],"class_list":{"0":"post-13500","1":"product","2":"type-product","3":"status-publish","4":"has-post-thumbnail","6":"product_cat-cuisiniere-a-bois-belleza","7":"product_cat-cuisinieres","9":"first","10":"instock","11":"purchasable","12":"product-type-simple"},"jetpack_sharing_enabled":true,"_links":{"self":[{"href":"https:\/\/troncybois.com\/index.php?rest_route=\/wp\/v2\/product\/13500","targetHints":{"allow":["GET"]}}],"collection":[{"href":"https:\/\/troncybois.com\/index.php?rest_route=\/wp\/v2\/product"}],"about":[{"href":"https:\/\/troncybois.com\/index.php?rest_route=\/wp\/v2\/types\/product"}],"replies":[{"embeddable":true,"href":"https:\/\/troncybois.com\/index.php?rest_route=%2Fwp%2Fv2%2Fcomments&post=13500"}],"version-history":[{"count":1,"href":"https:\/\/troncybois.com\/index.php?rest_route=\/wp\/v2\/product\/13500\/revisions"}],"predecessor-version":[{"id":13666,"href":"https:\/\/troncybois.com\/index.php?rest_route=\/wp\/v2\/product\/13500\/revisions\/13666"}],"wp:featuredmedia":[{"embeddable":true,"href":"https:\/\/troncybois.com\/index.php?rest_route=\/wp\/v2\/media\/13661"}],"wp:attachment":[{"href":"https:\/\/troncybois.com\/index.php?rest_route=%2Fwp%2Fv2%2Fmedia&parent=13500"}],"wp:term":[{"taxonomy":"product_brand","embeddable":true,"href":"https:\/\/troncybois.com\/index.php?rest_route=%2Fwp%2Fv2%2Fproduct_brand&post=13500"},{"taxonomy":"product_cat","embeddable":true,"href":"https:\/\/troncybois.com\/index.php?rest_route=%2Fwp%2Fv2%2Fproduct_cat&post=13500"},{"taxonomy":"product_tag","embeddable":true,"href":"https:\/\/troncybois.com\/index.php?rest_route=%2Fwp%2Fv2%2Fproduct_tag&post=13500"}],"curies":[{"name":"wp","href":"https:\/\/api.w.org\/{rel}","templated":true}]}}