{"id":13493,"date":"2023-05-31T00:15:53","date_gmt":"2023-05-30T22:15:53","guid":{"rendered":"https:\/\/antiquewhite-gerbil-448984.hostingersite.com\/?post_type=product&#038;p=13493"},"modified":"2023-05-31T15:14:27","modified_gmt":"2023-05-31T13:14:27","slug":"cuisiniere-a-bois-10-kw-arpege-blanc-godin-240152bl","status":"publish","type":"product","link":"https:\/\/troncybois.com\/?product=cuisiniere-a-bois-10-kw-arpege-blanc-godin-240152bl","title":{"rendered":"Cuisini\u00e8re \u00e0 bois 10 kW ARPEGE blanc &#8211; GODIN 240152bl"},"content":{"rendered":"<p><span class=\"u-mb-lg u-block additional-attributes-row-title\"><span class=\"u-text-2xl u-inline-block u-text-semibold u-mr-xs\">Caract\u00e9ristiques techniques<\/span><\/span><\/p>\n<div class=\"additional-attributes-wrapper u-relative\">\n<div class=\"additional-attributes-block u-flex u-flex-row u-flex-column:sm u-w-full u-flex-wrap u-relative\">\n<div class=\"additional-attribute u-flex u-flex-row u-w-1\/2 u-w-full:sm u-flex-column:sm\">\n<div class=\"additional-attribute-label u-w-1\/2 u-w-full:sm u-ptb-md u-plr-lg u-bg-gray-lighter\"><span class=\"u-text-semibold u-text-sm\">Marque<\/span><\/div>\n<div class=\"additional-attribute-data u-w-1\/2 u-w-full:sm u-ptb-md u-plr-lg\"><span class=\"u-text-sm\"> GODIN<\/span><\/div>\n<\/div>\n<div class=\"additional-attribute u-flex u-flex-row u-w-1\/2 u-w-full:sm u-flex-column:sm\">\n<div class=\"additional-attribute-label u-w-1\/2 u-w-full:sm u-ptb-md u-plr-lg u-bg-gray-lighter\"><span class=\"u-text-semibold u-text-sm\">Type de po\u00eale<\/span><\/div>\n<div class=\"additional-attribute-data u-w-1\/2 u-w-full:sm u-ptb-md u-plr-lg\"><span class=\"u-text-sm\">Cuisini\u00e8re \u00e0 bois<\/span><\/div>\n<\/div>\n<div class=\"additional-attribute u-flex u-flex-row u-w-1\/2 u-w-full:sm u-flex-column:sm\">\n<div class=\"additional-attribute-label u-w-1\/2 u-w-full:sm u-ptb-md u-plr-lg u-bg-gray-lighter\"><span class=\"u-text-semibold u-text-sm\">Taille maximale de b\u00fbche<\/span><\/div>\n<div class=\"additional-attribute-data u-w-1\/2 u-w-full:sm u-ptb-md u-plr-lg\"><span class=\"u-text-sm\">55 cm<\/span><\/div>\n<\/div>\n<div class=\"additional-attribute u-flex u-flex-row u-w-1\/2 u-w-full:sm u-flex-column:sm\">\n<div class=\"additional-attribute-label u-w-1\/2 u-w-full:sm u-ptb-md u-plr-lg u-bg-gray-lighter\"><span class=\"u-text-semibold u-text-sm\">Surface chauff\u00e9e<\/span><\/div>\n<div class=\"additional-attribute-data u-w-1\/2 u-w-full:sm u-ptb-md u-plr-lg\"><span class=\"u-text-sm\">400 m3<\/span><\/div>\n<\/div>\n<div class=\"additional-attribute u-flex u-flex-row u-w-1\/2 u-w-full:sm u-flex-column:sm\">\n<div class=\"additional-attribute-label u-w-1\/2 u-w-full:sm u-ptb-md u-plr-lg u-bg-gray-lighter\"><span class=\"u-text-semibold u-text-sm\">Mati\u00e8re<\/span><\/div>\n<div class=\"additional-attribute-data u-w-1\/2 u-w-full:sm u-ptb-md u-plr-lg\"><span class=\"u-text-sm\">Acier<\/span><\/div>\n<\/div>\n<div class=\"additional-attribute u-flex u-flex-row u-w-1\/2 u-w-full:sm u-flex-column:sm\">\n<div class=\"additional-attribute-label u-w-1\/2 u-w-full:sm u-ptb-md u-plr-lg u-bg-gray-lighter\"><span class=\"u-text-semibold u-text-sm\">Combustible<\/span><\/div>\n<div class=\"additional-attribute-data u-w-1\/2 u-w-full:sm u-ptb-md u-plr-lg\"><span class=\"u-text-sm\">B\u00fbches<\/span><\/div>\n<\/div>\n<div class=\"additional-attribute u-flex u-flex-row u-w-1\/2 u-w-full:sm u-flex-column:sm\">\n<div class=\"additional-attribute-label u-w-1\/2 u-w-full:sm u-ptb-md u-plr-lg u-bg-gray-lighter\"><span class=\"u-text-semibold u-text-sm\">Diam\u00e8tre de sortie de buse<\/span><\/div>\n<div class=\"additional-attribute-data u-w-1\/2 u-w-full:sm u-ptb-md u-plr-lg\"><span class=\"u-text-sm\">140mm<\/span><\/div>\n<\/div>\n<div class=\"additional-attribute u-flex u-flex-row u-w-1\/2 u-w-full:sm u-flex-column:sm\">\n<div class=\"additional-attribute-label u-w-1\/2 u-w-full:sm u-ptb-md u-plr-lg u-bg-gray-lighter\"><span class=\"u-text-semibold u-text-sm\">Dimensions du four<\/span><\/div>\n<div class=\"additional-attribute-data u-w-1\/2 u-w-full:sm u-ptb-md u-plr-lg\"><span class=\"u-text-sm\">L 410 x P 400 x H 290 mm<\/span><\/div>\n<\/div>\n<div class=\"additional-attribute u-flex u-flex-row u-w-1\/2 u-w-full:sm u-flex-column:sm\">\n<div class=\"additional-attribute-label u-w-1\/2 u-w-full:sm u-ptb-md u-plr-lg u-bg-gray-lighter\"><span class=\"u-text-semibold u-text-sm\">Dimensions du foyer<\/span><\/div>\n<div class=\"additional-attribute-data u-w-1\/2 u-w-full:sm u-ptb-md u-plr-lg\"><span class=\"u-text-sm\">L 215 x P 550 x H 300 mm<\/span><\/div>\n<\/div>\n<div class=\"additional-attribute u-flex u-flex-row u-w-1\/2 u-w-full:sm u-flex-column:sm\">\n<div class=\"additional-attribute-label u-w-1\/2 u-w-full:sm u-ptb-md u-plr-lg u-bg-gray-lighter\"><span class=\"u-text-semibold u-text-sm\">Dimensions du produit<\/span><\/div>\n<div class=\"additional-attribute-data u-w-1\/2 u-w-full:sm u-ptb-md u-plr-lg\"><span class=\"u-text-sm\">L 750 x H 840\/870 x P 690 mm<\/span><\/div>\n<\/div>\n<div class=\"additional-attribute u-flex u-flex-row u-w-1\/2 u-w-full:sm u-flex-column:sm\">\n<div class=\"additional-attribute-label u-w-1\/2 u-w-full:sm u-ptb-md u-plr-lg u-bg-gray-lighter\"><span class=\"u-text-semibold u-text-sm\">Evacuation des fum\u00e9es<\/span><\/div>\n<div class=\"additional-attribute-data u-w-1\/2 u-w-full:sm u-ptb-md u-plr-lg\"><span class=\"u-text-sm\">Arri\u00e8re<\/span><\/div>\n<\/div>\n<div class=\"additional-attribute u-flex u-flex-row u-w-1\/2 u-w-full:sm u-flex-column:sm\">\n<div class=\"additional-attribute-label u-w-1\/2 u-w-full:sm u-ptb-md u-plr-lg u-bg-gray-lighter\"><span class=\"u-text-semibold u-text-sm\">Finition<\/span><\/div>\n<div class=\"additional-attribute-data u-w-1\/2 u-w-full:sm u-ptb-md u-plr-lg\"><span class=\"u-text-sm\">Blanc<\/span><\/div>\n<\/div>\n<div class=\"additional-attribute u-flex u-flex-row u-w-1\/2 u-w-full:sm u-flex-column:sm\">\n<div class=\"additional-attribute-label u-w-1\/2 u-w-full:sm u-ptb-md u-plr-lg u-bg-gray-lighter\"><span class=\"u-text-semibold u-text-sm\">Plus produit<\/span><\/div>\n<div class=\"additional-attribute-data u-w-1\/2 u-w-full:sm u-ptb-md u-plr-lg\"><span class=\"u-text-sm\">Avec four<\/span><\/div>\n<\/div>\n<div class=\"additional-attribute u-flex u-flex-row u-w-1\/2 u-w-full:sm u-flex-column:sm\">\n<div class=\"additional-attribute-label u-w-1\/2 u-w-full:sm u-ptb-md u-plr-lg u-bg-gray-lighter\"><span class=\"u-text-semibold u-text-sm\">Caract\u00e9ristiques techniques<\/span><\/div>\n<div class=\"additional-attribute-data u-w-1\/2 u-w-full:sm u-ptb-md u-plr-lg\"><span class=\"u-text-sm\">Puissance bois 10 KW Habillage acier blanc Dessus fonte \u00e9maill\u00e9 Poign\u00e9e inox avec embouts laiton massif Four \u00e9maill\u00e9 Thermom\u00e8tre four<\/span><\/div>\n<\/div>\n<\/div>\n<div class=\"additional-attributes-hider u-none u-absolute u-w-full\" data-lines-count=\"7\"><\/div>\n<\/div>\n","protected":false},"excerpt":{"rendered":"<p>Cuisiniere bois\u00a0Godin<br \/>\n&#8211;\u00a0Dessus fonte<br \/>\n&#8211;\u00a010 kW<br \/>\n&#8211; Coloris : blanc<\/p>\n<p><strong>Les avantages :<\/strong><\/p>\n<p>&#8211; Puissance 10.00 Kw<br \/>\n&#8211; Volume de chauffe 400 m3<br \/>\n&#8211; Norme NF EN 12815<br \/>\n&#8211; Habillage acier blanc<br \/>\n&#8211; Dessus fonte \u00e9maill\u00e9 (r\u00e9sistant \u00e0 toutes les allures de chauffe)<\/p>\n<p><span style=\"text-decoration: underline;\"><strong>LIVRAISON GRATUITE<\/strong><\/span> (Partout en Europe)<\/p>\n<p><span style=\"color: #218e53;\"><strong>D\u00e9lai de disponibilit\u00e9 : 5 \u00e0 12 jours ouvrables<\/strong><\/span><\/p>\n","protected":false},"featured_media":13632,"comment_status":"closed","ping_status":"closed","template":"","meta":[],"product_brand":[],"product_cat":[127,93],"product_tag":[],"class_list":{"0":"post-13493","1":"product","2":"type-product","3":"status-publish","4":"has-post-thumbnail","6":"product_cat-cuisiniere-a-bois-godin","7":"product_cat-cuisinieres","9":"first","10":"instock","11":"purchasable","12":"product-type-simple"},"jetpack_sharing_enabled":true,"_links":{"self":[{"href":"https:\/\/troncybois.com\/index.php?rest_route=\/wp\/v2\/product\/13493","targetHints":{"allow":["GET"]}}],"collection":[{"href":"https:\/\/troncybois.com\/index.php?rest_route=\/wp\/v2\/product"}],"about":[{"href":"https:\/\/troncybois.com\/index.php?rest_route=\/wp\/v2\/types\/product"}],"replies":[{"embeddable":true,"href":"https:\/\/troncybois.com\/index.php?rest_route=%2Fwp%2Fv2%2Fcomments&post=13493"}],"version-history":[{"count":1,"href":"https:\/\/troncybois.com\/index.php?rest_route=\/wp\/v2\/product\/13493\/revisions"}],"predecessor-version":[{"id":13635,"href":"https:\/\/troncybois.com\/index.php?rest_route=\/wp\/v2\/product\/13493\/revisions\/13635"}],"wp:featuredmedia":[{"embeddable":true,"href":"https:\/\/troncybois.com\/index.php?rest_route=\/wp\/v2\/media\/13632"}],"wp:attachment":[{"href":"https:\/\/troncybois.com\/index.php?rest_route=%2Fwp%2Fv2%2Fmedia&parent=13493"}],"wp:term":[{"taxonomy":"product_brand","embeddable":true,"href":"https:\/\/troncybois.com\/index.php?rest_route=%2Fwp%2Fv2%2Fproduct_brand&post=13493"},{"taxonomy":"product_cat","embeddable":true,"href":"https:\/\/troncybois.com\/index.php?rest_route=%2Fwp%2Fv2%2Fproduct_cat&post=13493"},{"taxonomy":"product_tag","embeddable":true,"href":"https:\/\/troncybois.com\/index.php?rest_route=%2Fwp%2Fv2%2Fproduct_tag&post=13493"}],"curies":[{"name":"wp","href":"https:\/\/api.w.org\/{rel}","templated":true}]}}