{"id":13491,"date":"2023-05-31T00:15:53","date_gmt":"2023-05-30T22:15:53","guid":{"rendered":"https:\/\/antiquewhite-gerbil-448984.hostingersite.com\/?post_type=product&#038;p=13491"},"modified":"2023-05-31T01:02:56","modified_gmt":"2023-05-30T23:02:56","slug":"insert-a-bois-la-nordica-monoblocco-90pa-15-kw","status":"publish","type":"product","link":"https:\/\/troncybois.com\/?product=insert-a-bois-la-nordica-monoblocco-90pa-15-kw","title":{"rendered":"Insert \u00e0 bois &#8211; LA NORDICA Monoblocco 90PA 15 kW"},"content":{"rendered":"<p>L&rsquo;insert \u00e0 bois Monoblocco 90PA de la marque La Nordica poss\u00e8de une puissance nominale de 13.2 kW ce qui vous permettra de chauffer un volume d&rsquo;environ 378 m3.<\/p>\n<p>Cet insert \u00e0 bois poss\u00e8de une entr\u00e9e d&rsquo;air directe, et peut \u00eatre install\u00e9 dans les maisons types BBC. Avec son carter de s\u00e9rie, cet appareil de chauffage performant pourra \u00eatre install\u00e9 de sorte \u00e0 pouvoir chauffer des pi\u00e8ces secondaires \u00e0 l&rsquo;aide de ces 2 sorties canalisables.<br \/>\nInformations cl\u00e9s sur l&rsquo;insert \u00e0 bois &#8211; LA NORDICA Monoblocco 90PA 15 kW<\/p>\n<p>Fabriqu\u00e9 en acier \u00e9pais<br \/>\nFoyer en fonte et NORDIKER<br \/>\nGrille du foyer en fonte<br \/>\nHotte en fonte<br \/>\nAir primaire et secondaire r\u00e9glable<br \/>\nCarter de s\u00e9rie<br \/>\nVitre c\u00e9ramique<br \/>\nPorte guillotine<br \/>\nSupport \u00e0 roulettes<br \/>\nPieds r\u00e9glables en hauteur<br \/>\nTaille des b\u00fbches : 50 cm<br \/>\nRaccord pour une prise d&rsquo;air externe directement sur l&rsquo;appareil<br \/>\n\u00c9vacuation des fum\u00e9es : Sup\u00e9rieur<br \/>\nVentilation KIT WIND AIR : OPTION<br \/>\nCaract\u00e9ristiques techniques de l&rsquo;insert \u00e0 bois &#8211; LA NORDICA Monoblocco 90PA 15 kW<br \/>\nPuissance nominale : 13.2 kW<br \/>\nPuissance br\u00fbl\u00e9e : 15.3 kW<br \/>\nVolume de chauffe : 378 m3<br \/>\nDimensions : L 1105 x H 1590 \u00e0 1630 x P 650 mm<br \/>\nDimensions du foyer : L 815 x H 480 x P 325 mm<br \/>\nPoids : 337 kg<br \/>\nRendement : 86.5 %<br \/>\nConsommation : 3.6 kg\/h<br \/>\nDiam\u00e8tre sortie de fum\u00e9es : 180 mm<br \/>\nDiam\u00e8tre arriv\u00e9e d&rsquo;air : 150 mm<br \/>\nDiam\u00e8tre sortie canalisable : 150 mm<br \/>\nClasse \u00e9nerg\u00e9tique : A+<br \/>\nSch\u00e9ma explicatif de l&rsquo;insert \u00e0 bois &#8211; LA NORDICA Monoblocco 90PA 15 kW<br \/>\nCliquez sur le lien suivant pour retrouver le Manuel Utilisateur : T\u00c9L\u00c9CHARGER LE MANUEL<\/p>\n<p>Les diff\u00e9rents syst\u00e8mes de l&rsquo;insert \u00e0 bois &#8211; LA NORDICA Monoblocco 90PA 15 kW<br \/>\nCGC Clean Glass Control : Ce syst\u00e8me qui gr\u00e2ce \u00e0 un parcours sp\u00e9cifique d&rsquo;air pr\u00e9chauff\u00e9 \u00e9vite efficacement l&rsquo;encrassement de la vitre du foyer, son entretien est ainsi facilit\u00e9.<br \/>\nSyst\u00e8me radiant (PRS) : Syst\u00e8me d&rsquo;\u00e9changeur \u00e0 haute efficacit\u00e9 qui assure une transmission de chaleur \u00e0 l\u2019air ambiant.<br \/>\nBBC (Prise d&rsquo;air Direct Externe) : Ce syst\u00e8me pr\u00e9l\u00e8ve l&rsquo;air frais de l&rsquo;ext\u00e9rieur pour la combustion en l&rsquo;introduisant directement dans la chambre de combustion. (Ceci n&rsquo;est pas une chambre \u00e9tanche)<br \/>\nNORDIKER : Pour la r\u00e9alisation des parties r\u00e9fractaires, la marque La Nordica a brevet\u00e9 ce mat\u00e9riau ultra r\u00e9sistant pouvant r\u00e9sister \u00e0 des temp\u00e9ratures de combustion tr\u00e8s \u00e9lev\u00e9s. La couleur claire du mat\u00e9riau intensifie la luminosit\u00e9 de la flamme et offre une simplicit\u00e9 d&rsquo;entretien.<br \/>\nPost Combustion System : Le syst\u00e8me de combustion d\u00e9velopp\u00e9 par La Nordica-Extraflame permet, gr\u00e2ce \u00e0 un syst\u00e8me d\u2019air secondaire\/tertiaire, une postcombustion en mesure de r\u00e9duire drastiquement les \u00e9missions et donc de respecter les normes europ\u00e9ennes les plus s\u00e9v\u00e8res.<br \/>\nA propos du fabricant : La Nordica est sp\u00e9cialis\u00e9e dans la conception, le d\u00e9veloppement et de la production des po\u00eales \u00e0 pellets et des cuisini\u00e8re \u00e0 bois. Elle propose le meilleur du made in Italy ! Avec des produits innovants et technologiques qui s\u2019adaptent \u00e0 tout types de besoins.<br \/>\nVous cherchez un mod\u00e8le similaire ? Retrouvez un autre mod\u00e8le d&rsquo;insert \u00e0 bois<br \/>\nD\u00e9couvrez tous nos mod\u00e8les d&rsquo;inserts \u00e0 bois<br \/>\nVous aimez la marque La Nordica ? D\u00e9couvrez tous les produits de la marque La Nordica<\/p>\n<p>Garantie\u00a0:\u00a0Nous vous rappelons que pour la garantie, l&rsquo;installation doit \u00eatre conforme au mode d&#8217;emploi (pr\u00e9conisation du fabricant) et doit respecter les normes en vigueur du pays, pour la France DTU 24.1 ou 24.2.<br \/>\nDe plus, comme pour tous les po\u00eales \u00e0 granul\u00e9s, les appareils sont \u00e0 r\u00e9gler en fonction du tirage naturel de l&rsquo;installation choisie<\/p>\n","protected":false},"excerpt":{"rendered":"<h1>Insert \u00e0 bois &#8211; LA NORDICA Monoblocco 90PA 15 kW<\/h1>\n<div><\/div>\n<p id=\"product_reference\"><label>R\u00e9f\u00e9rence <\/label><br \/>\n<span class=\"editable\">PRE-COMMANDES 199025<\/span><\/p>\n<p id=\"product_condition\"><label>\u00c9tat : <\/label><br \/>\n<span class=\"editable\">Neuf<\/span><\/p>\n<div id=\"short_description_block\">\n<div id=\"short_description_content\" class=\"rte align_justify\">\n<ul>\n<li>Marque LA NORDICA<\/li>\n<li>Garantie 2 ans pi\u00e8ces<\/li>\n<li>Fabriqu\u00e9 en Italie<\/li>\n<li>Non \u00e9tanche : Zone 1<\/li>\n<li>Flamme Verte<\/li>\n<li>EcoDesign 2022<\/li>\n<\/ul>\n<p><span style=\"text-decoration: underline;\"><strong>LIVRAISON GRATUITE<\/strong><\/span> (Partout en Europe)<\/p>\n<p><span style=\"color: #218e53;\"><strong>D\u00e9lai de disponibilit\u00e9 : 2 semaines \u00e0 7 semaines<\/strong><\/span><\/p>\n<\/div>\n<\/div>\n","protected":false},"featured_media":13620,"comment_status":"closed","ping_status":"closed","template":"","meta":[],"product_brand":[],"product_cat":[126,100],"product_tag":[],"class_list":{"0":"post-13491","1":"product","2":"type-product","3":"status-publish","4":"has-post-thumbnail","6":"product_cat-inserts-cheminees-a-bois","7":"product_cat-inserts-cheminees","9":"first","10":"instock","11":"purchasable","12":"product-type-simple"},"jetpack_sharing_enabled":true,"_links":{"self":[{"href":"https:\/\/troncybois.com\/index.php?rest_route=\/wp\/v2\/product\/13491","targetHints":{"allow":["GET"]}}],"collection":[{"href":"https:\/\/troncybois.com\/index.php?rest_route=\/wp\/v2\/product"}],"about":[{"href":"https:\/\/troncybois.com\/index.php?rest_route=\/wp\/v2\/types\/product"}],"replies":[{"embeddable":true,"href":"https:\/\/troncybois.com\/index.php?rest_route=%2Fwp%2Fv2%2Fcomments&post=13491"}],"version-history":[{"count":1,"href":"https:\/\/troncybois.com\/index.php?rest_route=\/wp\/v2\/product\/13491\/revisions"}],"predecessor-version":[{"id":13625,"href":"https:\/\/troncybois.com\/index.php?rest_route=\/wp\/v2\/product\/13491\/revisions\/13625"}],"wp:featuredmedia":[{"embeddable":true,"href":"https:\/\/troncybois.com\/index.php?rest_route=\/wp\/v2\/media\/13620"}],"wp:attachment":[{"href":"https:\/\/troncybois.com\/index.php?rest_route=%2Fwp%2Fv2%2Fmedia&parent=13491"}],"wp:term":[{"taxonomy":"product_brand","embeddable":true,"href":"https:\/\/troncybois.com\/index.php?rest_route=%2Fwp%2Fv2%2Fproduct_brand&post=13491"},{"taxonomy":"product_cat","embeddable":true,"href":"https:\/\/troncybois.com\/index.php?rest_route=%2Fwp%2Fv2%2Fproduct_cat&post=13491"},{"taxonomy":"product_tag","embeddable":true,"href":"https:\/\/troncybois.com\/index.php?rest_route=%2Fwp%2Fv2%2Fproduct_tag&post=13491"}],"curies":[{"name":"wp","href":"https:\/\/api.w.org\/{rel}","templated":true}]}}