{"id":13476,"date":"2023-05-31T00:15:50","date_gmt":"2023-05-30T22:15:50","guid":{"rendered":"https:\/\/antiquewhite-gerbil-448984.hostingersite.com\/?post_type=product&#038;p=13476"},"modified":"2023-05-31T15:14:28","modified_gmt":"2023-05-31T13:14:28","slug":"cuisiniere-a-bois-la-nordica-milly-10-kw-2","status":"publish","type":"product","link":"https:\/\/troncybois.com\/?product=cuisiniere-a-bois-la-nordica-milly-10-kw-2","title":{"rendered":"Cuisini\u00e8re \u00e0 bois &#8211; LA NORDICA Milly 10 kW"},"content":{"rendered":"<p>La cuisini\u00e8re \u00e0 bois Milly de la marque La Nordica vous offrira la possibilit\u00e9 de chauffer votre maison jusqu&rsquo;\u00e0 249 m3 tout en retrouvant le plaisir de cuisinier au feu de bois gr\u00e2ce \u00e0 son grand four \u00e9maill\u00e9 de 78 Litres. Pr\u00e9parez tous vos plats et retrouvez les saveurs d&rsquo;une cuisine d&rsquo;antan avec cette magnifique cuisini\u00e8re \u00e0 bois.<br \/>\nRetrouvez en option le chauffe-plat sup\u00e9rieur pour compl\u00e9ter votre appareil : Chauffe-Plat Milly<br \/>\nInformations cl\u00e9s de la Cuisini\u00e8re \u00e0 bois &#8211; LA NORDICA Milly 10 kW<br \/>\nRev\u00eatement ext\u00e9rieur en acier \u00e9maill\u00e9e et fa\u00efence<br \/>\nFoyer en fonte et Nordiker<br \/>\nPorte, fa\u00e7ade et ch\u00e2ssis en fonte<br \/>\nPlaque, cercles et portes en fonte<br \/>\nFour en acier<br \/>\nAir primaire et secondaire r\u00e9glable<br \/>\nPorte du foyer en double vitrage<br \/>\nGrand tiroir \u00e0 bois<br \/>\nCapacit\u00e9 du four : 78 L<br \/>\nTaille des b\u00fbches : 40 cm<br \/>\n\u00c9vacuation des fum\u00e9es : Arri\u00e8re \/ Sup\u00e9rieur<br \/>\nRaccord pour une prise d&rsquo;air externe directement sur l&rsquo;appareil<br \/>\nPlat du four : INCLUS<br \/>\nGrille du four : INCLUS<br \/>\nChauffe-plat sup\u00e9rieur\u00a0: OPTION<br \/>\nDescription technique de la Cuisini\u00e8re \u00e0 bois &#8211; LA NORDICA Milly 10 kW<br \/>\nPuissance br\u00fbl\u00e9e : 9.8 kW<br \/>\nPuissance nominale : 8.7 kW<br \/>\nRendement : 89.1 %<br \/>\nVolume de chauffe : 249 m3<br \/>\nConsommation : 2.3 kg\/h<br \/>\nPoids : 217 kg<br \/>\nDiam\u00e8tre des sorties des fum\u00e9es : 150 mm<br \/>\nDiam\u00e8tre prise d&rsquo;air : 100 mm<br \/>\nDimensions : L 1050 x H 865 x P 670 mm<br \/>\nDimensions du foyer : L 270 x H 287 X P 455 mm<br \/>\nDimensions du four : L 436 x H 418 x P 430 mm<br \/>\nClasse \u00e9nerg\u00e9tique : A +<br \/>\nSch\u00e9ma technique de la Cuisini\u00e8re \u00e0 bois &#8211; LA NORDICA Milly 10 kW<br \/>\nCliquez sur le lien suivant pour retrouver le Manuel Utilisateur : T\u00c9L\u00c9CHARGER LE MANUEL<\/p>\n<p>Les diff\u00e9rents syst\u00e8mes de la Cuisini\u00e8re \u00e0 bois &#8211; LA NORDICA Milly 10 kW<br \/>\nClean Glass Control : Ce syst\u00e8me qui gr\u00e2ce \u00e0 un parcours sp\u00e9cifique d&rsquo;air pr\u00e9chauff\u00e9 \u00e9vite efficacement l&rsquo;encrassement de la vitre du foyer, son entretien est ainsi facilit\u00e9.<br \/>\nResistant Door at the Time : Les portes des produits, r\u00e9alis\u00e9es en fonte de qualit\u00e9 \u00e9lev\u00e9e, sont inalt\u00e9rables dans le temps et garantissent une \u00e9tanch\u00e9it\u00e9 constante.<br \/>\nNORDIKER : Pour la r\u00e9alisation des parties r\u00e9fractaires, la marque La Nordica a brevet\u00e9 ce mat\u00e9riau ultra r\u00e9sistant pouvant r\u00e9sister \u00e0 des temp\u00e9ratures de combustion tr\u00e8s \u00e9lev\u00e9s. La couleur claire du mat\u00e9riau intensifie la luminosit\u00e9 de la flamme et offre une simplicit\u00e9 d&rsquo;entretien.<br \/>\nBBC (Prise d&rsquo;air Direct Externe) : Ce syst\u00e8me pr\u00e9l\u00e8ve l&rsquo;air frais de l&rsquo;ext\u00e9rieur pour la combustion en l&rsquo;introduisant directement dans la chambre de combustion. (Ceci n&rsquo;est pas une chambre \u00e9tanche)<br \/>\nPost Combustion System : Le syst\u00e8me de combustion d\u00e9velopp\u00e9 par La Nordica-Extraflame permet, gr\u00e2ce \u00e0 un syst\u00e8me d\u2019air secondaire\/tertiaire, une postcombustion en mesure de r\u00e9duire drastiquement les \u00e9missions et donc de respecter les normes europ\u00e9ennes les plus s\u00e9v\u00e8res.<br \/>\n\u00c0 propos du fournisseur : La marque La Nordica est une marque italienne qui a \u00e9t\u00e9 cr\u00e9e en 1968. L\u2019entreprise propose des solutions de chauffage modernes et sophistiqu\u00e9es. Les produits La Nordica respectent l\u2019environnement avec de meilleurs rendements et de faibles \u00e9missions polluantes. Les po\u00eales, cuisini\u00e8res, inserts sont adapt\u00e9s \u00e0 tous les go\u00fbts et exigences.<\/p>\n<p>Garantie\u00a0:\u00a0Nous vous rappelons que pour la garantie, l&rsquo;installation doit \u00eatre conforme au mode d&#8217;emploi (pr\u00e9conisation du fabricant) et doit respecter les normes en vigueur du pays, pour la France DTU 24.1 ou 24.2.<br \/>\nDe plus, comme pour tous les po\u00eales \u00e0 granul\u00e9s, les appareils sont \u00e0 r\u00e9gler en fonction du tirage naturel de l&rsquo;installation choisie<\/p>\n","protected":false},"excerpt":{"rendered":"<h1>Cuisini\u00e8re \u00e0 bois &#8211; LA NORDICA Milly 10 kW<\/h1>\n<div><\/div>\n<p id=\"product_reference\"><label>R\u00e9f\u00e9rence <\/label><br \/>\n<span class=\"editable\">PRE-COMMANDES-08-7018000<\/span><\/p>\n<p id=\"product_condition\"><label>\u00c9tat : <\/label><br \/>\n<span class=\"editable\">Neuf<\/span><\/p>\n<div id=\"short_description_block\">\n<div id=\"short_description_content\" class=\"rte align_justify\">\n<ul>\n<li>Marque LA NORDICA<\/li>\n<li>Fabriqu\u00e9 en Italie<\/li>\n<li>Garantie 2 ans pi\u00e8ces<\/li>\n<li>Flamme Verte 7*<\/li>\n<li>EcoDesign 2022<\/li>\n<li>Non \u00e9tanche : Zone 1<\/li>\n<\/ul>\n<p><span style=\"text-decoration: underline;\"><strong>LIVRAISON GRATUITE<\/strong><\/span> (Partout en Europe)<\/p>\n<p><span style=\"color: #218e53;\"><strong>D\u00e9lai de disponibilit\u00e9 : 2 semaines \u00e0 7 semaines<\/strong><\/span><\/p>\n<\/div>\n<\/div>\n","protected":false},"featured_media":13516,"comment_status":"closed","ping_status":"closed","template":"","meta":[],"product_brand":[],"product_cat":[93,96,120],"product_tag":[],"class_list":{"0":"post-13476","1":"product","2":"type-product","3":"status-publish","4":"has-post-thumbnail","6":"product_cat-cuisinieres","7":"product_cat-cuisinieres-a-bois-avec-prise-dair-direct","8":"product_cat-cuisinieres-a-bois-avec-prise-dair-direct-2","10":"first","11":"instock","12":"purchasable","13":"product-type-simple"},"jetpack_sharing_enabled":true,"_links":{"self":[{"href":"https:\/\/troncybois.com\/index.php?rest_route=\/wp\/v2\/product\/13476","targetHints":{"allow":["GET"]}}],"collection":[{"href":"https:\/\/troncybois.com\/index.php?rest_route=\/wp\/v2\/product"}],"about":[{"href":"https:\/\/troncybois.com\/index.php?rest_route=\/wp\/v2\/types\/product"}],"replies":[{"embeddable":true,"href":"https:\/\/troncybois.com\/index.php?rest_route=%2Fwp%2Fv2%2Fcomments&post=13476"}],"version-history":[{"count":1,"href":"https:\/\/troncybois.com\/index.php?rest_route=\/wp\/v2\/product\/13476\/revisions"}],"predecessor-version":[{"id":13525,"href":"https:\/\/troncybois.com\/index.php?rest_route=\/wp\/v2\/product\/13476\/revisions\/13525"}],"wp:featuredmedia":[{"embeddable":true,"href":"https:\/\/troncybois.com\/index.php?rest_route=\/wp\/v2\/media\/13516"}],"wp:attachment":[{"href":"https:\/\/troncybois.com\/index.php?rest_route=%2Fwp%2Fv2%2Fmedia&parent=13476"}],"wp:term":[{"taxonomy":"product_brand","embeddable":true,"href":"https:\/\/troncybois.com\/index.php?rest_route=%2Fwp%2Fv2%2Fproduct_brand&post=13476"},{"taxonomy":"product_cat","embeddable":true,"href":"https:\/\/troncybois.com\/index.php?rest_route=%2Fwp%2Fv2%2Fproduct_cat&post=13476"},{"taxonomy":"product_tag","embeddable":true,"href":"https:\/\/troncybois.com\/index.php?rest_route=%2Fwp%2Fv2%2Fproduct_tag&post=13476"}],"curies":[{"name":"wp","href":"https:\/\/api.w.org\/{rel}","templated":true}]}}