{"id":13431,"date":"2023-05-30T16:08:37","date_gmt":"2023-05-30T14:08:37","guid":{"rendered":"https:\/\/antiquewhite-gerbil-448984.hostingersite.com\/?post_type=product&#038;p=13431"},"modified":"2024-06-07T16:03:29","modified_gmt":"2024-06-07T14:03:29","slug":"kit-ventouse-pour-poeles-a-granules-etanches-dinak","status":"publish","type":"product","link":"https:\/\/troncybois.com\/?product=kit-ventouse-pour-poeles-a-granules-etanches-dinak","title":{"rendered":"Kit ventouse pour po\u00eales \u00e0 granul\u00e9s \u00e9tanches &#8211; DINAK"},"content":{"rendered":"<div class=\"fiche-produit\">\n<h2>Le Kit fa\u00e7ade DINAK pour les po\u00eales \u00e0 granul\u00e9s \u00e9tanches<\/h2>\n<p>Notre Kit Ventouse Dinak est complet et <strong>pr\u00eat \u00e0 monter<\/strong> ! Afin de vous facilit\u00e9 la t\u00e2che, nous y <strong>incluons<\/strong> les brides de s\u00e9curit\u00e9, les joints et un manchon de raccordement habituellement en option.<\/p>\n<p>Le syst\u00e8me du<strong> kit ventouse<\/strong> DIFLUX PELLETS de la marque DINAK est un <strong>conduit concentrique<\/strong> qui permet l&rsquo;<strong>\u00e9vacuation des fum\u00e9es<\/strong> et l&rsquo;<strong>entr\u00e9e d&rsquo;air frais<\/strong> en m\u00eame temps. Id\u00e9al pour optimiser les installations dans une maison neuve ou dans la r\u00e9novation, il est con\u00e7u pour les po\u00eales \u00e0 granul\u00e9s \u00e9tanches de moins de 70 kW.<\/p>\n<p><span style=\"text-decoration: underline;\"><strong>LE PLUS GRAND AVANTAGE<\/strong> :<\/span> Ce kit ventouse pr\u00eat \u00e0 monter est ajustable en hauteur de <strong>1680 mm \u00e0 1990 mm<\/strong>. Ce kit ventouse s&rsquo;adaptera parfaitement \u00e0 tous types d&rsquo;installation en ZONE 3.<\/p>\n<h2><strong>Composition du kit ventouse po\u00eales \u00e0 granul\u00e9s :<\/strong><\/h2>\n<ul>\n<li>1 T\u00e9 fum\u00e9es femelle avec tampon et collier<\/li>\n<li>1 \u00e9l\u00e9ment droit 1000 mm avec prise d&rsquo;air int\u00e9gr\u00e9<\/li>\n<li>1 \u00e9l\u00e9ment droit ajustable de 495 \u00e0 805 mm<\/li>\n<li>1 coude \u00e0 90\u00b0<\/li>\n<li>1 rosace de finition<\/li>\n<li>1 terminal horizontal ajustable 661 \u00e0 865 mm<\/li>\n<li>1 flexible pour le raccord d&rsquo;air<\/li>\n<\/ul>\n<p><span style=\"background-color: #7cd320;\"><strong><span style=\"text-decoration: underline;\">INCLUS DANS LE KIT UNIQUEMENT SUR PO\u00caLEDISCOUNT :<\/span><\/strong><\/span><\/p>\n<ul>\n<li>4 joints silicones<\/li>\n<li>4 brides de s\u00e9curit\u00e9<\/li>\n<li>1 manchon de raccordement 60\/40 ou 60\/50 mm<\/li>\n<\/ul>\n<h2><strong>Avantages du Kit ventouse DINAK pour po\u00eales \u00e0 granul\u00e9s \u00e9tanches :<\/strong><\/h2>\n<ul>\n<li>Finitions de s\u00e9curit\u00e9 anti-coupure<\/li>\n<li>Finition esth\u00e9tique avec des pi\u00e8ces d&rsquo;adaptation simples et discr\u00e8tes<\/li>\n<li>Syst\u00e8me de montage rapide et facile<\/li>\n<li>Propri\u00e9t\u00e9s de performance au vent test\u00e9es en laboratoire avec CETIAT 2.415.003 et 2.415.003-C-E<\/li>\n<\/ul>\n<h2><strong> R\u00e8gles d\u2019installations du Kit fa\u00e7ade ventouse concentrique <strong>DINAK <\/strong>:<\/strong><\/h2>\n<ul>\n<li>Pr\u00e9voir la sortie horizontal (terminal horizontal) en zone 3 \u00e0 une hauteur sup\u00e9rieure ou \u00e9gale \u00e0 2 m\u00e8tres par rapport au sol ext\u00e9rieur.<\/li>\n<li>Le syst\u00e8me horizontal peut \u00eatre mont\u00e9s sur des installations existantes.<\/li>\n<li>Ce kit doit \u00eatre utilis\u00e9 pour une installation en int\u00e9rieur uniquement.<\/li>\n<li>Ce kit ne peut \u00eatre utilis\u00e9 que sur des po\u00eales \u00e0 granules \u00e9tanches.<\/li>\n<li>Il est n\u00e9cessaire de pr\u00e9voir une distance de minimum 10 cm avec des mat\u00e9riaux combustibles.<\/li>\n<li>Ce kit poss\u00e8de le marquage CE est titulaire d&rsquo;un DTA CSTB 14\/16 &#8211; 2233<\/li>\n<\/ul>\n<h2><strong>Caract\u00e9ristiques du Kit ventouse DINAK pour po\u00eales \u00e0 granul\u00e9s \u00e9tanches :<\/strong><\/h2>\n<ul>\n<li>Diam\u00e8tre d&rsquo;entr\u00e9e d&rsquo;air : 60 mm<\/li>\n<li>Mat\u00e9riau de la paroi int\u00e9rieure : Inox 316L<\/li>\n<li>\u00c9paisseur de la paroi int\u00e9rieure : 0,4 mm \/ 0,4 mm<\/li>\n<li>Diam\u00e8tre du syst\u00e8me : 80 mm \/ 125 mm<\/li>\n<li>Temp\u00e9rature de fonctionnement : 450 C\u00b0<\/li>\n<\/ul>\n<p>Le terminal horizontal b\u00e9n\u00e9ficie d&rsquo;un test d&rsquo;\u00e9tanch\u00e9it\u00e9 pour l\u2019\u00e9vacuation individuelle des gaz de combustion et l\u2019arriv\u00e9e d\u2019air comburant au po\u00eale \u00e0 granul\u00e9s. La prise d&rsquo;air sur le terminal est prot\u00e9g\u00e9e et elle garantie le bon fonctionnement de toute l&rsquo;installation. Le terminal doit d\u00e9passer au minimum de 40 cm \u00e0 l&rsquo;horizontale du mur ext\u00e9rieur. Les brides de s\u00e9curit\u00e9 sont mont\u00e9es d&rsquo;usine sur les \u00e9l\u00e9ments pour faciliter la mise en \u0153uvre et le laquage noir mat est r\u00e9alis\u00e9 avec une peinture de haute qualit\u00e9.<\/p>\n<h2>Sch\u00e9ma explicatif du Kit ventouse DINAK pour po\u00eales \u00e0 granul\u00e9s \u00e9tanches :<\/h2>\n<p><img fetchpriority=\"high\" decoding=\"async\" src=\"https:\/\/www.poelediscount.com\/img\/cms\/Sch%C3%A9ma%20technique\/01313.png\" alt=\"Sch\u00e9ma technique du KIT VENTOUSE dinak\" width=\"1214\" height=\"622\" \/><\/p>\n<\/div>\n<p>&nbsp;<\/p>\n<div>\n<p><strong><u>Garantie<\/u>\u00a0:\u00a0<\/strong>Nous vous rappelons que pour la garantie, l&rsquo;installation doit \u00eatre conforme au mode d&#8217;emploi (pr\u00e9conisation du fabricant) et doit respecter les normes en vigueur du pays, pour la France DTU 24.1 ou 24.2.<br \/>\nDe plus, comme pour tous les po\u00eales \u00e0 granul\u00e9s, les appareils sont \u00e0 r\u00e9gler en fonction du tirage naturel de l&rsquo;installation choisie.<\/p>\n<\/div>\n<div class=\"row\" style=\"padding-top: 20px;\">\n<div class=\"col-xs-12 col-sm-12 col-md-12 col-lg-4\" style=\"text-align: center; padding: 15px 2px 25px 2px;\">Questions fr\u00e9quentes<\/div>\n<div class=\"col-xs-12 col-sm-12 col-md-12 col-lg-4\" style=\"text-align: center; padding: 15px 2px 25px 2px;\">Quelle puissance choisir ?<\/div>\n<div class=\"col-xs-12 col-sm-12 col-md-12 col-lg-4\" style=\"text-align: center; padding: 15px 2px 25px 2px;\">Livraison<\/div>\n<\/div>\n","protected":false},"excerpt":{"rendered":"<div class=\"fiche-produit\"><\/div>\n<p id=\"product_reference\"><label>R\u00e9f\u00e9rence 1024502<\/label><\/p>\n<p id=\"product_condition\"><label>\u00c9tat :<\/label><br \/>\n<span class=\"editable\">Neuf<\/span><\/p>\n<div id=\"short_description_block\">\n<div id=\"short_description_content\" class=\"rte align_justify\">\n<ul>\n<li>Kit fa\u00e7ade DINAK pour po\u00eales \u00e0 granul\u00e9s \u00e9tanches<\/li>\n<li><span style=\"text-decoration: underline;\">Uniquement pour po\u00eales \u00e0 granul\u00e9s \u00e9tanches<\/span><\/li>\n<\/ul>\n<p><strong><span style=\"color: #218e53;\">D\u00e9lai de livraison : 3-4\u00a0\u00a0jours ouvr\u00e9s\u00a0<\/span><\/strong><\/p>\n<p><span style=\"text-decoration: underline;\"><strong>LIVRAISON GRATUITE<\/strong><\/span> (Uniquement en France )<\/p>\n<\/div>\n<\/div>\n","protected":false},"featured_media":13459,"comment_status":"open","ping_status":"closed","template":"","meta":[],"product_brand":[],"product_cat":[113],"product_tag":[],"class_list":{"0":"post-13431","1":"product","2":"type-product","3":"status-publish","4":"has-post-thumbnail","6":"product_cat-poeles-granules","8":"first","9":"instock","10":"sale","11":"purchasable","12":"product-type-simple"},"jetpack_sharing_enabled":true,"_links":{"self":[{"href":"https:\/\/troncybois.com\/index.php?rest_route=\/wp\/v2\/product\/13431","targetHints":{"allow":["GET"]}}],"collection":[{"href":"https:\/\/troncybois.com\/index.php?rest_route=\/wp\/v2\/product"}],"about":[{"href":"https:\/\/troncybois.com\/index.php?rest_route=\/wp\/v2\/types\/product"}],"replies":[{"embeddable":true,"href":"https:\/\/troncybois.com\/index.php?rest_route=%2Fwp%2Fv2%2Fcomments&post=13431"}],"version-history":[{"count":2,"href":"https:\/\/troncybois.com\/index.php?rest_route=\/wp\/v2\/product\/13431\/revisions"}],"predecessor-version":[{"id":14268,"href":"https:\/\/troncybois.com\/index.php?rest_route=\/wp\/v2\/product\/13431\/revisions\/14268"}],"wp:featuredmedia":[{"embeddable":true,"href":"https:\/\/troncybois.com\/index.php?rest_route=\/wp\/v2\/media\/13459"}],"wp:attachment":[{"href":"https:\/\/troncybois.com\/index.php?rest_route=%2Fwp%2Fv2%2Fmedia&parent=13431"}],"wp:term":[{"taxonomy":"product_brand","embeddable":true,"href":"https:\/\/troncybois.com\/index.php?rest_route=%2Fwp%2Fv2%2Fproduct_brand&post=13431"},{"taxonomy":"product_cat","embeddable":true,"href":"https:\/\/troncybois.com\/index.php?rest_route=%2Fwp%2Fv2%2Fproduct_cat&post=13431"},{"taxonomy":"product_tag","embeddable":true,"href":"https:\/\/troncybois.com\/index.php?rest_route=%2Fwp%2Fv2%2Fproduct_tag&post=13431"}],"curies":[{"name":"wp","href":"https:\/\/api.w.org\/{rel}","templated":true}]}}