{"id":13378,"date":"2023-05-30T16:07:42","date_gmt":"2023-05-30T14:07:42","guid":{"rendered":"https:\/\/antiquewhite-gerbil-448984.hostingersite.com\/?post_type=product&#038;p=13378"},"modified":"2023-05-31T16:48:47","modified_gmt":"2023-05-31T14:48:47","slug":"poele-a-granules-ventile-evacalor-rita-9-5-kw","status":"publish","type":"product","link":"https:\/\/troncybois.com\/?product=poele-a-granules-ventile-evacalor-rita-9-5-kw","title":{"rendered":"Po\u00eale \u00e0 granules ventil\u00e9 &#8211; EVACALOR Rita 9.5 kW"},"content":{"rendered":"<div class=\"fiche-produit\">\n<p><strong>Le po\u00eale \u00e0 granules ventil\u00e9 Rita <\/strong>de la marque<strong> EVA CALOR<\/strong> poss\u00e8de une puissance nominale de 8 kW. Il se caracte\u0301rise par son style tre\u0300s moderne et original assure\u0301 par le reve\u0302tement en acier peint. Une touche de style chez soi \u00e0 un prix avantageux.<\/p>\n<p>Ce <strong>po\u00eale \u00e0 granul\u00e9s pas cher<\/strong> utilise des <strong>pellets <\/strong>comme source d\u2019\u00e9nergie, ce qui permet de chauffer rapidement et \u00e9conomiquement votre maison. Sa ventilation frontale permet d\u2019atteindre rapidement la temp\u00e9rature souhait\u00e9e.<\/p>\n<h2>Information cl\u00e9s sur le\u00a0Po\u00eale \u00e0 granules ventil\u00e9 &#8211; EVACALOR Rita 9.5 kW<\/h2>\n<ul>\n<li>Rev\u00eatement en acier peint<\/li>\n<li>Foyer en acier inox<\/li>\n<li>Braiser en acier inox<\/li>\n<li>Ventilation frontale<\/li>\n<li>5 puissances de fonctionnement<\/li>\n<li>Afficheur avec menu dans 6 langues<\/li>\n<li>Tiroir \u00e0 cendres amovible pour r\u00e9cup\u00e9ration des cendres<\/li>\n<li>Thermostat de s\u00e9curit\u00e9<\/li>\n<li>Pr\u00e9disposition pour thermostat ext\u00e9rieur<\/li>\n<li>Pressostat de s\u00e9curit\u00e9<\/li>\n<li>Chrono-thermostat<\/li>\n<li>\u00c9vacuation des fum\u00e9es : Arri\u00e8re \/ Sup\u00e9rieur<\/li>\n<li><span style=\"text-decoration: underline; color: #2c9ffd;\"><span style=\"color: #2c9ffd; text-decoration: underline;\">T\u00e9l\u00e9commande<\/span><\/span><span style=\"color: #2c9ffd;\"> : <\/span><span style=\"color: #000000;\"><span style=\"color: #000000;\"><span style=\"color: #000000;\"><span style=\"color: #000000;\">OPTION<\/span><\/span><br \/>\n<\/span><\/span><\/li>\n<li><span style=\"text-decoration: underline; color: #2c9ffd;\"><span style=\"color: #2c9ffd; text-decoration: underline;\">Module W<\/span><span style=\"color: #2c9ffd; text-decoration: underline;\">IFI <\/span><\/span><span style=\"color: #000000;\">: <span style=\"color: #000000;\"><span style=\"color: #000000;\">OPTION<\/span><\/span><br \/>\n<\/span><\/li>\n<\/ul>\n<ul>\n<li>\n<h2>Caract\u00e9ristiques technique sur le Po\u00eale \u00e0 granules ventil\u00e9 &#8211; EVACALOR Rita 9.5 kW<\/h2>\n<\/li>\n<\/ul>\n<ul>\n<li>Puissance brul\u00e9e : Pmin 2.8 kW \/ Pmax 9.5 kW<\/li>\n<li>Puissance nominale : Pmin 2.5 kW \/ Pmax 8 kW<\/li>\n<li>Rendement : min 88 \/ max 90 %<\/li>\n<li>Consommation : de 0.6 \u00e0 2 kg\/h<\/li>\n<li>Distance minimale des surfaces inflammables : c\u00f4t\u00e9 25cm \/ arri\u00e8re 10cm \/ avant 100cm<\/li>\n<li>Volume de chauffe : jusqu&rsquo;\u00e0 200 m3<\/li>\n<li>Dimensions : L 434 x P 506 x H 912 mm<\/li>\n<li>Capacit\u00e9 du r\u00e9servoir : 13.5 kg<\/li>\n<li>Poids : 60 kg<\/li>\n<li>Sortie des fum\u00e9es : 80 mm<\/li>\n<li>Classe \u00e9nerg\u00e9tique : A+<\/li>\n<\/ul>\n<h3>Sch\u00e9ma explicatif du Po\u00eale \u00e0 granules ventil\u00e9 &#8211; EVACALOR Rita 9.5 kW<\/h3>\n<p><img fetchpriority=\"high\" decoding=\"async\" src=\"https:\/\/www.poelediscount.com\/img\/cms\/Sch%C3%A9ma%20technique\/EVA%20CALOR\/Sch%C3%A9ma%20tech%20RITA.png\" alt=\"Sch\u00e9ma technique RITA EvaCalor\" width=\"703\" height=\"497\" \/><\/p>\n<h3>Mode de fonctionnement du <strong>po\u00eale \u00e0 pellets ventil\u00e9 EVA CALOR Rita 9.5 kW <\/strong><\/h3>\n<ul>\n<li>Le syst\u00e8me <span style=\"text-decoration: underline;\">Eco-Stop (StandBy)<\/span> qui permet au <strong>po\u00eale \u00e0 granul\u00e9s<\/strong> de s&rsquo;\u00e9teindre une fois la temp\u00e9rature souhait\u00e9e atteinte et de red\u00e9marrer lorsque celle ci aura diminuer.<\/li>\n<li>Le syst\u00e8me <span style=\"text-decoration: underline;\">Modulation<\/span> qui permet au <strong>po\u00eale \u00e0 granules<\/strong> de fonctionner en continu afin d&rsquo;\u00e9viter les red\u00e9marrages, lorsque la temp\u00e9rature demand\u00e9e est atteinte celui ci va se r\u00e9guler automatiquement afin de diminuer sa puissance au minimum tout en maintenant la temp\u00e9rature.<\/li>\n<li>Le syst\u00e8me <span style=\"text-decoration: underline;\">Programmable<\/span> permettant de d\u00e9marrer et d&rsquo;\u00e9teindre le <strong>po\u00eale<\/strong> \u00e0 un moment pr\u00e9cis de la journ\u00e9e.<\/li>\n<\/ul>\n<h3>Les diff\u00e9rents syst\u00e8mes du <strong>po\u00eale \u00e0 granul\u00e9s ventil\u00e9 EVA CALOR Rita 9.5 kW<\/strong><\/h3>\n<p><span style=\"text-decoration: underline;\">ECODESIGN 2022<\/span> : Ce produit r\u00e9pond aux crit\u00e8res du label EcoDesign 2022 qui \u00e9tablit les normes d&rsquo;un projet \u00e9co-compatible, ses m\u00e9thodes de calculs et d&rsquo;\u00e9valuation dans le but de r\u00e9duire les \u00e9missions dans l&rsquo;atmosph\u00e8re.<\/p>\n<p><strong>\u00c0 propos du fabricant : Eva calor<\/strong> est une entreprise italienne sp\u00e9cialis\u00e9e dans la confection de produits de chauffage domestique. Elle propose une large gamme de po\u00eales \u00e0 granul\u00e9s, inserts \u00e0 pellets et chaudi\u00e8res. \u00c9cologiquement responsable<strong>, Eva Calor<\/strong> fait subir de tests et de contr\u00f4les \u00e0 ses produits afin de garantir la fiabilit\u00e9 et la s\u00e9curit\u00e9.<\/p>\n<ul>\n<li>D\u00e9couvrez plus de produits qui ont des caract\u00e9ristiques similaires au <span style=\"text-decoration: underline; color: #2c9ffd;\"><span style=\"color: #2c9ffd; text-decoration: underline;\">po\u00eale \u00e0 granules ventil\u00e9 9.5 kW<\/span><\/span><\/li>\n<li>Les clients poelediscount.com ont aussi appr\u00e9ci\u00e9s <span style=\"text-decoration: underline; color: #2c9ffd;\"><span style=\"color: #2c9ffd; text-decoration: underline;\">les po\u00eales \u00e0 granules ventil\u00e9<\/span><\/span><\/li>\n<li>Vous aimez la marque EVA CALOR? D\u00e9couvrez nos <span style=\"text-decoration: underline; color: #2c9ffd;\"><span style=\"color: #2c9ffd; text-decoration: underline;\">po\u00eales EVA CALOR<\/span><\/span><\/li>\n<li>Poelediscount.com le leader des<span style=\"text-decoration: underline; color: #2c9ffd;\"> <span style=\"color: #2c9ffd; text-decoration: underline;\">po\u00eales \u00e0 granul\u00e9s pas chers<\/span><\/span><\/li>\n<\/ul>\n<\/div>\n<p>&nbsp;<\/p>\n<div>\n<p><strong><u>Garantie<\/u>\u00a0:\u00a0<\/strong>Nous vous rappelons que pour la garantie, l&rsquo;installation doit \u00eatre conforme au mode d&#8217;emploi (pr\u00e9conisation du fabricant) et doit respecter les normes en vigueur du pays, pour la France DTU 24.1 ou 24.2.<br \/>\nDe plus, comme pour tous les po\u00eales \u00e0 granul\u00e9s, les appareils sont \u00e0 r\u00e9gler en fonction du tirage naturel de l&rsquo;installation choisie.<\/p>\n<\/div>\n<div class=\"row\" style=\"padding-top: 20px;\">\n<div class=\"col-xs-12 col-sm-12 col-md-12 col-lg-4\" style=\"text-align: center; padding: 15px 2px 25px 2px;\">Questions fr\u00e9quentes<\/div>\n<div class=\"col-xs-12 col-sm-12 col-md-12 col-lg-4\" style=\"text-align: center; padding: 15px 2px 25px 2px;\">Quelle puissance choisir ?<\/div>\n<div class=\"col-xs-12 col-sm-12 col-md-12 col-lg-4\" style=\"text-align: center; padding: 15px 2px 25px 2px;\">Livraison<\/div>\n<\/div>\n","protected":false},"excerpt":{"rendered":"<div class=\"fiche-produit\"><\/div>\n<p id=\"product_reference\"><label>R\u00e9f\u00e9rence <\/label><br \/>\n<span class=\"editable\">65590<\/span><\/p>\n<p id=\"product_condition\"><label>\u00c9tat : <\/label><br \/>\n<span class=\"editable\">Neuf<\/span><\/p>\n<p id=\"product_ean13\"><label>Ean13: <\/label><br \/>\n8029728655905<\/p>\n<div id=\"short_description_block\">\n<div id=\"short_description_content\" class=\"rte align_justify\">\n<ul>\n<li>Marque EVA CALOR<\/li>\n<li>Garantie 2 ans pi\u00e8ces<\/li>\n<li>Fabriqu\u00e9 en Italie<\/li>\n<li>Programmable &#8211; Eco-stop (StandBy)<\/li>\n<li>Non \u00e9tanche : Zone 1<\/li>\n<li>EcoDesign 2022<\/li>\n<\/ul>\n<p><strong><span style=\"color: #218e53;\">D\u00e9lai de disponibilit\u00e9 : 5 \u00e0 12 jours<\/span><\/strong><\/p>\n<p><span style=\"text-decoration: underline;\"><strong>LIVRAISON GRATUITE<\/strong><\/span> (Partout en Europe)<\/p>\n<\/div>\n<\/div>\n","protected":false},"featured_media":13425,"comment_status":"open","ping_status":"closed","template":"","meta":[],"product_brand":[],"product_cat":[113],"product_tag":[],"class_list":{"0":"post-13378","1":"product","2":"type-product","3":"status-publish","4":"has-post-thumbnail","6":"product_cat-poeles-granules","8":"first","9":"instock","10":"sale","11":"purchasable","12":"product-type-simple"},"jetpack_sharing_enabled":true,"_links":{"self":[{"href":"https:\/\/troncybois.com\/index.php?rest_route=\/wp\/v2\/product\/13378","targetHints":{"allow":["GET"]}}],"collection":[{"href":"https:\/\/troncybois.com\/index.php?rest_route=\/wp\/v2\/product"}],"about":[{"href":"https:\/\/troncybois.com\/index.php?rest_route=\/wp\/v2\/types\/product"}],"replies":[{"embeddable":true,"href":"https:\/\/troncybois.com\/index.php?rest_route=%2Fwp%2Fv2%2Fcomments&post=13378"}],"version-history":[{"count":1,"href":"https:\/\/troncybois.com\/index.php?rest_route=\/wp\/v2\/product\/13378\/revisions"}],"predecessor-version":[{"id":13430,"href":"https:\/\/troncybois.com\/index.php?rest_route=\/wp\/v2\/product\/13378\/revisions\/13430"}],"wp:featuredmedia":[{"embeddable":true,"href":"https:\/\/troncybois.com\/index.php?rest_route=\/wp\/v2\/media\/13425"}],"wp:attachment":[{"href":"https:\/\/troncybois.com\/index.php?rest_route=%2Fwp%2Fv2%2Fmedia&parent=13378"}],"wp:term":[{"taxonomy":"product_brand","embeddable":true,"href":"https:\/\/troncybois.com\/index.php?rest_route=%2Fwp%2Fv2%2Fproduct_brand&post=13378"},{"taxonomy":"product_cat","embeddable":true,"href":"https:\/\/troncybois.com\/index.php?rest_route=%2Fwp%2Fv2%2Fproduct_cat&post=13378"},{"taxonomy":"product_tag","embeddable":true,"href":"https:\/\/troncybois.com\/index.php?rest_route=%2Fwp%2Fv2%2Fproduct_tag&post=13378"}],"curies":[{"name":"wp","href":"https:\/\/api.w.org\/{rel}","templated":true}]}}