{"id":13324,"date":"2023-05-30T16:06:39","date_gmt":"2023-05-30T14:06:39","guid":{"rendered":"https:\/\/antiquewhite-gerbil-448984.hostingersite.com\/?post_type=product&#038;p=13324"},"modified":"2023-10-28T05:12:26","modified_gmt":"2023-10-28T03:12:26","slug":"poele-a-granules-ventile-etanche-firematic-c9-8-7-kw","status":"publish","type":"product","link":"https:\/\/troncybois.com\/?product=poele-a-granules-ventile-etanche-firematic-c9-8-7-kw","title":{"rendered":"Po\u00eale \u00e0 granul\u00e9s ventil\u00e9 \u00e9tanche &#8211; FIREMATIC C9 8.7 kW"},"content":{"rendered":"<p>Test du po\u00eale \u00e0 granules C9 &#8211; FIREMATIC par conseils thermiques : CLIQUEZ-ICI<\/p>\n<p>Le po\u00eale \u00e0 granules ventil\u00e9 \u00e9tanche C9 de la marque FIREMATIC poss\u00e8de une puissance nominale de 7.9 kW et peut chauffer une pi\u00e8ce jusqu&rsquo;\u00e0 226 m3. Avec son r\u00e9servoir d&rsquo;une capacit\u00e9 de 15 kg et gr\u00e2ce \u00e0 son ventilateur frontal int\u00e9gr\u00e9, ce po\u00eale \u00e0 granul\u00e9s pas cher diffuse la chaleur de fa\u00e7on rapide et homog\u00e8ne.<\/p>\n<p>Ce po\u00eale \u00e0 pellets est \u00e9tanche et permet une installation en sortie ventouse\/fa\u00e7ade, sortie toiture ou en sortie toiture \u00e0 plus de 40cm du fa\u00eetage.<\/p>\n<p>Retrouvez le mod\u00e8le C9 en pack pr\u00eat \u00e0 poser :<\/p>\n<p>PACK Po\u00eale \u00e0 granul\u00e9s C9 FIREMATIC + Kit ventouse Dinak<br \/>\nPACK Po\u00eale \u00e0 granul\u00e9s C9 FIREMATIC + Kit ventouse Dinak + Module Wifi<br \/>\nInformations cl\u00e9s sur le Po\u00eale \u00e0 granules ventil\u00e9 \u00e9tanche &#8211; FIREMATIC C9 8.7 kW<br \/>\nRev\u00eatement en acier<br \/>\nBrasier en fonte<br \/>\nVentilation frontale d&rsquo;air chaud<br \/>\nVitroc\u00e9ramique<br \/>\nPoign\u00e9e amovible<br \/>\nPanneau des commandes digitales 3 touches<br \/>\n5 niveaux de puissances<br \/>\nProgrammable &#8211; STOP&amp;GO<br \/>\nPr\u00e9disposition pour le thermostat ext\u00e9rieur<br \/>\nSortie des fum\u00e9es : Arri\u00e8re \/ Sup\u00e9rieur<br \/>\nT\u00e9l\u00e9commande : OFFERTE<br \/>\nModule WIFI : OPTION<br \/>\nThermostat connect\u00e9\u00a0: OPTION<br \/>\nBougie d&rsquo;allumage suppl\u00e9mentaire\u00a0: OPTION<br \/>\nCaract\u00e9ristiques techniques du Po\u00eale \u00e0 granules ventil\u00e9 \u00e9tanche &#8211; FIREMATIC C9 8.7 kW<br \/>\nSyst\u00e8me de Ventilation Silencieuse (SFS)<br \/>\nSyst\u00e8me de Nettoyage Automatique du Brasier (SEB)<br \/>\nSyst\u00e8me de Nettoyage Simplifi\u00e9 (SNS)<br \/>\nSyst\u00e8me de Double Combustion (SDC)<br \/>\nPuissance brul\u00e9e : 8.74 kW<br \/>\nPuissance nominale : Pmin 3.5 \/ Pmax 7.92 kW<br \/>\nRendement : min 90.6 \/ max 94.3 %<br \/>\nPoids : 65 kg<br \/>\nVentilateur frontal : 1<br \/>\nConsommation : de 0.8 \u00e0 1.8 kg\/h<br \/>\nAutonomie : de 8 h \u00e0 22 h<br \/>\nVolume de chauffe : 226 m3<br \/>\nCapacit\u00e9 du r\u00e9servoir : 15 kg<br \/>\nDimensions : L 440 x P 450 x H 950 mm<br \/>\nDiam\u00e8tre sortie des fum\u00e9es : 80 mm<br \/>\nDiam\u00e8tre entr\u00e9e d&rsquo;air : 40 mm<br \/>\nClasse \u00e9nerg\u00e9tique : A +<br \/>\nDistance minimale des surfaces inflammables : c\u00f4t\u00e9 20cm \/ arri\u00e8re 20cm<br \/>\nSch\u00e9ma explicatif du Po\u00eale \u00e0 granules ventil\u00e9 \u00e9tanche &#8211; FIREMATIC C9 8.7 kW<\/p>\n<p>Mode de fonctionnement du po\u00eale \u00e0 pellets ventil\u00e9 \u00e9tanche &#8211; FIREMATIC C9 8.7 kW<br \/>\nLe syst\u00e8me STOP&amp;GO permet au po\u00eale \u00e0 granul\u00e9s de s&rsquo;\u00e9teindre une fois la temp\u00e9rature souhait\u00e9e atteinte et de red\u00e9marrer automatiquement lorsque celle ci aura diminu\u00e9e.<br \/>\nLe syst\u00e8me Programmable permettant de d\u00e9marrer et d&rsquo;\u00e9teindre le po\u00eale \u00e0 granul\u00e9s \u00e9tanche \u00e0 un moment pr\u00e9cis de la journ\u00e9e.<\/p>\n<p>Il faut savoir que tous les modes peuvent fonctionner ensemble, en m\u00eame temps.<\/p>\n<p>Les diff\u00e9rents syst\u00e8mes de fonctionnement du po\u00eale \u00e0 granul\u00e9s ventil\u00e9 \u00e9tanche &#8211; FIREMATIC C9 8.7 kW<\/p>\n<p>SYST\u00c8ME (SFS) : Les po\u00eale \u00e0 granul\u00e9s \u00e9quip\u00e9s de ce syst\u00e8me ont la particularit\u00e9 d&rsquo;\u00eatre tr\u00e8s silencieux ce qui assure un confort sonore optimal.<\/p>\n<p>SYST\u00c8ME (SEB) : Ce syst\u00e8me permet au brasier de se vider automatiquement dans le bac \u00e0 cendres lorsqu&rsquo;il est plein. Le nettoyage est facilit\u00e9 et rapide.<\/p>\n<p>SYST\u00c8ME (SDC) : Par ce syst\u00e8me, l&rsquo;air secondaire est amen\u00e9 au niveau du brasier ce qui entra\u00eene une seconde combustion des gaz non br\u00fbl\u00e9s lors de la premi\u00e8re. De ce fait, l&rsquo;appareil consume presque toute la quantit\u00e9 de gaz et cela permet d&rsquo;obtenir de meilleurs rendements mais \u00e9galement de r\u00e9duire consid\u00e9rablement les \u00e9missions de C02.<\/p>\n<p>SYST\u00c8ME (SNS) : Syst\u00e8me de nettoyage simplifi\u00e9 et tr\u00e8s accessible pour les entretiens annuels comme r\u00e9guliers.<\/p>\n<p>Les po\u00eales \u00e0 granul\u00e9s FIREMATIC<\/p>\n<p>La marque FIREMATIC a \u00e9t\u00e9 pens\u00e9e et cr\u00e9\u00e9e pour PoeleDiscount pour r\u00e9pondre \u00e0 vos besoins ; uniquement dans le but de r\u00e9pondre aux sp\u00e9cificit\u00e9s techniques du march\u00e9 Fran\u00e7ais et afin que tous nos clients puissent trouver l&rsquo;appareil de chauffage qui r\u00e9ponde le plus possible \u00e0 leurs attentes !<\/p>\n<p>Tous nos mod\u00e8les de po\u00eales \u00e0 granul\u00e9s \u00e9tanches r\u00e9cup\u00e8rent l&rsquo;air ext\u00e9rieur de l&rsquo;habitation et permettent l&rsquo;installation en zone 1 (sortie toiture \u00e0 plus de 40 cm du fa\u00eetage) zone 2 (sortie toiture) ou en zone 3 (ventouse \/ fa\u00e7ade).<\/p>\n<p>Riche de plus de 40 ans d&rsquo;exp\u00e9rience dans la conception d&rsquo;appareils de chauffage, le fabricant auquel nous avons fait appel est l&rsquo;un des plus productif du nord-est de l&rsquo;Italie. Les po\u00eales \u00e0 granul\u00e9s FIREMATIC ont tous \u00e9t\u00e9 test\u00e9s en laboratoire afin de faire valider leurs crit\u00e8res de s\u00e9curit\u00e9, de qualit\u00e9, de performance et de fiabilit\u00e9. Les po\u00eales \u00e0 granul\u00e9s \u00e9tanches FIREMATIC sont vendus en exclusivit\u00e9 sur notre site PoeleDiscount ! N&rsquo;h\u00e9sitez pas \u00e0 nous contacter, nous nous ferons un plaisir de r\u00e9pondre \u00e0 toutes vos questions \u00e0 propos des produits de la marque.<\/p>\n<p>Retrouvez tous les mod\u00e8les de po\u00eales \u00e0 granul\u00e9s pas cher de la marque FIREMATIC<br \/>\nVous cherchez un autre po\u00eale \u00e0 pellets ? Retrouvez d&rsquo;autres po\u00eales \u00e0 granul\u00e9s pas cher \u00e9tanches<br \/>\nPoelediscount.com le leader des po\u00eales \u00e0 granul\u00e9s pas chers<\/p>\n<p>&nbsp;<\/p>\n<p>Garantie\u00a0:\u00a0Nous vous rappelons que pour la garantie, l&rsquo;installation doit \u00eatre conforme au mode d&#8217;emploi (pr\u00e9conisation du fabricant) et doit respecter les normes en vigueur du pays, pour la France DTU 24.1 ou 24.2.<br \/>\nDe plus, comme pour tous les po\u00eales \u00e0 granul\u00e9s, les appareils sont \u00e0 r\u00e9gler en fonction du tirage naturel de l&rsquo;installation choisie.<\/p>\n","protected":false},"excerpt":{"rendered":"<p>R\u00e9f\u00e9rence<br \/>\nTRTR345678987<\/p>\n<p>\u00c9tat :<br \/>\nNeuf<\/p>\n<p>Ean13:<br \/>\n8059174125561<\/p>\n<p>Marque FIREMATIC<br \/>\nGarantie 2 ans pi\u00e8ces<br \/>\nGarantie 5 ans corps de chauffe<br \/>\nFabriqu\u00e9 en Italie<br \/>\nProgrammable &#8211; STOP&amp;GO<br \/>\n\u00c9tanche : Zone 1,2,3<\/p>\n<p><strong><span style=\"color: #218e53;\">D\u00e9lai de disponibilit\u00e9 : 5 \u00e0 12 jours<\/span><\/strong><\/p>\n<p>LIVRAISON GRATUITE\u00a0(Partout en Europe)<\/p>\n","protected":false},"featured_media":13381,"comment_status":"open","ping_status":"closed","template":"","meta":[],"product_brand":[],"product_cat":[114,116,113],"product_tag":[],"class_list":{"0":"post-13324","1":"product","2":"type-product","3":"status-publish","4":"has-post-thumbnail","6":"product_cat-poeles-a-granules-etanches","7":"product_cat-poeles-a-granules-ventiles","8":"product_cat-poeles-granules","10":"first","11":"instock","12":"sale","13":"purchasable","14":"product-type-simple"},"jetpack_sharing_enabled":true,"_links":{"self":[{"href":"https:\/\/troncybois.com\/index.php?rest_route=\/wp\/v2\/product\/13324","targetHints":{"allow":["GET"]}}],"collection":[{"href":"https:\/\/troncybois.com\/index.php?rest_route=\/wp\/v2\/product"}],"about":[{"href":"https:\/\/troncybois.com\/index.php?rest_route=\/wp\/v2\/types\/product"}],"replies":[{"embeddable":true,"href":"https:\/\/troncybois.com\/index.php?rest_route=%2Fwp%2Fv2%2Fcomments&post=13324"}],"version-history":[{"count":1,"href":"https:\/\/troncybois.com\/index.php?rest_route=\/wp\/v2\/product\/13324\/revisions"}],"predecessor-version":[{"id":13393,"href":"https:\/\/troncybois.com\/index.php?rest_route=\/wp\/v2\/product\/13324\/revisions\/13393"}],"wp:featuredmedia":[{"embeddable":true,"href":"https:\/\/troncybois.com\/index.php?rest_route=\/wp\/v2\/media\/13381"}],"wp:attachment":[{"href":"https:\/\/troncybois.com\/index.php?rest_route=%2Fwp%2Fv2%2Fmedia&parent=13324"}],"wp:term":[{"taxonomy":"product_brand","embeddable":true,"href":"https:\/\/troncybois.com\/index.php?rest_route=%2Fwp%2Fv2%2Fproduct_brand&post=13324"},{"taxonomy":"product_cat","embeddable":true,"href":"https:\/\/troncybois.com\/index.php?rest_route=%2Fwp%2Fv2%2Fproduct_cat&post=13324"},{"taxonomy":"product_tag","embeddable":true,"href":"https:\/\/troncybois.com\/index.php?rest_route=%2Fwp%2Fv2%2Fproduct_tag&post=13324"}],"curies":[{"name":"wp","href":"https:\/\/api.w.org\/{rel}","templated":true}]}}