{"id":13281,"date":"2023-05-30T16:05:49","date_gmt":"2023-05-30T14:05:49","guid":{"rendered":"https:\/\/antiquewhite-gerbil-448984.hostingersite.com\/?post_type=product&#038;p=13281"},"modified":"2023-05-31T16:48:48","modified_gmt":"2023-05-31T14:48:48","slug":"poele-a-granules-ventile-arce-micro-6-kw","status":"publish","type":"product","link":"https:\/\/troncybois.com\/?product=poele-a-granules-ventile-arce-micro-6-kw","title":{"rendered":"Po\u00eale \u00e0 granules ventil\u00e9 &#8211; ARCE Micro 6 kW"},"content":{"rendered":"<div class=\"fiche-produit\">\n<p><strong>Le po\u00eale \u00e0 granules ventil\u00e9 Micro <\/strong>poss\u00e8de une puissance nominale de 5.7 kW. Ce petit po\u00eale \u00e0 granul\u00e9s de la marque<strong> ARCE<\/strong> peut chauffer une pi\u00e8ce jusqu&rsquo;\u00e0 140 m3. Avec son r\u00e9servoir d&rsquo;une capacit\u00e9 de 16.5 kg, ce<strong> po\u00eale \u00e0 granul\u00e9s<\/strong> vous promet une chaleur durable. Gr\u00e2ce \u00e0 son ventilateur int\u00e9gr\u00e9 ce po\u00eale diffuse la chaleur de mani\u00e8re homog\u00e8ne pour une meilleure r\u00e9partition de celle-ci. Ce <strong>po\u00eale \u00e0 granules ventil\u00e9<\/strong> permet aussi de diminuer la consommation d&rsquo;\u00e9nergie tout en promettant une chaleur durable et confortable.<\/p>\n<h2>Informations cl\u00e9s sur le Po\u00eale \u00e0 granules ventil\u00e9 &#8211; ARCE Micro 6 kW<\/h2>\n<ul>\n<li>Rev\u00eatement en acier<\/li>\n<li>Brasier en fonte<\/li>\n<li>Porte en fonte<\/li>\n<li>Vitre en verre s\u00e9rigraphi\u00e9e noir<\/li>\n<li>Ventilation frontale<\/li>\n<li>Vitroc\u00e9ramique<\/li>\n<li>Panneau de commande digitale<\/li>\n<li>Sorties des fum\u00e9es : Arri\u00e8re<\/li>\n<\/ul>\n<h2>Caract\u00e9ristiques techniques du Po\u00eale \u00e0 granules ventil\u00e9 &#8211; ARCE Mirco 6 kW<\/h2>\n<ul>\n<li><!--StartFragment-->Puissance br\u00fbl\u00e9e : Pmax 6.5 kW \/ Pmin 3 kW<\/li>\n<li>Puissance nominale :<!--StartFragment--> Pmax 5.7 kW \/ Pmin 2.8 kW<\/li>\n<li><!--EndFragment-->Rendement : 93.7 %<\/li>\n<li>Poids : 90 kg<\/li>\n<li>Consommation : de 0.6 \u00e0 1.3 kg\/h<\/li>\n<li>Volume de chauffe : 140 m3<\/li>\n<li>Capacit\u00e9 du r\u00e9servoir : 16.5 kg<\/li>\n<li>Classe \u00e9nerg\u00e9tique : A+<\/li>\n<li>Diam\u00e8tre sortie des fum\u00e9es : 80 mm<\/li>\n<li>Dimensions : L 485 x P 505 x H 873 mm<\/li>\n<\/ul>\n<h2>Sch\u00e9ma explicatif du Po\u00eale \u00e0 granules ventil\u00e9 &#8211; ARCE Micro 6 kW<\/h2>\n<p><img fetchpriority=\"high\" decoding=\"async\" src=\"https:\/\/www.poelediscount.com\/img\/cms\/micro%20tech.png\" alt=\"\" width=\"778\" height=\"369\" \/><\/p>\n<h3>Mode de fonctionnement du <strong>po\u00eale \u00e0 pellets ventil\u00e9 &#8211; ARCE Micro 6 kW<br \/>\n<\/strong><\/h3>\n<ul>\n<li>Le syst\u00e8me <span style=\"text-decoration: underline;\">Eco-Stop (StandBy)<\/span> qui permet au <strong>po\u00eale \u00e0 granul\u00e9s<\/strong> de s&rsquo;\u00e9teindre une fois la temp\u00e9rature souhait\u00e9e atteinte et de red\u00e9marrer lorsque celle ci aura diminuer.<\/li>\n<li>Le syst\u00e8me <span style=\"text-decoration: underline;\">Modulation<\/span> qui permet au <strong>po\u00eale \u00e0 granul\u00e9s<\/strong> de fonctionner en continu afin d&rsquo;\u00e9viter les red\u00e9marrages, lorsque la temp\u00e9rature demand\u00e9e est atteinte celui ci va se r\u00e9guler automatiquement afin de diminuer sa puissance au minimum tout en maintenant la temp\u00e9rature.<\/li>\n<li>Le syst\u00e8me <span style=\"text-decoration: underline;\">Programmable<\/span> permettant de d\u00e9marrer et d&rsquo;\u00e9teindre l&rsquo;appareil de chauffage \u00e0 un moment pr\u00e9cis de la journ\u00e9e.<\/li>\n<\/ul>\n<p>Il faut savoir que tout les modes peuvent fonctionner ensemble, en m\u00eame temps.<\/p>\n<p><strong>A propos du fabricant : <\/strong>La marque ARCE est sp\u00e9cialis\u00e9e dans la production de diff\u00e9rents produits de chauffage \u00e0 combustibles naturels depuis 1926. Leur m\u00e9thode de travail allant du prototype au produit final est soign\u00e9e ce qui permet \u00e0 la soci\u00e9t\u00e9 de proposer des produits de tr\u00e8s haute qualit\u00e9 \u00e0 petit prix !<strong><br \/>\n<\/strong><\/p>\n<p><!--StartFragment--><\/p>\n<p><!--EndFragment--><\/p>\n<\/div>\n<p>&nbsp;<\/p>\n<div>\n<p><strong><u>Garantie<\/u>\u00a0:\u00a0<\/strong>Nous vous rappelons que pour la garantie, l&rsquo;installation doit \u00eatre conforme au mode d&#8217;emploi (pr\u00e9conisation du fabricant) et doit respecter les normes en vigueur du pays, pour la France DTU 24.1 ou 24.2.<br \/>\nDe plus, comme pour tous les po\u00eales \u00e0 granul\u00e9s, les appareils sont \u00e0 r\u00e9gler en fonction du tirage naturel de l&rsquo;installation choisie.<\/p>\n<\/div>\n<div class=\"row\" style=\"padding-top: 20px;\">\n<div class=\"col-xs-12 col-sm-12 col-md-12 col-lg-4\" style=\"text-align: center; padding: 15px 2px 25px 2px;\">Questions fr\u00e9quentes<\/div>\n<div class=\"col-xs-12 col-sm-12 col-md-12 col-lg-4\" style=\"text-align: center; padding: 15px 2px 25px 2px;\">Quelle puissance choisir ?<\/div>\n<div class=\"col-xs-12 col-sm-12 col-md-12 col-lg-4\" style=\"text-align: center; padding: 15px 2px 25px 2px;\">Livraison<\/div>\n<\/div>\n","protected":false},"excerpt":{"rendered":"<div class=\"fiche-produit\"><\/div>\n<p id=\"product_reference\"><label>R\u00e9f\u00e9rence <\/label><span class=\"editable\">0045000965<\/span><\/p>\n<p id=\"product_condition\"><label>\u00c9tat : <\/label><br \/>\n<span class=\"editable\">Neuf<\/span><\/p>\n<div id=\"short_description_block\">\n<div id=\"short_description_content\" class=\"rte align_justify\">\n<ul>\n<li>Marque ARCE<\/li>\n<li>Fabriqu\u00e9 en Italie<\/li>\n<li>Garantie 2 ans pi\u00e8ces<\/li>\n<li>EcoDesign 2022<\/li>\n<li>Non \u00e9tanche : Zone 1<\/li>\n<\/ul>\n<p><strong><span style=\"color: #218e53;\">D\u00e9lai de disponibilit\u00e9 : 5 \u00e0 12 jours<\/span><\/strong><\/p>\n<p><span style=\"text-decoration: underline;\"><strong>LIVRAISON GRATUITE<\/strong><\/span> (Partout en Europe)<\/p>\n<p id=\"availability_date\" style=\"display: none;\"><span id=\"availability_label\" style=\"color: #d0121a; font-weight: bold; text-transform: uppercase;\"><u>Disponible le<\/u>\u00a0:<\/span><\/p>\n<\/div>\n<\/div>\n","protected":false},"featured_media":13356,"comment_status":"open","ping_status":"closed","template":"","meta":[],"product_brand":[],"product_cat":[113],"product_tag":[],"class_list":{"0":"post-13281","1":"product","2":"type-product","3":"status-publish","4":"has-post-thumbnail","6":"product_cat-poeles-granules","8":"first","9":"instock","10":"sale","11":"purchasable","12":"product-type-simple"},"jetpack_sharing_enabled":true,"_links":{"self":[{"href":"https:\/\/troncybois.com\/index.php?rest_route=\/wp\/v2\/product\/13281","targetHints":{"allow":["GET"]}}],"collection":[{"href":"https:\/\/troncybois.com\/index.php?rest_route=\/wp\/v2\/product"}],"about":[{"href":"https:\/\/troncybois.com\/index.php?rest_route=\/wp\/v2\/types\/product"}],"replies":[{"embeddable":true,"href":"https:\/\/troncybois.com\/index.php?rest_route=%2Fwp%2Fv2%2Fcomments&post=13281"}],"version-history":[{"count":1,"href":"https:\/\/troncybois.com\/index.php?rest_route=\/wp\/v2\/product\/13281\/revisions"}],"predecessor-version":[{"id":13360,"href":"https:\/\/troncybois.com\/index.php?rest_route=\/wp\/v2\/product\/13281\/revisions\/13360"}],"wp:featuredmedia":[{"embeddable":true,"href":"https:\/\/troncybois.com\/index.php?rest_route=\/wp\/v2\/media\/13356"}],"wp:attachment":[{"href":"https:\/\/troncybois.com\/index.php?rest_route=%2Fwp%2Fv2%2Fmedia&parent=13281"}],"wp:term":[{"taxonomy":"product_brand","embeddable":true,"href":"https:\/\/troncybois.com\/index.php?rest_route=%2Fwp%2Fv2%2Fproduct_brand&post=13281"},{"taxonomy":"product_cat","embeddable":true,"href":"https:\/\/troncybois.com\/index.php?rest_route=%2Fwp%2Fv2%2Fproduct_cat&post=13281"},{"taxonomy":"product_tag","embeddable":true,"href":"https:\/\/troncybois.com\/index.php?rest_route=%2Fwp%2Fv2%2Fproduct_tag&post=13281"}],"curies":[{"name":"wp","href":"https:\/\/api.w.org\/{rel}","templated":true}]}}