{"id":13174,"date":"2023-05-30T16:03:58","date_gmt":"2023-05-30T14:03:58","guid":{"rendered":"https:\/\/antiquewhite-gerbil-448984.hostingersite.com\/?post_type=product&#038;p=13174"},"modified":"2023-05-31T16:48:50","modified_gmt":"2023-05-31T14:48:50","slug":"poele-a-granules-ventile-etanche-firematic-c12-11-6-kw","status":"publish","type":"product","link":"https:\/\/troncybois.com\/?product=poele-a-granules-ventile-etanche-firematic-c12-11-6-kw","title":{"rendered":"Po\u00eale \u00e0 granul\u00e9s ventil\u00e9 \u00e9tanche &#8211; FIREMATIC C12 11.6 kW"},"content":{"rendered":"<div class=\"fiche-produit\">\n<p><strong>Le po\u00eale \u00e0 granules ventil\u00e9 \u00e9tanche C12<\/strong> de la marque<strong> FIREMATIC<\/strong> peut chauffer un volume d&rsquo;environ 294 m3. Avec son r\u00e9servoir d&rsquo;une capacit\u00e9 de 20 kg et gr\u00e2ce \u00e0 son ventilateur frontal int\u00e9gr\u00e9, ce <strong>po\u00eale \u00e0 granul\u00e9s pas cher<\/strong> diffuse la chaleur de fa\u00e7on homog\u00e8ne.<\/p>\n<p>Ce <strong>po\u00eale \u00e0 pellets est \u00e9tanche<\/strong> et permet une installation en sortie ventouse\/fa\u00e7ade, sortie toiture ou en sortie toiture \u00e0 plus de 40cm du fa\u00eetage.<\/p>\n<h2>Informations cl\u00e9s sur le Po\u00eale \u00e0 granules ventil\u00e9 \u00e9tanche &#8211; FIREMATIC C12 11.6 kW<\/h2>\n<ul>\n<li>Rev\u00eatement en acier<\/li>\n<li>Brasier en fonte<\/li>\n<li>Ventilation frontale d&rsquo;air chaud<\/li>\n<li>Vitroc\u00e9ramique<\/li>\n<li>Panneau des commandes digitales 3 touches<\/li>\n<li>5 niveaux de puissances<\/li>\n<li>Programmable &#8211; STOP&amp;GO<\/li>\n<li>Pr\u00e9disposition pour le thermostat ext\u00e9rieur<\/li>\n<li>Poign\u00e9e amovible<\/li>\n<li>Sortie des fum\u00e9es : Arri\u00e8re \/ Sup\u00e9rieur<\/li>\n<li>T\u00e9l\u00e9commande : OFFERTE<\/li>\n<li>Module WIFI : OPTION<\/li>\n<li>Thermostat connect\u00e9\u00a0: OPTION<\/li>\n<\/ul>\n<h2>Caract\u00e9ristiques techniques du Po\u00eale \u00e0 granules ventil\u00e9 \u00e9tanche &#8211; FIREMATIC C12 11.6 kW<\/h2>\n<ul>\n<li>Syst\u00e8me de Ventilation Silencieuse (SFS)<\/li>\n<li>Syst\u00e8me de Nettoyage Automatique du Brasier (SEB)<\/li>\n<li>Syst\u00e8me de Nettoyage Simplifi\u00e9 (SNS)<\/li>\n<li>Syst\u00e8me de Double Combustion (SDC)<\/li>\n<li>Puissance brul\u00e9e : 11.6 kW<\/li>\n<li>Puissance nominale : 10.3 kW<\/li>\n<li>Rendement : 94.3 %<\/li>\n<li>Poids : 98 kg<\/li>\n<li>Ventilateur frontal : 1<\/li>\n<li>Volume de chauffe : 294 m3<\/li>\n<li>Capacit\u00e9 du r\u00e9servoir : 20 kg<\/li>\n<li>Consommation : de 1 \u00e0 2.2 kg\/h<\/li>\n<li>Dimensions : L 450 x P 460 x H 1020 mm<\/li>\n<li>Diam\u00e8tre sortie des fum\u00e9es : 80 mm<\/li>\n<li>Diam\u00e8tre entr\u00e9e d&rsquo;air : 40 mm<\/li>\n<li>Classe \u00e9nerg\u00e9tique : A +<\/li>\n<li>Distance minimale des surfaces inflammables : c\u00f4t\u00e9 20cm \/ arri\u00e8re 20cm<\/li>\n<\/ul>\n<h3>Sch\u00e9ma explicatif du Po\u00eale \u00e0 granules ventil\u00e9 \u00e9tanche &#8211; FIREMATIC C12 11.6 kW<\/h3>\n<p><img fetchpriority=\"high\" decoding=\"async\" src=\"https:\/\/www.poelediscount.com\/img\/cms\/TECH%20C12.png\" alt=\"\" width=\"968\" height=\"440\" \/><\/p>\n<h3>Mode de fonctionnement du <strong>po\u00eale \u00e0 pellets ventil\u00e9 <\/strong>\u00e9tanche\u00a0 &#8211; FIREMATIC C12 11.6 kW<\/h3>\n<ul>\n<li>Le syst\u00e8me <span style=\"text-decoration: underline;\">STOP&amp;GO<\/span> permet au <strong>po\u00eale \u00e0 granul\u00e9s<\/strong> de s&rsquo;\u00e9teindre une fois la temp\u00e9rature souhait\u00e9e atteinte et de red\u00e9marrer automatiquement lorsque celle ci aura diminu\u00e9e.<\/li>\n<li>Le syst\u00e8me <span style=\"text-decoration: underline;\">Programmable<\/span> permettant de d\u00e9marrer et d&rsquo;\u00e9teindre le <strong>po\u00eale \u00e0 pellets<\/strong> \u00e0 un moment pr\u00e9cis de la journ\u00e9e.<\/li>\n<\/ul>\n<p>Il faut savoir que tous les modes peuvent fonctionner ensemble, en m\u00eame temps.<\/p>\n<h2>Les diff\u00e9rents syst\u00e8mes de fonctionnement du po\u00eale \u00e0 granul\u00e9s ventil\u00e9 \u00e9tanche canalisable &#8211; FIREMATIC C12 11.6 kW<\/h2>\n<p><strong><strong><span style=\"text-decoration: underline;\">SYST\u00c8ME (SFS)<\/span> :<\/strong> <\/strong>Les po\u00eale \u00e0 granul\u00e9s \u00e9quip\u00e9s de ce syst\u00e8me ont la particularit\u00e9 d&rsquo;\u00eatre tr\u00e8s silencieux ce qui assure un confort sonore optimal.<strong><br \/>\n<\/strong><\/p>\n<p><strong><span style=\"text-decoration: underline;\">SYST\u00c8ME (SEB)<\/span> : <\/strong>Ce syst\u00e8me permet au brasier de se vider automatiquement dans le bac \u00e0 cendres lorsqu&rsquo;il est plein. Le nettoyage est facilit\u00e9 et rapide.<\/p>\n<p><strong><span style=\"text-decoration: underline;\">SYST\u00c8ME (SDC)<\/span> : <\/strong>Par ce syst\u00e8me, l&rsquo;air secondaire est amen\u00e9 au niveau du brasier ce qui entra\u00eene une seconde combustion des gaz non br\u00fbl\u00e9s lors de la premi\u00e8re. De ce fait, l&rsquo;appareil consume presque toute la quantit\u00e9 de gaz et cela permet d&rsquo;obtenir de meilleurs rendements mais \u00e9galement de r\u00e9duire consid\u00e9rablement les \u00e9missions de C02.<\/p>\n<p><strong><span style=\"text-decoration: underline;\">SYST\u00c8ME (SNS)<\/span> : <\/strong>Syst\u00e8me de nettoyage simplifi\u00e9 et tr\u00e8s accessible pour les entretiens annuels comme r\u00e9guliers.<strong><br \/>\n<\/strong><\/p>\n<h3><strong>Les po\u00eales \u00e0 granul\u00e9s FIREMATIC<\/strong><\/h3>\n<p>La marque <strong>FIREMATIC<\/strong> a \u00e9t\u00e9 pens\u00e9e et cr\u00e9\u00e9e pour PoeleDiscount pour r\u00e9pondre \u00e0 vos besoins ; uniquement dans le but de r\u00e9pondre aux sp\u00e9cificit\u00e9s techniques du march\u00e9 Fran\u00e7ais et afin que tous nos clients puissent trouver l&rsquo;appareil de chauffage qui r\u00e9ponde le plus possible \u00e0 leurs attentes !<\/p>\n<p>Tous nos mod\u00e8les de <strong>po\u00eales \u00e0 granul\u00e9s \u00e9tanches <\/strong>r\u00e9cup\u00e8rent l&rsquo;air ext\u00e9rieur de l&rsquo;habitation et permettent l&rsquo;installation en zone 1 (sortie toiture \u00e0 plus de 40 cm du fa\u00eetage) zone 2 (sortie toiture) ou en zone 3 (ventouse \/ fa\u00e7ade).<\/p>\n<p>Riche de plus de 40 ans d&rsquo;exp\u00e9rience dans la conception d&rsquo;appareils de chauffage, le fabricant auquel nous avons fait appel est l&rsquo;un des plus productif du nord-est de l&rsquo;Italie. Les <strong>po\u00eales \u00e0 granul\u00e9s<\/strong> FIREMATIC ont tous \u00e9t\u00e9 test\u00e9s en laboratoire afin de faire valider leurs crit\u00e8res de s\u00e9curit\u00e9, de qualit\u00e9, de performance et de fiabilit\u00e9. Les <strong>po\u00eales \u00e0 granul\u00e9s \u00e9tanches FIREMATIC<\/strong> sont vendus en exclusivit\u00e9 sur notre site PoeleDiscount ! N&rsquo;h\u00e9sitez pas \u00e0 nous contacter, nous nous ferons un plaisir de r\u00e9pondre \u00e0 toutes vos questions \u00e0 propos des produits de la marque.<\/p>\n<\/div>\n<p>&nbsp;<\/p>\n<div>\n<p><strong><u>Garantie<\/u>\u00a0:\u00a0<\/strong>Nous vous rappelons que pour la garantie, l&rsquo;installation doit \u00eatre conforme au mode d&#8217;emploi (pr\u00e9conisation du fabricant) et doit respecter les normes en vigueur du pays, pour la France DTU 24.1 ou 24.2.<br \/>\nDe plus, comme pour tous les po\u00eales \u00e0 granul\u00e9s, les appareils sont \u00e0 r\u00e9gler en fonction du tirage naturel de l&rsquo;installation choisie.<\/p>\n<\/div>\n<div class=\"row\" style=\"padding-top: 20px;\">\n<div class=\"col-xs-12 col-sm-12 col-md-12 col-lg-4\" style=\"text-align: center; padding: 15px 2px 25px 2px;\">Questions fr\u00e9quentes<\/div>\n<div class=\"col-xs-12 col-sm-12 col-md-12 col-lg-4\" style=\"text-align: center; padding: 15px 2px 25px 2px;\">Quelle puissance choisir ?<\/div>\n<div class=\"col-xs-12 col-sm-12 col-md-12 col-lg-4\" style=\"text-align: center; padding: 15px 2px 25px 2px;\">Livraison<\/div>\n<\/div>\n","protected":false},"excerpt":{"rendered":"<p id=\"product_reference\"><label>R\u00e9f\u00e9rence <\/label><br \/>\n<span class=\"editable\">C123011<\/span><\/p>\n<p id=\"product_condition\"><label>\u00c9tat : <\/label><br \/>\n<span class=\"editable\">Neuf<\/span><\/p>\n<p id=\"product_ean13\"><label>Ean13: <\/label><br \/>\n8059174125592<\/p>\n<div id=\"short_description_block\">\n<div id=\"short_description_content\" class=\"rte align_justify\">\n<ul>\n<li>Marque FIREMATIC<\/li>\n<li>Garantie 2 ans pi\u00e8ces<\/li>\n<li>Garantie 5 ans corps de chauffe<\/li>\n<li>Fabriqu\u00e9 en Italie<\/li>\n<li>Programmable &#8211; STOP&amp;GO<\/li>\n<li>\u00c9tanche : Zone 1,2,3<\/li>\n<\/ul>\n<p><strong><span style=\"color: #218e53;\">LIVRAISON SOUS 5 \u00e0 12 jours (jours ouvr\u00e9s)<\/span> <\/strong><\/p>\n<p><span style=\"text-decoration: underline;\"><strong>LIVRAISON GRATUITE<\/strong><\/span> (Partout en Europe)<\/p>\n<p id=\"availability_date\" style=\"display: none;\"><span id=\"availability_label\" style=\"color: #d0121a; font-weight: bold; text-transform: uppercase;\"><u>Disponible le<\/u>\u00a0:<\/span><\/p>\n<\/div>\n<\/div>\n","protected":false},"featured_media":13238,"comment_status":"open","ping_status":"closed","template":"","meta":[],"product_brand":[],"product_cat":[113],"product_tag":[],"class_list":{"0":"post-13174","1":"product","2":"type-product","3":"status-publish","4":"has-post-thumbnail","6":"product_cat-poeles-granules","8":"first","9":"instock","10":"sale","11":"purchasable","12":"product-type-simple"},"jetpack_sharing_enabled":true,"_links":{"self":[{"href":"https:\/\/troncybois.com\/index.php?rest_route=\/wp\/v2\/product\/13174","targetHints":{"allow":["GET"]}}],"collection":[{"href":"https:\/\/troncybois.com\/index.php?rest_route=\/wp\/v2\/product"}],"about":[{"href":"https:\/\/troncybois.com\/index.php?rest_route=\/wp\/v2\/types\/product"}],"replies":[{"embeddable":true,"href":"https:\/\/troncybois.com\/index.php?rest_route=%2Fwp%2Fv2%2Fcomments&post=13174"}],"version-history":[{"count":1,"href":"https:\/\/troncybois.com\/index.php?rest_route=\/wp\/v2\/product\/13174\/revisions"}],"predecessor-version":[{"id":13251,"href":"https:\/\/troncybois.com\/index.php?rest_route=\/wp\/v2\/product\/13174\/revisions\/13251"}],"wp:featuredmedia":[{"embeddable":true,"href":"https:\/\/troncybois.com\/index.php?rest_route=\/wp\/v2\/media\/13238"}],"wp:attachment":[{"href":"https:\/\/troncybois.com\/index.php?rest_route=%2Fwp%2Fv2%2Fmedia&parent=13174"}],"wp:term":[{"taxonomy":"product_brand","embeddable":true,"href":"https:\/\/troncybois.com\/index.php?rest_route=%2Fwp%2Fv2%2Fproduct_brand&post=13174"},{"taxonomy":"product_cat","embeddable":true,"href":"https:\/\/troncybois.com\/index.php?rest_route=%2Fwp%2Fv2%2Fproduct_cat&post=13174"},{"taxonomy":"product_tag","embeddable":true,"href":"https:\/\/troncybois.com\/index.php?rest_route=%2Fwp%2Fv2%2Fproduct_tag&post=13174"}],"curies":[{"name":"wp","href":"https:\/\/api.w.org\/{rel}","templated":true}]}}