{"id":13152,"date":"2023-05-30T16:03:35","date_gmt":"2023-05-30T14:03:35","guid":{"rendered":"https:\/\/antiquewhite-gerbil-448984.hostingersite.com\/?post_type=product&#038;p=13152"},"modified":"2023-05-31T16:48:50","modified_gmt":"2023-05-31T14:48:50","slug":"poele-a-granules-ventile-etanche-evacalor-nora-7-5-kw","status":"publish","type":"product","link":"https:\/\/troncybois.com\/?product=poele-a-granules-ventile-etanche-evacalor-nora-7-5-kw","title":{"rendered":"Po\u00eale \u00e0 granules ventil\u00e9 \u00e9tanche &#8211; EVACALOR Nora 7.5 kw"},"content":{"rendered":"<div class=\"fiche-produit\">\n<p><strong>Le po\u00eale \u00e0 granules ventil\u00e9 \u00e9tanche Nora 7.5 kW<\/strong> pas cher de la marque<strong> EVA CALOR<\/strong> peut chauffer une pi\u00e8ce jusqu&rsquo;\u00e0 160m3. Avec son r\u00e9servoir d&rsquo;une capacit\u00e9 de 13.5kg, c<strong>e po\u00eale \u00e0 granules<\/strong> vous promet une chaleur durable. Ce <strong>po\u00eale<\/strong> utilise des <strong>granul\u00e9s de bois<\/strong> comme source d\u2019\u00e9nergie, ce qui permet de chauffer rapidement et rentablement une pi\u00e8ce. Dispos\u00e9 dans le r\u00e9servoir \u00e0 <strong>pellets<\/strong>, ce moyen de chauffe permet une combustion plus lente. Gr\u00e2ce \u00e0 son <strong>ventilateur<\/strong> int\u00e9gr\u00e9 ce po\u00eale diffuse la chaleur de mani\u00e8re homog\u00e8ne pour une meilleure r\u00e9partition de celle-ci. Cette <strong>ventilation<\/strong> permet d\u2019atteindre rapidement la temp\u00e9rature souhait\u00e9e. Ce <strong>po\u00eale \u00e0 granules<\/strong> ventil\u00e9 permet aussi de diminuer la consommation d&rsquo;\u00e9nergie tout en promettant une chaleur durable et confortable.<br \/>\nContrairement aux autres mod\u00e8les de po\u00eales, le <strong>po\u00eale \u00e0 granul\u00e9s \u00e9tanche<\/strong> r\u00e9cup\u00e8re l\u2019air ext\u00e9rieur de votre habitat et n\u2019interf\u00e8re donc pas avec l\u2019air int\u00e9rieur. Son <strong>\u00e9tanch\u00e9it\u00e9<\/strong> permet de r\u00e9duire les \u00e9missions de poussi\u00e8re de combustion tout en pr\u00e9servant la qualit\u00e9 de l\u2019air int\u00e9rieur afin de ne constater aucune d\u00e9perdition de chaleur ni aucune fuite d\u2019air. Vous pouvez l\u2019installer dans les zones 1 (sortie 40 cm au dessus du toit), 2 (sortie toiture) ou 3 (sortie fa\u00e7ade, ventouse).<br \/>\nUn <strong>po\u00eale \u00e0 granules<\/strong> qui allie judicieusement consommation, puissance, \u00e9tanch\u00e9it\u00e9 et rendement. Le mod\u00e8le Nora avec son design \u00e9pur\u00e9 tout en m\u00e9tal et une sortie des fum\u00e9es sur le dessus ou \u00e0 l&rsquo;arri\u00e8re, est la solution pour n&rsquo;importe quel espace m\u00eame le plus r\u00e9duit.<\/p>\n<h2>Informations cl\u00e9s sur le Po\u00eale \u00e0 granules ventil\u00e9 \u00e9tanche EVA CALOR Nora 7.5 kw<\/h2>\n<ul>\n<li>Rev\u00eatement en acier fa\u00e7onn\u00e9 et fini \u00e0 la main<\/li>\n<li>Fa\u00e7ade porte en verre s\u00e9rigraphi\u00e9 noir<\/li>\n<li>Ventilation forc\u00e9e<\/li>\n<li>5 puissances de fonctionnement<\/li>\n<li>Afficheur avec menu dans 6 langues<\/li>\n<li>Tiroir \u00e0 cendres amovible pour r\u00e9cup\u00e9ration de cendres<\/li>\n<li>Po\u00eale herm\u00e9tique<\/li>\n<li>Poign\u00e9e amovible<\/li>\n<li>\u00c9vacuation des fum\u00e9es vers le haut &#8211; vers l\u2019arri\u00e8re<\/li>\n<li>Thermostat de s\u00e9curit\u00e9<\/li>\n<li>Pr\u00e9disposition pour thermostat ext\u00e9rieur<\/li>\n<li>Pressostat de s\u00e9curit\u00e9<\/li>\n<li>Chrono thermostat<\/li>\n<li>Chambre de combustion en acier<\/li>\n<li>Chrono thermostat<\/li>\n<li>Display 6 touches LED<\/li>\n<li>T\u00e9l\u00e9commande pour po\u00eale \u00e0 granules EVACALOR : En option<\/li>\n<li>Module Wifi pour po\u00eale \u00e0 granules EVACALOR : En option<\/li>\n<li>Thermostat connect\u00e9 pour po\u00eale \u00e0 granules EVACALOR : En option<\/li>\n<li>Kits de fumisterie pour po\u00eale \u00e0 granul\u00e9s ventil\u00e9 \u00e9tanche EVACALOR Nora 7.5 kW : En option<\/li>\n<li>Pi\u00e8ces d\u00e9tach\u00e9es pour po\u00eale \u00e0 granules ventil\u00e9 \u00e9tanche EVACALOR Nora 7.5 kW : En option<\/li>\n<\/ul>\n<h2>Caract\u00e9ristiques techniques du Po\u00eale \u00e0 granules ventil\u00e9 \u00e9tanche EVA CALOR Nora 7.5 kw<\/h2>\n<ul>\n<li>Puissance brul\u00e9: Pmax 7,6 kW \u2013 Pmin 2,9 kW<\/li>\n<li>Puissance nominale: Pmax 6,5 kW \u2013 Pmin 2,7 kW<\/li>\n<li>Rendement: Pmax 89,0% \u2013 Pmin 94,0%<\/li>\n<li>CO \u00e9missions \u00e0 13% O2: Pmax 0,005% \u2013 Pmin 0,022%<\/li>\n<li>Consommation de pellets: Pmax 1,6 kg\/h \u2013 Pmin 0,6 kg\/h<\/li>\n<li>Classe d\u2019efficacit\u00e9 \u00e9nerg\u00e9tique: A+<\/li>\n<li>Capacit\u00e9 du r\u00e9servoir: 13,5 kg<\/li>\n<li>Volume de chauffe : 70 \u2013 160 mc<\/li>\n<li>Tension \/ Fr\u00e9quence: 230 V \/ 50 Hz<\/li>\n<li>Puissance nominale \u00e9lectrique: 350 W<\/li>\n<li>Mesures: L 44,9 x P 51,7 x H 97,4 cm<\/li>\n<li>Poids: 68 kg<\/li>\n<li>Distance minimale des surfaces inflammables: c\u00f4t\u00e9: 20 cm &#8211; arri\u00e8re: 15 cm &#8211; avant: 100 cm<\/li>\n<li>Est conforme aux: EN14785 &#8211; BImSchV II &#8211; LRV\/VKF<\/li>\n<\/ul>\n<h3>Sch\u00e9ma explicatif du Po\u00eale \u00e0 granules ventil\u00e9 \u00e9tanche EVA CALOR Nora 7.5 kw<\/h3>\n<p><img fetchpriority=\"high\" decoding=\"async\" src=\"https:\/\/www.poelediscount.com\/img\/cms\/Sch%C3%A9ma%20technique\/Nora.png\" alt=\"\" width=\"587\" height=\"511\" \/><\/p>\n<h3>Mode de fonctionnement du <strong>po\u00eale \u00e0 pellets ventil\u00e9 <\/strong>\u00e9tanche EVA CALOR Nora 7.5 kw<\/h3>\n<ul>\n<li>Le syst\u00e8me <span style=\"text-decoration: underline;\">Eco-Stop (StandBy)<\/span> qui permet au <strong>po\u00eale \u00e0 granul\u00e9s<\/strong> de s&rsquo;\u00e9teindre une fois la temp\u00e9rature souhait\u00e9e atteinte et de red\u00e9marrer lorsque celle ci aura diminuer.<\/li>\n<li>Le syst\u00e8me <span style=\"text-decoration: underline;\">Modulation<\/span> qui permet au <strong>po\u00eale \u00e0 granules<\/strong> de fonctionner en continu afin d&rsquo;\u00e9viter les red\u00e9marrages, lorsque la temp\u00e9rature demand\u00e9e est atteinte celui ci va se r\u00e9guler automatiquement afin de diminuer sa puissance au minimum tout en maintenant la temp\u00e9rature.<\/li>\n<li>Le syst\u00e8me <span style=\"text-decoration: underline;\">Programmable<\/span> permettant de d\u00e9marrer et d&rsquo;\u00e9teindre le <strong>po\u00eale<\/strong> \u00e0 un moment pr\u00e9cis de la journ\u00e9e.<\/li>\n<\/ul>\n<p>Il faut savoir que tout les modes peuvent fonctionner ensemble, en m\u00eame temps.<\/p>\n<h3>Les diff\u00e9rents syst\u00e8mes du <strong>po\u00eale \u00e0 granul\u00e9s ventil\u00e9<\/strong> \u00e9tanche\u00a0 EVA CALOR Nora 7.5 kw<\/h3>\n<p><span style=\"text-decoration: underline;\">ECODESIGN 2022<\/span><br \/>\nCe produit r\u00e9pond aux crit\u00e8res du label Ecodesign 2022 qui \u00e9tablit les normes d&rsquo;un projet \u00e9co-compatible, ses m\u00e9thodes de calculs et d&rsquo;\u00e9valuation dans le but de r\u00e9duire les \u00e9missions dans l&rsquo;atmosph\u00e8re.<\/p>\n<p><span style=\"text-decoration: underline;\">CLASSIFICATION ENVIRONNEMENTALE<\/span><br \/>\nLe produit est conforme aux normatives environnementales les plus strictes et classifi\u00e9 4 \u00e9toiles.<\/p>\n<p><span style=\"text-decoration: underline;\">SHS<\/span><br \/>\nLe symbole SHS identifie les po\u00eales dot\u00e9s d&rsquo;un syst\u00e8me de combustion herm\u00e9tique. Avec ce syst\u00e8me, l&rsquo;air n\u00e9cessaire \u00e0 la combustion n\u2019est pas pr\u00e9lev\u00e9 dans la pi\u00e8ce o\u00f9 est install\u00e9 le po\u00eale. Cette fonction non seulement offre de meilleures performances et optimise la diffusion de la chaleur, mais renforce \u00e9galement la s\u00e9curit\u00e9 d&rsquo;utilisation du po\u00eale, qui peut donc \u00eatre install\u00e9 dans une chambre \u00e0 coucher, un studio ou une salle de bain.<\/p>\n<p><span style=\"text-decoration: underline;\">SHU<\/span><br \/>\nLe symbole SHU indique que le po\u00eale est pourvu d\u2019une poign\u00e9e amovible. C\u2019est une pr\u00e9caution de s\u00e9curit\u00e9 pour \u00e9viter l\u2019ouverture accidentelle et\/ou involontaire de la porte du foyer.<\/p>\n<p>L\u2019entreprise italienne <strong>Eva calor<\/strong> est sp\u00e9cialis\u00e9 dans la production de po\u00eale, chaudi\u00e8re, insert, cuisini\u00e8re\u2026 Elle propose \u00e0 ses clients des produits adapt\u00e9s \u00e0 tout types de besoin et m\u00eame des articles avec des caract\u00e9ristiques sp\u00e9cifique.<\/p>\n<p>Retrouvez ici nos po\u00eales \u00e0 granules \u00e9tanches<\/p>\n<p>Vous aimez la marque EVA CALOR? D\u00e9couvrez nos po\u00eales \u00e0 granul\u00e9s EVA CALOR<\/p>\n<p>Poelediscount.com le leader des po\u00eales \u00e0 granul\u00e9s pas chers<\/p>\n<\/div>\n<p>&nbsp;<\/p>\n<div>\n<p><strong><u>Garantie<\/u>\u00a0:\u00a0<\/strong>Nous vous rappelons que pour la garantie, l&rsquo;installation doit \u00eatre conforme au mode d&#8217;emploi (pr\u00e9conisation du fabricant) et doit respecter les normes en vigueur du pays, pour la France DTU 24.1 ou 24.2.<br \/>\nDe plus, comme pour tous les po\u00eales \u00e0 granul\u00e9s, les appareils sont \u00e0 r\u00e9gler en fonction du tirage naturel de l&rsquo;installation choisie.<\/p>\n<\/div>\n<div class=\"row\" style=\"padding-top: 20px;\">\n<div class=\"col-xs-12 col-sm-12 col-md-12 col-lg-4\" style=\"text-align: center; padding: 15px 2px 25px 2px;\">Questions fr\u00e9quentes<\/div>\n<div class=\"col-xs-12 col-sm-12 col-md-12 col-lg-4\" style=\"text-align: center; padding: 15px 2px 25px 2px;\">Quelle puissance choisir ?<\/div>\n<div class=\"col-xs-12 col-sm-12 col-md-12 col-lg-4\" style=\"text-align: center; padding: 15px 2px 25px 2px;\">Livraison<\/div>\n<\/div>\n","protected":false},"excerpt":{"rendered":"<p id=\"product_reference\"><label>R\u00e9f\u00e9rence <\/label><br \/>\n<span class=\"editable\">41254BN<\/span><\/p>\n<p id=\"product_condition\"><label>\u00c9tat : <\/label><br \/>\n<span class=\"editable\">Neuf<\/span><\/p>\n<p id=\"product_ean13\"><label>Ean13: <\/label><br \/>\n8029728013019<\/p>\n<div id=\"short_description_block\">\n<div id=\"short_description_content\" class=\"rte align_justify\">\n<ul>\n<li>Marque EVA CALOR<\/li>\n<li>Garantie 2 ans pi\u00e8ces<\/li>\n<li>Fabriqu\u00e9 en Italie<\/li>\n<li>Programmable &#8211; Eco-stop (StandBy)<\/li>\n<li>Po\u00eale \u00e0 granules ventil\u00e9 \u00e9tanche zone 1, 2, 3<\/li>\n<li>\u00c9quivalence Flamme Verte 6*<\/li>\n<\/ul>\n<p><strong><span style=\"color: #218e53;\">D\u00e9lai de disponibilit\u00e9 : 5 \u00e0 12 jours<\/span><\/strong><\/p>\n<p><span style=\"text-decoration: underline;\"><strong>LIVRAISON GRATUITE<\/strong><\/span> (Partout en Europe)<\/p>\n<p id=\"availability_date\" style=\"display: none;\"><span id=\"availability_label\" style=\"color: #d0121a; font-weight: bold; text-transform: uppercase;\"><u>Disponible le<\/u>\u00a0:<\/span><\/p>\n<\/div>\n<\/div>\n","protected":false},"featured_media":13220,"comment_status":"open","ping_status":"closed","template":"","meta":[],"product_brand":[],"product_cat":[113],"product_tag":[],"class_list":{"0":"post-13152","1":"product","2":"type-product","3":"status-publish","4":"has-post-thumbnail","6":"product_cat-poeles-granules","8":"first","9":"instock","10":"sale","11":"purchasable","12":"product-type-simple"},"jetpack_sharing_enabled":true,"_links":{"self":[{"href":"https:\/\/troncybois.com\/index.php?rest_route=\/wp\/v2\/product\/13152","targetHints":{"allow":["GET"]}}],"collection":[{"href":"https:\/\/troncybois.com\/index.php?rest_route=\/wp\/v2\/product"}],"about":[{"href":"https:\/\/troncybois.com\/index.php?rest_route=\/wp\/v2\/types\/product"}],"replies":[{"embeddable":true,"href":"https:\/\/troncybois.com\/index.php?rest_route=%2Fwp%2Fv2%2Fcomments&post=13152"}],"version-history":[{"count":1,"href":"https:\/\/troncybois.com\/index.php?rest_route=\/wp\/v2\/product\/13152\/revisions"}],"predecessor-version":[{"id":13231,"href":"https:\/\/troncybois.com\/index.php?rest_route=\/wp\/v2\/product\/13152\/revisions\/13231"}],"wp:featuredmedia":[{"embeddable":true,"href":"https:\/\/troncybois.com\/index.php?rest_route=\/wp\/v2\/media\/13220"}],"wp:attachment":[{"href":"https:\/\/troncybois.com\/index.php?rest_route=%2Fwp%2Fv2%2Fmedia&parent=13152"}],"wp:term":[{"taxonomy":"product_brand","embeddable":true,"href":"https:\/\/troncybois.com\/index.php?rest_route=%2Fwp%2Fv2%2Fproduct_brand&post=13152"},{"taxonomy":"product_cat","embeddable":true,"href":"https:\/\/troncybois.com\/index.php?rest_route=%2Fwp%2Fv2%2Fproduct_cat&post=13152"},{"taxonomy":"product_tag","embeddable":true,"href":"https:\/\/troncybois.com\/index.php?rest_route=%2Fwp%2Fv2%2Fproduct_tag&post=13152"}],"curies":[{"name":"wp","href":"https:\/\/api.w.org\/{rel}","templated":true}]}}