{"id":12999,"date":"2023-05-30T16:00:48","date_gmt":"2023-05-30T14:00:48","guid":{"rendered":"https:\/\/antiquewhite-gerbil-448984.hostingersite.com\/?post_type=product&#038;p=12999"},"modified":"2023-05-31T16:48:52","modified_gmt":"2023-05-31T14:48:52","slug":"poele-a-granules-ceramique-ventile-evacalor-alina-9-5-kw","status":"publish","type":"product","link":"https:\/\/troncybois.com\/?product=poele-a-granules-ceramique-ventile-evacalor-alina-9-5-kw","title":{"rendered":"Po\u00eale \u00e0 granules c\u00e9ramique ventil\u00e9 &#8211; EVACALOR Alina 9.5 kW"},"content":{"rendered":"<div class=\"fiche-produit\">\n<p><strong>Le po\u00eale \u00e0 granules ventil\u00e9 en c\u00e9ramique Alina<\/strong> poss\u00e8de une puissance nominale de 8 kW ce qui lui permets de chauffer environ entre 140 et 200 m3. Cet magnifique <strong>po\u00eale \u00e0 granul\u00e9s en c\u00e9ramique <\/strong>chauffera rapidement de fa\u00e7on homog\u00e8ne la pi\u00e8ce dans laquelle il se situe gr\u00e2ce \u00e0 son ventilateur frontal.<\/p>\n<p>Cet appareil de chauffage poss\u00e8de un rev\u00eatement en c\u00e9ramique, mat\u00e9riau connu pour accumuler la chaleur produite par le <strong>po\u00eale \u00e0 granul\u00e9s<\/strong> afin de la restituer sur une plus longue p\u00e9riode apr\u00e8s l&rsquo;extinction du feu.<\/p>\n<h2>Informations cl\u00e9s sur le Po\u00eale \u00e0 granules ventil\u00e9 c\u00e9ramique &#8211; EVACALOR Alina 9.5 kW<\/h2>\n<ul>\n<li>Rev\u00eatement en c\u00e9ramique<\/li>\n<li>Foyer en acier inox<\/li>\n<li>Braiser en acier inox<\/li>\n<li>Ventilation forc\u00e9e<\/li>\n<li>5 puissances de fonctionnement<\/li>\n<li>Afficheur avec menu dans 6 langues<\/li>\n<li>Tiroir \u00e0 cendres amovible pour r\u00e9cup\u00e9ration de cendres<\/li>\n<li>Poign\u00e9e amovible<\/li>\n<li>Thermostat de s\u00e9curit\u00e9<\/li>\n<li>Pr\u00e9disposition pour thermostat ext\u00e9rieur<\/li>\n<li>Pressostat de s\u00e9curit\u00e9<\/li>\n<li>Chrono-thermostat<\/li>\n<li>Display 6 touches LED<\/li>\n<li>\u00c9vacuation des fum\u00e9es : Arri\u00e8re \/ Sup\u00e9rieur<\/li>\n<li>T\u00e9l\u00e9commande : OPTION<\/li>\n<li>Module WIFI : OPTION<\/li>\n<li>Thermostat connect\u00e9 : OPTION<\/li>\n<\/ul>\n<h2>Caract\u00e9ristiques techniques du Po\u00eale \u00e0 granules ventil\u00e9 c\u00e9ramique &#8211; EVACALOR Alina 9.5 kW<\/h2>\n<ul>\n<li>Puissance brul\u00e9e : Pmin 2.8 kW \/ Pmax 9.5 kW<\/li>\n<li>Puissance nominale : Pmin 2.5 kW \/ Pmax 8 kW<\/li>\n<li>Rendement : min 88 \/ max 90 %<\/li>\n<li>Consommation de pellets : de 0.6 \u00e0 2 kg\/h<\/li>\n<li>Capacit\u00e9 du r\u00e9servoir : 13.5 kg<\/li>\n<li>Volume de chauffe : jusqu&rsquo;\u00e0 200 m3<\/li>\n<li>Distance des surfaces inflammables : c\u00f4t\u00e9 25 cm \/ arri\u00e8re 10 cm \/ avant 100 cm<\/li>\n<li>Dimensions : L 547 x P 522 x H 932 mm<\/li>\n<li>Poids : 105 kg<\/li>\n<li>Sortie des fum\u00e9es : 80 mm<\/li>\n<li>Classe \u00e9nerg\u00e9tique : A+<\/li>\n<\/ul>\n<h3>Sch\u00e9ma explicatif du Po\u00eale \u00e0 granules ventil\u00e9 c\u00e9ramique &#8211; EVACALOR Alina 9.5 kW<\/h3>\n<p><img fetchpriority=\"high\" decoding=\"async\" src=\"https:\/\/www.poelediscount.com\/img\/cms\/Sch%C3%A9ma%20technique\/EVA%20CALOR\/SCHEMA%20TECH%20ALINA.png\" alt=\"Sch\u00e9ma technique ALINA Eva Calor\" width=\"703\" height=\"476\" \/><\/p>\n<h3>Mode de fonctionnement du <strong>po\u00eale \u00e0 pellets ventil\u00e9 c\u00e9ramique &#8211; EVACALOR Alina 9.5 kW<\/strong><\/h3>\n<ul>\n<li>Le syst\u00e8me <span style=\"text-decoration: underline;\">Eco-Stop (StandBy)<\/span> qui permet au <strong>po\u00eale \u00e0 granul\u00e9s<\/strong> de s&rsquo;\u00e9teindre une fois la temp\u00e9rature souhait\u00e9e atteinte et de red\u00e9marrer lorsque celle ci aura diminuer.<\/li>\n<li>Le syst\u00e8me <span style=\"text-decoration: underline;\">Modulation<\/span> qui permet au <strong>po\u00eale \u00e0 granules<\/strong> de fonctionner en continu afin d&rsquo;\u00e9viter les red\u00e9marrages, lorsque la temp\u00e9rature demand\u00e9e est atteinte celui ci va se r\u00e9guler automatiquement afin de diminuer sa puissance au minimum tout en maintenant la temp\u00e9rature.<\/li>\n<li>Le syst\u00e8me <span style=\"text-decoration: underline;\">Programmable<\/span> permettant de d\u00e9marrer et d&rsquo;\u00e9teindre le <strong>po\u00eale<\/strong> \u00e0 un moment pr\u00e9cis de la journ\u00e9e.<\/li>\n<\/ul>\n<p>Il faut savoir que tout les modes peuvent fonctionner ensemble, en m\u00eame temps.<\/p>\n<h3>Les diff\u00e9rents syst\u00e8mes du <strong>po\u00eale \u00e0 granul\u00e9s ventil\u00e9 c\u00e9ramique &#8211; EVA CALOR Alina 9.5 kW<\/strong><\/h3>\n<p><span style=\"text-decoration: underline;\">ECODESIGN 2022<\/span> : Ce produit r\u00e9pond aux crit\u00e8res du label EcoDesign 2022 qui \u00e9tablit les normes d&rsquo;un projet \u00e9co-compatible, ses m\u00e9thodes de calculs et d&rsquo;\u00e9valuation dans le but de r\u00e9duire les \u00e9missions dans l&rsquo;atmosph\u00e8re.<\/p>\n<p><span style=\"text-decoration: underline;\">SHU<\/span> : Le symbole SHU indique que le po\u00eale est pourvu d\u2019une poign\u00e9e amovible. C\u2019est une pr\u00e9caution de s\u00e9curit\u00e9 pour \u00e9viter l\u2019ouverture accidentelle et\/ou involontaire de la porte du foyer.<\/p>\n<h2>Pourquoi choisir un po\u00eale \u00e0 granul\u00e9s 9.5 kW ?<\/h2>\n<p>Un\u00a0po\u00eale \u00e0 granul\u00e9s 9 kW pourra vous permettre de chauffer entre 50 m2 et 135 m2. Un \u00e9cart \u00e9norme qui d\u00e9pendra de l&rsquo;isolation de votre maison, de votre situation g\u00e9ographique&#8230;etc.<\/p>\n<p>Ce type d&rsquo;appareil de chauffage, vous permettra de programmer vos heures de chauffe, et gr\u00e2ce \u00e0 un module wifi (souvent en option) il vous sera possible de piloter votre <strong>po\u00eale \u00e0 granul\u00e9s 9 kW<\/strong> et d&rsquo;afficher en temps r\u00e9el les alertes \u00e0 distance. Si vous souhaitez plus d&rsquo;autonomie, tout en gardant une belle flamme dans votre s\u00e9jour, un <strong>po\u00eale \u00e0 granul\u00e9s 9 kW<\/strong> est l&rsquo;appareil qui saura combler toutes vos attentes.<\/p>\n<p><strong>\u00c0 propos du fabricant : Eva calor<\/strong> est une entreprise italienne sp\u00e9cialis\u00e9e dans la confection de produits de chauffage domestique. Elle propose une large gamme de po\u00eales \u00e0 granul\u00e9s, inserts \u00e0 pellets et chaudi\u00e8res. \u00c9cologiquement responsable<strong>, Eva Calor<\/strong> fait subir de tests et de contr\u00f4les \u00e0 ses produits afin de garantir la fiabilit\u00e9 et la s\u00e9curit\u00e9.<\/p>\n<ul>\n<li>Retrouvez ici un produit similaire au po\u00eale \u00e0 granul\u00e9s ventil\u00e9 c\u00e9ramique<\/li>\n<li>Orientez vous vers nos po\u00eales \u00e0 granul\u00e9s c\u00e9ramique<\/li>\n<li>Appr\u00e9ciez nos mod\u00e8les de la marque EVACALOR<\/li>\n<li>Poelediscount.com le leader des po\u00eales \u00e0 granul\u00e9s pas chers<\/li>\n<\/ul>\n<\/div>\n<p>&nbsp;<\/p>\n<div>\n<p><strong><u>Garantie<\/u>\u00a0:\u00a0<\/strong>Nous vous rappelons que pour la garantie, l&rsquo;installation doit \u00eatre conforme au mode d&#8217;emploi (pr\u00e9conisation du fabricant) et doit respecter les normes en vigueur du pays, pour la France DTU 24.1 ou 24.2.<br \/>\nDe plus, comme pour tous les po\u00eales \u00e0 granul\u00e9s, les appareils sont \u00e0 r\u00e9gler en fonction du tirage naturel de l&rsquo;installation choisie.<\/p>\n<\/div>\n<div class=\"row\" style=\"padding-top: 20px;\">\n<div class=\"col-xs-12 col-sm-12 col-md-12 col-lg-4\" style=\"text-align: center; padding: 15px 2px 25px 2px;\">Questions fr\u00e9quentes<\/div>\n<div class=\"col-xs-12 col-sm-12 col-md-12 col-lg-4\" style=\"text-align: center; padding: 15px 2px 25px 2px;\">Quelle puissance choisir ?<\/div>\n<div class=\"col-xs-12 col-sm-12 col-md-12 col-lg-4\" style=\"text-align: center; padding: 15px 2px 25px 2px;\">Livraison<\/div>\n<\/div>\n","protected":false},"excerpt":{"rendered":"<p id=\"product_reference\"><label>R\u00e9f\u00e9rence <\/label><br \/>\n<span class=\"editable\">5214012<\/span><\/p>\n<p id=\"product_condition\"><label>\u00c9tat : <\/label><br \/>\n<span class=\"editable\">Neuf<\/span><\/p>\n<p id=\"product_ean13\"><label>Ean13: <\/label><br \/>\n8029728640031<\/p>\n<div id=\"short_description_block\">\n<div id=\"short_description_content\" class=\"rte align_justify\">\n<ul>\n<li>Marque EVA CALOR<\/li>\n<li>Garantie 2 ans pi\u00e8ces<\/li>\n<li>Fabriqu\u00e9 en Italie<\/li>\n<li>Programmable &#8211; Eco-stop (StandBy)<\/li>\n<li>Non \u00e9tanche : Zone 1<\/li>\n<li>EcoDesign 2022<\/li>\n<\/ul>\n<p><span style=\"color: #218e53;\"><strong>D\u00e9lai de livraison : 5 \u00e0 12 jours (jours ouvr\u00e9s)<br \/>\n<\/strong><\/span><\/p>\n<p><span style=\"text-decoration: underline;\"><strong>LIVRAISON GRATUITE<\/strong><\/span> (Partout en Europe)<\/p>\n<\/div>\n<\/div>\n","protected":false},"featured_media":13059,"comment_status":"open","ping_status":"closed","template":"","meta":[],"product_brand":[],"product_cat":[113],"product_tag":[],"class_list":{"0":"post-12999","1":"product","2":"type-product","3":"status-publish","4":"has-post-thumbnail","6":"product_cat-poeles-granules","8":"first","9":"instock","10":"sale","11":"purchasable","12":"product-type-simple"},"jetpack_sharing_enabled":true,"_links":{"self":[{"href":"https:\/\/troncybois.com\/index.php?rest_route=\/wp\/v2\/product\/12999","targetHints":{"allow":["GET"]}}],"collection":[{"href":"https:\/\/troncybois.com\/index.php?rest_route=\/wp\/v2\/product"}],"about":[{"href":"https:\/\/troncybois.com\/index.php?rest_route=\/wp\/v2\/types\/product"}],"replies":[{"embeddable":true,"href":"https:\/\/troncybois.com\/index.php?rest_route=%2Fwp%2Fv2%2Fcomments&post=12999"}],"version-history":[{"count":1,"href":"https:\/\/troncybois.com\/index.php?rest_route=\/wp\/v2\/product\/12999\/revisions"}],"predecessor-version":[{"id":13066,"href":"https:\/\/troncybois.com\/index.php?rest_route=\/wp\/v2\/product\/12999\/revisions\/13066"}],"wp:featuredmedia":[{"embeddable":true,"href":"https:\/\/troncybois.com\/index.php?rest_route=\/wp\/v2\/media\/13059"}],"wp:attachment":[{"href":"https:\/\/troncybois.com\/index.php?rest_route=%2Fwp%2Fv2%2Fmedia&parent=12999"}],"wp:term":[{"taxonomy":"product_brand","embeddable":true,"href":"https:\/\/troncybois.com\/index.php?rest_route=%2Fwp%2Fv2%2Fproduct_brand&post=12999"},{"taxonomy":"product_cat","embeddable":true,"href":"https:\/\/troncybois.com\/index.php?rest_route=%2Fwp%2Fv2%2Fproduct_cat&post=12999"},{"taxonomy":"product_tag","embeddable":true,"href":"https:\/\/troncybois.com\/index.php?rest_route=%2Fwp%2Fv2%2Fproduct_tag&post=12999"}],"curies":[{"name":"wp","href":"https:\/\/api.w.org\/{rel}","templated":true}]}}