{"id":12996,"date":"2023-05-30T16:00:47","date_gmt":"2023-05-30T14:00:47","guid":{"rendered":"https:\/\/antiquewhite-gerbil-448984.hostingersite.com\/?post_type=product&#038;p=12996"},"modified":"2023-05-31T16:48:52","modified_gmt":"2023-05-31T14:48:52","slug":"poele-a-granules-ventile-rond-etanche-evacalor-manola-9-kw","status":"publish","type":"product","link":"https:\/\/troncybois.com\/?product=poele-a-granules-ventile-rond-etanche-evacalor-manola-9-kw","title":{"rendered":"Po\u00eale \u00e0 granules ventil\u00e9 rond \u00e9tanche &#8211; EVACALOR Manola 9 kW"},"content":{"rendered":"<div class=\"fiche-produit\">\n<p><strong>Le po\u00eale \u00e0 granules ventil\u00e9 \u00e9tanche Manola 9 kW<\/strong> pas cher de la marque<strong> EVA CALOR<\/strong> poss\u00e8de un excellent rendement de 95.5 % \u00e0 puissance minimale. Gr\u00e2ce \u00e0 son ventilateur int\u00e9gr\u00e9 ce po\u00eale diffuse la chaleur de mani\u00e8re homog\u00e8ne pour une meilleure r\u00e9partition de celle-ci. Ce <strong>po\u00eale \u00e0 granules ventil\u00e9<\/strong> permet aussi de diminuer la consommation d&rsquo;\u00e9nergie tout en promettant une chaleur durable et confortable.<br \/>\nContrairement aux autres mod\u00e8les de po\u00eales, le <strong>po\u00eale \u00e0 granul\u00e9s \u00e9tanche<\/strong> r\u00e9cup\u00e8re l\u2019air ext\u00e9rieur de votre habitat et n\u2019interf\u00e8re donc pas avec l\u2019air int\u00e9rieur. Son <strong>\u00e9tanch\u00e9it\u00e9<\/strong> permet de r\u00e9duire les \u00e9missions de poussi\u00e8re de combustion tout en pr\u00e9servant la qualit\u00e9 de l\u2019air int\u00e9rieur afin de ne constater aucune d\u00e9perdition de chaleur ni aucune fuite d\u2019air. Vous pouvez l\u2019installer dans les zones 1 (sortie 40 cm au dessus du toit), 2 (sortie toiture) ou 3 (sortie fa\u00e7ade, ventouse).<\/p>\n<h2>Informations cl\u00e9s sur le Po\u00eale \u00e0 granules ventil\u00e9 \u00e9tanche &#8211; EVA CALOR <strong>Manola 9<\/strong> kw<\/h2>\n<ul>\n<li>Rev\u00eatement en acier<\/li>\n<li>Double porte<\/li>\n<li>Ventilation forc\u00e9e<\/li>\n<li>5 puissance de fonctionnement<\/li>\n<li>Afficheur avec menu dans 6 langues<\/li>\n<li>Foyer en acier<\/li>\n<li>Brasier en fonte<\/li>\n<li>Poign\u00e9e amovible<\/li>\n<li>Display 6 touches LED<\/li>\n<li>Thermostat de s\u00e9curit\u00e9<\/li>\n<li>Pr\u00e9disposition pour thermostat ext\u00e9rieur<\/li>\n<li>Pressostat de s\u00e9curit\u00e9<\/li>\n<li>Chrono-thermostat<\/li>\n<\/ul>\n<h2>Caract\u00e9ristiques techniques du Po\u00eale \u00e0 granules ventil\u00e9 \u00e9tanche &#8211; EVA CALOR Manola 9 kW<\/h2>\n<ul>\n<li>Puissance brul\u00e9e : Pmin 3.1 \/ Pmax 9.1 kW<\/li>\n<li>Puissance nominale : Pmin 3 \/ Pmax 8 kW<\/li>\n<li>Rendement : min 92 \/ max 95.5 %<\/li>\n<li>Consommation : de 0.6 \u00e0 1.9 kg\/h<\/li>\n<li>Capacit\u00e9 du r\u00e9servoir : 19 kg<\/li>\n<li>Volume de chauffe : de 140 \u00e0 200 m3<\/li>\n<li>Distance minimale des surfaces inflammables: c\u00f4t\u00e9 30cm \/ arri\u00e8re 30cm \/ avant 100cm<\/li>\n<li>Mesures: L 548 x P 569 x H 1161 mm<\/li>\n<li>Poids: 110 kg<\/li>\n<li>Classe \u00e9nerg\u00e9tique : A+<\/li>\n<li>Est conforme aux: EN14785 &#8211; BImSchV II &#8211; 15a B-VG &#8211; LRV\/VKF<\/li>\n<\/ul>\n<h3>Sch\u00e9ma explicatif du Po\u00eale \u00e0 granules ventil\u00e9 \u00e9tanche &#8211; EVA CALOR <strong>Manola 9 kW<br \/>\n<\/strong><\/h3>\n<p><img fetchpriority=\"high\" decoding=\"async\" src=\"https:\/\/www.poelediscount.com\/img\/cms\/Sch%C3%A9ma%20technique\/Manola%20SCH.png\" alt=\"\" width=\"647\" height=\"474\" \/><\/p>\n<h3>Mode de fonctionnement du <strong>po\u00eale \u00e0 pellets ventil\u00e9 \u00e9tanche &#8211; EVA CALOR <strong>Manola 9 kW<\/strong><br \/>\n<\/strong><\/h3>\n<ul>\n<li>Le syst\u00e8me <span style=\"text-decoration: underline;\">Eco-Stop (StandBy)<\/span> qui permet au <strong>po\u00eale \u00e0 granul\u00e9s<\/strong> de s&rsquo;\u00e9teindre une fois la temp\u00e9rature souhait\u00e9e atteinte et de red\u00e9marrer lorsque celle ci aura diminuer.<\/li>\n<li>Le syst\u00e8me <span style=\"text-decoration: underline;\">Modulation<\/span> qui permet au <strong>po\u00eale \u00e0 granules<\/strong> de fonctionner en continu afin d&rsquo;\u00e9viter les red\u00e9marrages, lorsque la temp\u00e9rature demand\u00e9e est atteinte celui ci va se r\u00e9guler automatiquement afin de diminuer sa puissance au minimum tout en maintenant la temp\u00e9rature.<\/li>\n<li>Le syst\u00e8me <span style=\"text-decoration: underline;\">Programmable<\/span> permettant de d\u00e9marrer et d&rsquo;\u00e9teindre le <strong>po\u00eale<\/strong> \u00e0 un moment pr\u00e9cis de la journ\u00e9e.<\/li>\n<\/ul>\n<p>Il faut savoir que tout les modes peuvent fonctionner ensemble, en m\u00eame temps.<\/p>\n<h3>Les diff\u00e9rents syst\u00e8mes du <strong>po\u00eale \u00e0 granul\u00e9s ventil\u00e9 \u00e9tanche &#8211; EVA CALOR <strong>Manola 9 kW<\/strong><br \/>\n<\/strong><\/h3>\n<p><span style=\"text-decoration: underline;\">ECODESIGN 2022<\/span><br \/>\nCe produit r\u00e9pond aux crit\u00e8res du label Ecodesign 2022 qui \u00e9tablit les normes d&rsquo;un projet \u00e9co-compatible, ses m\u00e9thodes de calculs et d&rsquo;\u00e9valuation dans le but de r\u00e9duire les \u00e9missions dans l&rsquo;atmosph\u00e8re.<\/p>\n<p><span style=\"text-decoration: underline;\">CLASSIFICATION ENVIRONNEMENTALE<\/span><br \/>\nLe produit est conforme aux normatives environnementales les plus strictes et classifi\u00e9 5 \u00e9toiles.<\/p>\n<p><span style=\"text-decoration: underline;\">SHU<\/span><br \/>\nLe symbole SHU indique que le po\u00eale est pourvu d\u2019une poign\u00e9e amovible. C\u2019est une pr\u00e9caution de s\u00e9curit\u00e9 pour \u00e9viter l\u2019ouverture accidentelle et\/ou involontaire de la porte du foyer.<\/p>\n<p><span style=\"text-decoration: underline;\">SHS<\/span><br \/>\nLe symbole SHS identifie les po\u00eales dot\u00e9s d&rsquo;un syst\u00e8me de combustion herm\u00e9tique. Avec ce syst\u00e8me, l&rsquo;air n\u00e9cessaire \u00e0 la combustion n\u2019est pas pr\u00e9lev\u00e9 dans la pi\u00e8ce o\u00f9 est install\u00e9 le po\u00eale. Cette fonction non seulement offre de meilleures performances et optimise la diffusion de la chaleur, mais renforce \u00e9galement la s\u00e9curit\u00e9 d&rsquo;utilisation du po\u00eale, qui peut donc \u00eatre install\u00e9 dans une chambre \u00e0 coucher, un studio ou une salle de bain.<\/p>\n<p>L\u2019entreprise italienne <strong>Eva calor<\/strong> vous propose des produits de chauffes technologiques et modernes. Tr\u00e8s ax\u00e9 sur la s\u00e9curit\u00e9 et la fiabilit\u00e9 la marque teste et contr\u00f4le tous ses produits tout en respectant l\u2019environnement.<\/p>\n<ul>\n<li>Vous aimez les po\u00eales \u00e0 granules rond et \u00e9tanche? Retrouvez un autre po\u00eale \u00e0 granules ventil\u00e9 \u00e9tanche d\u00e9brayable<\/li>\n<li>Retrouvez nos po\u00eales \u00e0 granules ventil\u00e9s<\/li>\n<li>D\u00e9couvrez nos po\u00eales \u00e0 granules ventil\u00e9s \u00e9tanches<\/li>\n<li>Vous aimez la marque EVA CALOR? D\u00e9couvrez nos po\u00eales \u00e0 granul\u00e9s EVA CALOR<\/li>\n<li>Poelediscount.com le leader des po\u00eales \u00e0 granul\u00e9s pas chers<\/li>\n<\/ul>\n<\/div>\n<p>&nbsp;<\/p>\n<div>\n<p><strong><u>Garantie<\/u>\u00a0:\u00a0<\/strong>Nous vous rappelons que pour la garantie, l&rsquo;installation doit \u00eatre conforme au mode d&#8217;emploi (pr\u00e9conisation du fabricant) et doit respecter les normes en vigueur du pays, pour la France DTU 24.1 ou 24.2.<br \/>\nDe plus, comme pour tous les po\u00eales \u00e0 granul\u00e9s, les appareils sont \u00e0 r\u00e9gler en fonction du tirage naturel de l&rsquo;installation choisie.<\/p>\n<\/div>\n<div class=\"row\" style=\"padding-top: 20px;\">\n<div class=\"col-xs-12 col-sm-12 col-md-12 col-lg-4\" style=\"text-align: center; padding: 15px 2px 25px 2px;\">Questions fr\u00e9quentes<\/div>\n<div class=\"col-xs-12 col-sm-12 col-md-12 col-lg-4\" style=\"text-align: center; padding: 15px 2px 25px 2px;\">Quelle puissance choisir ?<\/div>\n<div class=\"col-xs-12 col-sm-12 col-md-12 col-lg-4\" style=\"text-align: center; padding: 15px 2px 25px 2px;\">Livraison<\/div>\n<\/div>\n","protected":false},"excerpt":{"rendered":"<p id=\"product_reference\"><label>R\u00e9f\u00e9rence <\/label><br \/>\n<span class=\"editable\">HYT200151<\/span><\/p>\n<p id=\"product_condition\"><label>\u00c9tat : <\/label><br \/>\n<span class=\"editable\">Neuf<\/span><\/p>\n<p id=\"product_ean13\"><label>Ean13: <\/label><br \/>\n8029728020833<\/p>\n<div id=\"short_description_block\">\n<div id=\"short_description_content\" class=\"rte align_justify\">\n<ul>\n<li>Marque EVA CALOR<\/li>\n<li>Garantie 2 en pi\u00e8ces<\/li>\n<li>Fabriqu\u00e9 en Italie<\/li>\n<li>Programmable &#8211; Eco-stop (StandBy)<\/li>\n<li>\u00c9tanche : Zone 1,2,3<\/li>\n<li>EcoDesign 2022<\/li>\n<\/ul>\n<p><strong><span style=\"color: #218e53;\">D\u00e9lai de disponibilit\u00e9 : 5 \u00e0 12 jours<\/span><\/strong><\/p>\n<p><span style=\"text-decoration: underline;\"><strong>LIVRAISON GRATUITE<\/strong><\/span> (Partout en Europe)<\/p>\n<\/div>\n<\/div>\n","protected":false},"featured_media":13030,"comment_status":"open","ping_status":"closed","template":"","meta":[],"product_brand":[],"product_cat":[113],"product_tag":[],"class_list":{"0":"post-12996","1":"product","2":"type-product","3":"status-publish","4":"has-post-thumbnail","6":"product_cat-poeles-granules","8":"first","9":"instock","10":"sale","11":"purchasable","12":"product-type-simple"},"jetpack_sharing_enabled":true,"_links":{"self":[{"href":"https:\/\/troncybois.com\/index.php?rest_route=\/wp\/v2\/product\/12996","targetHints":{"allow":["GET"]}}],"collection":[{"href":"https:\/\/troncybois.com\/index.php?rest_route=\/wp\/v2\/product"}],"about":[{"href":"https:\/\/troncybois.com\/index.php?rest_route=\/wp\/v2\/types\/product"}],"replies":[{"embeddable":true,"href":"https:\/\/troncybois.com\/index.php?rest_route=%2Fwp%2Fv2%2Fcomments&post=12996"}],"version-history":[{"count":1,"href":"https:\/\/troncybois.com\/index.php?rest_route=\/wp\/v2\/product\/12996\/revisions"}],"predecessor-version":[{"id":13035,"href":"https:\/\/troncybois.com\/index.php?rest_route=\/wp\/v2\/product\/12996\/revisions\/13035"}],"wp:featuredmedia":[{"embeddable":true,"href":"https:\/\/troncybois.com\/index.php?rest_route=\/wp\/v2\/media\/13030"}],"wp:attachment":[{"href":"https:\/\/troncybois.com\/index.php?rest_route=%2Fwp%2Fv2%2Fmedia&parent=12996"}],"wp:term":[{"taxonomy":"product_brand","embeddable":true,"href":"https:\/\/troncybois.com\/index.php?rest_route=%2Fwp%2Fv2%2Fproduct_brand&post=12996"},{"taxonomy":"product_cat","embeddable":true,"href":"https:\/\/troncybois.com\/index.php?rest_route=%2Fwp%2Fv2%2Fproduct_cat&post=12996"},{"taxonomy":"product_tag","embeddable":true,"href":"https:\/\/troncybois.com\/index.php?rest_route=%2Fwp%2Fv2%2Fproduct_tag&post=12996"}],"curies":[{"name":"wp","href":"https:\/\/api.w.org\/{rel}","templated":true}]}}