{"id":12932,"date":"2023-05-30T15:59:37","date_gmt":"2023-05-30T13:59:37","guid":{"rendered":"https:\/\/antiquewhite-gerbil-448984.hostingersite.com\/?post_type=product&#038;p=12932"},"modified":"2024-06-07T16:05:04","modified_gmt":"2024-06-07T14:05:04","slug":"pack-poele-a-granules-c12-firematic-kit-ventouse-dinak","status":"publish","type":"product","link":"https:\/\/troncybois.com\/?product=pack-poele-a-granules-c12-firematic-kit-ventouse-dinak","title":{"rendered":"PACK Po\u00eale \u00e0 granul\u00e9s C12 FIREMATIC + Kit ventouse Dinak"},"content":{"rendered":"<div class=\"fiche-produit\">\n<h2><strong>PACK : Po\u00eale \u00e0 granul\u00e9s + Kit ventouse <\/strong><\/h2>\n<p><strong>Le po\u00eale \u00e0 granules ventil\u00e9 \u00e9tanche C12 <\/strong>de la marque<strong> FIREMATIC<\/strong> peut chauffer un volume d&rsquo;environ 294 m3. Avec son r\u00e9servoir d&rsquo;une capacit\u00e9 de 20 kg et gr\u00e2ce \u00e0 son ventilateur frontal int\u00e9gr\u00e9, cet appareil de chauffage diffuse la chaleur de fa\u00e7on rapide et homog\u00e8ne.<\/p>\n<p>Ce <strong>po\u00eale \u00e0 pellets <\/strong>poss\u00e8de une puissance nominale de 10.3 kW et permet une installation dans les 3 zones ; en sortie ventouse\/fa\u00e7ade, sortie toiture ou en sortie toiture \u00e0 plus de 40cm du fa\u00eetage.<\/p>\n<h2>Informations cl\u00e9s sur le Po\u00eale \u00e0 granules ventil\u00e9 \u00e9tanche &#8211; FIREMATIC C12 11.6 kW<\/h2>\n<ul>\n<li>Rev\u00eatement en acier<\/li>\n<li>Brasier en fonte<\/li>\n<li>Ventilation frontale<\/li>\n<li>Vitroc\u00e9ramique<\/li>\n<li>Poign\u00e9e amovible<\/li>\n<li>Panneau des commandes digitales<\/li>\n<li>5 niveaux de puissances<\/li>\n<li>Programmable &#8211; STOP&amp;GO<\/li>\n<li>Pr\u00e9disposition pour le thermostat ext\u00e9rieur<\/li>\n<li>Sortie des fum\u00e9es : Arri\u00e8re<\/li>\n<li>T\u00e9l\u00e9commande : OFFERTE<\/li>\n<li>Module WIFI : OPTION<\/li>\n<li>Thermostat connect\u00e9\u00a0: OPTION<\/li>\n<\/ul>\n<h2>Caract\u00e9ristiques techniques du Po\u00eale \u00e0 granules ventil\u00e9 \u00e9tanche &#8211; FIREMATIC C12 11.6 kW<\/h2>\n<ul>\n<li>Syst\u00e8me de Ventilation Silencieuse (SFS)<\/li>\n<li>Syst\u00e8me de Nettoyage Automatique du Brasier (SEB)<\/li>\n<li>Syst\u00e8me de Nettoyage Simplifi\u00e9 (SNS)<\/li>\n<li>Syst\u00e8me de Double Combustion (SDC)<\/li>\n<li>Puissance brul\u00e9e : 11.6 kW<\/li>\n<li>Puissance nominale : 10.3 kW<\/li>\n<li>Rendement : 94.3 %<\/li>\n<li>Poids : 94 kg<\/li>\n<li>Ventilateur frontal : 1<\/li>\n<li>Volume de chauffe : 294 m3<\/li>\n<li>Consommation : de 1 \u00e0 2.2 kg\/h<\/li>\n<li>Capacit\u00e9 du r\u00e9servoir : 20 kg<\/li>\n<li>Dimensions : L 450 x P 460 x H 1020 mm<\/li>\n<li>Diam\u00e8tre sortie des fum\u00e9es : 80 mm<\/li>\n<li>Diam\u00e8tre entr\u00e9e d&rsquo;air : 40 mm<\/li>\n<li>Classe \u00e9nerg\u00e9tique : A +<\/li>\n<li>Distance minimale des surfaces inflammables : c\u00f4t\u00e9 20cm \/ arri\u00e8re 20cm<\/li>\n<\/ul>\n<h3>Sch\u00e9ma explicatif du Po\u00eale \u00e0 granules ventil\u00e9 \u00e9tanche &#8211; FIREMATIC C12 11.6 kW<\/h3>\n<p><img fetchpriority=\"high\" decoding=\"async\" src=\"https:\/\/www.poelediscount.com\/img\/cms\/C11%20NON%20C.png\" alt=\"\" width=\"945\" height=\"436\" \/><\/p>\n<h3>Mode de fonctionnement du <strong>po\u00eale \u00e0 pellets ventil\u00e9 <\/strong>\u00e9tanche &#8211; FIREMATIC C12 11.6 kW<\/h3>\n<ul>\n<li>Le syst\u00e8me <span style=\"text-decoration: underline;\">STOP&amp;GO<\/span> permet au <strong>po\u00eale \u00e0 granul\u00e9s<\/strong> de s&rsquo;\u00e9teindre une fois la temp\u00e9rature souhait\u00e9e atteinte et de red\u00e9marrer automatiquement lorsque celle ci aura diminu\u00e9e.<\/li>\n<li>Le syst\u00e8me <span style=\"text-decoration: underline;\">Programmable<\/span> permettant de d\u00e9marrer et d&rsquo;\u00e9teindre le <strong>po\u00eale \u00e0 granul\u00e9s \u00e9tanche<\/strong> \u00e0 un moment pr\u00e9cis de la journ\u00e9e.<\/li>\n<\/ul>\n<p>Il faut savoir que tous les modes peuvent fonctionner ensemble, en m\u00eame temps.<\/p>\n<h2>Les diff\u00e9rents syst\u00e8mes de fonctionnement du po\u00eale \u00e0 granul\u00e9s ventil\u00e9 \u00e9tanche &#8211; FIREMATIC C12 11.6 kW<\/h2>\n<p><strong><strong><span style=\"text-decoration: underline;\"><strong><span style=\"text-decoration: underline;\">SYST\u00c8ME<\/span><\/strong>\u00a0(SFS)<\/span> :<\/strong> <\/strong>Les po\u00eale \u00e0 granul\u00e9s \u00e9quip\u00e9s de ce syst\u00e8me ont la particularit\u00e9 d&rsquo;\u00eatre tr\u00e8s silencieux ce qui assure un confort sonore optimal.<strong><br \/>\n<\/strong><\/p>\n<p><strong><span style=\"text-decoration: underline;\">SYST\u00c8ME (SEB)<\/span> : <\/strong>Ce syst\u00e8me permet au brasier de se vider automatiquement dans le bac \u00e0 cendres lorsqu&rsquo;il est plein. Le nettoyage est facilit\u00e9 et rapide.<\/p>\n<p><strong><span style=\"text-decoration: underline;\"><strong><span style=\"text-decoration: underline;\">SYST\u00c8ME<\/span><\/strong>\u00a0(SDC)<\/span> : <\/strong>Par ce syst\u00e8me, l&rsquo;air secondaire est amen\u00e9 au niveau du brasier ce qui entra\u00eene une seconde combustion des gaz non br\u00fbl\u00e9s lors de la premi\u00e8re. De ce fait, l&rsquo;appareil consume presque toute la quantit\u00e9 de gaz et cela permet d&rsquo;obtenir de meilleurs rendements mais \u00e9galement de r\u00e9duire consid\u00e9rablement les \u00e9missions de C02.<\/p>\n<p><strong><span style=\"text-decoration: underline;\"><strong><span style=\"text-decoration: underline;\">SYST\u00c8ME<\/span><\/strong>\u00a0(SNS)<\/span> : <\/strong>Syst\u00e8me de nettoyage simplifi\u00e9 et tr\u00e8s accessible pour les entretiens annuels comme r\u00e9guliers.<strong><br \/>\n<\/strong><\/p>\n<h3><strong>Les po\u00eales \u00e0 granul\u00e9s FIREMATIC<\/strong><\/h3>\n<p>La marque <strong>FIREMATIC<\/strong> a \u00e9t\u00e9 pens\u00e9e et cr\u00e9\u00e9e pour PoeleDiscount pour r\u00e9pondre \u00e0 vos besoins ; uniquement dans le but de r\u00e9pondre aux sp\u00e9cificit\u00e9s techniques du march\u00e9 Fran\u00e7ais et afin que tous nos clients puissent trouver l&rsquo;appareil de chauffage qui r\u00e9ponde le plus possible \u00e0 leurs attentes !<\/p>\n<p>Tous nos mod\u00e8les de <strong>po\u00eales \u00e0 granul\u00e9s \u00e9tanches <\/strong>r\u00e9cup\u00e8rent l&rsquo;air ext\u00e9rieur de l&rsquo;habitation et permettent l&rsquo;installation en zone 1 (sortie toiture \u00e0 plus de 40 cm du fa\u00eetage) zone 2 (sortie toiture) ou en zone 3 (ventouse \/ fa\u00e7ade).<\/p>\n<p>Riche de plus de 40 ans d&rsquo;exp\u00e9rience dans la conception d&rsquo;appareils de chauffage, le fabricant auquel nous avons fait appel est l&rsquo;un des plus productif du nord-est de l&rsquo;Italie. Les <strong>po\u00eales \u00e0 granul\u00e9s<\/strong> FIREMATIC ont tous \u00e9t\u00e9 test\u00e9s en laboratoire afin de faire valider leurs crit\u00e8res de s\u00e9curit\u00e9, de qualit\u00e9, de performance et de fiabilit\u00e9. Les <strong>po\u00eales \u00e0 granul\u00e9s \u00e9tanches FIREMATIC<\/strong> sont vendus en exclusivit\u00e9 sur notre site PoeleDiscount ! N&rsquo;h\u00e9sitez pas \u00e0 nous contacter, nous nous ferons un plaisir de r\u00e9pondre \u00e0 toutes vos questions \u00e0 propos des produits de la marque.<\/p>\n<h2>Le Kit fa\u00e7ade DINAK pour les po\u00eales \u00e0 granul\u00e9s \u00e9tanches<\/h2>\n<p>Notre Kit Ventouse Dinak est complet et <strong>pr\u00eat \u00e0 monter<\/strong> ! Afin de vous facilit\u00e9 la t\u00e2che, nous y <strong>incluons<\/strong> les brides de s\u00e9curit\u00e9, les joints et un manchon de raccordement habituellement en option.<\/p>\n<p>Le syst\u00e8me du<strong> kit ventouse<\/strong> DIFLUX PELLETS de la marque DINAK est un <strong>conduit concentrique<\/strong> qui permet l&rsquo;<strong>\u00e9vacuation des fum\u00e9es<\/strong> et l&rsquo;<strong>entr\u00e9e d&rsquo;air frais<\/strong> en m\u00eame temps. Id\u00e9al pour optimiser les installations dans une maison neuve ou dans la r\u00e9novation, il est con\u00e7u pour les po\u00eales \u00e0 granul\u00e9s \u00e9tanches de moins de 70 kW.<\/p>\n<p><span style=\"text-decoration: underline;\"><strong>LE PLUS GRAND AVANTAGE<\/strong> :<\/span> Ce kit ventouse pr\u00eat \u00e0 monter est ajustable en hauteur de <strong>1680 mm \u00e0 1990 mm<\/strong>. Ce kit ventouse s&rsquo;adaptera parfaitement \u00e0 tous types d&rsquo;installation en ZONE 3.<\/p>\n<h2><strong>Composition du kit ventouse po\u00eales \u00e0 granul\u00e9s :<\/strong><\/h2>\n<ul>\n<li>1 T\u00e9 fum\u00e9es femelle avec tampon et collier<\/li>\n<li>1 \u00e9l\u00e9ment droit 1000 mm avec prise d&rsquo;air int\u00e9gr\u00e9<\/li>\n<li>1 \u00e9l\u00e9ment droit ajustable de 495 \u00e0 805 mm<\/li>\n<li>1 coude \u00e0 90\u00b0<\/li>\n<li>1 rosace de finition<\/li>\n<li>1 terminal horizontal ajustable 661 \u00e0 865 mm<\/li>\n<li>1 flexible pour le raccord d&rsquo;air<\/li>\n<\/ul>\n<p><span style=\"background-color: #7cd320;\"><strong><span style=\"text-decoration: underline;\">INCLUS DANS LE KIT UNIQUEMENT SUR PO\u00caLEDISCOUNT :<\/span><\/strong><\/span><\/p>\n<ul>\n<li>4 joints silicones<\/li>\n<li>4 brides de s\u00e9curit\u00e9<\/li>\n<li>1 manchon de raccordement 60\/40 ou 60\/50 mm<\/li>\n<\/ul>\n<h2><strong>Avantages du Kit ventouse DINAK pour po\u00eales \u00e0 granul\u00e9s \u00e9tanches :<\/strong><\/h2>\n<ul>\n<li>Finitions de s\u00e9curit\u00e9 anti-coupure<\/li>\n<li>Finition esth\u00e9tique avec des pi\u00e8ces d&rsquo;adaptation simples et discr\u00e8tes<\/li>\n<li>Syst\u00e8me de montage rapide et facile<\/li>\n<li>Propri\u00e9t\u00e9s de performance au vent test\u00e9es en laboratoire avec CETIAT 2.415.003 et 2.415.003-C-E<\/li>\n<\/ul>\n<h2><strong> R\u00e8gles d\u2019installations du Kit fa\u00e7ade ventouse concentrique <strong>DINAK <\/strong>:<\/strong><\/h2>\n<ul>\n<li>Pr\u00e9voir la sortie horizontal (terminal horizontal) en zone 3 \u00e0 une hauteur sup\u00e9rieure ou \u00e9gale \u00e0 2 m\u00e8tres par rapport au sol ext\u00e9rieur.<\/li>\n<li>Le syst\u00e8me horizontal peut \u00eatre mont\u00e9s sur des installations existantes.<\/li>\n<li>Ce kit doit \u00eatre utilis\u00e9 pour une installation en int\u00e9rieur uniquement.<\/li>\n<li>Ce kit ne peut \u00eatre utilis\u00e9 que sur des po\u00eales \u00e0 granules \u00e9tanches.<\/li>\n<li>Il est n\u00e9cessaire de pr\u00e9voir une distance de minimum 10 cm avec des mat\u00e9riaux combustibles.<\/li>\n<li>Ce kit poss\u00e8de le marquage CE est titulaire d&rsquo;un DTA CSTB 14\/16 &#8211; 2233<\/li>\n<\/ul>\n<h2><strong>Caract\u00e9ristiques du Kit ventouse DINAK pour po\u00eales \u00e0 granul\u00e9s \u00e9tanches :<\/strong><\/h2>\n<ul>\n<li>Diam\u00e8tre d&rsquo;entr\u00e9e d&rsquo;air : 60 mm<\/li>\n<li>Mat\u00e9riau de la paroi int\u00e9rieure : Inox 316L<\/li>\n<li>\u00c9paisseur de la paroi int\u00e9rieure : 0,4 mm \/ 0,4 mm<\/li>\n<li>Diam\u00e8tre du syst\u00e8me : 80 mm \/ 125 mm<\/li>\n<li>Temp\u00e9rature de fonctionnement : 450 C\u00b0<\/li>\n<\/ul>\n<p>Le terminal horizontal b\u00e9n\u00e9ficie d&rsquo;un test d&rsquo;\u00e9tanch\u00e9it\u00e9 pour l\u2019\u00e9vacuation individuelle des gaz de combustion et l\u2019arriv\u00e9e d\u2019air comburant au po\u00eale \u00e0 granul\u00e9s. La prise d&rsquo;air sur le terminal est prot\u00e9g\u00e9e et elle garantie le bon fonctionnement de toute l&rsquo;installation. Le terminal doit d\u00e9passer au minimum de 40 cm \u00e0 l&rsquo;horizontale du mur ext\u00e9rieur. Les brides de s\u00e9curit\u00e9 sont mont\u00e9es d&rsquo;usine sur les \u00e9l\u00e9ments pour faciliter la mise en \u0153uvre et le laquage noir mat est r\u00e9alis\u00e9 avec une peinture de haute qualit\u00e9.<\/p>\n<h2>Sch\u00e9ma explicatif du Kit ventouse DINAK pour po\u00eales \u00e0 granul\u00e9s \u00e9tanches :<\/h2>\n<p><img decoding=\"async\" src=\"https:\/\/www.poelediscount.com\/img\/cms\/Sch%C3%A9ma%20technique\/01313.png\" alt=\"Sch\u00e9ma technique du KIT VENTOUSE dinak\" width=\"1214\" height=\"622\" \/><\/p>\n<\/div>\n<p>&nbsp;<\/p>\n<div>\n<p><strong><u>Garantie<\/u>\u00a0:\u00a0<\/strong>Nous vous rappelons que pour la garantie, l&rsquo;installation doit \u00eatre conforme au mode d&#8217;emploi (pr\u00e9conisation du fabricant) et doit respecter les normes en vigueur du pays, pour la France DTU 24.1 ou 24.2.<br \/>\nDe plus, comme pour tous les po\u00eales \u00e0 granul\u00e9s, les appareils sont \u00e0 r\u00e9gler en fonction du tirage naturel de l&rsquo;installation choisie.<\/p>\n<\/div>\n<div class=\"row\" style=\"padding-top: 20px;\">\n<div class=\"col-xs-12 col-sm-12 col-md-12 col-lg-4\" style=\"text-align: center; padding: 15px 2px 25px 2px;\">Questions fr\u00e9quentes<\/div>\n<div class=\"col-xs-12 col-sm-12 col-md-12 col-lg-4\" style=\"text-align: center; padding: 15px 2px 25px 2px;\">Quelle puissance choisir ?<\/div>\n<div class=\"col-xs-12 col-sm-12 col-md-12 col-lg-4\" style=\"text-align: center; padding: 15px 2px 25px 2px;\">Livraison<\/div>\n<\/div>\n","protected":false},"excerpt":{"rendered":"<p id=\"product_reference\"><label>R\u00e9f\u00e9rence <\/label><br \/>\n<span class=\"editable\">5210HE<\/span><\/p>\n<p id=\"product_condition\"><label>\u00c9tat : <\/label><br \/>\n<span class=\"editable\">Neuf<\/span><\/p>\n<div id=\"short_description_block\">\n<div id=\"short_description_content\" class=\"rte align_justify\">\n<ul>\n<li>Marque FIREMATIC<\/li>\n<li>Garantie 2\u00a0ans pi\u00e8ces<\/li>\n<li>Garantie 5 ans corps de chauffe<\/li>\n<li>Fabriqu\u00e9 en Italie<\/li>\n<li>Programmable &#8211; STOP&amp;GO<\/li>\n<li>\u00c9tanche : Zone 3<\/li>\n<\/ul>\n<p><strong><span style=\"color: #218e53;\">LIVRAISON SOUS 3-4\u00a0\u00a0jours ouvr\u00e9s\u00a0<\/span><\/strong><\/p>\n<p><span style=\"text-decoration: underline;\"><strong>LIVRAISON GRATUITE<\/strong><\/span> (Uniquement en France )<\/p>\n<p id=\"availability_date\" style=\"display: none;\"><span id=\"availability_label\" style=\"color: #d0121a; font-weight: bold; text-transform: uppercase;\"><u>Disponible le<\/u>\u00a0:<\/span><\/p>\n<\/div>\n<\/div>\n","protected":false},"featured_media":12982,"comment_status":"closed","ping_status":"closed","template":"","meta":[],"product_brand":[],"product_cat":[113],"product_tag":[],"class_list":{"0":"post-12932","1":"product","2":"type-product","3":"status-publish","4":"has-post-thumbnail","6":"product_cat-poeles-granules","8":"first","9":"instock","10":"sale","11":"purchasable","12":"product-type-simple"},"jetpack_sharing_enabled":true,"_links":{"self":[{"href":"https:\/\/troncybois.com\/index.php?rest_route=\/wp\/v2\/product\/12932","targetHints":{"allow":["GET"]}}],"collection":[{"href":"https:\/\/troncybois.com\/index.php?rest_route=\/wp\/v2\/product"}],"about":[{"href":"https:\/\/troncybois.com\/index.php?rest_route=\/wp\/v2\/types\/product"}],"replies":[{"embeddable":true,"href":"https:\/\/troncybois.com\/index.php?rest_route=%2Fwp%2Fv2%2Fcomments&post=12932"}],"version-history":[{"count":2,"href":"https:\/\/troncybois.com\/index.php?rest_route=\/wp\/v2\/product\/12932\/revisions"}],"predecessor-version":[{"id":14269,"href":"https:\/\/troncybois.com\/index.php?rest_route=\/wp\/v2\/product\/12932\/revisions\/14269"}],"wp:featuredmedia":[{"embeddable":true,"href":"https:\/\/troncybois.com\/index.php?rest_route=\/wp\/v2\/media\/12982"}],"wp:attachment":[{"href":"https:\/\/troncybois.com\/index.php?rest_route=%2Fwp%2Fv2%2Fmedia&parent=12932"}],"wp:term":[{"taxonomy":"product_brand","embeddable":true,"href":"https:\/\/troncybois.com\/index.php?rest_route=%2Fwp%2Fv2%2Fproduct_brand&post=12932"},{"taxonomy":"product_cat","embeddable":true,"href":"https:\/\/troncybois.com\/index.php?rest_route=%2Fwp%2Fv2%2Fproduct_cat&post=12932"},{"taxonomy":"product_tag","embeddable":true,"href":"https:\/\/troncybois.com\/index.php?rest_route=%2Fwp%2Fv2%2Fproduct_tag&post=12932"}],"curies":[{"name":"wp","href":"https:\/\/api.w.org\/{rel}","templated":true}]}}