{"id":12742,"date":"2023-05-30T15:56:14","date_gmt":"2023-05-30T13:56:14","guid":{"rendered":"https:\/\/antiquewhite-gerbil-448984.hostingersite.com\/?post_type=product&#038;p=12742"},"modified":"2023-05-31T16:48:56","modified_gmt":"2023-05-31T14:48:56","slug":"poele-a-granules-ventile-canalisable-evacalor-gemma-15-kw","status":"publish","type":"product","link":"https:\/\/troncybois.com\/?product=poele-a-granules-ventile-canalisable-evacalor-gemma-15-kw","title":{"rendered":"Po\u00eale \u00e0 granules ventil\u00e9 canalisable &#8211; EVACALOR Gemma 15 kW"},"content":{"rendered":"<div class=\"fiche-produit\">\n<p>Le po\u00eale \u00e0 granules EVACALOR Gemma est <strong>un po\u00eale \u00e0 granule design<\/strong>, \u00e9l\u00e9gant et puissant. Son c\u00f4t\u00e9 r\u00e9tro sera parfaitement se marier \u00e0 votre int\u00e9rieur. Le po\u00eale poss\u00e8de deux ventilateurs, le rendant <strong>canalisable<\/strong>, vous permettant ainsi de chauffer la pi\u00e8ce dans laquelle il se trouve plus une pi\u00e8ce adjacente de votre choix. Gr\u00e2ce \u00e0 son ventilateur int\u00e9gr\u00e9 ce po\u00eale diffuse la chaleur de mani\u00e8re homog\u00e8ne pour une meilleure r\u00e9partition de celle-ci. Ce po\u00eale \u00e0 granules <strong>ventil\u00e9<\/strong> permet aussi de diminuer la consommation d&rsquo;\u00e9nergie tout en promettant une chaleur durable et confortable.<\/p>\n<h2>Informations principales du po\u00eale \u00e0 granules ventil\u00e9 canalisable &#8211; EVACALOR Gemma 15 kW :<\/h2>\n<ul>\n<li>Po\u00eale \u00e0 pellet programmable (4 allumages et extinctions par jour)<\/li>\n<li>Niveau de puissance r\u00e9glable (Puissance 1 niveau sonore faible<\/li>\n<li>Puissance 5 niveau sonore fort mais chauffe rapide du volume)<\/li>\n<li>Rev\u00eatement en acier avec incrustations<\/li>\n<li>Ventilation forc\u00e9e<\/li>\n<li>R\u00e9serve de pellet de 22 kg<\/li>\n<li>5 puissances de fonctionnement<\/li>\n<li><strong>Chambre de combustion en fonte<\/strong><\/li>\n<li>Tiroir \u00e0 cendres amovible pour r\u00e9cup\u00e9ration de cendres<\/li>\n<li><strong>Canalisation PREMIUM (double ventilation)<\/strong><\/li>\n<li>Pr\u00e9disposition pour thermostat ext\u00e9rieur<\/li>\n<li>Thermostat de s\u00e9curit\u00e9<\/li>\n<li>Pressostat de s\u00e9curit\u00e9<\/li>\n<li>Chrono thermostat<\/li>\n<\/ul>\n<h2>Caract\u00e9ristiques techniques du po\u00eale \u00e0 granules ventil\u00e9 canalisable &#8211; EVACALOR Gemma 15 kW :<\/h2>\n<ul>\n<li>Puissance brul\u00e9e : max 15,4 kW \u2013 min 4,2 kW<\/li>\n<li>Puissance nominale : max 14,0 kW \u2013 min 4,0 kW<\/li>\n<li>Classe d\u2019efficacit\u00e9 \u00e9nerg\u00e9tique : A+<\/li>\n<li>Rendement : Pmax 88,4 % \u2013 Pmin 95,0 %<\/li>\n<li>CO \u00e9missions \u00e0 13% O 2: Pmax 0,014% \u2013 Pmin 0,023%<\/li>\n<li>Consommation de pellets : max 3,4 kg\/h \u2013 min 0,9 kg\/h<\/li>\n<li><strong>Capacit\u00e9 du r\u00e9servoir : 22 kg<\/strong><\/li>\n<li>Volume chauff\u00e9 : 240 \u2013 320 m3<\/li>\n<li>Distance minimale des surfaces inflammables : c\u00f4t\u00e9 : 30 cm &#8211; arri\u00e8re : 20 cm &#8211; avant : 100 cm<\/li>\n<li>Tension \/ Fr\u00e9quence : 230 V \/ 50 Hz<\/li>\n<li>Puissance nominale \u00e9lectrique : 340 W<\/li>\n<li>Dimensions : L 48,1 x P 53,7 x H 115,5 cm<\/li>\n<li>Poids : 120 kg<\/li>\n<li>Chambre de combustion en fonte<\/li>\n<li>Foyer en acier inox<\/li>\n<li>Est conforme aux : EN14785 &#8211; BImSchV II &#8211; 15a B-VG &#8211; LRV\/VKF<\/li>\n<li>Tiroir amovible pour la r\u00e9cup\u00e9ration des cendres<\/li>\n<li>Po\u00eale canalis\u00e9, double ventilation : Premium<\/li>\n<li><strong>\u00c9vacuation des fum\u00e9es : Arri\u00e8re<\/strong><\/li>\n<li>T\u00e9l\u00e9commande : En option (voir onglet \u00ab\u00a0ACCESSOIRE\u00a0\u00bb)<\/li>\n<li>Module WIFI pour la t\u00e9l\u00e9commande : En option (voir onglet \u00ab\u00a0ACCESSOIRE\u00a0\u00bb)<\/li>\n<\/ul>\n<h3>Sch\u00e9ma technique du po\u00eale \u00e0 granules ventil\u00e9 canalisable &#8211; EVACALOR Gemma 15 kW :<\/h3>\n<p><img decoding=\"async\" class=\"imageFloatLeft\" src=\"https:\/\/cdn1.poelediscount.com\/2071-thickbox_default\/poele-a-granules-ventile-canalisable-evacalor-gemma-15-kw.jpg\" alt=\"\" \/><\/p>\n<p><img decoding=\"async\" class=\"imageFloatLeft\" src=\"https:\/\/cdn2.poelediscount.com\/2076-thickbox_default\/poele-a-granules-ventile-canalisable-evacalor-gemma-15-kw.jpg\" alt=\"\" \/><\/p>\n<h3>Informations compl\u00e9mentaires sur la canalisation PREMIUM :<\/h3>\n<p>Le second ventilateur vous permet de chauffer une autre pi\u00e8ce. La puissance du ventilateur vous permet une distance de canalisation allant jusqu&rsquo;\u00e0 5 m\u00e8tres. Le volume de chauffe peut atteindre les 120 m3. La canalisation PREMIUM est standard sur les mod\u00e8les de <strong>marque EVACALOR<\/strong> Debora, Cloe, Beatrice, Zoe, Ines, Gemma, Irma, Andrea, Tommy, Trevisi et Evelyn.<\/p>\n<h3>Mode de fonctionnement du <strong>po\u00eale \u00e0 pellets ventil\u00e9 canalisable EVA CALOR Gemma 15 kw<\/strong><\/h3>\n<ul>\n<li>Le syst\u00e8me <span style=\"text-decoration: underline;\">Eco-Stop (StandBy)<\/span> qui permet au <strong>po\u00eale \u00e0 granul\u00e9s<\/strong> de s&rsquo;\u00e9teindre une fois la temp\u00e9rature souhait\u00e9e atteinte et de red\u00e9marrer lorsque celle ci aura diminuer.<\/li>\n<li>Le syst\u00e8me <span style=\"text-decoration: underline;\">Modulation<\/span> qui permet au <strong>po\u00eale \u00e0 granules<\/strong> de fonctionner en continu afin d&rsquo;\u00e9viter les red\u00e9marrages, lorsque la temp\u00e9rature demand\u00e9e est atteinte celui ci va se r\u00e9guler automatiquement afin de diminuer sa puissance au minimum tout en maintenant la temp\u00e9rature.<\/li>\n<li>Le syst\u00e8me <span style=\"text-decoration: underline;\">Programmable<\/span> permettant de d\u00e9marrer et d&rsquo;\u00e9teindre le <strong>po\u00eale<\/strong> \u00e0 un moment pr\u00e9cis de la journ\u00e9e.<\/li>\n<\/ul>\n<p>Il faut savoir que tout les modes peuvent fonctionner ensemble, en m\u00eame temps.<\/p>\n<h3>Les diff\u00e9rents syst\u00e8mes du <strong>po\u00eale \u00e0 granul\u00e9s ventil\u00e9 canalisable EVA CALOR Gemma 15 kw<\/strong><\/h3>\n<p><span style=\"text-decoration: underline;\">ECODESIGN 2022<\/span><br \/>\nCe produit r\u00e9pond aux crit\u00e8res du label Ecodesign 2022 qui \u00e9tablit les normes d&rsquo;un projet \u00e9co-compatible, ses m\u00e9thodes de calculs et d&rsquo;\u00e9valuation dans le but de r\u00e9duire les \u00e9missions dans l&rsquo;atmosph\u00e8re.<\/p>\n<p><span style=\"text-decoration: underline;\">CLASSIFICATION ENVIRONMENTALE<\/span><br \/>\nLe produit est conforme aux normatives environnementales les plus strictes et classifi\u00e9 5 \u00e9toiles.<\/p>\n<p><strong>A propos du fabricant :<\/strong> La marque italienne Eva Cal\u00f2r est une entreprise qui produit dans ses propres usines une ligne compl\u00e8te de produits pour la production de chaleur r\u00e9alis\u00e9e par du personnel dot\u00e9 d\u2019une grande exp\u00e9rience. Cela garantit une qualit\u00e9 du produit excellente et certifi\u00e9e, avec des po\u00eales extr\u00eamement fiables et silencieux.<\/p>\n<\/div>\n<p>&nbsp;<\/p>\n<div>\n<p><strong><u>Garantie<\/u>\u00a0:\u00a0<\/strong>Nous vous rappelons que pour la garantie, l&rsquo;installation doit \u00eatre conforme au mode d&#8217;emploi (pr\u00e9conisation du fabricant) et doit respecter les normes en vigueur du pays, pour la France DTU 24.1 ou 24.2.<br \/>\nDe plus, comme pour tous les po\u00eales \u00e0 granul\u00e9s, les appareils sont \u00e0 r\u00e9gler en fonction du tirage naturel de l&rsquo;installation choisie.<\/p>\n<\/div>\n<div class=\"row\" style=\"padding-top: 20px;\">\n<div class=\"col-xs-12 col-sm-12 col-md-12 col-lg-4\" style=\"text-align: center; padding: 15px 2px 25px 2px;\">Questions fr\u00e9quentes<\/div>\n<div class=\"col-xs-12 col-sm-12 col-md-12 col-lg-4\" style=\"text-align: center; padding: 15px 2px 25px 2px;\">Quelle puissance choisir ?<\/div>\n<div class=\"col-xs-12 col-sm-12 col-md-12 col-lg-4\" style=\"text-align: center; padding: 15px 2px 25px 2px;\">Livraison<\/div>\n<\/div>\n","protected":false},"excerpt":{"rendered":"<p id=\"product_reference\"><label>R\u00e9f\u00e9rence <\/label><br \/>\n<span class=\"editable\">WSDC412036<\/span><\/p>\n<p id=\"product_condition\"><label>\u00c9tat : <\/label><br \/>\n<span class=\"editable\">Neuf<\/span><\/p>\n<p id=\"product_ean13\"><label>Ean13: <\/label><br \/>\n8029728008343<\/p>\n<div id=\"short_description_block\">\n<div id=\"short_description_content\" class=\"rte align_justify\">\n<ul>\n<li>Programmable &#8211; Eco-stop (StandBy)<\/li>\n<li>Marque : EVACALOR<\/li>\n<li>Garantie 2 ans pi\u00e8ces<\/li>\n<li>Fabriqu\u00e9 en Italie<\/li>\n<li>Po\u00eale <strong>non \u00e9tanche<\/strong> pour zone 1<\/li>\n<li>Po\u00eale canalisable<\/li>\n<li>Ecodesign 2022 &#8211; \u00c9quivalence flamme verte 7*<\/li>\n<\/ul>\n<p><strong><span style=\"color: #218e53;\">D\u00e9lai de disponibilit\u00e9 : 5 \u00e0 12 jours<\/span><\/strong><\/p>\n<p><span style=\"text-decoration: underline;\"><strong>LIVRAISON GRATUITE<\/strong><\/span> (Partout en Europe)<\/p>\n<\/div>\n<\/div>\n","protected":false},"featured_media":12780,"comment_status":"open","ping_status":"closed","template":"","meta":[],"product_brand":[],"product_cat":[113],"product_tag":[],"class_list":{"0":"post-12742","1":"product","2":"type-product","3":"status-publish","4":"has-post-thumbnail","6":"product_cat-poeles-granules","8":"first","9":"instock","10":"sale","11":"purchasable","12":"product-type-simple"},"jetpack_sharing_enabled":true,"_links":{"self":[{"href":"https:\/\/troncybois.com\/index.php?rest_route=\/wp\/v2\/product\/12742","targetHints":{"allow":["GET"]}}],"collection":[{"href":"https:\/\/troncybois.com\/index.php?rest_route=\/wp\/v2\/product"}],"about":[{"href":"https:\/\/troncybois.com\/index.php?rest_route=\/wp\/v2\/types\/product"}],"replies":[{"embeddable":true,"href":"https:\/\/troncybois.com\/index.php?rest_route=%2Fwp%2Fv2%2Fcomments&post=12742"}],"version-history":[{"count":1,"href":"https:\/\/troncybois.com\/index.php?rest_route=\/wp\/v2\/product\/12742\/revisions"}],"predecessor-version":[{"id":12788,"href":"https:\/\/troncybois.com\/index.php?rest_route=\/wp\/v2\/product\/12742\/revisions\/12788"}],"wp:featuredmedia":[{"embeddable":true,"href":"https:\/\/troncybois.com\/index.php?rest_route=\/wp\/v2\/media\/12780"}],"wp:attachment":[{"href":"https:\/\/troncybois.com\/index.php?rest_route=%2Fwp%2Fv2%2Fmedia&parent=12742"}],"wp:term":[{"taxonomy":"product_brand","embeddable":true,"href":"https:\/\/troncybois.com\/index.php?rest_route=%2Fwp%2Fv2%2Fproduct_brand&post=12742"},{"taxonomy":"product_cat","embeddable":true,"href":"https:\/\/troncybois.com\/index.php?rest_route=%2Fwp%2Fv2%2Fproduct_cat&post=12742"},{"taxonomy":"product_tag","embeddable":true,"href":"https:\/\/troncybois.com\/index.php?rest_route=%2Fwp%2Fv2%2Fproduct_tag&post=12742"}],"curies":[{"name":"wp","href":"https:\/\/api.w.org\/{rel}","templated":true}]}}