{"id":12695,"date":"2023-05-30T15:55:18","date_gmt":"2023-05-30T13:55:18","guid":{"rendered":"https:\/\/antiquewhite-gerbil-448984.hostingersite.com\/?post_type=product&#038;p=12695"},"modified":"2023-05-31T16:48:57","modified_gmt":"2023-05-31T14:48:57","slug":"poele-a-granules-ventile-evacalor-milly-13-5-kw","status":"publish","type":"product","link":"https:\/\/troncybois.com\/?product=poele-a-granules-ventile-evacalor-milly-13-5-kw","title":{"rendered":"Po\u00eale \u00e0 granules ventil\u00e9 &#8211; EVACALOR Milly 13.5 kw"},"content":{"rendered":"<div class=\"fiche-produit\">\n<p><strong>Le po\u00eale \u00e0 granules ventil\u00e9 Milly 13.5kW<\/strong> pas cher de la marque<strong> EVA CALOR<\/strong> peut chauffer une pi\u00e8ce jusqu&rsquo;\u00e0 300m3. Avec son r\u00e9servoir d&rsquo;une capacit\u00e9 de 15kg, c<strong>e po\u00eale \u00e0 granules<\/strong> vous promet une chaleur durable. Ce <strong>po\u00eale<\/strong> utilise des <strong>granul\u00e9s de bois<\/strong> comme source d\u2019\u00e9nergie, ce qui permet de chauffer rapidement et rentablement une pi\u00e8ce. Dispos\u00e9 dans le r\u00e9servoir \u00e0 <strong>pellets<\/strong>, ce moyen de chauffe permet une combustion plus lente. Gr\u00e2ce \u00e0 son <strong>ventilateur<\/strong> int\u00e9gr\u00e9 ce po\u00eale diffuse la chaleur de mani\u00e8re homog\u00e8ne pour une meilleure r\u00e9partition de celle-ci. Cette <strong>ventilation<\/strong> permet d\u2019atteindre rapidement la temp\u00e9rature souhait\u00e9e. Ce <strong>po\u00eale \u00e0 granules<\/strong> ventil\u00e9 permet aussi de diminuer la consommation d&rsquo;\u00e9nergie tout en promettant une chaleur durable et confortable.<\/p>\n<h2>Informations cl\u00e9s sur le Po\u00eale \u00e0 granules ventil\u00e9 EVA CALOR Milly 13.5 kw<\/h2>\n<ul>\n<li>Rev\u00eatement en acier fa\u00e7onn\u00e9 et fini \u00e0 la main<\/li>\n<li>Fa\u00e7ade porte en verre s\u00e9rigraphi\u00e9 noir<\/li>\n<li>Ventilation forc\u00e9e<\/li>\n<li>5 puissances de fonctionnement<\/li>\n<li>Afficheur avec menu dans 6 langues<\/li>\n<li>Chambre de combustion en fonte<\/li>\n<li>Utilise du pellet et des biomasses solides broy\u00e9es (BMS)<\/li>\n<li>Combustion auto r\u00e9gul\u00e9e avec contr\u00f4le de l\u2019air (DFCS)<\/li>\n<li>Tiroir \u00e0 cendres amovible pour r\u00e9cup\u00e9ration de cendres<\/li>\n<li>Poign\u00e9e amovible<\/li>\n<li>\u00c9vacuation des fum\u00e9es ver le haut &#8211; vers l\u2019arri\u00e8re<\/li>\n<li>Thermostat de s\u00e9curit\u00e9<\/li>\n<li>Pr\u00e9disposition pour thermostat ext\u00e9rieur<\/li>\n<li>Pressostat de s\u00e9curit\u00e9<\/li>\n<li>Chrono-thermostat<\/li>\n<li><span style=\"text-decoration: underline;\">\u00a0<span style=\"color: #2c9ffd; text-decoration: underline;\"><span style=\"color: #2c9ffd; text-decoration: underline;\">T\u00e9l\u00e9commande pour po\u00eale \u00e0 granul\u00e9s EVACALOR<\/span><\/span><\/span> : En option<\/li>\n<li><span style=\"text-decoration: underline; color: #2c9ffd;\">\u00a0<span style=\"color: #2c9ffd; text-decoration: underline;\">Module wifi pour po\u00eale \u00e0 granul\u00e9s EVACALOR <\/span><\/span><span style=\"color: #000000;\"><span style=\"color: #000000;\">:<\/span> <\/span>En option<\/li>\n<li><span style=\"text-decoration: underline; color: #2c9ffd;\"> <span style=\"color: #2c9ffd; text-decoration: underline;\">Thermostat connect\u00e9 pour po\u00eale \u00e0 granul\u00e9s <\/span><\/span><span style=\"color: #000000;\">: En option<\/span><\/li>\n<li><span style=\"text-decoration: underline; color: #2c9ffd;\"><span style=\"color: #2c9ffd; text-decoration: underline;\">Pi\u00e8ces d\u00e9tach\u00e9es du po\u00eale EVACALOR Milly <\/span><\/span><span style=\"color: #000000;\">: En option<\/span><\/li>\n<\/ul>\n<h2>Caract\u00e9ristiques techniques du Po\u00eale \u00e0 granules ventil\u00e9 EVA CALOR Milly 13.5 kw<\/h2>\n<ul>\n<li>Puissance brul\u00e9e : Pmax 13.5 kW \u2013 Pmin 4 kW<\/li>\n<li>Puissance nominale : Pmax 11,5 kW \u2013 Pmin 3,5 kW<\/li>\n<li>Rendement : Pmax 89,5% \u2013 Pmin 93.5%<\/li>\n<li>CO \u00e9missions \u00e0 13% O2 : Pmax 0,013% \u2013 Pmin 0,022%<\/li>\n<li>Consommation de pellets : Pmax 2,9 kg\/h \u2013 Pmin 0,9 kg\/h<\/li>\n<li>Capacit\u00e9 du r\u00e9servoir : 15 kg<\/li>\n<li>Classe d&rsquo;efficacit\u00e9 \u00e9nerg\u00e9tique : A+<\/li>\n<li>Volume de chauffe : 200 \u2013 300 m3<\/li>\n<li>Distance minimale des surfaces inflammables : c\u00f4t\u00e9 : 30 cm &#8211; arri\u00e8re : 20 cm &#8211; avant : 100 cm<\/li>\n<li>Tension \/ Fr\u00e9quence : 230 V \/ 50 Hz<\/li>\n<li>Puissance nominale \u00e9lectrique : 320 W<\/li>\n<li>Dimensions : L 46,6 x P 55,5 x H 99,9 cm<\/li>\n<li>Poids : 110 kg<\/li>\n<li>Conforme aux normes : EN14785 &#8211; BImSchV II &#8211; 15a B-VG &#8211; LRV\/VKF<\/li>\n<\/ul>\n<h3>Sch\u00e9ma explicatif du Po\u00eale \u00e0 granules ventil\u00e9 EVA CALOR Milly 13.5 kw<\/h3>\n<p><img fetchpriority=\"high\" decoding=\"async\" src=\"https:\/\/www.poelediscount.com\/img\/cms\/Milly.png\" alt=\"\" width=\"620\" height=\"499\" \/><\/p>\n<h3>Mode de fonctionnement du <strong>po\u00eale \u00e0 pellets ventil\u00e9 EVA CALOR Milly 13.5 kw<\/strong><\/h3>\n<ul>\n<li>Le syst\u00e8me <span style=\"text-decoration: underline;\">Eco-Stop (StandBy)<\/span> qui permet au <strong>po\u00eale \u00e0 granul\u00e9s<\/strong> de s&rsquo;\u00e9teindre une fois la temp\u00e9rature souhait\u00e9e atteinte et de red\u00e9marrer lorsque celle ci aura diminuer.<\/li>\n<li>Le syst\u00e8me <span style=\"text-decoration: underline;\">Modulation<\/span> qui permet au <strong>po\u00eale \u00e0 granules<\/strong> de fonctionner en continu afin d&rsquo;\u00e9viter les red\u00e9marrages, lorsque la temp\u00e9rature demand\u00e9e est atteinte celui ci va se r\u00e9guler automatiquement afin de diminuer sa puissance au minimum tout en maintenant la temp\u00e9rature.<\/li>\n<li>Le syst\u00e8me <span style=\"text-decoration: underline;\">Programmable<\/span> permettant de d\u00e9marrer et d&rsquo;\u00e9teindre le <strong>po\u00eale<\/strong> \u00e0 un moment pr\u00e9cis de la journ\u00e9e.<\/li>\n<\/ul>\n<p>Il faut savoir que tout les modes peuvent fonctionner ensemble, en m\u00eame temps.<\/p>\n<h3>Les diff\u00e9rents syst\u00e8mes du <strong>po\u00eale \u00e0 granul\u00e9s ventil\u00e9 EVA CALOR Milly 13.5 kw<\/strong><\/h3>\n<p><span style=\"text-decoration: underline;\">ECODESIGN 2022<\/span><br \/>\nCe produit r\u00e9pond aux crit\u00e8res du label Ecodesign 2022 qui \u00e9tablit les normes d&rsquo;un projet \u00e9co-compatible, ses m\u00e9thodes de calculs et d&rsquo;\u00e9valuation dans le but de r\u00e9duire les \u00e9missions dans l&rsquo;atmosph\u00e8re.<\/p>\n<p><span style=\"text-decoration: underline;\">CLASSIFICATION ENVIRONNEMENTALE<\/span><br \/>\nLe produit est conforme aux normatives environnementales les plus strictes et classifi\u00e9 4 \u00e9toiles.<\/p>\n<p><span style=\"text-decoration: underline;\">BMS<\/span><br \/>\nLe Biomass Multi-fuel System offre au po\u00eale une grande polyvalence : ce syst\u00e8me permet en effet d&rsquo;alimenter le po\u00eale \u00e0 lla fois avec des granul\u00e9s et avec des biomasses solides broy\u00e9es d\u00e9rivant de d\u00e9chets, comme des r\u00e9sidus de noyaux d&rsquo;olives, des coques de noisettes broy\u00e9es ou des amandes tritur\u00e9es.<\/p>\n<p><span style=\"text-decoration: underline;\">DFCS<\/span><br \/>\nLe Dynamic Flow Control System contr\u00f4le automatiquement l&rsquo;air de combustion. Ce syst\u00e8me permet une r\u00e9gulation automatique de l&rsquo;air du po\u00eale en fonction des diff\u00e9rents types d&rsquo;installation ou des diff\u00e9rentes qualit\u00e9s de combustible, afin de toujours garantir une polyvalence maximale lors de son utilisation quotidienne et une optimisation de la consommation.<\/p>\n<p><span style=\"text-decoration: underline;\">SHU<\/span><br \/>\nLe symbole SHU indique que le po\u00eale est pourvu d\u2019une poign\u00e9e amovible. C\u2019est une pr\u00e9caution de s\u00e9curit\u00e9 pour \u00e9viter l\u2019ouverture accidentelle et\/ou involontaire de la porte du foyer.<\/p>\n<p><strong>Eva calor<\/strong> est une entreprise italienne qui s\u2019identifie au monde du chauffage. Poss\u00e9dant des ann\u00e9es d\u2019exp\u00e9rience l\u2019entreprise mise sur la qualit\u00e9, la fiabilit\u00e9 et la s\u00e9curit\u00e9 de ses produits.<\/p>\n<p>Ce mod\u00e8le ne correspond pas \u00e0 vos souhaits, vous pouvez trouver ici un diff\u00e9rent mod\u00e8le de <span style=\"text-decoration: underline; color: #2c9ffd;\"><span style=\"color: #2c9ffd; text-decoration: underline;\">po\u00eale \u00e0 granules ventil\u00e9<\/span><\/span><\/p>\n<p>Vous souhaitez d\u00e9couvrir plus de produits\u00a0? Trouvez ici nos <span style=\"text-decoration: underline; color: #2c9ffd;\"><span style=\"color: #2c9ffd; text-decoration: underline;\">meilleurs po\u00eales \u00e0 granul\u00e9s ventil\u00e9<\/span><\/span><\/p>\n<p>Vous aimez la marque EVA CALOR? D\u00e9couvrez nos <span style=\"text-decoration: underline; color: #2c9ffd;\"><span style=\"color: #2c9ffd; text-decoration: underline;\">po\u00eales EVA CALOR<\/span><\/span><\/p>\n<p>Poelediscount.com le leader des<span style=\"text-decoration: underline; color: #2c9ffd;\"> <span style=\"color: #2c9ffd; text-decoration: underline;\">po\u00eales \u00e0 granul\u00e9s pas chers<\/span><\/span><\/p>\n<\/div>\n<p>&nbsp;<\/p>\n<div>\n<p><strong><u>Garantie<\/u>\u00a0:\u00a0<\/strong>Nous vous rappelons que pour la garantie, l&rsquo;installation doit \u00eatre conforme au mode d&#8217;emploi (pr\u00e9conisation du fabricant) et doit respecter les normes en vigueur du pays, pour la France DTU 24.1 ou 24.2.<br \/>\nDe plus, comme pour tous les po\u00eales \u00e0 granul\u00e9s, les appareils sont \u00e0 r\u00e9gler en fonction du tirage naturel de l&rsquo;installation choisie.<\/p>\n<\/div>\n<div class=\"row\" style=\"padding-top: 20px;\">\n<div class=\"col-xs-12 col-sm-12 col-md-12 col-lg-4\" style=\"text-align: center; padding: 15px 2px 25px 2px;\">Questions fr\u00e9quentes<\/div>\n<div class=\"col-xs-12 col-sm-12 col-md-12 col-lg-4\" style=\"text-align: center; padding: 15px 2px 25px 2px;\">Quelle puissance choisir ?<\/div>\n<div class=\"col-xs-12 col-sm-12 col-md-12 col-lg-4\" style=\"text-align: center; padding: 15px 2px 25px 2px;\">Livraison<\/div>\n<\/div>\n","protected":false},"excerpt":{"rendered":"<p id=\"product_reference\"><label>R\u00e9f\u00e9rence <\/label><br \/>\n<span class=\"editable\">520145693<\/span><\/p>\n<p id=\"product_condition\"><label>\u00c9tat : <\/label><br \/>\n<span class=\"editable\">Neuf<\/span><\/p>\n<p id=\"product_ean13\"><label>Ean13: <\/label><br \/>\n8029728639219<\/p>\n<div id=\"short_description_block\">\n<div id=\"short_description_content\" class=\"rte align_justify\">\n<ul>\n<li>Marque EVA CALOR<\/li>\n<li>Garantie 2 ans pi\u00e8ces<\/li>\n<li>Fabriqu\u00e9 en Italie<\/li>\n<li>Programmable &#8211; Eco-stop (StandBy)<\/li>\n<li>Po\u00eale \u00e0 granules ventil\u00e9 non \u00e9tanche zone 1<\/li>\n<li>\u00c9quivalence Flamme Verte 6*<\/li>\n<\/ul>\n<p><strong><span style=\"color: #218e53;\">D\u00e9lai de disponibilit\u00e9 : 5 \u00e0 12 jours<\/span><\/strong><\/p>\n<p><span style=\"text-decoration: underline;\"><strong>LIVRAISON GRATUITE<\/strong><\/span> (Partout en Europe)<\/p>\n<p id=\"availability_date\" style=\"display: none;\"><span id=\"availability_label\" style=\"color: #d0121a; font-weight: bold; text-transform: uppercase;\"><u>Disponible le<\/u>\u00a0:<\/span><\/p>\n<\/div>\n<\/div>\n","protected":false},"featured_media":12750,"comment_status":"open","ping_status":"closed","template":"","meta":[],"product_brand":[],"product_cat":[113],"product_tag":[],"class_list":{"0":"post-12695","1":"product","2":"type-product","3":"status-publish","4":"has-post-thumbnail","6":"product_cat-poeles-granules","8":"first","9":"instock","10":"sale","11":"purchasable","12":"product-type-simple"},"jetpack_sharing_enabled":true,"_links":{"self":[{"href":"https:\/\/troncybois.com\/index.php?rest_route=\/wp\/v2\/product\/12695","targetHints":{"allow":["GET"]}}],"collection":[{"href":"https:\/\/troncybois.com\/index.php?rest_route=\/wp\/v2\/product"}],"about":[{"href":"https:\/\/troncybois.com\/index.php?rest_route=\/wp\/v2\/types\/product"}],"replies":[{"embeddable":true,"href":"https:\/\/troncybois.com\/index.php?rest_route=%2Fwp%2Fv2%2Fcomments&post=12695"}],"version-history":[{"count":1,"href":"https:\/\/troncybois.com\/index.php?rest_route=\/wp\/v2\/product\/12695\/revisions"}],"predecessor-version":[{"id":12762,"href":"https:\/\/troncybois.com\/index.php?rest_route=\/wp\/v2\/product\/12695\/revisions\/12762"}],"wp:featuredmedia":[{"embeddable":true,"href":"https:\/\/troncybois.com\/index.php?rest_route=\/wp\/v2\/media\/12750"}],"wp:attachment":[{"href":"https:\/\/troncybois.com\/index.php?rest_route=%2Fwp%2Fv2%2Fmedia&parent=12695"}],"wp:term":[{"taxonomy":"product_brand","embeddable":true,"href":"https:\/\/troncybois.com\/index.php?rest_route=%2Fwp%2Fv2%2Fproduct_brand&post=12695"},{"taxonomy":"product_cat","embeddable":true,"href":"https:\/\/troncybois.com\/index.php?rest_route=%2Fwp%2Fv2%2Fproduct_cat&post=12695"},{"taxonomy":"product_tag","embeddable":true,"href":"https:\/\/troncybois.com\/index.php?rest_route=%2Fwp%2Fv2%2Fproduct_tag&post=12695"}],"curies":[{"name":"wp","href":"https:\/\/api.w.org\/{rel}","templated":true}]}}