{"id":12555,"date":"2023-05-30T15:52:48","date_gmt":"2023-05-30T13:52:48","guid":{"rendered":"https:\/\/antiquewhite-gerbil-448984.hostingersite.com\/?post_type=product&#038;p=12555"},"modified":"2023-05-31T16:48:59","modified_gmt":"2023-05-31T14:48:59","slug":"poele-a-granules-ventile-evacalor-barbara-115-kw","status":"publish","type":"product","link":"https:\/\/troncybois.com\/?product=poele-a-granules-ventile-evacalor-barbara-115-kw","title":{"rendered":"Po\u00eale \u00e0 granules ventil\u00e9 &#8211; EVACALOR Barbara 11,5 kw"},"content":{"rendered":"<div class=\"fiche-produit\">\n<p><strong>Le po\u00eale \u00e0 granules ventil\u00e9 Barbara 11.5kW<\/strong> pas cher de la marque<strong> EVA CALOR<\/strong> poss\u00e8de un rev\u00eatement en pierre connu afin de conserver la chaleur. Avec une puissance br\u00fbl\u00e9 de 11,5 kW \u00e0 son maximum il obtient un rendement sup\u00e9rieur \u00e0 88%. Les <strong>granul\u00e9s de bois<\/strong> sont utilis\u00e9s comme source d\u2019\u00e9nergie et permettent de r\u00e9chauffer \u00e9conomiquement et rapidement une pi\u00e8ce de vie gr\u00e2ce \u00e0 sa combustion plus lente. Pour une meilleure r\u00e9partition de la chaleur, la <strong>ventilation<\/strong> se fait homog\u00e8ne et permet d\u2019atteindre rapidement la temp\u00e9rature souhait\u00e9e dans la pi\u00e8ce. Ce <strong>po\u00eale \u00e0 granules ventil\u00e9<\/strong> diminue la consommation d\u2019\u00e9nergie afin de promettre une chaleur durable et confortable.<\/p>\n<h2>Informations cl\u00e9s sur le Po\u00eale \u00e0 granules ventil\u00e9 EVA CALOR Barbara 11.5 kw<\/h2>\n<ul>\n<li>Rev\u00eatement en pierre<\/li>\n<li>Plateau sup\u00e9rieur de 6 mm d\u2019\u00e9paisseur<\/li>\n<li>Fa\u00e7ade porte en verre s\u00e9rigraphi\u00e9 noir<\/li>\n<li>Ventilation forc\u00e9e<\/li>\n<li>5 puissances de fonctionnement<\/li>\n<li>Afficheur avec menu dans 6 langues<\/li>\n<li>Poign\u00e9e amovible<\/li>\n<li>Thermostat de s\u00e9curit\u00e9<\/li>\n<li>Panneau de commande, Display 3 touches<\/li>\n<li>Chambre de combustion en fonte<\/li>\n<li>Tiroir \u00e0 cendres amovible<\/li>\n<li>Pr\u00e9disposition pour thermostat ext\u00e9rieur<\/li>\n<li>\u00c9vacuation des fum\u00e9es : Arri\u00e8re<\/li>\n<li>Pressostat de s\u00e9curit\u00e9<\/li>\n<li>Chronothermostat<\/li>\n<li>T\u00e9l\u00e9commande pour po\u00eale \u00e0 granules EVA CALOR : En option<\/li>\n<li>Module wifi pour po\u00eale \u00e0 granul\u00e9s EVA CALOR : En option<\/li>\n<li>Thermostat connect\u00e9 pour po\u00eale \u00e0 granul\u00e9s EVA CALOR : En option<\/li>\n<li>Kit de fumisterie pour po\u00eale \u00e0 granul\u00e9s : En option<\/li>\n<li>Pi\u00e8ces d\u00e9tach\u00e9es du po\u00eale \u00e0 granul\u00e9s ventil\u00e9 EVACALOR Barbara 11.5 kW : En option<\/li>\n<\/ul>\n<h2>Caract\u00e9ristiques techniques du Po\u00eale \u00e0 granules ventil\u00e9 EVA CALOR Barbara 11.5 kw<\/h2>\n<ul>\n<li>Puissance brul\u00e9e : Pmax 11,5 kW \u2013 Pmin 4.2 kW<\/li>\n<li>Puissance nominale : Pmax 10,0 kW \u2013 Pmin 4,0 kW<\/li>\n<li>Rendement : Pmax 88% \u2013 Pmin 94.5%<\/li>\n<li>CO \u00e9missions \u00e0 13% O2 : Pmax 0,005% \u2013 Pmin 0,023%<\/li>\n<li>Consommation de pellets : Pmax 2,4 kg\/h \u2013 Pmin 0,9 kg\/h<\/li>\n<li>Capacit\u00e9 du r\u00e9servoir : 15 kg<\/li>\n<li>Volume de chauffe: 200 \u2013 300 m3<\/li>\n<li>Classe d\u2019efficacit\u00e9 \u00e9nerg\u00e9tique : A+<\/li>\n<li>Tension \/ Fr\u00e9quence : 230 V \/ 50 Hz<\/li>\n<li>Puissance nominale \u00e9lectrique : 345 W<\/li>\n<li>Dimensions : L 56.2 x P 55,5 x H 101.2 cm<\/li>\n<li>Poids : 177 kg<\/li>\n<li>Distance minimale des surfaces inflammables : c\u00f4t\u00e9 : 30 cm &#8211; arri\u00e8re : 25 cm &#8211; avant : 100 cm<\/li>\n<li>Conforme aux normes: EN14785 &#8211; BImSchV II &#8211; 15a B-VG &#8211; LRV\/VKF<\/li>\n<\/ul>\n<h3>Sch\u00e9ma explicatif du Po\u00eale \u00e0 granules ventil\u00e9 EVA CALOR Barbara 11.5 kw<\/h3>\n<p><img fetchpriority=\"high\" decoding=\"async\" src=\"https:\/\/www.poelediscount.com\/img\/cms\/Sch%C3%A9ma%20technique\/barbara.png\" alt=\"\" width=\"638\" height=\"496\" \/><\/p>\n<h3>Mode de fonctionnement du <strong>po\u00eale \u00e0 pellets ventil\u00e9 EVA CALOR Barbara 11.5 kw<\/strong><\/h3>\n<ul>\n<li>Le syst\u00e8me <span style=\"text-decoration: underline;\">Eco-Stop (StandBy)<\/span> qui permet au <strong>po\u00eale \u00e0 granul\u00e9s<\/strong> de s&rsquo;\u00e9teindre une fois la temp\u00e9rature souhait\u00e9e atteinte et de red\u00e9marrer lorsque celle ci aura diminuer.<\/li>\n<li>Le syst\u00e8me <span style=\"text-decoration: underline;\">Modulation<\/span> qui permet au <strong>po\u00eale \u00e0 granules<\/strong> de fonctionner en continu afin d&rsquo;\u00e9viter les red\u00e9marrages, lorsque la temp\u00e9rature demand\u00e9e est atteinte celui ci va se r\u00e9guler automatiquement afin de diminuer sa puissance au minimum tout en maintenant la temp\u00e9rature.<\/li>\n<li>Le syst\u00e8me <span style=\"text-decoration: underline;\">Programmable<\/span> permettant de d\u00e9marrer et d&rsquo;\u00e9teindre le <strong>po\u00eale<\/strong> \u00e0 un moment pr\u00e9cis de la journ\u00e9e.<\/li>\n<\/ul>\n<p>Il faut savoir que tout les modes peuvent fonctionner ensemble, en m\u00eame temps.<\/p>\n<h3>Les diff\u00e9rents syst\u00e8mes du <strong>po\u00eale \u00e0 granul\u00e9s ventil\u00e9 EVA CALOR Barbara 11.5 kw<\/strong><\/h3>\n<p><span style=\"text-decoration: underline;\">ECODESIGN 2022<\/span><br \/>\nCe produit r\u00e9pond aux crit\u00e8res du label Ecodesign 2022 qui \u00e9tablit les normes d&rsquo;un projet \u00e9co-compatible, ses m\u00e9thodes de calculs et d&rsquo;\u00e9valuation dans le but de r\u00e9duire les \u00e9missions dans l&rsquo;atmosph\u00e8re.<\/p>\n<p><span style=\"text-decoration: underline;\">CLASSIFICATION ENVIRONNEMENTALE<\/span><br \/>\nLe produit est conforme aux normatives environnementales les plus strictes et classifi\u00e9 4 \u00e9toiles.<\/p>\n<p><span style=\"text-decoration: underline;\">SHU<\/span><br \/>\nLe symbole SHU indique que le po\u00eale est pourvu d\u2019une poign\u00e9e amovible. C\u2019est une pr\u00e9caution de s\u00e9curit\u00e9 pour \u00e9viter l\u2019ouverture accidentelle et\/ou involontaire de la porte du foyer.<\/p>\n<p>La soci\u00e9t\u00e9 italienne <strong>Eva Calor<\/strong> vous propose des articles de chauffes avec des caract\u00e9ristiques sp\u00e9cifiques. Ayant acquis des ann\u00e9es d\u2019exp\u00e9rience, la marque est \u00e9cologiquement responsable et tr\u00e8s ax\u00e9s sur la s\u00e9curit\u00e9 et la fiabilit\u00e9 de ses produits.<\/p>\n<p>Vous souhaiteriez un produit similaire canalisable ? Retrouvez un po\u00eale \u00e0 granules ventil\u00e9 canalisable<\/p>\n<p>Vous aimez ce genre de produit retrouvez meilleurs po\u00eales \u00e0 granul\u00e9s ventil\u00e9s<\/p>\n<p>Vous avez appr\u00e9ci\u00e9 les mod\u00e8les de la marque EVACALOR? Orientez vous vers nos po\u00eales EVACALOR<\/p>\n<p>Poelediscount.com le leader des po\u00eales \u00e0 granul\u00e9s pas chers<\/p>\n<\/div>\n<p>&nbsp;<\/p>\n<div>\n<p><strong><u>Garantie<\/u>\u00a0:\u00a0<\/strong>Nous vous rappelons que pour la garantie, l&rsquo;installation doit \u00eatre conforme au mode d&#8217;emploi (pr\u00e9conisation du fabricant) et doit respecter les normes en vigueur du pays, pour la France DTU 24.1 ou 24.2.<br \/>\nDe plus, comme pour tous les po\u00eales \u00e0 granul\u00e9s, les appareils sont \u00e0 r\u00e9gler en fonction du tirage naturel de l&rsquo;installation choisie.<\/p>\n<\/div>\n<div class=\"row\" style=\"padding-top: 20px;\">\n<div class=\"col-xs-12 col-sm-12 col-md-12 col-lg-4\" style=\"text-align: center; padding: 15px 2px 25px 2px;\">Questions fr\u00e9quentes<\/div>\n<div class=\"col-xs-12 col-sm-12 col-md-12 col-lg-4\" style=\"text-align: center; padding: 15px 2px 25px 2px;\">Quelle puissance choisir ?<\/div>\n<div class=\"col-xs-12 col-sm-12 col-md-12 col-lg-4\" style=\"text-align: center; padding: 15px 2px 25px 2px;\">Livraison<\/div>\n<\/div>\n","protected":false},"excerpt":{"rendered":"<p id=\"product_reference\"><label>R\u00e9f\u00e9rence <\/label><br \/>\n<span class=\"editable\">BG4125036<\/span><\/p>\n<p id=\"product_condition\"><label>\u00c9tat : <\/label><br \/>\n<span class=\"editable\">Neuf<\/span><\/p>\n<p id=\"product_ean13\"><label>Ean13: <\/label><br \/>\n8029728008558<\/p>\n<div id=\"short_description_block\">\n<div id=\"short_description_content\" class=\"rte align_justify\">\n<ul>\n<li>Marque EVA CALOR<\/li>\n<li>Garantie 2 ans pi\u00e8ces<\/li>\n<li>Fabriqu\u00e9 en Italie<\/li>\n<li>Programmable &#8211; Eco-stop (StandBy)<\/li>\n<li>Po\u00eale \u00e0 granules ventil\u00e9 non \u00e9tanche zone 1<\/li>\n<li>\u00c9quivalence Flamme Verte 6*<\/li>\n<\/ul>\n<p><strong><span style=\"color: #218e53;\">D\u00e9lai de disponibilit\u00e9 : 5 \u00e0 12 jours<\/span><\/strong><\/p>\n<p><span style=\"text-decoration: underline;\"><strong>LIVRAISON GRATUITE<\/strong><\/span> (Partout en Europe)<\/p>\n<p id=\"availability_date\" style=\"display: none;\"><span id=\"availability_label\" style=\"color: #d0121a; font-weight: bold; text-transform: uppercase;\"><u>Disponible le<\/u>\u00a0:<\/span><\/p>\n<\/div>\n<\/div>\n","protected":false},"featured_media":12605,"comment_status":"open","ping_status":"closed","template":"","meta":[],"product_brand":[],"product_cat":[113],"product_tag":[],"class_list":{"0":"post-12555","1":"product","2":"type-product","3":"status-publish","4":"has-post-thumbnail","6":"product_cat-poeles-granules","8":"first","9":"instock","10":"sale","11":"purchasable","12":"product-type-simple"},"jetpack_sharing_enabled":true,"_links":{"self":[{"href":"https:\/\/troncybois.com\/index.php?rest_route=\/wp\/v2\/product\/12555","targetHints":{"allow":["GET"]}}],"collection":[{"href":"https:\/\/troncybois.com\/index.php?rest_route=\/wp\/v2\/product"}],"about":[{"href":"https:\/\/troncybois.com\/index.php?rest_route=\/wp\/v2\/types\/product"}],"replies":[{"embeddable":true,"href":"https:\/\/troncybois.com\/index.php?rest_route=%2Fwp%2Fv2%2Fcomments&post=12555"}],"version-history":[{"count":1,"href":"https:\/\/troncybois.com\/index.php?rest_route=\/wp\/v2\/product\/12555\/revisions"}],"predecessor-version":[{"id":12611,"href":"https:\/\/troncybois.com\/index.php?rest_route=\/wp\/v2\/product\/12555\/revisions\/12611"}],"wp:featuredmedia":[{"embeddable":true,"href":"https:\/\/troncybois.com\/index.php?rest_route=\/wp\/v2\/media\/12605"}],"wp:attachment":[{"href":"https:\/\/troncybois.com\/index.php?rest_route=%2Fwp%2Fv2%2Fmedia&parent=12555"}],"wp:term":[{"taxonomy":"product_brand","embeddable":true,"href":"https:\/\/troncybois.com\/index.php?rest_route=%2Fwp%2Fv2%2Fproduct_brand&post=12555"},{"taxonomy":"product_cat","embeddable":true,"href":"https:\/\/troncybois.com\/index.php?rest_route=%2Fwp%2Fv2%2Fproduct_cat&post=12555"},{"taxonomy":"product_tag","embeddable":true,"href":"https:\/\/troncybois.com\/index.php?rest_route=%2Fwp%2Fv2%2Fproduct_tag&post=12555"}],"curies":[{"name":"wp","href":"https:\/\/api.w.org\/{rel}","templated":true}]}}