{"id":12554,"date":"2023-05-30T15:52:48","date_gmt":"2023-05-30T13:52:48","guid":{"rendered":"https:\/\/antiquewhite-gerbil-448984.hostingersite.com\/?post_type=product&#038;p=12554"},"modified":"2023-05-31T16:48:59","modified_gmt":"2023-05-31T14:48:59","slug":"poele-a-granules-ventile-ceramique-evacalor-laura-13-kw","status":"publish","type":"product","link":"https:\/\/troncybois.com\/?product=poele-a-granules-ventile-ceramique-evacalor-laura-13-kw","title":{"rendered":"Po\u00eale \u00e0 granules ventil\u00e9 c\u00e9ramique &#8211; EVACALOR Laura 13 kW"},"content":{"rendered":"<div class=\"fiche-produit\">\n<p><strong>Le po\u00eale \u00e0 granules ventil\u00e9 Laura 13 kW<\/strong> pas cher de la marque<strong> EVA CALOR<\/strong> peut chauffer une pi\u00e8ce jusqu&rsquo;\u00e0 300m3. Avec son r\u00e9servoir d&rsquo;une capacit\u00e9 de 21kg, c<strong>e po\u00eale \u00e0 granules<\/strong> vous promet une chaleur durable.\u00a0Ce po\u00eale est \u00e9conome car il ne consomme que 0.9kg de granul\u00e9s par heure de chauffe (\u00e0 puissance minimale). Gr\u00e2ce \u00e0 son ventilateur int\u00e9gr\u00e9 ce po\u00eale diffuse la chaleur de mani\u00e8re homog\u00e8ne pour une meilleure r\u00e9partition de celle-ci. Ce <strong>po\u00eale \u00e0 granules ventil\u00e9<\/strong> permet aussi de diminuer la consommation d&rsquo;\u00e9nergie tout en promettant une chaleur durable et confortable. <strong>Eva Calor <\/strong>toujours \u00e0 la recherche de nouveaux <strong>design<\/strong>, a r\u00e9alis\u00e9 une fa\u00e7ade arrondie en <strong>c\u00e9ramique<\/strong> cr\u00e9ant ainsi une ligne jeune et d\u00e9licate. Ses caract\u00e9ristiques techniques rangent ce mod\u00e8le parmi les po\u00eales \u00e0 <strong>\u00e9missions mineures<\/strong>.<\/p>\n<h2>Informations cl\u00e9s sur le Po\u00eale \u00e0 granules ventil\u00e9 &#8211; EVA CALOR Laura 13 kW<\/h2>\n<ul>\n<li>Rev\u00eatement en c\u00e9ramique<\/li>\n<li>Porte en verre bomb\u00e9 s\u00e9rigraphi\u00e9 noir<\/li>\n<li>Chambre de combustion en fonte<\/li>\n<li>Poign\u00e9e amovible<\/li>\n<li>Ventilation forc\u00e9e<\/li>\n<li>5 puissances de fonctionnement<\/li>\n<li>Afficheur avec menu dans 6 langues<\/li>\n<li>Tiroir \u00e0 cendres amovible pour r\u00e9cup\u00e9ration de cendres<\/li>\n<li>Thermostat de s\u00e9curit\u00e9<\/li>\n<li>Pr\u00e9disposition pour thermostat ext\u00e9rieur<\/li>\n<li>Pressostat de s\u00e9curit\u00e9<\/li>\n<li>Chrono thermostat<\/li>\n<li>\u00c9vacuation des fum\u00e9es : Arri\u00e8re<\/li>\n<\/ul>\n<h2>Caract\u00e9ristiques techniques du Po\u00eale \u00e0 granules ventil\u00e9 &#8211; EVA CALOR Laura 13 kW<\/h2>\n<ul>\n<li>Puissance brul\u00e9e : max 13.5 kW \/ min 4 kW<\/li>\n<li>Puissance nominale : max 11.5 kW \/ min 3,5 kW<\/li>\n<li>Rendement : Pmax 89.5% \/ Pmin 93,5%<\/li>\n<li>CO \u00e9missions \u00e0 13% O2 : Pmax 0,013% \/ Pmin 0,022%<\/li>\n<li>Consommation de pellets : Pmax 2,9 kg\/h \/ Pmin 0,9 kg\/h<\/li>\n<li>Capacit\u00e9 du r\u00e9servoir : 21 kg<\/li>\n<li>Volume de chauffe : de 200 \u00e0 300 m3<\/li>\n<li>Distance minimale des surfaces inflammables : c\u00f4t\u00e9 30cm \/ arri\u00e8re 20cm \/ avant 100cm<\/li>\n<li>Tension \/ Fr\u00e9quence : 230 V \/ 50 Hz<\/li>\n<li>Puissance nominale \u00e9lectrique : 320 W<\/li>\n<li>Dimensions : L 520 x P 535 x H 1090 mm<\/li>\n<li>Poids : 125,6 kg<\/li>\n<li>Conforme aux normes : EN14785 &#8211; BImSchV II &#8211; 15a B-VG &#8211; LRV\/VKF<\/li>\n<li>T\u00e9l\u00e9commande en option dans l&rsquo;onglet \u00ab\u00a0ACCESSOIRES\u00a0\u00bb<\/li>\n<li>Module wifi en option dans l&rsquo;onglet \u00ab\u00a0ACCESSOIRES\u00a0\u00bb<\/li>\n<\/ul>\n<h3>Sch\u00e9ma explicatif du Po\u00eale \u00e0 granules ventil\u00e9 &#8211; EVA CALOR Laura 13 kW<\/h3>\n<p><img decoding=\"async\" class=\"imageFloatLeft\" src=\"https:\/\/cdn1.poelediscount.com\/1239-thickbox_default\/poele-a-granules-ventile-ceramique-evacalor-laura-13-kw.jpg\" alt=\"\" \/><\/p>\n<h3>Mode de fonctionnement du <strong>po\u00eale \u00e0 pellets ventil\u00e9 &#8211; EVA CALOR Laura 13 kW<\/strong><\/h3>\n<ul>\n<li>Le syst\u00e8me <span style=\"text-decoration: underline;\">Eco-Stop (StandBy)<\/span> qui permet au <strong>po\u00eale \u00e0 granul\u00e9s<\/strong> de s&rsquo;\u00e9teindre une fois la temp\u00e9rature souhait\u00e9e atteinte et de red\u00e9marrer lorsque celle ci aura diminuer.<\/li>\n<li>Le syst\u00e8me <span style=\"text-decoration: underline;\">Modulation<\/span> qui permet au <strong>po\u00eale \u00e0 granules<\/strong> de fonctionner en continu afin d&rsquo;\u00e9viter les red\u00e9marrages, lorsque la temp\u00e9rature demand\u00e9e est atteinte celui ci va se r\u00e9guler automatiquement afin de diminuer sa puissance au minimum tout en maintenant la temp\u00e9rature.<\/li>\n<li>Le syst\u00e8me <span style=\"text-decoration: underline;\">Programmable<\/span> permettant de d\u00e9marrer et d&rsquo;\u00e9teindre le <strong>po\u00eale<\/strong> \u00e0 un moment pr\u00e9cis de la journ\u00e9e.<\/li>\n<\/ul>\n<p>Il faut savoir que tout les modes peuvent fonctionner ensemble, en m\u00eame temps.<\/p>\n<h3>Les diff\u00e9rents syst\u00e8mes du <strong>po\u00eale \u00e0 granul\u00e9s ventil\u00e9 &#8211; EVA CALOR Laura 13 kW<\/strong><\/h3>\n<p><span style=\"text-decoration: underline;\">ECODESIGN 2022<\/span> : Ce produit r\u00e9pond aux crit\u00e8res du label Ecodesign 2022 qui \u00e9tablit les normes d&rsquo;un projet \u00e9co-compatible, ses m\u00e9thodes de calculs et d&rsquo;\u00e9valuation dans le but de r\u00e9duire les \u00e9missions dans l&rsquo;atmosph\u00e8re.<\/p>\n<p><span style=\"text-decoration: underline;\">CLASSIFICATION ENVIRONNEMENTALE<\/span> : Le produit est conforme aux normatives environnementales les plus strictes et classifi\u00e9 4 \u00e9toiles.<\/p>\n<p><span style=\"text-decoration: underline;\">ADSD<\/span> : Avec ce syst\u00e8me, la porte et le verre, c\u2019est-\u00e0-dire les parties les plus chaudes du po\u00eale, sont travers\u00e9s par un courant d\u2019air qui en absorbe la chaleur et sort par la partie inf\u00e9rieure du panneau du po\u00eale. Ce syst\u00e8me permet de r\u00e9duire le temps n\u00e9cessaire pour chauffer la pi\u00e8ce gr\u00e2ce \u00e0 une r\u00e9partition plus uniforme de la chaleur et ainsi amener la pi\u00e8ce \u00e0 la temp\u00e9rature souhait\u00e9e plus rapidement.<\/p>\n<p><span style=\"text-decoration: underline;\">SHU<\/span> : Le symbole SHU indique que le po\u00eale est pourvu d\u2019une poign\u00e9e amovible. C\u2019est une pr\u00e9caution de s\u00e9curit\u00e9 pour \u00e9viter l\u2019ouverture accidentelle et\/ou involontaire de la porte du foyer.<\/p>\n<p><strong>A propos du fabricant :<\/strong> La marque italienne <strong>Eva Cal\u00f2r<\/strong> est une entreprise qui produit dans ses propres usines une ligne compl\u00e8te de produits pour la production de chaleur r\u00e9alis\u00e9e par du personnel dot\u00e9 d\u2019une grande exp\u00e9rience. Cela garantit une qualit\u00e9 du produit excellente et certifi\u00e9e, avec des po\u00eales extr\u00eamement fiables et silencieux.<\/p>\n<\/div>\n<p>&nbsp;<\/p>\n<div>\n<p><strong><u>Garantie<\/u>\u00a0:\u00a0<\/strong>Nous vous rappelons que pour la garantie, l&rsquo;installation doit \u00eatre conforme au mode d&#8217;emploi (pr\u00e9conisation du fabricant) et doit respecter les normes en vigueur du pays, pour la France DTU 24.1 ou 24.2.<br \/>\nDe plus, comme pour tous les po\u00eales \u00e0 granul\u00e9s, les appareils sont \u00e0 r\u00e9gler en fonction du tirage naturel de l&rsquo;installation choisie.<\/p>\n<\/div>\n<div class=\"row\" style=\"padding-top: 20px;\">\n<div class=\"col-xs-12 col-sm-12 col-md-12 col-lg-4\" style=\"text-align: center; padding: 15px 2px 25px 2px;\">Questions fr\u00e9quentes<\/div>\n<div class=\"col-xs-12 col-sm-12 col-md-12 col-lg-4\" style=\"text-align: center; padding: 15px 2px 25px 2px;\">Quelle puissance choisir ?<\/div>\n<div class=\"col-xs-12 col-sm-12 col-md-12 col-lg-4\" style=\"text-align: center; padding: 15px 2px 25px 2px;\">Livraison<\/div>\n<\/div>\n","protected":false},"excerpt":{"rendered":"<p id=\"product_reference\"><label>R\u00e9f\u00e9rence <\/label><br \/>\n<span class=\"editable\">AS1023021<\/span><\/p>\n<p id=\"product_condition\"><label>\u00c9tat : <\/label><br \/>\n<span class=\"editable\">Neuf<\/span><\/p>\n<p id=\"product_ean13\"><label>Ean13: <\/label><br \/>\n8029728637932<\/p>\n<div id=\"short_description_block\">\n<div id=\"short_description_content\" class=\"rte align_justify\">\n<ul>\n<li>Marque EVA CALOR<\/li>\n<li>Garantie 2 ans pi\u00e8ces<\/li>\n<li>Fabriqu\u00e9 en Italie<\/li>\n<li>Programmable &#8211; Eco-stop (StandBy)<\/li>\n<li>Non \u00e9tanche : Zone 1<\/li>\n<li>EcoDesign 2022<\/li>\n<\/ul>\n<p><strong><span style=\"color: #218e53;\">D\u00e9lai de disponibilit\u00e9 : 5 \u00e0 12 jours<\/span><\/strong><\/p>\n<p><span style=\"text-decoration: underline;\"><strong>LIVRAISON GRATUITE<\/strong><\/span> (Partout en Europe)<\/p>\n<\/div>\n<\/div>\n","protected":false},"featured_media":12591,"comment_status":"open","ping_status":"closed","template":"","meta":[],"product_brand":[],"product_cat":[113],"product_tag":[],"class_list":{"0":"post-12554","1":"product","2":"type-product","3":"status-publish","4":"has-post-thumbnail","6":"product_cat-poeles-granules","8":"first","9":"instock","10":"sale","11":"purchasable","12":"product-type-simple"},"jetpack_sharing_enabled":true,"_links":{"self":[{"href":"https:\/\/troncybois.com\/index.php?rest_route=\/wp\/v2\/product\/12554","targetHints":{"allow":["GET"]}}],"collection":[{"href":"https:\/\/troncybois.com\/index.php?rest_route=\/wp\/v2\/product"}],"about":[{"href":"https:\/\/troncybois.com\/index.php?rest_route=\/wp\/v2\/types\/product"}],"replies":[{"embeddable":true,"href":"https:\/\/troncybois.com\/index.php?rest_route=%2Fwp%2Fv2%2Fcomments&post=12554"}],"version-history":[{"count":1,"href":"https:\/\/troncybois.com\/index.php?rest_route=\/wp\/v2\/product\/12554\/revisions"}],"predecessor-version":[{"id":12604,"href":"https:\/\/troncybois.com\/index.php?rest_route=\/wp\/v2\/product\/12554\/revisions\/12604"}],"wp:featuredmedia":[{"embeddable":true,"href":"https:\/\/troncybois.com\/index.php?rest_route=\/wp\/v2\/media\/12591"}],"wp:attachment":[{"href":"https:\/\/troncybois.com\/index.php?rest_route=%2Fwp%2Fv2%2Fmedia&parent=12554"}],"wp:term":[{"taxonomy":"product_brand","embeddable":true,"href":"https:\/\/troncybois.com\/index.php?rest_route=%2Fwp%2Fv2%2Fproduct_brand&post=12554"},{"taxonomy":"product_cat","embeddable":true,"href":"https:\/\/troncybois.com\/index.php?rest_route=%2Fwp%2Fv2%2Fproduct_cat&post=12554"},{"taxonomy":"product_tag","embeddable":true,"href":"https:\/\/troncybois.com\/index.php?rest_route=%2Fwp%2Fv2%2Fproduct_tag&post=12554"}],"curies":[{"name":"wp","href":"https:\/\/api.w.org\/{rel}","templated":true}]}}