{"id":12494,"date":"2023-05-30T15:51:47","date_gmt":"2023-05-30T13:51:47","guid":{"rendered":"https:\/\/antiquewhite-gerbil-448984.hostingersite.com\/?post_type=product&#038;p=12494"},"modified":"2024-06-10T05:04:53","modified_gmt":"2024-06-10T03:04:53","slug":"poele-a-granule-ventile-canalisable-evacalor-ines-15-kw","status":"publish","type":"product","link":"https:\/\/troncybois.com\/?product=poele-a-granule-ventile-canalisable-evacalor-ines-15-kw","title":{"rendered":"Po\u00eale a granule ventil\u00e9 canalisable &#8211; EVACALOR In\u00e8s 15 kW"},"content":{"rendered":"<div class=\"fiche-produit\">\n<p><strong>Le po\u00eale \u00e0 granules ventil\u00e9 In\u00e9s 15 kW<\/strong> pas cher de la marque<strong> EVA CALOR<\/strong> peut chauffer une pi\u00e8ce jusqu&rsquo;\u00e0 300 m3. Avec son r\u00e9servoir d&rsquo;une capacit\u00e9 de 15 kg, ce <strong>po\u00eale \u00e0 granules pas cher<\/strong> vous promet une chaleur durable. Gr\u00e2ce \u00e0 son ventilateur int\u00e9gr\u00e9 cet appareil de chauffage diffuse la chaleur de mani\u00e8re homog\u00e8ne et durable. Ce <strong>po\u00eale \u00e0 granul\u00e9s 15 kW<\/strong> permet aussi de diminuer la consommation d&rsquo;\u00e9nergie tout en promettant une chaleur confortable.<\/p>\n<p>Le mod\u00e8le In\u00e8s est canalisable et permet de chauffer une pi\u00e8ce secondaire en plus de la pi\u00e8ce dans laquelle est install\u00e9 le <strong>po\u00eale \u00e0 granul\u00e9s 15kW <\/strong>gr\u00e2ce \u00e0 des canalisations partant \u00e0 l&rsquo;arri\u00e8re du po\u00eale.<\/p>\n<h2>Informations cl\u00e9s sur le po\u00eale \u00e0 granules ventil\u00e9 canalisable &#8211; EVA CALOR In\u00e8s 15 kW :<\/h2>\n<ul>\n<li>Rev\u00eatement en acier et fini \u00e0 la main<\/li>\n<li>Porte en verre s\u00e9rigraphi\u00e9 noir<\/li>\n<li>Ventilation forc\u00e9e<\/li>\n<li>5 puissances de fonctionnement<\/li>\n<li>Chambre de combustion en fonte<\/li>\n<li>Tiroir \u00e0 cendres amovible<\/li>\n<li>Poign\u00e9e amovible<\/li>\n<li>Thermostat de s\u00e9curit\u00e9<\/li>\n<li>Pr\u00e9disposition pour thermostat ext\u00e9rieur<\/li>\n<li>Brasier en acier inox<\/li>\n<li>Chrono-thermostat<\/li>\n<li>\u00c9vacuation des fum\u00e9es : sup\u00e9rieure ou arri\u00e8re<\/li>\n<li>Canalisation PREMIUM (double ventilation)<\/li>\n<li>T\u00e9l\u00e9commande (OPTION)<\/li>\n<li>Module WIFI pour la t\u00e9l\u00e9commande (OPTION)<\/li>\n<\/ul>\n<h2>Caract\u00e9ristiques techniques du Po\u00eale \u00e0 granules ventil\u00e9 canalisable &#8211; EVA CALOR In\u00e8s 15 kW :<\/h2>\n<ul>\n<li>Combustion auto-r\u00e9gul\u00e9e avec contr\u00f4le de l\u2019air (DFCS)<\/li>\n<li>Utilise du pellet et des biomasses solides broy\u00e9es (BMS)<\/li>\n<li>Puissance brul\u00e9e : max 15,4 kW \u2013 min 4.2kW<\/li>\n<li>Puissance nominale : max 14 kW \u2013 min 4 kW<\/li>\n<li>Rendement : Pmax 88.4% &#8211;\u00a0 Pmin 95%<\/li>\n<li>Consommation de pellets : de 1.1 \u00e0 3.4 kg\/h<\/li>\n<li>Capacit\u00e9 du r\u00e9servoir : 22 kg<\/li>\n<li>Volume de chauffe : de 240 \u00e0320 m3<\/li>\n<li>Distance des surfaces inflammables : c\u00f4t\u00e9 30 cm\u00a0 \/\u00a0 arri\u00e8re 20 cm \/ avant 100 cm<\/li>\n<li>Tension \/ Fr\u00e9quence : 230 V \/ 50 Hz<\/li>\n<li>Puissance nominale \u00e9lectrique : 340 W<\/li>\n<li>Dimensions : L 466 x P 555 x H 1159 mm<\/li>\n<li>Poids : 122 kg<\/li>\n<li>Classe d&rsquo;efficacit\u00e9 \u00e9nerg\u00e9tique : A+<\/li>\n<\/ul>\n<h2>Sch\u00e9ma explicatif du Po\u00eale \u00e0 granules ventil\u00e9 canalisable EVA CALOR In\u00e8s 15 kW :<\/h2>\n<div>\n<p><img fetchpriority=\"high\" decoding=\"async\" src=\"https:\/\/www.poelediscount.com\/img\/cms\/ines123.png\" alt=\"\" width=\"629\" height=\"510\" \/><\/p>\n<h4>CANALISATION PREMIUM<\/h4>\n<p>Cette canalisation pr\u00e9mium est un double ventilateur pour amener la chaleur depuis le <strong>po\u00eale \u00e0 granul\u00e9s 15 kW<\/strong> \u00e0 travers des tuyaux jusqu\u2019\u00e0 5 m\u00e8tres de distance pour r\u00e9chauffer des pi\u00e8ces secondaires dont le volume peut atteindre jusqu\u2019\u00e0 120 m3.<\/p>\n<p>Aussi de s\u00e9rie sur les autres mod\u00e8les<!--StartFragment--> de <strong>po\u00eales \u00e0 granul\u00e9s 15 kW<\/strong> suivants : Debora, Cloe, Beatrice et Gemma.<!--EndFragment--><\/p>\n<h3>Mode de fonctionnement du <strong>po\u00eale \u00e0 pellets ventil\u00e9 canalisable EVA CALOR In\u00e8s 15 kW :<br \/>\n<\/strong><\/h3>\n<ul>\n<li>Le syst\u00e8me <span style=\"text-decoration: underline;\">Eco-Stop (StandBy)<\/span> qui permet au <strong>po\u00eale \u00e0 granul\u00e9s 15 kW<\/strong> de s&rsquo;\u00e9teindre une fois la temp\u00e9rature souhait\u00e9e atteinte et de red\u00e9marrer lorsque celle ci aura diminuer.<\/li>\n<li>Le syst\u00e8me <span style=\"text-decoration: underline;\">Modulation<\/span> qui permet au <strong>po\u00eale \u00e0 granul\u00e9s 15 kW<\/strong> de fonctionner en continu afin d&rsquo;\u00e9viter les red\u00e9marrages, lorsque la temp\u00e9rature demand\u00e9e est atteinte celui ci va se r\u00e9guler automatiquement afin de diminuer sa puissance au minimum tout en maintenant la temp\u00e9rature.<\/li>\n<li>Le syst\u00e8me <span style=\"text-decoration: underline;\">Programmable<\/span> permettant de d\u00e9marrer et d&rsquo;\u00e9teindre le <strong>po\u00eale \u00e0 granul\u00e9s 15 kW<\/strong> \u00e0 un moment pr\u00e9cis de la journ\u00e9e.<\/li>\n<\/ul>\n<p>Il faut savoir que tout les modes peuvent fonctionner ensemble, en m\u00eame temps.<\/p>\n<h3>Les diff\u00e9rents syst\u00e8mes du <strong>po\u00eale \u00e0 granul\u00e9s ventil\u00e9 canalisable EVA CALOR In\u00e8s 15 kW :<br \/>\n<\/strong><\/h3>\n<p><span style=\"text-decoration: underline;\">ECODESIGN 2022<\/span> : Ce produit r\u00e9pond aux crit\u00e8res du label Ecodesign 2022 qui \u00e9tablit les normes d&rsquo;un projet \u00e9co-compatible, ses m\u00e9thodes de calculs et d&rsquo;\u00e9valuation dans le but de r\u00e9duire les \u00e9missions dans l&rsquo;atmosph\u00e8re.<\/p>\n<p><span style=\"text-decoration: underline;\">CLASSIFICATION ENVIRONNEMENTALE<\/span> : Le produit est conforme aux normatives environnementales les plus strictes et classifi\u00e9 5 \u00e9toiles.<\/p>\n<p><span style=\"text-decoration: underline;\">BMS<\/span> : Le Biomass Multi-fuel System offre au <strong>po\u00eale \u00e0 granul\u00e9s 15 kW<\/strong> une grande polyvalence : ce syst\u00e8me permet en effet d&rsquo;alimenter le po\u00eale \u00e0 la fois avec des granul\u00e9s et avec des biomasses solides broy\u00e9es d\u00e9rivant de d\u00e9chets, comme des r\u00e9sidus de noyaux d&rsquo;olives, des coques de noisettes broy\u00e9es ou des amandes tritur\u00e9es.<\/p>\n<p><span style=\"text-decoration: underline;\">DFCS<\/span> : Le Dynamic Flow Control System contr\u00f4le automatiquement l&rsquo;air de combustion. Ce syst\u00e8me permet une r\u00e9gulation automatique de l&rsquo;air du po\u00eale en fonction des diff\u00e9rents types d&rsquo;installation ou des diff\u00e9rentes qualit\u00e9s de combustible, afin de toujours garantir une polyvalence maximale lors de son utilisation quotidienne et une optimisation de la consommation.<\/p>\n<p><span style=\"text-decoration: underline;\">SHU<\/span> : Le symbole SHU indique que le po\u00eale est pourvu d\u2019une poign\u00e9e amovible. C\u2019est une pr\u00e9caution de s\u00e9curit\u00e9 pour \u00e9viter l\u2019ouverture accidentelle et\/ou involontaire de la porte du foyer.<\/p>\n<p><strong>A propos du fabricant :<\/strong> La marque italienne\u00a0Eva Cal\u00f2r est une entreprise qui produit dans ses propres usines une ligne compl\u00e8te de produits de chauffage dont des\u00a0po\u00eales \u00e0 granul\u00e9s ventil\u00e9s mais aussi des po\u00eales \u00e0 granul\u00e9s canalisables. D&rsquo;autre types de produits sont r\u00e9alis\u00e9s par le personnel de la marque tous dot\u00e9 d\u2019une grande exp\u00e9rience. Cela garantit une qualit\u00e9 du produit excellente et certifi\u00e9e, avec des po\u00eales extr\u00eamement fiables.<\/p>\n<h2>Quels sont les avantages d&rsquo;un po\u00eale \u00e0 granul\u00e9s 15 kW ?<\/h2>\n<p>Avec un<strong> po\u00eale \u00e0 granul\u00e9s 15 kW<\/strong>, il vous sera possible de chauffer entre 80 m2 et 215 m2. Cet \u00e9cart de capacit\u00e9 de chauffe d\u00e9pendra de la qualit\u00e9 d&rsquo;isolation de votre maison et de votre localisation g\u00e9ographique.<\/p>\n<p>Un\u00a0po\u00eale \u00e0 granul\u00e9s comme le mod\u00e8le In\u00e8s est programmable ; c&rsquo;est \u00e0 dire que vous pouvez d\u00e9cidez de vos heures de chauffe et gr\u00e2ce \u00e0 ses nombreuses fonctionnalit\u00e9s, votre appareil fonctionnera de mani\u00e8re totalement autonome, vous n&rsquo;aurez qu&rsquo;\u00e0 remplir le r\u00e9servoir \u00e0 pellets ! Compatible avec le thermostat Netatmo, vous pourrez m\u00eame contr\u00f4ler votre appareil par la voix car il est compatible avec le HomeKit d&rsquo;Apple, Alexa et l&rsquo;Assistant Google !<\/p>\n<p>N&rsquo;h\u00e9sitez pas \u00e0 vous renseigner aupr\u00e8s d&rsquo;un professionnel afin qu&rsquo;il puisse vous guidez au mieux dans le choix de la puissance de votre appareil. Si vous envisagez de faire des travaux de r\u00e9novation et d&rsquo;isolation de votre logement, nous vous conseillons de repousser l\u2019achat de votre <strong>po\u00eale \u00e0 granul\u00e9s 15 kW<\/strong> le temps d&rsquo;effectuer ce que l&rsquo;on appelle un bilan thermique de votre maison afin d&rsquo;\u00eatre certain de prendre la bonne puissance.<\/p>\n<\/div>\n<\/div>\n<p>&nbsp;<\/p>\n<div>\n<p><strong><u>Garantie<\/u>\u00a0:\u00a0<\/strong>Nous vous rappelons que pour la garantie, l&rsquo;installation doit \u00eatre conforme au mode d&#8217;emploi (pr\u00e9conisation du fabricant) et doit respecter les normes en vigueur du pays, pour la France DTU 24.1 ou 24.2.<br \/>\nDe plus, comme pour tous les po\u00eales \u00e0 granul\u00e9s, les appareils sont \u00e0 r\u00e9gler en fonction du tirage naturel de l&rsquo;installation choisie.<\/p>\n<\/div>\n<div class=\"row\" style=\"padding-top: 20px;\">\n<div class=\"col-xs-12 col-sm-12 col-md-12 col-lg-4\" style=\"text-align: center; padding: 15px 2px 25px 2px;\">Questions fr\u00e9quentes<\/div>\n<div class=\"col-xs-12 col-sm-12 col-md-12 col-lg-4\" style=\"text-align: center; padding: 15px 2px 25px 2px;\">Quelle puissance choisir ?<\/div>\n<div class=\"col-xs-12 col-sm-12 col-md-12 col-lg-4\" style=\"text-align: center; padding: 15px 2px 25px 2px;\">Livraison<\/div>\n<\/div>\n","protected":false},"excerpt":{"rendered":"<blockquote>\n<p id=\"product_reference\"><label>R\u00e9f\u00e9rence <\/label><br \/>\n<span class=\"editable\">XC1025410<\/span><\/p>\n<\/blockquote>\n<p id=\"product_condition\"><label>\u00c9tat : <\/label><br \/>\n<span class=\"editable\">Neuf<\/span><\/p>\n<p id=\"product_ean13\"><label>Ean13: <\/label><br \/>\n8029728639301<\/p>\n<div id=\"short_description_block\">\n<div id=\"short_description_content\" class=\"rte align_justify\">\n<ul>\n<li>Marque EVA CALOR<\/li>\n<li>Garantie 2 en pi\u00e8ces<\/li>\n<li>Fabriqu\u00e9 en Italie<\/li>\n<li>Programmable &#8211; Eco-stop (StandBy)<\/li>\n<li>Non \u00e9tanche : Zone 1<\/li>\n<li>Flamme Verte 7*<\/li>\n<\/ul>\n<p><strong><span style=\"color: #218e53;\">D\u00e9lai de disponibilit\u00e9 : 3-4 \u00a0jours (jours ouvr\u00e9s)<\/span><\/strong><\/p>\n<p><span style=\"text-decoration: underline;\"><strong>LIVRAISON GRATUITE<\/strong><\/span> (Partout en France)<\/p>\n<\/div>\n<\/div>\n","protected":false},"featured_media":12526,"comment_status":"open","ping_status":"closed","template":"","meta":[],"product_brand":[],"product_cat":[113],"product_tag":[],"class_list":{"0":"post-12494","1":"product","2":"type-product","3":"status-publish","4":"has-post-thumbnail","6":"product_cat-poeles-granules","8":"first","9":"instock","10":"sale","11":"purchasable","12":"product-type-simple"},"jetpack_sharing_enabled":true,"_links":{"self":[{"href":"https:\/\/troncybois.com\/index.php?rest_route=\/wp\/v2\/product\/12494","targetHints":{"allow":["GET"]}}],"collection":[{"href":"https:\/\/troncybois.com\/index.php?rest_route=\/wp\/v2\/product"}],"about":[{"href":"https:\/\/troncybois.com\/index.php?rest_route=\/wp\/v2\/types\/product"}],"replies":[{"embeddable":true,"href":"https:\/\/troncybois.com\/index.php?rest_route=%2Fwp%2Fv2%2Fcomments&post=12494"}],"version-history":[{"count":2,"href":"https:\/\/troncybois.com\/index.php?rest_route=\/wp\/v2\/product\/12494\/revisions"}],"predecessor-version":[{"id":14303,"href":"https:\/\/troncybois.com\/index.php?rest_route=\/wp\/v2\/product\/12494\/revisions\/14303"}],"wp:featuredmedia":[{"embeddable":true,"href":"https:\/\/troncybois.com\/index.php?rest_route=\/wp\/v2\/media\/12526"}],"wp:attachment":[{"href":"https:\/\/troncybois.com\/index.php?rest_route=%2Fwp%2Fv2%2Fmedia&parent=12494"}],"wp:term":[{"taxonomy":"product_brand","embeddable":true,"href":"https:\/\/troncybois.com\/index.php?rest_route=%2Fwp%2Fv2%2Fproduct_brand&post=12494"},{"taxonomy":"product_cat","embeddable":true,"href":"https:\/\/troncybois.com\/index.php?rest_route=%2Fwp%2Fv2%2Fproduct_cat&post=12494"},{"taxonomy":"product_tag","embeddable":true,"href":"https:\/\/troncybois.com\/index.php?rest_route=%2Fwp%2Fv2%2Fproduct_tag&post=12494"}],"curies":[{"name":"wp","href":"https:\/\/api.w.org\/{rel}","templated":true}]}}