{"id":12340,"date":"2023-05-30T15:48:40","date_gmt":"2023-05-30T13:48:40","guid":{"rendered":"https:\/\/antiquewhite-gerbil-448984.hostingersite.com\/?post_type=product&#038;p=12340"},"modified":"2024-06-10T05:18:37","modified_gmt":"2024-06-10T03:18:37","slug":"poele-a-granules-origine-phebo-q-box-8-kw","status":"publish","type":"product","link":"https:\/\/troncybois.com\/?product=poele-a-granules-origine-phebo-q-box-8-kw","title":{"rendered":"Po\u00eale \u00e0 granul\u00e9s &#8211; ORIGINE PHEBO Q-box 8 kW"},"content":{"rendered":"<div class=\"fiche-produit\">\n<p><strong>Le petit po\u00eale \u00e0 granules Q-Box<\/strong> est con\u00e7u par le fabricant <strong>PheboStufe<\/strong> pour la marque ORIGINE PHEBO. Cet appareil de chauffage vous promets une belle autonomie gr\u00e2ce \u00e0 son r\u00e9servoir de 18 kilos. Avec sa puissance nominale de 7.6 kW ce <strong>po\u00eale \u00e0 pellets<\/strong> peut chauffer un volume d&rsquo;environ 220 m3.<\/p>\n<p>Son design en forme de cube s&rsquo;adaptera \u00e0 la perfection dans toutes les pi\u00e8ces et gr\u00e2ce \u00e0 son faible encombrement vous \u00e9conomiserez de l&rsquo;espace. Gr\u00e2ce \u00e0 sa ventilation frontale, il chauffera rapidement la pi\u00e8ce dans laquelle il est install\u00e9.<\/p>\n<p>Cet appareil de chauffage poss\u00e8de des \u00e9l\u00e9ments de s\u00e9rie comme un brasier en fonte ainsi qu&rsquo;un motor\u00e9ducteur \u00e0 tour continu afin de privil\u00e9gier le <strong>silence du po\u00eale<\/strong>.<\/p>\n<h2>Informations cl\u00e9s sur le Po\u00eale \u00e0 granules &#8211;\u00a0ORIGINE PHEBO Q-box 8 kW<\/h2>\n<ul>\n<li>Pr\u00e9disposition pour le thermostat connect\u00e9<\/li>\n<li>Panneau de commande display touch<\/li>\n<li>Fonctionnement continu du moteur de la vis sans fin pour un silence maximum<\/li>\n<li>Ventilateur air centrifuge<\/li>\n<li>Brasier en fonte<\/li>\n<li>Rev\u00eatement en acier<\/li>\n<li>Chambre de combustion en acier et inox<\/li>\n<li>Programmable<\/li>\n<li>EcoStop (StandBy)<\/li>\n<li>Tiroir de cendres<\/li>\n<li>Verre auto-nettoyant<\/li>\n<li>\u00c9vacuation des fum\u00e9es : Arri\u00e8re<\/li>\n<li>T\u00e9l\u00e9commande\u00a0: OPTION<\/li>\n<li>Thermostat connect\u00e9 : OPTION<\/li>\n<\/ul>\n<h2>Caract\u00e9ristiques techniques du Po\u00eale \u00e0 granules &#8211;\u00a0ORIGINE PHEBO Q-box 8 kW<\/h2>\n<ul>\n<li>Puissance brul\u00e9e : Pmin 4 kW \/ Pmax 8 kW<\/li>\n<li>Puissance nominale : Pmin 3.6 kW \/ Pmax 7.8 kW<\/li>\n<li>Rendement : min 89.4 \/ max 91.3 %<\/li>\n<li>Consommation : de 0.7 \u00e0 1.7 kg\/h<\/li>\n<li>Capacit\u00e9 du r\u00e9servoir : 18 kg<\/li>\n<li>Volume de chauffe : jusqu&rsquo;\u00e0 220 m3<\/li>\n<li>Distance minimale des surfaces inflammables : c\u00f4t\u00e9 25cm \/ arri\u00e8re 10cm \/ avant 80cm<\/li>\n<li>Dimensions : L 640 x P 520 x H 645 mm<\/li>\n<li>Autonomie : de 7h \u00e0 29h<\/li>\n<li>Poids : 95 kg<\/li>\n<li>Diam\u00e8tre des sorties des fum\u00e9es : 80 mm<\/li>\n<li>Diam\u00e8tre arriv\u00e9e d&rsquo;air : 40 mm<\/li>\n<li>Classe \u00e9nerg\u00e9tique : A+<\/li>\n<\/ul>\n<h3>Sch\u00e9ma explicatif du Po\u00eale \u00e0 granules &#8211;\u00a0ORIGINE PHEBO Q-box 8 kW<\/h3>\n<p><img fetchpriority=\"high\" decoding=\"async\" src=\"https:\/\/www.poelediscount.com\/img\/cms\/Sch%C3%A9ma%20technique\/PAG%20ORIGINE%20PH\/QBOXtec.png\" alt=\"Sch\u00e9ma technique PheboStufe Q-Box\" width=\"1154\" height=\"382\" \/><\/p>\n<h3>Mode de fonctionnement du P<strong>o\u00eale \u00e0 pellets &#8211;\u00a0ORIGINE PHEBO Q-box 8 kW<br \/>\n<\/strong><\/h3>\n<ul>\n<li>Le syst\u00e8me <span style=\"text-decoration: underline;\">Eco-Stop (StandBy)<\/span> qui permet au <strong>po\u00eale \u00e0 granul\u00e9s<\/strong> de s&rsquo;\u00e9teindre une fois la temp\u00e9rature souhait\u00e9e atteinte et de red\u00e9marrer lorsque celle ci aura diminuer.<\/li>\n<li>Le syst\u00e8me <span style=\"text-decoration: underline;\">Modulation<\/span> qui permet au <strong>po\u00eale \u00e0 granules<\/strong> de fonctionner en continu afin d&rsquo;\u00e9viter les red\u00e9marrages, lorsque la temp\u00e9rature demand\u00e9e est atteinte celui ci va se r\u00e9guler automatiquement afin de diminuer sa puissance au minimum tout en maintenant la temp\u00e9rature.<\/li>\n<li>Le syst\u00e8me <span style=\"text-decoration: underline;\">Programmable<\/span> permettant de d\u00e9marrer et d&rsquo;\u00e9teindre le <strong>po\u00eale \u00e0 pellets<\/strong> \u00e0 un moment pr\u00e9cis de la journ\u00e9e.<\/li>\n<\/ul>\n<p>Il faut savoir que tout les modes peuvent fonctionner ensemble, en m\u00eame temps.<\/p>\n<p><strong>A propos du fournisseur :<\/strong> La marque ORIGINE PH est vendu en exclusivit\u00e9 sur notre site PoeleDiscount.com. Le fabricant familial <strong>PheboStufe<\/strong> est une entreprise passionn\u00e9e, fond\u00e9e au d\u00e9but des ann\u00e9es 2000. Cette entreprise se distingue par sa grande flexibilit\u00e9, il est possible de vous fournir un produit hautement personnalis\u00e9 aussi bien au niveau technique qu\u2019esth\u00e9tique ! Chaque demande est soigneusement \u00e9valu\u00e9e, il suffit de demander ! Parmi les <strong>po\u00eales \u00e0 granul\u00e9s<\/strong> de la marque, se trouvent les rendements les plus \u00e9lev\u00e9s de la branche ! Les fabricants ont r\u00e9ussi \u00e0 atteindre avec certains mod\u00e8les pr\u00e8s de 98% de rendement ! Ce qui signifie un faible impact sur l\u2019environnement et une optimisation maximale du combustible utilis\u00e9.<\/p>\n<\/div>\n<p>&nbsp;<\/p>\n<div>\n<p><strong><u>Garantie<\/u>\u00a0:\u00a0<\/strong>Nous vous rappelons que pour la garantie, l&rsquo;installation doit \u00eatre conforme au mode d&#8217;emploi (pr\u00e9conisation du fabricant) et doit respecter les normes en vigueur du pays, pour la France DTU 24.1 ou 24.2.<br \/>\nDe plus, comme pour tous les po\u00eales \u00e0 granul\u00e9s, les appareils sont \u00e0 r\u00e9gler en fonction du tirage naturel de l&rsquo;installation choisie.<\/p>\n<\/div>\n<div class=\"row\" style=\"padding-top: 20px;\">\n<div class=\"col-xs-12 col-sm-12 col-md-12 col-lg-4\" style=\"text-align: center; padding: 15px 2px 25px 2px;\">Questions fr\u00e9quentes<\/div>\n<div class=\"col-xs-12 col-sm-12 col-md-12 col-lg-4\" style=\"text-align: center; padding: 15px 2px 25px 2px;\">Quelle puissance choisir ?<\/div>\n<div class=\"col-xs-12 col-sm-12 col-md-12 col-lg-4\" style=\"text-align: center; padding: 15px 2px 25px 2px;\">Livraison<\/div>\n<\/div>\n","protected":false},"excerpt":{"rendered":"<blockquote>\n<p id=\"product_reference\"><label>R\u00e9f\u00e9rence<\/label><\/p>\n<\/blockquote>\n<p><span class=\"editable\">044010<\/span><\/p>\n<p id=\"product_condition\"><label>\u00c9tat : <\/label><br \/>\n<span class=\"editable\">Neuf<\/span><\/p>\n<p id=\"product_ean13\"><label>Ean13: <\/label><br \/>\n6425726752745<\/p>\n<div id=\"short_description_block\">\n<div id=\"short_description_content\" class=\"rte align_justify\">\n<ul>\n<li>Marque ORIGINE PHEBO<\/li>\n<li>Fabriqu\u00e9 en Italie<\/li>\n<li>Garantie 2 ans pi\u00e8ces<\/li>\n<li>Garantie 5 ans corps de chauffe<\/li>\n<li>Programmable &#8211; EcoStop (StandBy)<\/li>\n<li>Non \u00e9tanche : Zone 1<\/li>\n<li>EcoDesign 2022<\/li>\n<\/ul>\n<p><strong><span style=\"color: #218e53;\">D\u00e9lai de disponibilit\u00e9 : 3-4 \u00a0jours (jours ouvr\u00e9s)<\/span><\/strong><\/p>\n<p><span style=\"text-decoration: underline;\"><strong>LIVRAISON GRATUITE<\/strong><\/span> (Uniquement en France)<\/p>\n<\/div>\n<\/div>\n","protected":false},"featured_media":12380,"comment_status":"open","ping_status":"closed","template":"","meta":[],"product_brand":[],"product_cat":[113],"product_tag":[],"class_list":{"0":"post-12340","1":"product","2":"type-product","3":"status-publish","4":"has-post-thumbnail","6":"product_cat-poeles-granules","8":"first","9":"instock","10":"sale","11":"purchasable","12":"product-type-simple"},"jetpack_sharing_enabled":true,"_links":{"self":[{"href":"https:\/\/troncybois.com\/index.php?rest_route=\/wp\/v2\/product\/12340","targetHints":{"allow":["GET"]}}],"collection":[{"href":"https:\/\/troncybois.com\/index.php?rest_route=\/wp\/v2\/product"}],"about":[{"href":"https:\/\/troncybois.com\/index.php?rest_route=\/wp\/v2\/types\/product"}],"replies":[{"embeddable":true,"href":"https:\/\/troncybois.com\/index.php?rest_route=%2Fwp%2Fv2%2Fcomments&post=12340"}],"version-history":[{"count":3,"href":"https:\/\/troncybois.com\/index.php?rest_route=\/wp\/v2\/product\/12340\/revisions"}],"predecessor-version":[{"id":14305,"href":"https:\/\/troncybois.com\/index.php?rest_route=\/wp\/v2\/product\/12340\/revisions\/14305"}],"wp:featuredmedia":[{"embeddable":true,"href":"https:\/\/troncybois.com\/index.php?rest_route=\/wp\/v2\/media\/12380"}],"wp:attachment":[{"href":"https:\/\/troncybois.com\/index.php?rest_route=%2Fwp%2Fv2%2Fmedia&parent=12340"}],"wp:term":[{"taxonomy":"product_brand","embeddable":true,"href":"https:\/\/troncybois.com\/index.php?rest_route=%2Fwp%2Fv2%2Fproduct_brand&post=12340"},{"taxonomy":"product_cat","embeddable":true,"href":"https:\/\/troncybois.com\/index.php?rest_route=%2Fwp%2Fv2%2Fproduct_cat&post=12340"},{"taxonomy":"product_tag","embeddable":true,"href":"https:\/\/troncybois.com\/index.php?rest_route=%2Fwp%2Fv2%2Fproduct_tag&post=12340"}],"curies":[{"name":"wp","href":"https:\/\/api.w.org\/{rel}","templated":true}]}}