{"id":12298,"date":"2023-05-30T15:47:53","date_gmt":"2023-05-30T13:47:53","guid":{"rendered":"https:\/\/antiquewhite-gerbil-448984.hostingersite.com\/?post_type=product&#038;p=12298"},"modified":"2023-05-31T16:49:04","modified_gmt":"2023-05-31T14:49:04","slug":"poele-a-granules-dangle-ventile-origine-phebo-asia-14-kw","status":"publish","type":"product","link":"https:\/\/troncybois.com\/?product=poele-a-granules-dangle-ventile-origine-phebo-asia-14-kw","title":{"rendered":"Po\u00eale \u00e0 granules d&rsquo;angle ventil\u00e9 &#8211; ORIGINE PHEBO Asia 14 kW"},"content":{"rendered":"<div class=\"fiche-produit\">\n<p><strong>Le po\u00eale \u00e0 granules d&rsquo;angle Asia<\/strong> est poss\u00e8de une puissance nominale de 12.6 kW ce qui lui permet de chauffer une surface allant jusqu&rsquo;\u00e0 360 m3. Ce <strong>po\u00eale \u00e0 granul\u00e9s ventil\u00e9<\/strong> poss\u00e8de un r\u00e9servoir \u00e0 pellets d&rsquo;une capacit\u00e9 de 18 kg ce qui lui procure une grande autonomie.<\/p>\n<p>Ce mod\u00e8le de <strong>po\u00eale \u00e0 granul\u00e9s d&rsquo;angle<\/strong> est pr\u00e9vu pour s&rsquo;adapter parfaitement dans un coin de votre maison. Cet appareil de chauffage poss\u00e8de un ventilateur frontal ce qui lui permets d&rsquo;atteindre rapidement la temp\u00e9rature ambiante souhait\u00e9e et de la distribuer de fa\u00e7on homog\u00e8ne.<\/p>\n<h2 class=\"page-title\">Informations cl\u00e9s sur le Po\u00eale \u00e0 granules d&rsquo;angle ventil\u00e9 &#8211; ORIGINE PHEBO Asia 14 kW<\/h2>\n<ul>\n<li>Fonctionnement continu du moteur de la vis sans fin pour un silence maximum<\/li>\n<li>Pr\u00e9disposition pour le thermostat connect\u00e9<\/li>\n<li>Panneau de commande display touch<\/li>\n<li>Programmable<\/li>\n<li>EcoStop (StandBy)<\/li>\n<li>Rev\u00eatement m\u00e9tallique<\/li>\n<li>Verre auto-nettoyant<\/li>\n<li>Pieds r\u00e9glables<\/li>\n<li>Brasier en fonte<\/li>\n<li>Ventilation frontale<\/li>\n<li>Couleurs de rev\u00eatement m\u00e9tallique<\/li>\n<li>Tiroir amovible pour la r\u00e9cup\u00e9ration des cendres<\/li>\n<li>Chambre de combustion en acier et inox<\/li>\n<li>\u00c9vacuation des fum\u00e9es : Sup\u00e9rieur<\/li>\n<li>Top en C\u00e9ramique : OPTION<\/li>\n<li>T\u00e9l\u00e9commande : OPTION<\/li>\n<li>Thermostat connect\u00e9 : OPTION<\/li>\n<\/ul>\n<h2 class=\"page-title\">Caract\u00e9ristiques techniques du Po\u00eale \u00e0 granules d&rsquo;angle ventil\u00e9 &#8211; ORIGINE PHEBO Asia 14 kW<\/h2>\n<ul>\n<li>Puissance br\u00fbl\u00e9e : Pmin 3.9 kW \/ Pmax 14.2 kW<\/li>\n<li>Puissance nominale : Pmin 3.7 \/ Pmax 12.6 kW<\/li>\n<li>Rendement : min 93.7 \/ max 95.3%<\/li>\n<li>Consommation : de 0.8 \u00e0 2.7 kg\/h<\/li>\n<li>Capacit\u00e9 du r\u00e9servoir : 18 kg<\/li>\n<li>Autonomie : de 9h \u00e0 30h<\/li>\n<li>Volume de chauffe : jusqu&rsquo;\u00e0 360 m3<\/li>\n<li>Distance minimale des surfaces inflammables : c\u00f4t\u00e9 25cm \/ arri\u00e8re 10cm \/ avant 80cm<\/li>\n<li>Dimensions : L 630 x P 630 x H 980 mm<\/li>\n<li>Poids : 130 kg<\/li>\n<li>Diam\u00e8tre des sorties des fum\u00e9es : 80 mm<\/li>\n<li>Diam\u00e8tre arriv\u00e9e d&rsquo;air : 40 mm<\/li>\n<li>Classe \u00e9nerg\u00e9tique : A+<\/li>\n<\/ul>\n<h3>Sch\u00e9ma explicatif du Po\u00eale \u00e0 granules ventil\u00e9 d&rsquo;angle &#8211; ORIGINE PHEBO Asia 14 kW<\/h3>\n<p><img fetchpriority=\"high\" decoding=\"async\" src=\"https:\/\/www.poelediscount.com\/img\/cms\/Sch%C3%A9ma%20technique\/PAG%20ORIGINE%20PH\/ASIA%2013.png\" alt=\"\" width=\"949\" height=\"390\" \/><\/p>\n<h3>Mode de fonctionnement du P<strong>o\u00eale \u00e0 pellets <\/strong>d&rsquo;angle ventil\u00e9- ORIGINE PHEBO Asia 14 kW<\/h3>\n<ul>\n<li>Le syst\u00e8me <span style=\"text-decoration: underline;\">Eco-Stop (StandBy)<\/span> qui permet au <strong>po\u00eale \u00e0 granul\u00e9s<\/strong> de s&rsquo;\u00e9teindre une fois la temp\u00e9rature souhait\u00e9e atteinte et de red\u00e9marrer lorsque celle ci aura diminu\u00e9e.<\/li>\n<li>Le syst\u00e8me <span style=\"text-decoration: underline;\">Modulation<\/span> qui permet au <strong>po\u00eale \u00e0 pellets<\/strong> de fonctionner en continu afin d&rsquo;\u00e9viter les red\u00e9marrages, lorsque la temp\u00e9rature demand\u00e9e est atteinte celui ci va se r\u00e9guler automatiquement afin de diminuer sa puissance au minimum tout en maintenant la temp\u00e9rature.<\/li>\n<li>Le syst\u00e8me <span style=\"text-decoration: underline;\">Programmable<\/span> permettant de d\u00e9marrer et d&rsquo;\u00e9teindre le <strong>po\u00eale \u00e0 granul\u00e9s d&rsquo;angle<\/strong> \u00e0 un moment pr\u00e9cis de la journ\u00e9e.<\/li>\n<\/ul>\n<p>Il faut savoir que tous les modes peuvent fonctionner ensemble, en m\u00eame temps.<\/p>\n<p><strong>A propos du fournisseur :<\/strong> La marque ORIGINE PH est vendu en exclusivit\u00e9 sur notre site PoeleDiscount.com. Entreprise familiale et passionn\u00e9e fond\u00e9e au d\u00e9but des ann\u00e9es 2000, cette entreprise se distingue par sa grande flexibilit\u00e9, il est possible de vous fournir un produit hautement personnalis\u00e9 aussi bien au niveau technique qu\u2019esth\u00e9tique ! Chaque demande est soigneusement \u00e9valu\u00e9e, il suffit de demander ! Parmi les <strong>po\u00eales \u00e0 pellets<\/strong> de la marque, se trouvent les rendements les plus \u00e9lev\u00e9s de la branche ! Les fabricants ont r\u00e9ussi \u00e0 atteindre avec certains mod\u00e8les de <strong>po\u00eales \u00e0 granul\u00e9s <\/strong>pr\u00e8s de 98% de rendement ! Ce qui signifie un faible impact sur l\u2019environnement et une optimisation maximale du combustible utilis\u00e9.<\/p>\n<ul>\n<li>Retrouvez vos Pi\u00e8ces d\u00e9tach\u00e9es pour le po\u00eale \u00e0 granules ORIGINE PH Asia 14 kW<\/li>\n<li>Retrouvez ici un autre mod\u00e8le en c\u00e9ramique de po\u00eale \u00e0 granul\u00e9s d&rsquo;angle en c\u00e9ramique<\/li>\n<li>Orientez vous vers les po\u00eales \u00e0 granules ventil\u00e9s<\/li>\n<li>Vous aimez la marque ORIGINE PH ? D\u00e9couvrez nos po\u00eales ORIGINE PH<\/li>\n<li>Poelediscount.com le leader des po\u00eales \u00e0 granul\u00e9s pas chers<\/li>\n<\/ul>\n<\/div>\n<p>&nbsp;<\/p>\n<div>\n<p><strong><u>Garantie<\/u>\u00a0:\u00a0<\/strong>Nous vous rappelons que pour la garantie, l&rsquo;installation doit \u00eatre conforme au mode d&#8217;emploi (pr\u00e9conisation du fabricant) et doit respecter les normes en vigueur du pays, pour la France DTU 24.1 ou 24.2.<br \/>\nDe plus, comme pour tous les po\u00eales \u00e0 granul\u00e9s, les appareils sont \u00e0 r\u00e9gler en fonction du tirage naturel de l&rsquo;installation choisie.<\/p>\n<\/div>\n<div class=\"row\" style=\"padding-top: 20px;\">\n<div class=\"col-xs-12 col-sm-12 col-md-12 col-lg-4\" style=\"text-align: center; padding: 15px 2px 25px 2px;\">Questions fr\u00e9quentes<\/div>\n<div class=\"col-xs-12 col-sm-12 col-md-12 col-lg-4\" style=\"text-align: center; padding: 15px 2px 25px 2px;\">Quelle puissance choisir ?<\/div>\n<div class=\"col-xs-12 col-sm-12 col-md-12 col-lg-4\" style=\"text-align: center; padding: 15px 2px 25px 2px;\">Livraison<\/div>\n<\/div>\n","protected":false},"excerpt":{"rendered":"<p id=\"product_reference\"><label>R\u00e9f\u00e9rence <\/label><br \/>\n<span class=\"editable\">21023<\/span><\/p>\n<p id=\"product_condition\"><label>\u00c9tat : <\/label><br \/>\n<span class=\"editable\">Neuf<\/span><\/p>\n<p id=\"product_ean13\"><label>Ean13: <\/label><br \/>\n6425724364353<\/p>\n<div id=\"short_description_block\">\n<div id=\"short_description_content\" class=\"rte align_justify\">\n<ul>\n<li>Marque ORIGINE PHEBO<\/li>\n<li>Fabriqu\u00e9 en Italie<\/li>\n<li>Garantie 2 ans pi\u00e8ces<\/li>\n<li>Garantie 5 ans corps de chauffe<\/li>\n<li>Programmable &#8211; EcoStop (StandBy)<\/li>\n<li>Non \u00e9tanche : Zone 1<\/li>\n<li>EcoDesign 2022<\/li>\n<\/ul>\n<p><strong><span style=\"color: #218e53;\">D\u00e9lai de disponibilit\u00e9 : 5 \u00e0 12 jours<\/span><\/strong><\/p>\n<p><span style=\"text-decoration: underline;\"><strong>LIVRAISON GRATUITE<\/strong><\/span> (Partout en Europe)<\/p>\n<p id=\"availability_date\" style=\"display: none;\"><span id=\"availability_label\" style=\"color: #d0121a; font-weight: bold; text-transform: uppercase;\"><u>Disponible le<\/u>\u00a0:<\/span><\/p>\n<\/div>\n<\/div>\n","protected":false},"featured_media":12334,"comment_status":"open","ping_status":"closed","template":"","meta":[],"product_brand":[],"product_cat":[113],"product_tag":[],"class_list":{"0":"post-12298","1":"product","2":"type-product","3":"status-publish","4":"has-post-thumbnail","6":"product_cat-poeles-granules","8":"first","9":"instock","10":"sale","11":"purchasable","12":"product-type-simple"},"jetpack_sharing_enabled":true,"_links":{"self":[{"href":"https:\/\/troncybois.com\/index.php?rest_route=\/wp\/v2\/product\/12298","targetHints":{"allow":["GET"]}}],"collection":[{"href":"https:\/\/troncybois.com\/index.php?rest_route=\/wp\/v2\/product"}],"about":[{"href":"https:\/\/troncybois.com\/index.php?rest_route=\/wp\/v2\/types\/product"}],"replies":[{"embeddable":true,"href":"https:\/\/troncybois.com\/index.php?rest_route=%2Fwp%2Fv2%2Fcomments&post=12298"}],"version-history":[{"count":1,"href":"https:\/\/troncybois.com\/index.php?rest_route=\/wp\/v2\/product\/12298\/revisions"}],"predecessor-version":[{"id":12339,"href":"https:\/\/troncybois.com\/index.php?rest_route=\/wp\/v2\/product\/12298\/revisions\/12339"}],"wp:featuredmedia":[{"embeddable":true,"href":"https:\/\/troncybois.com\/index.php?rest_route=\/wp\/v2\/media\/12334"}],"wp:attachment":[{"href":"https:\/\/troncybois.com\/index.php?rest_route=%2Fwp%2Fv2%2Fmedia&parent=12298"}],"wp:term":[{"taxonomy":"product_brand","embeddable":true,"href":"https:\/\/troncybois.com\/index.php?rest_route=%2Fwp%2Fv2%2Fproduct_brand&post=12298"},{"taxonomy":"product_cat","embeddable":true,"href":"https:\/\/troncybois.com\/index.php?rest_route=%2Fwp%2Fv2%2Fproduct_cat&post=12298"},{"taxonomy":"product_tag","embeddable":true,"href":"https:\/\/troncybois.com\/index.php?rest_route=%2Fwp%2Fv2%2Fproduct_tag&post=12298"}],"curies":[{"name":"wp","href":"https:\/\/api.w.org\/{rel}","templated":true}]}}